{"id":10001,"date":"2025-11-04T19:19:28","date_gmt":"2025-11-04T19:19:28","guid":{"rendered":"https:\/\/web.muniolleroshuarochiri.gob.pe\/portal\/?page_id=10001"},"modified":"2025-12-02T18:51:16","modified_gmt":"2025-12-02T18:51:16","slug":"division-de-la-ule","status":"publish","type":"page","link":"http:\/\/web.muniolleroshuarochiri.gob.pe\/portal\/division-de-la-ule\/","title":{"rendered":"Divisi\u00f3n de la ULE"},"content":{"rendered":"<section class=\"wpb-content-wrapper\"><section class=\"l-section wpb_row height_medium\"><div class=\"l-section-h i-cf\"><div class=\"g-cols vc_row type_default valign_top\"><div class=\"vc_col-sm-12 wpb_column vc_column_container\"><div class=\"vc_column-inner\"><div class=\"wpb_wrapper\">[vc_empty_space height=\u00bb220px\u00bb]<h3 class=\"w-post-elm post_title us_custom_6549b382 entry-title color_link_inherit has_text_color\">Divisi\u00f3n de la ULE<\/h3><\/div><\/div><\/div><\/div><\/div><\/section><section class=\"l-section wpb_row height_medium\"><div class=\"l-section-h i-cf\"><div class=\"g-cols vc_row type_default valign_top\"><div class=\"vc_col-sm-8 wpb_column vc_column_container\"><div class=\"vc_column-inner\"><div class=\"wpb_wrapper\"><div class=\"wpb_text_column\" ><div class=\"wpb_wrapper\"><\/div><\/div><div class=\"wpb_text_column\" ><div class=\"wpb_wrapper\"><p>La Unidad Local de Empadronamiento o ULE\u00a0incluyen recibir y tramitar solicitudes de clasificaci\u00f3n socioecon\u00f3mica (CSE) para programas sociales, asistir a los ciudadanos en el proceso, y recopilar y registrar la informaci\u00f3n necesaria del hogar. Tambi\u00e9n se encargan de orientar al p\u00fablico, gestionar los instrumentos de recolecci\u00f3n de datos y archivar los documentos del proceso.\u00a0<\/p>\n<\/div><\/div>[vc_empty_space height=\u00bb30px\u00bb]<h2 class=\"w-text\"><span class=\"w-text-h\"><i class=\"far fa-users\"><\/i><span class=\"w-text-value\">Las funciones de la Unidad de Local de Empadronamiento son:<\/span><\/span><\/h2><div class=\"wpb_text_column\" ><div class=\"wpb_wrapper\"><ol style=\"text-align: justify;\">\n<li><span data-huuid=\"17727004711472061695\">\u00a0Elaborar y ejecutar el Plan Operativo Institucional correspondiente a la Unidad Org\u00e1nica, disponiendo eficiente y eficazmente de los recursos econ\u00f3micos, materiales y equipos asignados.<\/span><\/li>\n<li><span data-huuid=\"17727004711472060369\">Procesar las solicitudes de clasificaci\u00f3n y actualizaci\u00f3n de la clasificaci\u00f3n socioecon\u00f3mica.<\/span><\/li>\n<li><span data-huuid=\"17727004711472059043\">Realizar el empadronamiento en la modalidad de demanda o en la modalidad selectiva mediante la aplicaci\u00f3n del Formato $100 la Ficha Socioecon\u00f3mica \u00danica.<\/span><\/li>\n<li><span data-huuid=\"17727004711472061813\">Desarrollar y\/o determinar las estrategias para ejecutar el empadronamiento.<\/span><\/li>\n<\/ol>\n<\/div><\/div><\/div><\/div><\/div><div class=\"vc_col-sm-4 wpb_column vc_column_container\"><div class=\"vc_column-inner\"><div class=\"wpb_wrapper\"><div class=\"ult-team-member-wrap ult-style-1  \"><div class=\"ult-team-member-image\" style=\"\"> <img class=\"\" src=\"http:\/\/web.muniolleroshuarochiri.gob.pe\/portal\/wp-content\/uploads\/2025\/12\/Pamela-Romina.png\" alt=\"null\"  style=\"\"><span class=\"ult-team-member-image-overlay \"  ><\/span><\/div><div class=\"ult-team-member-bio-wrap style-1 ultimate-heading69e3660c6ef50\" style=\"text-align:center;; \"><div class=\"ult-team-member-name-wrap\"><h2 class=\"ult-team-member-name ult-responsive\"  data-ultimate-target='.ult-team-member-bio-wrap.ultimate-heading69e3660c6ef50 .ult-team-member-name'  data-responsive-json-new='{\"font-size\":\"\",\"line-height\":\"\"}'  style=\"\">Pamela Romina Serpa Limaylla<\/h2><div class=\"ult-team-member-position ult-responsive\"  data-ultimate-target='.ult-team-member-bio-wrap.ultimate-heading69e3660c6ef50 .ult-team-member-position'  data-responsive-json-new='{\"font-size\":\"\",\"line-height\":\"\"}'  style=\"\">Encargado de la Divisi\u00f3n de la ULE<\/div><div class=\"ult-team-member-description ult-responsive\"  data-ultimate-target='.ult-team-member-bio-wrap.ultimate-heading69e3660c6ef50 .ult-team-member-description'  data-responsive-json-new='{\"font-size\":\"\",\"line-height\":\"\"}'  style=\"\"><p><strong>Correo municipal: <\/strong>pamela.serpa@muniolleroshuarochiri.gob.pe<\/p><\/div><div style=\"margin-bottom:15px\"><\/div><\/div><\/div><\/div><\/div><\/div><\/div><\/div><\/div><\/section><section class=\"l-section wpb_row height_medium\"><div class=\"l-section-h i-cf\"><div class=\"g-cols vc_row type_default valign_top\"><div class=\"vc_col-sm-6 wpb_column vc_column_container\"><div class=\"vc_column-inner\"><div class=\"wpb_wrapper\"><div class=\"wpb_text_column\" ><div class=\"wpb_wrapper\"><div class=\"WaaZC\">\n<div class=\"RJPOee EIJn2\">\n<ol style=\"text-align: justify;\" start=\"5\">\n<li class=\"rPeykc\" data-hveid=\"CBIQAQ\" data-ved=\"2ahUKEwjw3PrpmtmQAxXOJrkGHbweAQQQo_EKegQIEhAB\"><span data-huuid=\"15165871371392247317\">Realizar el control de calidad de la informaci\u00f3n recogida mediante la FSU en la jurisdicci\u00f3n.<\/span><\/li>\n<li class=\"rPeykc\" data-hveid=\"CBIQAQ\" data-ved=\"2ahUKEwjw3PrpmtmQAxXOJrkGHbweAQQQo_EKegQIEhAB\">Digitar la informaci\u00f3n contenida en la FSU mediante el uso del aplicativo inform\u00e1tico proporcionado por la Unidad Central de Focalizaci\u00f3n (UCF).<\/li>\n<li class=\"rPeykc\" data-hveid=\"CBIQAQ\" data-ved=\"2ahUKEwjw3PrpmtmQAxXOJrkGHbweAQQQo_EKegQIEhAB\">Notificar a las personas, el resultado de la CSE proveniente de las modalidades de empadronamiento a demanda, selectiva o de zonas geogr\u00e1ficas mediante el mecanismo y procedimientos que determine la UCF.<\/li>\n<li class=\"rPeykc\" data-hveid=\"CBIQAQ\" data-ved=\"2ahUKEwjw3PrpmtmQAxXOJrkGHbweAQQQo_EKegQIEhAB\">Acceder cuando corresponda al resultado de la CSE de las personas que residan en el distrito, a trav\u00e9s del aplicativo que la UCF determine.<\/li>\n<\/ol>\n<\/div>\n<\/div>\n<\/div><\/div><\/div><\/div><\/div><div class=\"vc_col-sm-6 wpb_column vc_column_container\"><div class=\"vc_column-inner\"><div class=\"wpb_wrapper\"><div class=\"wpb_text_column\" ><div class=\"wpb_wrapper\"><ol style=\"text-align: justify;\" start=\"9\">\n<li><span data-huuid=\"18429307911475091277\">Participar y colaborar en las actividades de capacitaci\u00f3n definidas por el Ministerio de Desarrollo e Inclusi\u00f3n Social.<\/span><\/li>\n<li><span data-huuid=\"18429307911475090075\">Remitir a la UCF, mediante el mecanismo que esta Unidad determine, el archivo digital de la FSU y las constancias de empadronamiento, as\u00ed como los documentos que la UCF solicite para los fines de la actualizaci\u00f3n de clasificaci\u00f3n socioecon\u00f3mica (ACSE) u otros.<\/span><\/li>\n<li><span data-huuid=\"18429307911475092969\">Resguardar las FSU con sus respectivos expedientes de clasificaci\u00f3n y actualizaci\u00f3n de la clasificaci\u00f3n socioecon\u00f3mica.<\/span><\/li>\n<li><span data-huuid=\"18429307911475091767\">Identificar, focalizar y priorizar a la poblaci\u00f3n en pobreza extrema<\/span><\/li>\n<\/ol>\n<\/div><\/div><\/div><\/div><\/div><\/div><\/div><\/section>\n<\/section>","protected":false},"excerpt":{"rendered":"[vc_empty_space height=\"220px\"]Divisi\u00f3n de la ULELa Unidad Local de Empadronamiento o ULE\u00a0incluyen recibir y tramitar solicitudes de clasificaci\u00f3n socioecon\u00f3mica (CSE) para programas sociales, asistir a los ciudadanos en el proceso, y recopilar y registrar la informaci\u00f3n necesaria del hogar. Tambi\u00e9n se encargan de orientar al p\u00fablico, gestionar los instrumentos de recolecci\u00f3n de datos y archivar los...","protected":false},"author":9,"featured_media":0,"parent":0,"menu_order":0,"comment_status":"closed","ping_status":"closed","template":"","meta":[],"acf":[],"_links":{"self":[{"href":"http:\/\/web.muniolleroshuarochiri.gob.pe\/portal\/wp-json\/wp\/v2\/pages\/10001"}],"collection":[{"href":"http:\/\/web.muniolleroshuarochiri.gob.pe\/portal\/wp-json\/wp\/v2\/pages"}],"about":[{"href":"http:\/\/web.muniolleroshuarochiri.gob.pe\/portal\/wp-json\/wp\/v2\/types\/page"}],"author":[{"embeddable":true,"href":"http:\/\/web.muniolleroshuarochiri.gob.pe\/portal\/wp-json\/wp\/v2\/users\/9"}],"replies":[{"embeddable":true,"href":"http:\/\/web.muniolleroshuarochiri.gob.pe\/portal\/wp-json\/wp\/v2\/comments?post=10001"}],"version-history":[{"count":27,"href":"http:\/\/web.muniolleroshuarochiri.gob.pe\/portal\/wp-json\/wp\/v2\/pages\/10001\/revisions"}],"predecessor-version":[{"id":11069,"href":"http:\/\/web.muniolleroshuarochiri.gob.pe\/portal\/wp-json\/wp\/v2\/pages\/10001\/revisions\/11069"}],"wp:attachment":[{"href":"http:\/\/web.muniolleroshuarochiri.gob.pe\/portal\/wp-json\/wp\/v2\/media?parent=10001"}],"curies":[{"name":"wp","href":"https:\/\/api.w.org\/{rel}","templated":true}]}}