{"id":10003,"date":"2025-11-04T19:23:08","date_gmt":"2025-11-04T19:23:08","guid":{"rendered":"https:\/\/web.muniolleroshuarochiri.gob.pe\/portal\/?page_id=10003"},"modified":"2025-12-02T18:08:15","modified_gmt":"2025-12-02T18:08:15","slug":"division-de-pvl","status":"publish","type":"page","link":"http:\/\/web.muniolleroshuarochiri.gob.pe\/portal\/division-de-pvl\/","title":{"rendered":"Divisi\u00f3n de PVL"},"content":{"rendered":"<section class=\"wpb-content-wrapper\"><section class=\"l-section wpb_row height_medium\"><div class=\"l-section-h i-cf\"><div class=\"g-cols vc_row type_default valign_top\"><div class=\"vc_col-sm-12 wpb_column vc_column_container\"><div class=\"vc_column-inner\"><div class=\"wpb_wrapper\">[vc_empty_space height=\u00bb150px\u00bb]<\/div><\/div><\/div><\/div><\/div><\/section><section class=\"l-section wpb_row height_medium\"><div class=\"l-section-h i-cf\"><div class=\"g-cols vc_row type_default valign_top\"><div class=\"vc_col-sm-12 wpb_column vc_column_container\"><div class=\"vc_column-inner\"><div class=\"wpb_wrapper\"><h3 class=\"w-post-elm post_title us_custom_6549b382 entry-title color_link_inherit has_text_color\">Divisi\u00f3n de PVL<\/h3><\/div><\/div><\/div><\/div><\/div><\/section><section class=\"l-section wpb_row us_custom_1f64da91 height_medium\"><div class=\"l-section-h i-cf\"><div class=\"g-cols vc_row type_default valign_top\"><div class=\"vc_col-sm-8 wpb_column vc_column_container\"><div class=\"vc_column-inner\"><div class=\"wpb_wrapper\"><div class=\"wpb_text_column\" ><div class=\"wpb_wrapper\"><div class=\"WaaZC\">\n<div class=\"RJPOee EIJn2\">\n<div class=\"rPeykc\" data-hveid=\"CAIQAQ\" data-ved=\"2ahUKEwj2kKPdm9mQAxXmIbkGHRvrC2wQo_EKegQIAhAB\"><span data-huuid=\"13295439099648706501\">La Divisi\u00f3n del Programa del Vaso de Leche es un \u00f3rgano encargado de promover y desarrollar actividades para la atenci\u00f3n de la poblaci\u00f3n vulnerable, tambi\u00e9n planificar y supervisar la ejecuci\u00f3n del Programa del Vaso de Leche, de acuerdo a la normativa vigente.<\/span><\/div>\n<\/div>\n<\/div>\n<div class=\"WaaZC\">\n<div class=\"RJPOee EIJn2\">\n<div class=\"rPeykc\" data-hveid=\"CAYQAQ\" data-ved=\"2ahUKEwj2kKPdm9mQAxXmIbkGHRvrC2wQo_EKegQIBhAB\"><span data-huuid=\"13295439099648707775\">Del mismo modo controla la ejecuci\u00f3n del Programa del Vaso de Leche, el cual es administrado por el comit\u00e9 de administraci\u00f3n del Vaso de Leche, el mismo que se encuentra presidida por el Alcalde, y es responsable de la ejecuci\u00f3n, del apoyo alimentario a los ni\u00f1os y madres gestantes de estratos sociales de bajos ingresos.<\/span><\/div>\n<\/div>\n<\/div>\n<\/div><\/div>[vc_empty_space]<h2 class=\"w-text\"><span class=\"w-text-h\"><i class=\"far fa-users\"><\/i><span class=\"w-text-value\">La Divisi\u00f3n del Programa del Vaso de Leche desarrolla las siguientes funciones:<\/span><\/span><\/h2><div class=\"wpb_text_column\" ><div class=\"wpb_wrapper\"><div class=\"WaaZC\">\n<div class=\"RJPOee EIJn2\"><\/div>\n<\/div>\n<div class=\"WaaZC\">\n<div class=\"RJPOee EIJn2\">\n<ol style=\"text-align: justify;\">\n<li class=\"rPeykc\" data-hveid=\"CAoQAQ\" data-ved=\"2ahUKEwj2kKPdm9mQAxXmIbkGHRvrC2wQo_EKegQIChAB\"><span data-huuid=\"16258986408483319645\">Ejecutar, coordinar y controlar las actividades sobre prevenci\u00f3n, promoci\u00f3n y mejoramiento de la salud, en coordinaci\u00f3n con entidades del Sector P\u00fablico y Privado.<\/span><\/li>\n<li class=\"rPeykc\" data-hveid=\"CAoQAQ\" data-ved=\"2ahUKEwj2kKPdm9mQAxXmIbkGHRvrC2wQo_EKegQIChAB\">Promover, dirigir y supervisar programas de educaci\u00f3n en sanidad alimentar\u00eda cuyos productos beneficien al vecino.<\/li>\n<li class=\"rPeykc\" data-hveid=\"CAoQAQ\" data-ved=\"2ahUKEwj2kKPdm9mQAxXmIbkGHRvrC2wQo_EKegQIChAB\">Programar, dirigir, ejecutar, controlar, evaluar y supervisar las actividades relacionadas con el apoyo alimentario dirigido a la poblaci\u00f3n materna infantil (ni\u00f1os de 0 a 6 a\u00f1os; madres gestantes y madres en periodo de lactancia), ni\u00f1as de 7 a 13 a\u00f1os, y adultos mayores.<\/li>\n<li class=\"rPeykc\" data-hveid=\"CAoQAQ\" data-ved=\"2ahUKEwj2kKPdm9mQAxXmIbkGHRvrC2wQo_EKegQIChAB\">Brindar atenci\u00f3n y asistencia y complementaci\u00f3n alimentaria a las poblaciones de zonas de extrema pobreza.<\/li>\n<li class=\"rPeykc\" data-hveid=\"CAoQAQ\" data-ved=\"2ahUKEwj2kKPdm9mQAxXmIbkGHRvrC2wQo_EKegQIChAB\">Promover la compra de alimentos locales, con el prop\u00f3sito de identificar raciones alimentarias acordes con los recursos potenciales y respetando los patrones de consumo local.<\/li>\n<\/ol>\n<\/div>\n<\/div>\n<\/div><\/div><\/div><\/div><\/div><div class=\"vc_col-sm-4 wpb_column vc_column_container\"><div class=\"vc_column-inner\"><div class=\"wpb_wrapper\"><div class=\"ult-team-member-wrap ult-style-1  \"><div class=\"ult-team-member-image\" style=\"\"> <img class=\"\" src=\"http:\/\/web.muniolleroshuarochiri.gob.pe\/portal\/wp-content\/uploads\/2025\/12\/Pamela-Romina.png\" alt=\"null\"  style=\"\"><span class=\"ult-team-member-image-overlay \"  ><\/span><\/div><div class=\"ult-team-member-bio-wrap style-1 ultimate-heading69e3665034962\" style=\"text-align:center;; \"><div class=\"ult-team-member-name-wrap\"><h2 class=\"ult-team-member-name ult-responsive\"  data-ultimate-target='.ult-team-member-bio-wrap.ultimate-heading69e3665034962 .ult-team-member-name'  data-responsive-json-new='{\"font-size\":\"\",\"line-height\":\"\"}'  style=\"\">Pamela Romina Serpa Limaylla<\/h2><div class=\"ult-team-member-position ult-responsive\"  data-ultimate-target='.ult-team-member-bio-wrap.ultimate-heading69e3665034962 .ult-team-member-position'  data-responsive-json-new='{\"font-size\":\"\",\"line-height\":\"\"}'  style=\"\">Encargado de la Divisi\u00f3n de PVL<\/div><div class=\"ult-team-member-description ult-responsive\"  data-ultimate-target='.ult-team-member-bio-wrap.ultimate-heading69e3665034962 .ult-team-member-description'  data-responsive-json-new='{\"font-size\":\"\",\"line-height\":\"\"}'  style=\"\"><p><strong>Correo municipal:<\/strong> pamela.serpa@muniolleroshuarochiri.gob.pe<\/p><\/div><div style=\"margin-bottom:15px\"><\/div><\/div><\/div><\/div><\/div><\/div><\/div><\/div><\/div><\/section><!-- Row Backgrounds --><div class=\"upb_color\" data-bg-override=\"0\" data-bg-color=\"#f4f4f4\" data-fadeout=\"\" data-fadeout-percentage=\"30\" data-parallax-content=\"\" data-parallax-content-sense=\"30\" data-row-effect-mobile-disable=\"true\" data-img-parallax-mobile-disable=\"true\" data-rtl=\"false\"  data-custom-vc-row=\"\"  data-vc=\"6.11.0\"  data-is_old_vc=\"\"  data-theme-support=\"\"   data-overlay=\"false\" data-overlay-color=\"\" data-overlay-pattern=\"\" data-overlay-pattern-opacity=\"\" data-overlay-pattern-size=\"\"    ><\/div><section class=\"l-section wpb_row height_medium\"><div class=\"l-section-h i-cf\"><div class=\"g-cols vc_row type_default valign_top\"><div class=\"vc_col-sm-6 wpb_column vc_column_container\"><div class=\"vc_column-inner\"><div class=\"wpb_wrapper\"><div class=\"wpb_text_column\" ><div class=\"wpb_wrapper\"><div class=\"WaaZC\">\n<div class=\"RJPOee EIJn2\">\n<ol style=\"text-align: justify;\" start=\"6\">\n<li class=\"rPeykc\" data-hveid=\"CBwQAQ\" data-ved=\"2ahUKEwj2kKPdm9mQAxXmIbkGHRvrC2wQo_EKegQIHBAB\"><span data-huuid=\"264325169759834741\">Coordinar y organizar los programas de capacitaci\u00f3n dirigidos a los organismos que trabajan con el vaso de leche.<\/span><\/li>\n<li class=\"rPeykc\" data-hveid=\"CBwQAQ\" data-ved=\"2ahUKEwj2kKPdm9mQAxXmIbkGHRvrC2wQo_EKegQIHBAB\">Ejecutar acciones de apoyo alimentario en casos de emergencia temporal, en coordinaci\u00f3n con la Sub Gerencia de Gesti\u00f3n de Riesgos de Desastres y dem\u00e1s organismos e instituciones.<\/li>\n<li class=\"rPeykc\" data-hveid=\"CBwQAQ\" data-ved=\"2ahUKEwj2kKPdm9mQAxXmIbkGHRvrC2wQo_EKegQIHBAB\">Dirige el empadronamiento y actualizaci\u00f3n de los beneficiarios de los distintos programas.<\/li>\n<li class=\"rPeykc\" data-hveid=\"CBwQAQ\" data-ved=\"2ahUKEwj2kKPdm9mQAxXmIbkGHRvrC2wQo_EKegQIHBAB\">Llevar un Registro adecuado y actualizado de los diversos Comit\u00e9s del Programa Vaso de Leche y Comedores Populares del distrito.<\/li>\n<li class=\"rPeykc\" data-hveid=\"CBwQAQ\" data-ved=\"2ahUKEwj2kKPdm9mQAxXmIbkGHRvrC2wQo_EKegQIHBAB\">Organizar el registro y control de la administraci\u00f3n de los insumos alimentarios del programa para su \u00f3ptima utilizaci\u00f3n.<\/li>\n<li class=\"rPeykc\" data-hveid=\"CBwQAQ\" data-ved=\"2ahUKEwj2kKPdm9mQAxXmIbkGHRvrC2wQo_EKegQIHBAB\">Organizar el registro y control de la administraci\u00f3n de los insumos alimentarios del programa para su \u00f3ptima utilizaci\u00f3n.<\/li>\n<li class=\"rPeykc\" data-hveid=\"CBwQAQ\" data-ved=\"2ahUKEwj2kKPdm9mQAxXmIbkGHRvrC2wQo_EKegQIHBAB\">Proponer los planes, programas y lineamientos de pol\u00edtica en materia de seguridad alimentaria, as\u00ed como la pol\u00edtica institucional.<\/li>\n<\/ol>\n<\/div>\n<\/div>\n<\/div><\/div><\/div><\/div><\/div><div class=\"vc_col-sm-6 wpb_column vc_column_container\"><div class=\"vc_column-inner\"><div class=\"wpb_wrapper\"><div class=\"wpb_text_column\" ><div class=\"wpb_wrapper\"><ol style=\"text-align: justify;\" start=\"13\">\n<li><span data-huuid=\"9645341371688261390\">Promover, gestionar y canalizar recursos provenientes de pa\u00edses y organismos nacionales e internacionales para la ejecuci\u00f3n de programas, proyectos y actividades de apoyo y seguridad alimentaria y de entidades y personas privadas.<\/span><\/li>\n<li><span data-huuid=\"9645341371688263260\">Programa y controla la distribuci\u00f3n y redistribuci\u00f3n del alimento l\u00e1cteo y los alimentos del Programa PAAM.<\/span><\/li>\n<li><span data-huuid=\"9645341371688261034\">Prestar asesoramiento t\u00e9cnico y apoyo a los comit\u00e9s de vaso de leche.<\/span><\/li>\n<li><span data-huuid=\"9645341371688262904\">Promueve la participaci\u00f3n de la comunidad organizada para la obtenci\u00f3n de alimentos de los diferentes programas sociales.<\/span><\/li>\n<li><span data-huuid=\"9645341371688260678\">Juramenta a los Consejos Directivos de los distintos comit\u00e9s que se benefician con los programas sociales.<\/span><\/li>\n<li><span data-huuid=\"9645341371688262548\">Planifica, organiza, promueve y dirige las actividades del programa del vaso de leche en la jurisdicci\u00f3n del distrito.<\/span><\/li>\n<li><span data-huuid=\"9645341371688260322\">Registrar y enviar la informaci\u00f3n por medio del sistema del programa de vaso de leche a la contralor\u00eda general de la rep\u00fablica.<\/span><\/li>\n<\/ol>\n<\/div><\/div><\/div><\/div><\/div><\/div><\/div><\/section>\n<\/section>","protected":false},"excerpt":{"rendered":"[vc_empty_space height=\"150px\"]Divisi\u00f3n de PVL La Divisi\u00f3n del Programa del Vaso de Leche es un \u00f3rgano encargado de promover y desarrollar actividades para la atenci\u00f3n de la poblaci\u00f3n vulnerable, tambi\u00e9n planificar y supervisar la ejecuci\u00f3n del Programa del Vaso de Leche, de acuerdo a la normativa vigente. Del mismo modo controla la ejecuci\u00f3n del Programa del...","protected":false},"author":9,"featured_media":0,"parent":0,"menu_order":0,"comment_status":"closed","ping_status":"closed","template":"","meta":[],"acf":[],"_links":{"self":[{"href":"http:\/\/web.muniolleroshuarochiri.gob.pe\/portal\/wp-json\/wp\/v2\/pages\/10003"}],"collection":[{"href":"http:\/\/web.muniolleroshuarochiri.gob.pe\/portal\/wp-json\/wp\/v2\/pages"}],"about":[{"href":"http:\/\/web.muniolleroshuarochiri.gob.pe\/portal\/wp-json\/wp\/v2\/types\/page"}],"author":[{"embeddable":true,"href":"http:\/\/web.muniolleroshuarochiri.gob.pe\/portal\/wp-json\/wp\/v2\/users\/9"}],"replies":[{"embeddable":true,"href":"http:\/\/web.muniolleroshuarochiri.gob.pe\/portal\/wp-json\/wp\/v2\/comments?post=10003"}],"version-history":[{"count":7,"href":"http:\/\/web.muniolleroshuarochiri.gob.pe\/portal\/wp-json\/wp\/v2\/pages\/10003\/revisions"}],"predecessor-version":[{"id":11068,"href":"http:\/\/web.muniolleroshuarochiri.gob.pe\/portal\/wp-json\/wp\/v2\/pages\/10003\/revisions\/11068"}],"wp:attachment":[{"href":"http:\/\/web.muniolleroshuarochiri.gob.pe\/portal\/wp-json\/wp\/v2\/media?parent=10003"}],"curies":[{"name":"wp","href":"https:\/\/api.w.org\/{rel}","templated":true}]}}