{"id":10005,"date":"2025-11-04T19:26:47","date_gmt":"2025-11-04T19:26:47","guid":{"rendered":"https:\/\/web.muniolleroshuarochiri.gob.pe\/portal\/?page_id=10005"},"modified":"2025-12-02T18:55:59","modified_gmt":"2025-12-02T18:55:59","slug":"la-division-de-demuna","status":"publish","type":"page","link":"http:\/\/web.muniolleroshuarochiri.gob.pe\/portal\/la-division-de-demuna\/","title":{"rendered":"Divisi\u00f3n de DEMUNA"},"content":{"rendered":"<section class=\"wpb-content-wrapper\"><section class=\"l-section wpb_row height_medium\"><div class=\"l-section-h i-cf\"><div class=\"g-cols vc_row type_default valign_top\"><div class=\"vc_col-sm-12 wpb_column vc_column_container\"><div class=\"vc_column-inner\"><div class=\"wpb_wrapper\">[vc_empty_space height=\u00bb150px\u00bb]<\/div><\/div><\/div><\/div><\/div><\/section><section class=\"l-section wpb_row height_medium\"><div class=\"l-section-h i-cf\"><div class=\"g-cols vc_row type_default valign_top\"><div class=\"vc_col-sm-12 wpb_column vc_column_container\"><div class=\"vc_column-inner\"><div class=\"wpb_wrapper\"><h3 class=\"w-post-elm post_title us_custom_6549b382 entry-title color_link_inherit has_text_color\">Divisi\u00f3n de DEMUNA<\/h3><\/div><\/div><\/div><\/div><\/div><\/section><section class=\"l-section wpb_row us_custom_1f64da91 height_medium\"><div class=\"l-section-h i-cf\"><div class=\"g-cols vc_row type_default valign_top\"><div class=\"vc_col-sm-8 wpb_column vc_column_container\"><div class=\"vc_column-inner\"><div class=\"wpb_wrapper\"><div class=\"wpb_text_column\" ><div class=\"wpb_wrapper\"><p><span data-huuid=\"10458063995317978751\">La Divisi\u00f3n de DEMUNA, es responsable de dirigir la pol\u00edtica municipal como brindar los servicios contemplados en el Sistema Nacional de Atenci\u00f3n Integral a la Mujer, al Ni\u00f1o y al Adolescente.\u00a0<\/span><span data-huuid=\"10458063995317978114\">Tiene como objetivo promover y proteger los derechos que la legislaci\u00f3n reconoce a los ni\u00f1os y adolescentes, as\u00ed como de la familia.<\/span><\/p>\n<\/div><\/div>[vc_empty_space]<h2 class=\"w-text\"><span class=\"w-text-h\"><i class=\"far fa-users\"><\/i><span class=\"w-text-value\">Las funciones de la Divisi\u00f3n de DEMUNA son:<\/span><\/span><\/h2><div class=\"wpb_text_column\" ><div class=\"wpb_wrapper\"><div class=\"WaaZC\"><\/div>\n<div class=\"WaaZC\">\n<div class=\"RJPOee EIJn2\">\n<ol style=\"text-align: justify;\">\n<li class=\"rPeykc\" data-hveid=\"CBAQAQ\" data-ved=\"2ahUKEwiOxJu_nNmQAxUQP7kGHT7cEgMQo_EKegQIEBAB\"><span data-huuid=\"16923952717509272633\">Planificar, Programar, aprobar, ejecutar, controlar y evaluar las actividades y funciones asignadas a su cargo y elaborar los informes correspondientes sobre su desempe\u00f1o a su inmediato superior.<\/span><\/li>\n<li class=\"rPeykc\" data-hveid=\"CBAQAQ\" data-ved=\"2ahUKEwiOxJu_nNmQAxUQP7kGHT7cEgMQo_EKegQIEBAB\"><span data-huuid=\"16923952717509275199\">Conocer la situaci\u00f3n de los Ni\u00f1os y del Adolescente de la jurisdicci\u00f3n que se encuentren en las instituciones p\u00fablicas y privadas, e intervenir cuando se encuentren amenazados o vulnerados sus derechos para hacer prevalecer el inter\u00e9s superior del Ni\u00f1o.<\/span><\/li>\n<li class=\"rPeykc\" data-hveid=\"CBAQAQ\" data-ved=\"2ahUKEwiOxJu_nNmQAxUQP7kGHT7cEgMQo_EKegQIEBAB\"><span data-huuid=\"16923952717509273669\">Atender los casos que se presenten ante la Defensor\u00eda cumpliendo con las disposiciones contenidas en la Gu\u00eda de Procedimientos de Atenci\u00f3n de casos en las Defensor\u00edas del Ni\u00f1o y del Adolescente.<\/span><\/li>\n<li class=\"rPeykc\" data-hveid=\"CBAQAQ\" data-ved=\"2ahUKEwiOxJu_nNmQAxUQP7kGHT7cEgMQo_EKegQIEBAB\"><span data-huuid=\"16923952717509272139\">Promover, prevenir y ejecutar las labores de la Defensor\u00eda del Ni\u00f1o, Adolescente, Mujer y Familia en la localidad.<\/span><\/li>\n<\/ol>\n<\/div>\n<\/div>\n<\/div><\/div><\/div><\/div><\/div><div class=\"vc_col-sm-4 wpb_column vc_column_container\"><div class=\"vc_column-inner\"><div class=\"wpb_wrapper\"><div class=\"ult-team-member-wrap ult-style-1  \"><div class=\"ult-team-member-image\" style=\"\"> <img class=\"\" src=\"\" alt=\"\"  style=\"\"><span class=\"ult-team-member-image-overlay \"  ><\/span><\/div><div class=\"ult-team-member-bio-wrap style-1 ultimate-heading69e3664ec89fa\" style=\"text-align:center;; \"><div class=\"ult-team-member-name-wrap\"><h2 class=\"ult-team-member-name ult-responsive\"  data-ultimate-target='.ult-team-member-bio-wrap.ultimate-heading69e3664ec89fa .ult-team-member-name'  data-responsive-json-new='{\"font-size\":\"\",\"line-height\":\"\"}'  style=\"\">Katherin Suseth Alvarado Gonzales<\/h2><div class=\"ult-team-member-position ult-responsive\"  data-ultimate-target='.ult-team-member-bio-wrap.ultimate-heading69e3664ec89fa .ult-team-member-position'  data-responsive-json-new='{\"font-size\":\"\",\"line-height\":\"\"}'  style=\"\"> Encargado de la Divisi\u00f3n de DEMUNA<\/div><div class=\"ult-team-member-description ult-responsive\"  data-ultimate-target='.ult-team-member-bio-wrap.ultimate-heading69e3664ec89fa .ult-team-member-description'  data-responsive-json-new='{\"font-size\":\"\",\"line-height\":\"\"}'  style=\"\"><p><strong>Correo municipal:<\/strong> katherin.alvarado@muniolleroshuarochiri.gob.pe<\/p><\/div><div style=\"margin-bottom:15px\"><\/div><\/div><\/div><\/div><\/div><\/div><\/div><\/div><\/div><\/section><!-- Row Backgrounds --><div class=\"upb_color\" data-bg-override=\"0\" data-bg-color=\"#f4f4f4\" data-fadeout=\"\" data-fadeout-percentage=\"30\" data-parallax-content=\"\" data-parallax-content-sense=\"30\" data-row-effect-mobile-disable=\"true\" data-img-parallax-mobile-disable=\"true\" data-rtl=\"false\"  data-custom-vc-row=\"\"  data-vc=\"6.11.0\"  data-is_old_vc=\"\"  data-theme-support=\"\"   data-overlay=\"false\" data-overlay-color=\"\" data-overlay-pattern=\"\" data-overlay-pattern-opacity=\"\" data-overlay-pattern-size=\"\"    ><\/div><section class=\"l-section wpb_row height_medium\"><div class=\"l-section-h i-cf\"><div class=\"g-cols vc_row type_default valign_top\"><div class=\"vc_col-sm-6 wpb_column vc_column_container\"><div class=\"vc_column-inner\"><div class=\"wpb_wrapper\"><div class=\"wpb_text_column\" ><div class=\"wpb_wrapper\"><ol style=\"text-align: justify;\" start=\"5\">\n<li><span data-huuid=\"16923952717509274705\">Presentar denuncia ante las autoridades competentes por faltas y delitos en agravio de los Ni\u00f1os y Adolescentes e intervenir en su defensa.<\/span><\/li>\n<li><span data-huuid=\"16923952717509273175\">Llevar los registros necesarios que la ley obliga para el mejor control y promoci\u00f3n de los Derechos del Ni\u00f1o y del Adolescente.<\/span><\/li>\n<li><span data-huuid=\"16923952717509271645\">Realizar conciliaciones extrajudiciales entre c\u00f3nyuges, padres y familiares, sobre alimentos, tenencia y r\u00e9gimen de visitas, siempre que no existan procesos judiciales sobre estas materias.<\/span><\/li>\n<li><span data-huuid=\"16923952717509274211\">Proponer a la Administraci\u00f3n la aprobaci\u00f3n de medidas complementarias de protecci\u00f3n de los derechos de las ni\u00f1as, ni\u00f1os y adolescentes, adecuadas a la realidad del distrito.<\/span><\/li>\n<\/ol>\n<\/div><\/div><\/div><\/div><\/div><div class=\"vc_col-sm-6 wpb_column vc_column_container\"><div class=\"vc_column-inner\"><div class=\"wpb_wrapper\"><div class=\"wpb_text_column\" ><div class=\"wpb_wrapper\"><ol style=\"text-align: justify;\" start=\"9\">\n<li><span data-huuid=\"16923952717509272681\">Programar, planificar, coordinar y ejecutar programas preventivos para reducir el maltrato f\u00edsico y psicol\u00f3gico de las ni\u00f1as, ni\u00f1os y adolescentes.<\/span><\/li>\n<li><span data-huuid=\"16923952717509275247\">Brindar orientaci\u00f3n multidisciplinaria a la familia para prevenir situaciones cr\u00edticas, siempre que no exista procesos judiciales previos.<\/span><\/li>\n<li><span data-huuid=\"16923952717509273717\">Propiciar la formaci\u00f3n de promotores-defensores en el distrito.<\/span><\/li>\n<li><span data-huuid=\"16923952717509272187\">Solicitar ante la Divisi\u00f3n de Registro Civiles la inscripci\u00f3n de Actas de Nacimiento de ni\u00f1os y adolescentes que no cuenten con ellas, se encuentren en estado de abandono o provenientes de familias de extrema pobreza.<\/span><\/li>\n<\/ol>\n<\/div><\/div><\/div><\/div><\/div><\/div><\/div><\/section>\n<\/section>","protected":false},"excerpt":{"rendered":"[vc_empty_space height=\"150px\"]Divisi\u00f3n de DEMUNALa Divisi\u00f3n de DEMUNA, es responsable de dirigir la pol\u00edtica municipal como brindar los servicios contemplados en el Sistema Nacional de Atenci\u00f3n Integral a la Mujer, al Ni\u00f1o y al Adolescente.\u00a0Tiene como objetivo promover y proteger los derechos que la legislaci\u00f3n reconoce a los ni\u00f1os y adolescentes, as\u00ed como de la familia....","protected":false},"author":9,"featured_media":0,"parent":0,"menu_order":0,"comment_status":"closed","ping_status":"closed","template":"","meta":[],"acf":[],"_links":{"self":[{"href":"http:\/\/web.muniolleroshuarochiri.gob.pe\/portal\/wp-json\/wp\/v2\/pages\/10005"}],"collection":[{"href":"http:\/\/web.muniolleroshuarochiri.gob.pe\/portal\/wp-json\/wp\/v2\/pages"}],"about":[{"href":"http:\/\/web.muniolleroshuarochiri.gob.pe\/portal\/wp-json\/wp\/v2\/types\/page"}],"author":[{"embeddable":true,"href":"http:\/\/web.muniolleroshuarochiri.gob.pe\/portal\/wp-json\/wp\/v2\/users\/9"}],"replies":[{"embeddable":true,"href":"http:\/\/web.muniolleroshuarochiri.gob.pe\/portal\/wp-json\/wp\/v2\/comments?post=10005"}],"version-history":[{"count":7,"href":"http:\/\/web.muniolleroshuarochiri.gob.pe\/portal\/wp-json\/wp\/v2\/pages\/10005\/revisions"}],"predecessor-version":[{"id":11070,"href":"http:\/\/web.muniolleroshuarochiri.gob.pe\/portal\/wp-json\/wp\/v2\/pages\/10005\/revisions\/11070"}],"wp:attachment":[{"href":"http:\/\/web.muniolleroshuarochiri.gob.pe\/portal\/wp-json\/wp\/v2\/media?parent=10005"}],"curies":[{"name":"wp","href":"https:\/\/api.w.org\/{rel}","templated":true}]}}