{"id":10007,"date":"2025-11-04T19:31:39","date_gmt":"2025-11-04T19:31:39","guid":{"rendered":"https:\/\/web.muniolleroshuarochiri.gob.pe\/portal\/?page_id=10007"},"modified":"2025-12-02T20:23:20","modified_gmt":"2025-12-02T20:23:20","slug":"gspga","status":"publish","type":"page","link":"http:\/\/web.muniolleroshuarochiri.gob.pe\/portal\/gspga\/","title":{"rendered":"Gerencia de Servicios P\u00fablicos y Gesti\u00f3n Ambiental"},"content":{"rendered":"<section class=\"wpb-content-wrapper\"><section class=\"l-section wpb_row height_medium\"><div class=\"l-section-h i-cf\"><div class=\"g-cols vc_row type_default valign_top\"><div class=\"vc_col-sm-12 wpb_column vc_column_container\"><div class=\"vc_column-inner\"><div class=\"wpb_wrapper\">[vc_empty_space height=\u00bb150px\u00bb]<\/div><\/div><\/div><\/div><\/div><\/section><section class=\"l-section wpb_row height_medium\"><div class=\"l-section-h i-cf\"><div class=\"g-cols vc_row type_default valign_top\"><div class=\"vc_col-sm-12 wpb_column vc_column_container\"><div class=\"vc_column-inner\"><div class=\"wpb_wrapper\"><h3 class=\"w-post-elm post_title us_custom_6549b382 entry-title color_link_inherit has_text_color\">Gerencia de Servicios P\u00fablicos y Gesti\u00f3n Ambiental<\/h3><\/div><\/div><\/div><\/div><\/div><\/section><section class=\"l-section wpb_row us_custom_1f64da91 height_medium\"><div class=\"l-section-h i-cf\"><div class=\"g-cols vc_row type_default valign_top\"><div class=\"vc_col-sm-8 wpb_column vc_column_container\"><div class=\"vc_column-inner\"><div class=\"wpb_wrapper\"><div class=\"wpb_text_column\" ><div class=\"wpb_wrapper\"><div class=\"WaaZC\">\n<div class=\"RJPOee EIJn2\">\n<div class=\"rPeykc\" data-hveid=\"CAQQAQ\" data-ved=\"2ahUKEwiF2qHGndmQAxUMHLkGHe3lLAYQo_EKegQIBBAB\"><span data-huuid=\"7594584123514684670\">La Gerencia de Servicios P\u00fablicos y Gesti\u00f3n Ambiental;\u00a0<\/span><span data-huuid=\"7594584123514687075\">es el \u00f3rgano de l\u00ednea que tiene como objeto brindar los servicios p\u00fablicos en sus diferentes fases de mantenimiento y conservaci\u00f3n de las \u00e1reas verdes, parques y jardines;\u00a0<\/span><span data-huuid=\"7594584123514685384\">tambi\u00e9n es responsable de la convivencia pac\u00edfica, mejorando la calidad de vida y asegurando un h\u00e1bitat saludable y seguro para la realizaci\u00f3n de las actividades cotidianas de la poblaci\u00f3n.<\/span><\/div>\n<\/div>\n<\/div>\n<div class=\"WaaZC\">\n<div class=\"RJPOee EIJn2\">\n<div class=\"rPeykc uP58nb MNX06c\" data-hveid=\"CAkQAQ\" data-ved=\"2ahUKEwiF2qHGndmQAxUMHLkGHe3lLAYQo_EKegQICRAB\"><span data-huuid=\"16270447277007048955\"><span role=\"heading\" aria-level=\"2\">As\u00ed mismo programa acciones de control, prevenci\u00f3n, verificaci\u00f3n y supervisi\u00f3n de las actividades del medio ambiente en el \u00e1mbito distrital, adem\u00e1s propone y ejecuta pol\u00edticas y planes en materia ambiental, en concordancia con las pol\u00edticas, normas, planes regionales, sectoriales y nacionales, tambi\u00e9n programar\u00e1 y realizar\u00e1 acciones de capacitaci\u00f3n al personal administrativo y t\u00e9cnico que integran esta gerencia, depende funcional y administrativamente de la Gerencia Municipal y est\u00e1 compuesta por las siguientes Unidades Org\u00e1nicas:<\/span><\/span><\/div>\n<\/div>\n<\/div>\n<div class=\"WaaZC\">\n<div class=\"RJPOee EIJn2\">\n<ul data-hveid=\"CBEQAQ\" data-ved=\"2ahUKEwiF2qHGndmQAxUMHLkGHe3lLAYQm_YKegQIERAB\">\n<li><span data-huuid=\"16270447277007049432\">Subgerencia de Gesti\u00f3n Ambiental, Limpieza P\u00fablica, Parques, \u00c1reas Verdes.<\/span><\/li>\n<li><span data-huuid=\"16270447277007049750\">Subgerencia de Seguridad Ciudadana<\/span><\/li>\n<li><span data-huuid=\"16270447277007050068\">Subgerencia de Tr\u00e1nsito, Transporte y Seguridad Vial<\/span><\/li>\n<li><span data-huuid=\"16270447277007050386\">Subgerencia de Gesti\u00f3n de Riesgos de Desastres \u2013 Defensa Civil<\/span><\/li>\n<\/ul>\n<\/div>\n<\/div>\n<\/div><\/div>[vc_empty_space]<h2 class=\"w-text\"><span class=\"w-text-h\"><i class=\"far fa-users\"><\/i><span class=\"w-text-value\">La Gerencia de Servicios P\u00fablicos y Gesti\u00f3n Ambiental tiene las siguientes funciones:<\/span><\/span><\/h2><div class=\"wpb_text_column\" ><div class=\"wpb_wrapper\"><ol style=\"text-align: justify;\">\n<li><span data-huuid=\"1153923971475895340\">Elaborar y ejecutar el Plan Operativo Institucional correspondiente a la Unidad Org\u00e1nica, disponiendo eficiente y eficazmente de los recursos econ\u00f3micos, materiales y equipos asignados.<\/span><\/li>\n<\/ol>\n<\/div><\/div><\/div><\/div><\/div><div class=\"vc_col-sm-4 wpb_column vc_column_container\"><div class=\"vc_column-inner\"><div class=\"wpb_wrapper\"><div class=\"ult-team-member-wrap ult-style-1  \"><div class=\"ult-team-member-image\" style=\"\"> <img class=\"\" src=\"http:\/\/web.muniolleroshuarochiri.gob.pe\/portal\/wp-content\/uploads\/2025\/12\/William-Alanva-Leon.png\" alt=\"null\"  style=\"\"><span class=\"ult-team-member-image-overlay \"  ><\/span><\/div><div class=\"ult-team-member-bio-wrap style-1 ultimate-heading69e896a063b78\" style=\"text-align:center;; \"><div class=\"ult-team-member-name-wrap\"><h2 class=\"ult-team-member-name ult-responsive\"  data-ultimate-target='.ult-team-member-bio-wrap.ultimate-heading69e896a063b78 .ult-team-member-name'  data-responsive-json-new='{\"font-size\":\"\",\"line-height\":\"\"}'  style=\"\">William Alanya Le\u00f3n<\/h2><div class=\"ult-team-member-position ult-responsive\"  data-ultimate-target='.ult-team-member-bio-wrap.ultimate-heading69e896a063b78 .ult-team-member-position'  data-responsive-json-new='{\"font-size\":\"\",\"line-height\":\"\"}'  style=\"\">Encargado de la Gerencia de Servicios P\u00fablicos y Gesti\u00f3n Ambiental<\/div><div class=\"ult-team-member-description ult-responsive\"  data-ultimate-target='.ult-team-member-bio-wrap.ultimate-heading69e896a063b78 .ult-team-member-description'  data-responsive-json-new='{\"font-size\":\"\",\"line-height\":\"\"}'  style=\"\"><p><strong>Correo municipal: <\/strong>william.alanya@muniolleroshuarochiri.gob.pe<\/p><\/div><div style=\"margin-bottom:15px\"><\/div><\/div><\/div><\/div><\/div><\/div><\/div><\/div><\/div><\/section><!-- Row Backgrounds --><div class=\"upb_color\" data-bg-override=\"0\" data-bg-color=\"#f4f4f4\" data-fadeout=\"\" data-fadeout-percentage=\"30\" data-parallax-content=\"\" data-parallax-content-sense=\"30\" data-row-effect-mobile-disable=\"true\" data-img-parallax-mobile-disable=\"true\" data-rtl=\"false\"  data-custom-vc-row=\"\"  data-vc=\"6.11.0\"  data-is_old_vc=\"\"  data-theme-support=\"\"   data-overlay=\"false\" data-overlay-color=\"\" data-overlay-pattern=\"\" data-overlay-pattern-opacity=\"\" data-overlay-pattern-size=\"\"    ><\/div><section class=\"l-section wpb_row height_medium\"><div class=\"l-section-h i-cf\"><div class=\"g-cols vc_row type_default valign_top\"><div class=\"vc_col-sm-4 wpb_column vc_column_container\"><div class=\"vc_column-inner\"><div class=\"wpb_wrapper\"><div class=\"ult-team-member-wrap ult-style-1  \"><div class=\"ult-team-member-image\" style=\"\"> <img class=\"\" src=\"http:\/\/web.muniolleroshuarochiri.gob.pe\/portal\/wp-content\/uploads\/2025\/12\/Cristian-Deyvi-Rojas-Ramirez.png\" alt=\"null\"  style=\"\"><span class=\"ult-team-member-image-overlay \"  ><\/span><\/div><div class=\"ult-team-member-bio-wrap style-1 ultimate-heading69e896a0640ac\" style=\"text-align:center;; \"><div class=\"ult-team-member-name-wrap\"><h2 class=\"ult-team-member-name ult-responsive\"  data-ultimate-target='.ult-team-member-bio-wrap.ultimate-heading69e896a0640ac .ult-team-member-name'  data-responsive-json-new='{\"font-size\":\"\",\"line-height\":\"\"}'  style=\"\">Cristian Deyvi Rojas Ramirez<\/h2><div class=\"ult-team-member-position ult-responsive\"  data-ultimate-target='.ult-team-member-bio-wrap.ultimate-heading69e896a0640ac .ult-team-member-position'  data-responsive-json-new='{\"font-size\":\"\",\"line-height\":\"\"}'  style=\"\">Personal Administrativo de la Gerencia de Servicios P\u00fablicos y Gesti\u00f3n Ambiental<\/div><div class=\"ult-team-member-description ult-responsive\"  data-ultimate-target='.ult-team-member-bio-wrap.ultimate-heading69e896a0640ac .ult-team-member-description'  data-responsive-json-new='{\"font-size\":\"\",\"line-height\":\"\"}'  style=\"\"><p><strong>Correo municipal:<\/strong> cristian.rojas@muniolleroshuarochiri.gob.pe<\/p><\/div><div style=\"margin-bottom:15px\"><\/div><\/div><\/div><\/div><\/div><\/div><\/div><div class=\"vc_col-sm-8 wpb_column vc_column_container\"><div class=\"vc_column-inner\"><div class=\"wpb_wrapper\"><div class=\"wpb_text_column\" ><div class=\"wpb_wrapper\"><ol style=\"text-align: justify;\" start=\"2\">\n<li><span data-huuid=\"1153923971475896874\">Planificar, organizar, dirigir y controlar la prestaci\u00f3n de los servicios p\u00fablicos locales, asegurando los niveles de calidad y eficiencia requeridas por la poblaci\u00f3n.<\/span><\/li>\n<li><span data-huuid=\"1153923971475894312\">Programar, coordinar, controlar y dirigir las actividades de seguridad ciudadana del distrito, concertando las acciones con el comit\u00e9 de juntas vecinales y el comit\u00e9 distrital seguridad ciudadana.<\/span><\/li>\n<li><span data-huuid=\"1153923971475895846\">Planificar, organizar, dirigir y controlar las actividades de resoluci\u00f3n en primera instancia de los recursos impugnativos que se presenten respecto a los servicios p\u00fablicos por las infracciones o penalidades cometidas en la prestaci\u00f3n de dichos servicios.<\/span><\/li>\n<li><span data-huuid=\"1153923971475897380\">Conducir y supervisar las actividades vinculadas con la gesti\u00f3n, protecci\u00f3n y conservaci\u00f3n ambiental y la utilizaci\u00f3n de recursos naturales del distrito.<\/span><\/li>\n<li><span data-huuid=\"1153923971475894818\">Planificar, organizar, dirigir y controlar las actividades que involucren el desarrollo de planes estrat\u00e9gicos y de manejo de indicadores de eficiencia y eficacia en el servicio.<\/span><\/li>\n<\/ol>\n<\/div><\/div><\/div><\/div><\/div><\/div><\/div><\/section><section class=\"l-section wpb_row height_medium\"><div class=\"l-section-h i-cf\"><div class=\"g-cols vc_row type_default valign_top\"><div class=\"vc_col-sm-8 wpb_column vc_column_container\"><div class=\"vc_column-inner\"><div class=\"wpb_wrapper\"><div class=\"wpb_text_column\" ><div class=\"wpb_wrapper\"><ol style=\"text-align: justify;\" start=\"7\">\n<li><span data-huuid=\"1153923971475896352\">Establecer los mecanismos que permitan la conservaci\u00f3n y seguridad ambiental y sanitaria, intangibilidad de las \u00e1reas verdes, franjas marginales y ribere\u00f1as.<\/span><\/li>\n<li><span data-huuid=\"1153923971475897886\">Coordinar como sistema de gesti\u00f3n ambiental local con los diversos niveles de gobierno provincial, regional y nacional la correcta aplicaci\u00f3n local de los instrumentos de planeamiento y gesti\u00f3n ambiental, en el marco del sistema nacional y regional de gesti\u00f3n ambiental.<\/span><\/li>\n<li><span data-huuid=\"1153923971475895324\">Regular la emisi\u00f3n de elementos contaminantes al medio ambiente.<\/span><\/li>\n<li><span data-huuid=\"1153923971475896858\">Dirigir, elaborar e implementar el Plan Integral de Residuos S\u00f3lidos de la Municipalidad Distrital de Santo Domingo de los Olleros.<\/span><\/li>\n<li><span data-huuid=\"1153923971475894296\">Participar y apoyar a las comisiones ambientales provinciales y regionales en el cumplimiento de sus funciones.<\/span><\/li>\n<li><span data-huuid=\"1153923971475895830\">Expedir Resoluciones Gerenciales por delegaci\u00f3n en materia de su competencia.<\/span><\/li>\n<\/ol>\n<\/div><\/div><\/div><\/div><\/div><div class=\"vc_col-sm-4 wpb_column vc_column_container\"><div class=\"vc_column-inner\"><div class=\"wpb_wrapper\"><div class=\"ult-team-member-wrap ult-style-1  \"><div class=\"ult-team-member-image\" style=\"\"> <img class=\"\" src=\"http:\/\/web.muniolleroshuarochiri.gob.pe\/portal\/wp-content\/uploads\/2025\/12\/Jose-Luis-Salas-Vilca.png\" alt=\"null\"  style=\"\"><span class=\"ult-team-member-image-overlay \"  ><\/span><\/div><div class=\"ult-team-member-bio-wrap style-1 ultimate-heading69e896a064822\" style=\"text-align:center;; \"><div class=\"ult-team-member-name-wrap\"><h2 class=\"ult-team-member-name ult-responsive\"  data-ultimate-target='.ult-team-member-bio-wrap.ultimate-heading69e896a064822 .ult-team-member-name'  data-responsive-json-new='{\"font-size\":\"\",\"line-height\":\"\"}'  style=\"\">Jose Luis Salas Vilca<\/h2><div class=\"ult-team-member-position ult-responsive\"  data-ultimate-target='.ult-team-member-bio-wrap.ultimate-heading69e896a064822 .ult-team-member-position'  data-responsive-json-new='{\"font-size\":\"\",\"line-height\":\"\"}'  style=\"\">Personal Administrativo de la Gerencia de Servicios P\u00fablicos y Gesti\u00f3n Ambiental<\/div><div class=\"ult-team-member-description ult-responsive\"  data-ultimate-target='.ult-team-member-bio-wrap.ultimate-heading69e896a064822 .ult-team-member-description'  data-responsive-json-new='{\"font-size\":\"\",\"line-height\":\"\"}'  style=\"\"><p><strong>Correo municipal:<\/strong> jose.salas@muniolleroshuarochiri.gob.pe<\/p><\/div><div style=\"margin-bottom:15px\"><\/div><\/div><\/div><\/div><\/div><\/div><\/div><\/div><\/div><\/section>\n<\/section>","protected":false},"excerpt":{"rendered":"[vc_empty_space height=\"150px\"]Gerencia de Servicios P\u00fablicos y Gesti\u00f3n Ambiental La Gerencia de Servicios P\u00fablicos y Gesti\u00f3n Ambiental;\u00a0es el \u00f3rgano de l\u00ednea que tiene como objeto brindar los servicios p\u00fablicos en sus diferentes fases de mantenimiento y conservaci\u00f3n de las \u00e1reas verdes, parques y jardines;\u00a0tambi\u00e9n es responsable de la convivencia pac\u00edfica, mejorando la calidad de vida y...","protected":false},"author":9,"featured_media":0,"parent":0,"menu_order":0,"comment_status":"closed","ping_status":"closed","template":"","meta":[],"acf":[],"_links":{"self":[{"href":"http:\/\/web.muniolleroshuarochiri.gob.pe\/portal\/wp-json\/wp\/v2\/pages\/10007"}],"collection":[{"href":"http:\/\/web.muniolleroshuarochiri.gob.pe\/portal\/wp-json\/wp\/v2\/pages"}],"about":[{"href":"http:\/\/web.muniolleroshuarochiri.gob.pe\/portal\/wp-json\/wp\/v2\/types\/page"}],"author":[{"embeddable":true,"href":"http:\/\/web.muniolleroshuarochiri.gob.pe\/portal\/wp-json\/wp\/v2\/users\/9"}],"replies":[{"embeddable":true,"href":"http:\/\/web.muniolleroshuarochiri.gob.pe\/portal\/wp-json\/wp\/v2\/comments?post=10007"}],"version-history":[{"count":13,"href":"http:\/\/web.muniolleroshuarochiri.gob.pe\/portal\/wp-json\/wp\/v2\/pages\/10007\/revisions"}],"predecessor-version":[{"id":11092,"href":"http:\/\/web.muniolleroshuarochiri.gob.pe\/portal\/wp-json\/wp\/v2\/pages\/10007\/revisions\/11092"}],"wp:attachment":[{"href":"http:\/\/web.muniolleroshuarochiri.gob.pe\/portal\/wp-json\/wp\/v2\/media?parent=10007"}],"curies":[{"name":"wp","href":"https:\/\/api.w.org\/{rel}","templated":true}]}}