{"id":10009,"date":"2025-11-04T19:36:43","date_gmt":"2025-11-04T19:36:43","guid":{"rendered":"https:\/\/web.muniolleroshuarochiri.gob.pe\/portal\/?page_id=10009"},"modified":"2025-12-02T20:24:53","modified_gmt":"2025-12-02T20:24:53","slug":"sgapav","status":"publish","type":"page","link":"http:\/\/web.muniolleroshuarochiri.gob.pe\/portal\/sgapav\/","title":{"rendered":"Sub gerencia de Gesti\u00f3n Ambiental, Limpieza P\u00fablica, Parques y \u00c1reas Verdes"},"content":{"rendered":"<section class=\"wpb-content-wrapper\"><section class=\"l-section wpb_row height_medium\"><div class=\"l-section-h i-cf\"><div class=\"g-cols vc_row type_default valign_top\"><div class=\"vc_col-sm-12 wpb_column vc_column_container\"><div class=\"vc_column-inner\"><div class=\"wpb_wrapper\">[vc_empty_space height=\u00bb150px\u00bb]<\/div><\/div><\/div><\/div><\/div><\/section><section class=\"l-section wpb_row height_medium\"><div class=\"l-section-h i-cf\"><div class=\"g-cols vc_row type_default valign_top\"><div class=\"vc_col-sm-12 wpb_column vc_column_container\"><div class=\"vc_column-inner\"><div class=\"wpb_wrapper\"><h3 class=\"w-post-elm post_title us_custom_6549b382 entry-title color_link_inherit has_text_color\">Sub gerencia de Gesti\u00f3n Ambiental, Limpieza P\u00fablica, Parques y \u00c1reas Verdes<\/h3><\/div><\/div><\/div><\/div><\/div><\/section><section class=\"l-section wpb_row us_custom_1f64da91 height_medium\"><div class=\"l-section-h i-cf\"><div class=\"g-cols vc_row type_default valign_top\"><div class=\"vc_col-sm-8 wpb_column vc_column_container\"><div class=\"vc_column-inner\"><div class=\"wpb_wrapper\"><div class=\"wpb_text_column\" ><div class=\"wpb_wrapper\"><p><span data-huuid=\"264600161223881093\">La Subgerencia de Gesti\u00f3n Ambiental, Limpieza P\u00fablica, Parques y \u00c1reas Verdes es la encargada de formular, aprobar, ejecutar y monitorear los planes y pol\u00edticas locales en materia ambiental, estrategias de retribuci\u00f3n por servicios eco sistem\u00e1ticos, de Limpieza P\u00fablica y \u00c1reas Verdes: gesti\u00f3n integral e integrada de recursos h\u00eddricos, en concordancia con las pol\u00edticas, normas y planes regionales, sectoriales y nacionales del distrito.<\/span><\/p>\n<\/div><\/div>[vc_empty_space]<h2 class=\"w-text\"><span class=\"w-text-h\"><i class=\"far fa-users\"><\/i><span class=\"w-text-value\">Las funciones de la Subgerencia son las siguientes:<\/span><\/span><\/h2><div class=\"wpb_text_column\" ><div class=\"wpb_wrapper\"><div class=\"WaaZC\"><\/div>\n<div class=\"WaaZC\">\n<div class=\"RJPOee EIJn2\">\n<ol style=\"text-align: justify;\">\n<li class=\"rPeykc\" data-hveid=\"CAcQAQ\" data-ved=\"2ahUKEwjt7K7FntmQAxUOF7kGHSLmGCIQo_EKegQIBxAB\"><span data-huuid=\"264600161223882001\">Organizar, proponer y ejecutar el Comit\u00e9 Ambiental Municipal \u2013 CAM<\/span><\/li>\n<li class=\"rPeykc\" data-hveid=\"CAcQAQ\" data-ved=\"2ahUKEwjt7K7FntmQAxUOF7kGHSLmGCIQo_EKegQIBxAB\">Elaborar y ejecutar el Plan Operativo Institucional correspondiente a la Unidad Org\u00e1nica, disponiendo eficiente y eficazmente de los recursos econ\u00f3micos, materiales y equipos asignados.<\/li>\n<li class=\"rPeykc\" data-hveid=\"CAcQAQ\" data-ved=\"2ahUKEwjt7K7FntmQAxUOF7kGHSLmGCIQo_EKegQIBxAB\">Planificar, organizar, promover y ejecutar los servicios p\u00fablicos de recolecci\u00f3n de residuos s\u00f3lidos y barridos de calles, as\u00ed como la eliminaci\u00f3n de desmonte, escombros y\/o similares de las avenidas y calles del distrito.<\/li>\n<li class=\"rPeykc\" data-hveid=\"CAcQAQ\" data-ved=\"2ahUKEwjt7K7FntmQAxUOF7kGHSLmGCIQo_EKegQIBxAB\">Vigilar el cumplimiento de las normas ambientales referentes a la calidad ambiental, debiendo contar con el apoyo de instrumentos de medici\u00f3n y\/o monitoreo de agua, aire, ruido y suelo, que sirvan para determinar con exactitud la posible comisi\u00f3n de infracciones, faltas y\/o delitos, en caso superen los l\u00edmites m\u00e1ximos permisibles.<\/li>\n<\/ol>\n<\/div>\n<\/div>\n<\/div><\/div><\/div><\/div><\/div><div class=\"vc_col-sm-4 wpb_column vc_column_container\"><div class=\"vc_column-inner\"><div class=\"wpb_wrapper\"><div class=\"ult-team-member-wrap ult-style-1  \"><div class=\"ult-team-member-image\" style=\"\"> <img class=\"\" src=\"http:\/\/web.muniolleroshuarochiri.gob.pe\/portal\/wp-content\/uploads\/2025\/12\/William-Alanva-Leon.png\" alt=\"null\"  style=\"\"><span class=\"ult-team-member-image-overlay \"  ><\/span><\/div><div class=\"ult-team-member-bio-wrap style-1 ultimate-heading69e1c1c2944a0\" style=\"text-align:center;; \"><div class=\"ult-team-member-name-wrap\"><h2 class=\"ult-team-member-name ult-responsive\"  data-ultimate-target='.ult-team-member-bio-wrap.ultimate-heading69e1c1c2944a0 .ult-team-member-name'  data-responsive-json-new='{\"font-size\":\"\",\"line-height\":\"\"}'  style=\"\">William Alanya Le\u00f3n<\/h2><div class=\"ult-team-member-position ult-responsive\"  data-ultimate-target='.ult-team-member-bio-wrap.ultimate-heading69e1c1c2944a0 .ult-team-member-position'  data-responsive-json-new='{\"font-size\":\"\",\"line-height\":\"\"}'  style=\"\">Subgerencia de Gesti\u00f3n Ambiental, Limpieza P\u00fablica, Parques y \u00c1reas Verdes<\/div><div class=\"ult-team-member-description ult-responsive\"  data-ultimate-target='.ult-team-member-bio-wrap.ultimate-heading69e1c1c2944a0 .ult-team-member-description'  data-responsive-json-new='{\"font-size\":\"\",\"line-height\":\"\"}'  style=\"\"><p><strong>Correo municipal: <\/strong>william.alanya@muniolleroshuarochiri.gob.pe<\/p><\/div><div style=\"margin-bottom:15px\"><\/div><\/div><\/div><\/div><\/div><\/div><\/div><\/div><\/div><\/section><!-- Row Backgrounds --><div class=\"upb_color\" data-bg-override=\"0\" data-bg-color=\"#f4f4f4\" data-fadeout=\"\" data-fadeout-percentage=\"30\" data-parallax-content=\"\" data-parallax-content-sense=\"30\" data-row-effect-mobile-disable=\"true\" data-img-parallax-mobile-disable=\"true\" data-rtl=\"false\"  data-custom-vc-row=\"\"  data-vc=\"6.11.0\"  data-is_old_vc=\"\"  data-theme-support=\"\"   data-overlay=\"false\" data-overlay-color=\"\" data-overlay-pattern=\"\" data-overlay-pattern-opacity=\"\" data-overlay-pattern-size=\"\"    ><\/div><section class=\"l-section wpb_row height_medium\"><div class=\"l-section-h i-cf\"><div class=\"g-cols vc_row type_default valign_top\"><div class=\"vc_col-sm-4 wpb_column vc_column_container\"><div class=\"vc_column-inner\"><div class=\"wpb_wrapper\"><div class=\"ult-team-member-wrap ult-style-1  \"><div class=\"ult-team-member-image\" style=\"\"> <img class=\"\" src=\"http:\/\/web.muniolleroshuarochiri.gob.pe\/portal\/wp-content\/uploads\/2025\/12\/Cristian-Deyvi-Rojas-Ramirez.png\" alt=\"null\"  style=\"\"><span class=\"ult-team-member-image-overlay \"  ><\/span><\/div><div class=\"ult-team-member-bio-wrap style-1 ultimate-heading69e1c1c294bff\" style=\"text-align:center;; \"><div class=\"ult-team-member-name-wrap\"><h2 class=\"ult-team-member-name ult-responsive\"  data-ultimate-target='.ult-team-member-bio-wrap.ultimate-heading69e1c1c294bff .ult-team-member-name'  data-responsive-json-new='{\"font-size\":\"\",\"line-height\":\"\"}'  style=\"\">Cristian Deyvi Rojas Ramirez<\/h2><div class=\"ult-team-member-position ult-responsive\"  data-ultimate-target='.ult-team-member-bio-wrap.ultimate-heading69e1c1c294bff .ult-team-member-position'  data-responsive-json-new='{\"font-size\":\"\",\"line-height\":\"\"}'  style=\"\">Personal Administrativo de la Sub gerencia de Gesti\u00f3n Ambiental, Limpieza P\u00fablica, Parques y \u00c1reas Verdes<\/div><div class=\"ult-team-member-description ult-responsive\"  data-ultimate-target='.ult-team-member-bio-wrap.ultimate-heading69e1c1c294bff .ult-team-member-description'  data-responsive-json-new='{\"font-size\":\"\",\"line-height\":\"\"}'  style=\"\"><p><strong>Correo municipal<\/strong>: cristian.rojas@muniolleroshuarochiri.gob.pe<\/p><\/div><div style=\"margin-bottom:15px\"><\/div><\/div><\/div><\/div><\/div><\/div><\/div><div class=\"vc_col-sm-8 wpb_column vc_column_container\"><div class=\"vc_column-inner\"><div class=\"wpb_wrapper\"><div class=\"wpb_text_column\" ><div class=\"wpb_wrapper\"><ol style=\"text-align: justify;\" start=\"5\">\n<li><span data-huuid=\"9043938649379496636\">Proponer, controlar, ejecutar y evaluar los programas de limpieza p\u00fablica, programas de segregaci\u00f3n y recuperaci\u00f3n de residuos s\u00f3lidos.<\/span><\/li>\n<li><span data-huuid=\"9043938649379499930\">Vigilar que las personas que realizan la labor de manejo de residuos s\u00f3lidos gocen de buena salud y tengan sus constancias de vacunas necesarias para desempe\u00f1ar sus actividades.<\/span><\/li>\n<\/ol>\n<\/div><\/div><div class=\"wpb_text_column\" ><div class=\"wpb_wrapper\"><ol style=\"text-align: justify;\" start=\"7\">\n<li><span data-huuid=\"9043938649379499128\">Implementar, supervisar y monitorear medidas de eco eficiencia en todas las Unidades Org\u00e1nicas de la Municipalidad e incentivar a promover medidas de eco eficiencia en las instituciones educativas y locales con actividad econ\u00f3mica, y similares en el distrito.<\/span><\/li>\n<li><span data-huuid=\"9043938649379498326\">Implementar proyectos y actividades que est\u00e9n orientadas a mejorar la calidad ambiental.<\/span><\/li>\n<li><span data-huuid=\"9043938649379497524\">Participar en la formulaci\u00f3n de pol\u00edticas ambientales, as\u00ed como en normatividad para el desarrollo sostenible local y la prevenci\u00f3n de la contaminaci\u00f3n ambiental.<\/span><\/li>\n<li><span data-huuid=\"9043938649379496722\">Evaluar y determinar la ubicaci\u00f3n de dispositivos de almacenamiento de residuos s\u00f3lidos diferenciados para su aprovechamiento y valorizaci\u00f3n.<\/span><\/li>\n<li><span data-huuid=\"9043938649379500016\">Dise\u00f1ar programas y proponer proyectos para resolver problemas de medio ambiente, como consecuencia de la contaminaci\u00f3n de la flora, fauna, agua, suelo y\/o aire del distrito.<\/span><\/li>\n<li>\n<div data-hveid=\"CAcQAQ\" data-ved=\"2ahUKEwjt7K7FntmQAxUOF7kGHSLmGCIQo_EKegQIBxAB\"><span data-huuid=\"9043938649379499214\">Establecer relaciones internas y externas, con instituciones p\u00fablicas o privadas en favor de la gesti\u00f3n de asuntos ambientales.<\/span><\/div>\n<\/li>\n<li>\n<div data-hveid=\"CAcQAQ\" data-ved=\"2ahUKEwjt7K7FntmQAxUOF7kGHSLmGCIQo_EKegQIBxAB\"><span data-huuid=\"9043938649379498412\">Formulaci\u00f3n, evaluaci\u00f3n y Registro del PLANEFA con el objetivo de programar las acciones de evaluaci\u00f3n y supervisi\u00f3n ambiental.<\/span><\/div>\n<\/li>\n<\/ol>\n<\/div><\/div><\/div><\/div><\/div><\/div><\/div><\/section><section class=\"l-section wpb_row height_medium\"><div class=\"l-section-h i-cf\"><div class=\"g-cols vc_row type_default valign_top\"><div class=\"vc_col-sm-8 wpb_column vc_column_container\"><div class=\"vc_column-inner\"><div class=\"wpb_wrapper\"><div class=\"wpb_text_column\" ><div class=\"wpb_wrapper\"><ol style=\"text-align: justify;\" start=\"14\">\n<li>\n<div data-hveid=\"CAcQAQ\" data-ved=\"2ahUKEwjt7K7FntmQAxUOF7kGHSLmGCIQo_EKegQIBxAB\"><span data-huuid=\"9043938649379497610\">Generar proyectos a favor del ordenamiento ecol\u00f3gico, la calidad del agua para riego, manejo de residuos s\u00f3lidos, ampliaci\u00f3n de \u00e1reas verdes, as\u00ed como, el control de riesgos a la salud p\u00fablica.<\/span><\/div>\n<\/li>\n<li>\n<div data-hveid=\"CAcQAQ\" data-ved=\"2ahUKEwjt7K7FntmQAxUOF7kGHSLmGCIQo_EKegQIBxAB\"><span data-huuid=\"9043938649379496808\">Atender las quejas vecinales y resolver conflictos por problemas ambientales, ocasionados por contaminaci\u00f3n de agua, ruido, aire y\/o suelo y afines.<\/span><\/div>\n<\/li>\n<li>\n<div data-hveid=\"CAcQAQ\" data-ved=\"2ahUKEwjt7K7FntmQAxUOF7kGHSLmGCIQo_EKegQIBxAB\"><span data-huuid=\"9043938649379496006\">Organizar, proponer y ejecutar el Sistema de Gesti\u00f3n Ambiental Local<\/span><\/div>\n<\/li>\n<li>\n<div data-hveid=\"CAcQAQ\" data-ved=\"2ahUKEwjt7K7FntmQAxUOF7kGHSLmGCIQo_EKegQIBxAB\"><span data-huuid=\"9043938649379499300\">Elaborar material de difusi\u00f3n, promover y apoyar programas de educaci\u00f3n ambiental para desarrollar conciencia p\u00fablica en cuanto a la mejora de la salud ambiental y de la calidad de vida de la comunidad.<\/span><\/div>\n<\/li>\n<li>\n<div data-hveid=\"CAcQAQ\" data-ved=\"2ahUKEwjt7K7FntmQAxUOF7kGHSLmGCIQo_EKegQIBxAB\"><span data-huuid=\"9043938649379498498\">Controlar el acopio, distribuci\u00f3n, almacenamiento de los residuos s\u00f3lidos del Programa de Segregaci\u00f3n en la Fuente y Recolecci\u00f3n Selectiva de Residuos S\u00f3lidos, as\u00ed como supervisar la valorizaci\u00f3n de la segregaci\u00f3n y recolecci\u00f3n selectiva.<\/span><\/div>\n<div data-hveid=\"CAcQAQ\" data-ved=\"2ahUKEwjt7K7FntmQAxUOF7kGHSLmGCIQo_EKegQIBxAB\"><\/div>\n<\/li>\n<li>\n<div data-hveid=\"CAcQAQ\" data-ved=\"2ahUKEwjt7K7FntmQAxUOF7kGHSLmGCIQo_EKegQIBxAB\"><span data-huuid=\"9905966039470228606\">Formular y proponer los bienes y servicios necesarios para brindar el servicio de mantenimiento de parques, jardines y \u00e1reas verdes, para el costeo de los arbitrios.<\/span><\/div>\n<\/li>\n<\/ol>\n<\/div><\/div><\/div><\/div><\/div><div class=\"vc_col-sm-4 wpb_column vc_column_container\"><div class=\"vc_column-inner\"><div class=\"wpb_wrapper\"><div class=\"ult-team-member-wrap ult-style-1  \"><div class=\"ult-team-member-image\" style=\"\"> <img class=\"\" src=\"http:\/\/web.muniolleroshuarochiri.gob.pe\/portal\/wp-content\/uploads\/2025\/12\/Jose-Luis-Salas-Vilca.png\" alt=\"null\"  style=\"\"><span class=\"ult-team-member-image-overlay \"  ><\/span><\/div><div class=\"ult-team-member-bio-wrap style-1 ultimate-heading69e1c1c29548d\" style=\"text-align:center;; \"><div class=\"ult-team-member-name-wrap\"><h2 class=\"ult-team-member-name ult-responsive\"  data-ultimate-target='.ult-team-member-bio-wrap.ultimate-heading69e1c1c29548d .ult-team-member-name'  data-responsive-json-new='{\"font-size\":\"\",\"line-height\":\"\"}'  style=\"\">Jose Luis Salas Vilca<\/h2><div class=\"ult-team-member-position ult-responsive\"  data-ultimate-target='.ult-team-member-bio-wrap.ultimate-heading69e1c1c29548d .ult-team-member-position'  data-responsive-json-new='{\"font-size\":\"\",\"line-height\":\"\"}'  style=\"\">Personal Administrativo de la Sub gerencia de Gesti\u00f3n Ambiental, Limpieza P\u00fablica, Parques y \u00c1reas Verdes<\/div><div class=\"ult-team-member-description ult-responsive\"  data-ultimate-target='.ult-team-member-bio-wrap.ultimate-heading69e1c1c29548d .ult-team-member-description'  data-responsive-json-new='{\"font-size\":\"\",\"line-height\":\"\"}'  style=\"\"><p><strong>Correo municipal<\/strong>: jose.salas@muniolleroshuarochiri.gob.pe<\/p><\/div><div style=\"margin-bottom:15px\"><\/div><\/div><\/div><\/div><\/div><\/div><\/div><\/div><\/div><\/section><section class=\"l-section wpb_row height_medium\"><div class=\"l-section-h i-cf\"><div class=\"g-cols vc_row type_default valign_top\"><div class=\"vc_col-sm-12 wpb_column vc_column_container\"><div class=\"vc_column-inner\"><div class=\"wpb_wrapper\"><div class=\"wpb_text_column\" ><div class=\"wpb_wrapper\"><ol style=\"text-align: justify;\" start=\"20\">\n<li><span data-huuid=\"9905966039470229888\">Optimizar el uso de los recursos humanos en la ejecuci\u00f3n de las labores de limpieza p\u00fablica y mantenimiento de \u00e1reas verdes.<\/span><\/li>\n<li><span data-huuid=\"9905966039470231170\">Programar campa\u00f1as de forestaci\u00f3n, reforestaci\u00f3n y Limpieza P\u00fablica en coordinaci\u00f3n con los organismos oficiales.<\/span><\/li>\n<li><span data-huuid=\"9905966039470228356\">Proponer y ejecutar programas de segregaci\u00f3n y recuperaci\u00f3n de residuos s\u00f3lidos, con manejo t\u00e9cnico y sanitario adecuado.<\/span><\/li>\n<li><span data-huuid=\"9905966039470229638\">Elaborar el inventario de parques, jardines y de \u00e1reas verdes, as\u00ed como de los lugares forestados.<\/span><\/li>\n<li><span data-huuid=\"9905966039470230920\">Organizar y dirigir la implementaci\u00f3n y funcionamiento del Vivero Municipal.<\/span><\/li>\n<li><span data-huuid=\"9905966039470228106\">Desarrollar programas de adiestramiento y\/o capacitaci\u00f3n para el personal que permita optimizar el servicio y conservaci\u00f3n de los equipos mec\u00e1nicos.<\/span><\/li>\n<li><span data-huuid=\"9905966039470229388\">Formular propuestas, promover, coordinar y realizar la instalaci\u00f3n y mantenimiento de parques recreacionales.<\/span><\/li>\n<li><span data-huuid=\"9905966039470230670\">Promover la participaci\u00f3n de la poblaci\u00f3n en el mantenimiento de los parques y jardines p\u00fablicos.<\/span><\/li>\n<li><span data-huuid=\"9905966039470227856\">Habilitar \u00e1reas disponibles o en abandono para la recuperaci\u00f3n ecol\u00f3gica a trav\u00e9s del sembrado de \u00e1reas verdes.<\/span><\/li>\n<\/ol>\n<\/div><\/div><\/div><\/div><\/div><\/div><\/div><\/section>\n<\/section>","protected":false},"excerpt":{"rendered":"[vc_empty_space height=\"150px\"]Sub gerencia de Gesti\u00f3n Ambiental, Limpieza P\u00fablica, Parques y \u00c1reas VerdesLa Subgerencia de Gesti\u00f3n Ambiental, Limpieza P\u00fablica, Parques y \u00c1reas Verdes es la encargada de formular, aprobar, ejecutar y monitorear los planes y pol\u00edticas locales en materia ambiental, estrategias de retribuci\u00f3n por servicios eco sistem\u00e1ticos, de Limpieza P\u00fablica y \u00c1reas Verdes: gesti\u00f3n integral e...","protected":false},"author":9,"featured_media":0,"parent":0,"menu_order":0,"comment_status":"closed","ping_status":"closed","template":"","meta":[],"acf":[],"_links":{"self":[{"href":"http:\/\/web.muniolleroshuarochiri.gob.pe\/portal\/wp-json\/wp\/v2\/pages\/10009"}],"collection":[{"href":"http:\/\/web.muniolleroshuarochiri.gob.pe\/portal\/wp-json\/wp\/v2\/pages"}],"about":[{"href":"http:\/\/web.muniolleroshuarochiri.gob.pe\/portal\/wp-json\/wp\/v2\/types\/page"}],"author":[{"embeddable":true,"href":"http:\/\/web.muniolleroshuarochiri.gob.pe\/portal\/wp-json\/wp\/v2\/users\/9"}],"replies":[{"embeddable":true,"href":"http:\/\/web.muniolleroshuarochiri.gob.pe\/portal\/wp-json\/wp\/v2\/comments?post=10009"}],"version-history":[{"count":11,"href":"http:\/\/web.muniolleroshuarochiri.gob.pe\/portal\/wp-json\/wp\/v2\/pages\/10009\/revisions"}],"predecessor-version":[{"id":11093,"href":"http:\/\/web.muniolleroshuarochiri.gob.pe\/portal\/wp-json\/wp\/v2\/pages\/10009\/revisions\/11093"}],"wp:attachment":[{"href":"http:\/\/web.muniolleroshuarochiri.gob.pe\/portal\/wp-json\/wp\/v2\/media?parent=10009"}],"curies":[{"name":"wp","href":"https:\/\/api.w.org\/{rel}","templated":true}]}}