{"id":10015,"date":"2025-11-04T20:11:31","date_gmt":"2025-11-04T20:11:31","guid":{"rendered":"https:\/\/web.muniolleroshuarochiri.gob.pe\/portal\/?page_id=10015"},"modified":"2025-12-02T20:29:09","modified_gmt":"2025-12-02T20:29:09","slug":"sub-gerencia-de-gestion-de-riesgos-de-desastres","status":"publish","type":"page","link":"http:\/\/web.muniolleroshuarochiri.gob.pe\/portal\/sub-gerencia-de-gestion-de-riesgos-de-desastres\/","title":{"rendered":"Sub Gerencia de Gesti\u00f3n de Riesgos de Desastres &#8211; Defensa civil"},"content":{"rendered":"<section class=\"wpb-content-wrapper\"><section class=\"l-section wpb_row height_medium\"><div class=\"l-section-h i-cf\"><div class=\"g-cols vc_row type_default valign_top\"><div class=\"vc_col-sm-12 wpb_column vc_column_container\"><div class=\"vc_column-inner\"><div class=\"wpb_wrapper\">[vc_empty_space height=\u00bb150px\u00bb]<\/div><\/div><\/div><\/div><\/div><\/section><section class=\"l-section wpb_row height_medium\"><div class=\"l-section-h i-cf\"><div class=\"g-cols vc_row type_default valign_top\"><div class=\"vc_col-sm-12 wpb_column vc_column_container\"><div class=\"vc_column-inner\"><div class=\"wpb_wrapper\"><h3 class=\"w-post-elm post_title us_custom_6549b382 entry-title color_link_inherit has_text_color\">Sub Gerencia de Gesti\u00f3n de Riesgos de Desastres &#8211; Defensa civil<\/h3><\/div><\/div><\/div><\/div><\/div><\/section><section class=\"l-section wpb_row us_custom_1f64da91 height_medium\"><div class=\"l-section-h i-cf\"><div class=\"g-cols vc_row type_default valign_top\"><div class=\"vc_col-sm-8 wpb_column vc_column_container\"><div class=\"vc_column-inner\"><div class=\"wpb_wrapper\"><div class=\"wpb_text_column\" ><div class=\"wpb_wrapper\"><div class=\"WaaZC\">\n<div class=\"RJPOee EIJn2\">\n<div class=\"rPeykc\" data-hveid=\"CAMQAQ\" data-ved=\"2ahUKEwiyiaS4ptmQAxX1GbkGHavMIT0Qo_EKegQIAxAB\"><span data-huuid=\"2612238619604450303\">La Sub Gerencia de Gesti\u00f3n de Riesgos de Desastres, es el \u00f3rgano que realiza la funci\u00f3n ejecutiva del Sistema Nacional de Defensa Civil en la jurisdicci\u00f3n de la Municipalidad Distrital de Santo Domingo de los Olleros, tiene por objeto evitar o mitigar la p\u00e9rdida de vidas humanas, bienes materiales y el deterioro del medio ambiente dentro del \u00e1mbito territorial.<\/span><\/div>\n<\/div>\n<\/div>\n<div class=\"WaaZC\">\n<div class=\"RJPOee EIJn2\">\n<div class=\"rPeykc\" data-hveid=\"CAcQAQ\" data-ved=\"2ahUKEwiyiaS4ptmQAxX1GbkGHavMIT0Qo_EKegQIBxAB\"><span data-huuid=\"11993175499470872297\">As\u00ed mismo tiene por misi\u00f3n regir y conducir el Sistema Nacional de Defensa Civil, formulando y promoviendo la implementaci\u00f3n de pol\u00edticas, normas, planes y programas para la prevenci\u00f3n y atenci\u00f3n de desastres que se presenten en el Distrito.<\/span><\/div>\n<\/div>\n<\/div>\n<\/div><\/div>[vc_empty_space]<h2 class=\"w-text\"><span class=\"w-text-h\"><i class=\"far fa-users\"><\/i><span class=\"w-text-value\">La Sub Gerencia de Gesti\u00f3n de Riesgos de Desastres tiene las funciones siguientes:<\/span><\/span><\/h2><div class=\"wpb_text_column\" ><div class=\"wpb_wrapper\"><ol style=\"text-align: justify;\">\n<li><span data-huuid=\"11978259701717590746\">Desarrollar, mantener actualizados y promover el uso de los planes de Gesti\u00f3n del Riesgo de Desastres que indica el art. <\/span><span data-huuid=\"11978259701717591407\">39 del Decreto Supremo N\u00ba 048-2011-PCM, reglamento de la Ley 29664.<\/span><\/li>\n<li><span data-huuid=\"11978259701717592729\">Planificar, organizar, dirigir y controlar las actividades de Defensa Civil en el \u00e1mbito jurisdiccional del Distrito de Santo Domingo de los Olleros.<\/span><\/li>\n<li><span data-huuid=\"11978259701717594051\">Elaborar y mantener actualizado el inventario del potencial humano y recursos materiales para una movilizaci\u00f3n oportuna o atenci\u00f3n de emergencia.<\/span><\/li>\n<li><span data-huuid=\"11978259701717591277\">Fortalecer la transversalizaci\u00f3n de la Gesti\u00f3n del Riesgo de Desastres GRD, mediante la articulaci\u00f3n de todas las unidades org\u00e1nicas de la municipalidad, velando por su incorporaci\u00f3n en los procesos de Planificaci\u00f3n, ordenamiento territorial, gesti\u00f3n ambiental e inversi\u00f3n p\u00fablica.<\/span><\/li>\n<\/ol>\n<\/div><\/div><\/div><\/div><\/div><div class=\"vc_col-sm-4 wpb_column vc_column_container\"><div class=\"vc_column-inner\"><div class=\"wpb_wrapper\"><div class=\"ult-team-member-wrap ult-style-1  \"><div class=\"ult-team-member-image\" style=\"\"> <img class=\"\" src=\"http:\/\/web.muniolleroshuarochiri.gob.pe\/portal\/wp-content\/uploads\/2025\/12\/William-Alanva-Leon.png\" alt=\"null\"  style=\"\"><span class=\"ult-team-member-image-overlay \"  ><\/span><\/div><div class=\"ult-team-member-bio-wrap style-1 ultimate-heading69e1a5c60803d\" style=\"text-align:center;; \"><div class=\"ult-team-member-name-wrap\"><h2 class=\"ult-team-member-name ult-responsive\"  data-ultimate-target='.ult-team-member-bio-wrap.ultimate-heading69e1a5c60803d .ult-team-member-name'  data-responsive-json-new='{\"font-size\":\"\",\"line-height\":\"\"}'  style=\"\">William Alanya Le\u00f3n<\/h2><div class=\"ult-team-member-position ult-responsive\"  data-ultimate-target='.ult-team-member-bio-wrap.ultimate-heading69e1a5c60803d .ult-team-member-position'  data-responsive-json-new='{\"font-size\":\"\",\"line-height\":\"\"}'  style=\"\">Encargado de la Sub Gerencia de Gesti\u00f3n de Riesgos de Desastres<\/div><div class=\"ult-team-member-description ult-responsive\"  data-ultimate-target='.ult-team-member-bio-wrap.ultimate-heading69e1a5c60803d .ult-team-member-description'  data-responsive-json-new='{\"font-size\":\"\",\"line-height\":\"\"}'  style=\"\"><p><strong>Correo municipal:<\/strong> william.alanya@muniolleroshuarochiri.gob.pe<\/p><\/div><div style=\"margin-bottom:15px\"><\/div><\/div><\/div><\/div><\/div><\/div><\/div><\/div><\/div><\/section><!-- Row Backgrounds --><div class=\"upb_color\" data-bg-override=\"0\" data-bg-color=\"#f4f4f4\" data-fadeout=\"\" data-fadeout-percentage=\"30\" data-parallax-content=\"\" data-parallax-content-sense=\"30\" data-row-effect-mobile-disable=\"true\" data-img-parallax-mobile-disable=\"true\" data-rtl=\"false\"  data-custom-vc-row=\"\"  data-vc=\"6.11.0\"  data-is_old_vc=\"\"  data-theme-support=\"\"   data-overlay=\"false\" data-overlay-color=\"\" data-overlay-pattern=\"\" data-overlay-pattern-opacity=\"\" data-overlay-pattern-size=\"\"    ><\/div><section class=\"l-section wpb_row height_medium\"><div class=\"l-section-h i-cf\"><div class=\"g-cols vc_row type_default valign_top\"><div class=\"vc_col-sm-4 wpb_column vc_column_container\"><div class=\"vc_column-inner\"><div class=\"wpb_wrapper\"><div class=\"ult-team-member-wrap ult-style-1  \"><div class=\"ult-team-member-image\" style=\"\"> <img class=\"\" src=\"http:\/\/web.muniolleroshuarochiri.gob.pe\/portal\/wp-content\/uploads\/2025\/12\/Jose-Luis-Salas-Vilca.png\" alt=\"null\"  style=\"\"><span class=\"ult-team-member-image-overlay \"  ><\/span><\/div><div class=\"ult-team-member-bio-wrap style-1 ultimate-heading69e1a5c6084f6\" style=\"text-align:center;; \"><div class=\"ult-team-member-name-wrap\"><h2 class=\"ult-team-member-name ult-responsive\"  data-ultimate-target='.ult-team-member-bio-wrap.ultimate-heading69e1a5c6084f6 .ult-team-member-name'  data-responsive-json-new='{\"font-size\":\"\",\"line-height\":\"\"}'  style=\"\">Jose Luis Salas Vilca<\/h2><div class=\"ult-team-member-position ult-responsive\"  data-ultimate-target='.ult-team-member-bio-wrap.ultimate-heading69e1a5c6084f6 .ult-team-member-position'  data-responsive-json-new='{\"font-size\":\"\",\"line-height\":\"\"}'  style=\"\">Personal Administrativo de Sub Gerencia de Gesti\u00f3n de Riesgos de Desastres - Defensa civil<\/div><div class=\"ult-team-member-description ult-responsive\"  data-ultimate-target='.ult-team-member-bio-wrap.ultimate-heading69e1a5c6084f6 .ult-team-member-description'  data-responsive-json-new='{\"font-size\":\"\",\"line-height\":\"\"}'  style=\"\"><p><strong>Correo municipal:<\/strong> jose.salas@muniolleroshuarochiri.gob.pe<\/p><\/div><div style=\"margin-bottom:15px\"><\/div><\/div><\/div><\/div><\/div><\/div><\/div><div class=\"vc_col-sm-8 wpb_column vc_column_container\"><div class=\"vc_column-inner\"><div class=\"wpb_wrapper\"><div class=\"wpb_text_column\" ><div class=\"wpb_wrapper\"><ol style=\"text-align: justify;\" start=\"5\">\n<li><span data-huuid=\"11978259701717592599\">Brindar informaci\u00f3n permanente al Grupo de Trabajo para la Gesti\u00f3n del Riesgo de Desastres, asesorando permanentemente en el marco de su competencia.<\/span><span data-huuid=\"11978259701717593921\">Ejercer la Secretar\u00eda T\u00e9cnica del Grupo de Trabajo para la Gesti\u00f3n del Riesgo de Desastres.<\/span><\/li>\n<li>Ejercer la Secretar\u00eda T\u00e9cnica del Grupo de Trabajo para la Gesti\u00f3n del Riesgo de Desastres.<\/li>\n<li><span data-huuid=\"11978259701717591147\">Realizar las Inspecciones T\u00e9cnicas de Seguridad en Edificaciones \u2013 ITSE, Evaluaci\u00f3n de Condiciones de Seguridad en Espect\u00e1culos P\u00fablicos\u00a0 ECSE y las Visitas de Inspecci\u00f3n de Seguridad en Edificaciones \u2013 VISE.<\/span><\/li>\n<li><span data-huuid=\"11978259701717592469\">Identificar los peligros, analizar las vulnerabilidades y valorar el riesgo, mediante la ejecuci\u00f3n de las Evaluaciones de Riesgo \u2013 EVAR.<\/span><\/li>\n<li><span data-huuid=\"11978259701717593791\">Evaluar y emitir opini\u00f3n que sustente la revocatoria de Certificados de Inspecci\u00f3n T\u00e9cnica de Seguridad en Edificaciones que no cumplan con las condiciones de seguridad con las cuales fueron expedidas.<\/span><\/li>\n<\/ol>\n<\/div><\/div><\/div><\/div><\/div><\/div><\/div><\/section><section class=\"l-section wpb_row height_medium\"><div class=\"l-section-h i-cf\"><div class=\"g-cols vc_row type_default valign_top\"><div class=\"vc_col-sm-8 wpb_column vc_column_container\"><div class=\"vc_column-inner\"><div class=\"wpb_wrapper\"><div class=\"wpb_text_column\" ><div class=\"wpb_wrapper\"><ol style=\"text-align: justify;\" start=\"10\">\n<li>Otorgar Certificado de Inspecci\u00f3n T\u00e9cnica de Seguridad en Edificaciones, conforme a la normativa vigente.<\/li>\n<li>Articular acciones del componente Reactivo de la Gesti\u00f3n del Riesgo de Desastres, con las organizaciones sociales, instituciones de primera respuesta, organismos internacionales y organizaciones no gubernamentales, a trav\u00e9s de la Plataforma Distrital de Defensa Civil.<\/li>\n<li>Promover las campa\u00f1as de difusi\u00f3n en materia de gesti\u00f3n del riesgo de desastres.<\/li>\n<li>Proponer proyectos de ordenanzas, decretos, resoluciones, directivas u otros dispositivos normativos en materia de Gesti\u00f3n del Riesgo de Desastres.<\/li>\n<li>Velar el cumplimiento y\/o proponer las modificatorias de los procedimientos administrativos del Texto \u00danico de Procedimientos Administrativos \u2013 TUPA, que corresponda conforme a su competencia.<\/li>\n<\/ol>\n<\/div><\/div><\/div><\/div><\/div><div class=\"vc_col-sm-4 wpb_column vc_column_container\"><div class=\"vc_column-inner\"><div class=\"wpb_wrapper\"><div class=\"ult-team-member-wrap ult-style-1  \"><div class=\"ult-team-member-image\" style=\"\"> <img class=\"\" src=\"http:\/\/web.muniolleroshuarochiri.gob.pe\/portal\/wp-content\/uploads\/2025\/12\/Cristian-Deyvi-Rojas-Ramirez.png\" alt=\"null\"  style=\"\"><span class=\"ult-team-member-image-overlay \"  ><\/span><\/div><div class=\"ult-team-member-bio-wrap style-1 ultimate-heading69e1a5c608d15\" style=\"text-align:center;; \"><div class=\"ult-team-member-name-wrap\"><h2 class=\"ult-team-member-name ult-responsive\"  data-ultimate-target='.ult-team-member-bio-wrap.ultimate-heading69e1a5c608d15 .ult-team-member-name'  data-responsive-json-new='{\"font-size\":\"\",\"line-height\":\"\"}'  style=\"\">Cristian Deyvi Rojas Ramirez<\/h2><div class=\"ult-team-member-position ult-responsive\"  data-ultimate-target='.ult-team-member-bio-wrap.ultimate-heading69e1a5c608d15 .ult-team-member-position'  data-responsive-json-new='{\"font-size\":\"\",\"line-height\":\"\"}'  style=\"\">Personal Administrativo de Sub Gerencia de Gesti\u00f3n de Riesgos de Desastres - Defensa civil<\/div><div class=\"ult-team-member-description ult-responsive\"  data-ultimate-target='.ult-team-member-bio-wrap.ultimate-heading69e1a5c608d15 .ult-team-member-description'  data-responsive-json-new='{\"font-size\":\"\",\"line-height\":\"\"}'  style=\"\"><p><strong>Correo municipal:<\/strong> cristian.rojas@muniolleroshuarochiri.gob.pe<\/p><\/div><div style=\"margin-bottom:15px\"><\/div><\/div><\/div><\/div><\/div><\/div><\/div><\/div><\/div><\/section><section class=\"l-section wpb_row height_medium\"><div class=\"l-section-h i-cf\"><div class=\"g-cols vc_row type_default valign_top\"><div class=\"vc_col-sm-6 wpb_column vc_column_container\"><div class=\"vc_column-inner\"><div class=\"wpb_wrapper\"><div class=\"wpb_text_column\" ><div class=\"wpb_wrapper\"><ol style=\"text-align: justify;\" start=\"15\">\n<li>Formular el Plan Operativo Institucional (POI) de la Subgerencia de Gesti\u00f3n de Riesgo de Desastres e informar trimestralmente, a la gerencia de Presupuesto, Planificaci\u00f3n y Racionalizaci\u00f3n, sobre los avances en la ejecuci\u00f3n de las Actividades y\/o Tareas programadas.<\/li>\n<li class=\"rPeykc\" data-hveid=\"CBwQAQ\" data-ved=\"2ahUKEwiyiaS4ptmQAxX1GbkGHavMIT0Qo_EKegQIHBAB\"><span data-huuid=\"11978259701717590757\">Atender las emergencias, proporcionando apoyo inmediato a la poblaci\u00f3n afectada, prioritariamente con la atenci\u00f3n de los servicios b\u00e1sicos esenciales.<\/span><\/li>\n<li class=\"rPeykc\" data-hveid=\"CBwQAQ\" data-ved=\"2ahUKEwiyiaS4ptmQAxX1GbkGHavMIT0Qo_EKegQIHBAB\"><span data-huuid=\"11978259701717592079\">\u00a0Promover acciones de prevenci\u00f3n, ejecutando y evaluando simulacros en las instituciones educativas y en instituciones p\u00fablicas y privadas.<\/span><\/li>\n<li class=\"rPeykc\" data-hveid=\"CBwQAQ\" data-ved=\"2ahUKEwiyiaS4ptmQAxX1GbkGHavMIT0Qo_EKegQIHBAB\"><span data-huuid=\"11978259701717593401\">Proponer la declaratoria del estado de emergencia por desastres, si la magnitud de los da\u00f1os lo amerita.<\/span><\/li>\n<\/ol>\n<\/div><\/div><\/div><\/div><\/div><div class=\"vc_col-sm-6 wpb_column vc_column_container\"><div class=\"vc_column-inner\"><div class=\"wpb_wrapper\"><div class=\"wpb_text_column\" ><div class=\"wpb_wrapper\"><ol style=\"text-align: justify;\" start=\"19\">\n<li class=\"rPeykc\" data-hveid=\"CBwQAQ\" data-ved=\"2ahUKEwiyiaS4ptmQAxX1GbkGHavMIT0Qo_EKegQIHBAB\"><span data-huuid=\"11978259701717590627\">Realizar visitas de inspecci\u00f3n inopinadas, a fin de determinar el tipo de inspecci\u00f3n que corresponda y la evaluaci\u00f3n preliminar del riesgo de las edificaciones o establecimientos.<\/span><\/li>\n<li class=\"rPeykc\" data-hveid=\"CBwQAQ\" data-ved=\"2ahUKEwiyiaS4ptmQAxX1GbkGHavMIT0Qo_EKegQIHBAB\">Asesorar al Alcalde Distrital y a los miembros del Comit\u00e9 de Defensa Civil Distrital en el planeamiento, programaci\u00f3n y ejecuci\u00f3n de las actividades en Riesgos de Desastres de acuerdo a normas y directivas emitidas por el Instituto Nacional de Defensa Civil \u2013 INDECI.<\/li>\n<li class=\"rPeykc\" data-hveid=\"CBwQAQ\" data-ved=\"2ahUKEwiyiaS4ptmQAxX1GbkGHavMIT0Qo_EKegQIHBAB\">Normar, coordinar, orientar y supervisar el planeamiento y la ejecuci\u00f3n de la Defensa Civil en el \u00e1mbito territorial del Distrito de Santo Domingo de los Olleros.<\/li>\n<li class=\"rPeykc\" data-hveid=\"CBwQAQ\" data-ved=\"2ahUKEwiyiaS4ptmQAxX1GbkGHavMIT0Qo_EKegQIHBAB\">Cumplir con las dem\u00e1s funciones que le asigne la Gerencia.<\/li>\n<\/ol>\n<\/div><\/div><\/div><\/div><\/div><\/div><\/div><\/section>\n<\/section>","protected":false},"excerpt":{"rendered":"[vc_empty_space height=\"150px\"]Sub Gerencia de Gesti\u00f3n de Riesgos de Desastres &#8211; Defensa civil La Sub Gerencia de Gesti\u00f3n de Riesgos de Desastres, es el \u00f3rgano que realiza la funci\u00f3n ejecutiva del Sistema Nacional de Defensa Civil en la jurisdicci\u00f3n de la Municipalidad Distrital de Santo Domingo de los Olleros, tiene por objeto evitar o mitigar la...","protected":false},"author":9,"featured_media":0,"parent":0,"menu_order":0,"comment_status":"closed","ping_status":"closed","template":"","meta":[],"acf":[],"_links":{"self":[{"href":"http:\/\/web.muniolleroshuarochiri.gob.pe\/portal\/wp-json\/wp\/v2\/pages\/10015"}],"collection":[{"href":"http:\/\/web.muniolleroshuarochiri.gob.pe\/portal\/wp-json\/wp\/v2\/pages"}],"about":[{"href":"http:\/\/web.muniolleroshuarochiri.gob.pe\/portal\/wp-json\/wp\/v2\/types\/page"}],"author":[{"embeddable":true,"href":"http:\/\/web.muniolleroshuarochiri.gob.pe\/portal\/wp-json\/wp\/v2\/users\/9"}],"replies":[{"embeddable":true,"href":"http:\/\/web.muniolleroshuarochiri.gob.pe\/portal\/wp-json\/wp\/v2\/comments?post=10015"}],"version-history":[{"count":23,"href":"http:\/\/web.muniolleroshuarochiri.gob.pe\/portal\/wp-json\/wp\/v2\/pages\/10015\/revisions"}],"predecessor-version":[{"id":11096,"href":"http:\/\/web.muniolleroshuarochiri.gob.pe\/portal\/wp-json\/wp\/v2\/pages\/10015\/revisions\/11096"}],"wp:attachment":[{"href":"http:\/\/web.muniolleroshuarochiri.gob.pe\/portal\/wp-json\/wp\/v2\/media?parent=10015"}],"curies":[{"name":"wp","href":"https:\/\/api.w.org\/{rel}","templated":true}]}}