{"id":10099,"date":"2025-11-04T21:21:00","date_gmt":"2025-11-04T21:21:00","guid":{"rendered":"https:\/\/web.muniolleroshuarochiri.gob.pe\/portal\/?page_id=10099"},"modified":"2025-12-02T17:59:50","modified_gmt":"2025-12-02T17:59:50","slug":"sub-gerencia-de-educacion-cultura-deporte-y-participacion-vecinal","status":"publish","type":"page","link":"http:\/\/web.muniolleroshuarochiri.gob.pe\/portal\/sub-gerencia-de-educacion-cultura-deporte-y-participacion-vecinal\/","title":{"rendered":"Sub Gerencia de Educaci\u00f3n, Cultura, Deporte y Participaci\u00f3n Vecinal"},"content":{"rendered":"<section class=\"wpb-content-wrapper\"><section class=\"l-section wpb_row height_medium\"><div class=\"l-section-h i-cf\"><div class=\"g-cols vc_row type_default valign_top\"><div class=\"vc_col-sm-12 wpb_column vc_column_container\"><div class=\"vc_column-inner\"><div class=\"wpb_wrapper\">[vc_empty_space height=\u00bb150px\u00bb]<\/div><\/div><\/div><\/div><\/div><\/section><section class=\"l-section wpb_row height_medium\"><div class=\"l-section-h i-cf\"><div class=\"g-cols vc_row type_default valign_top\"><div class=\"vc_col-sm-12 wpb_column vc_column_container\"><div class=\"vc_column-inner\"><div class=\"wpb_wrapper\"><h3 class=\"w-post-elm post_title us_custom_6549b382 entry-title color_link_inherit has_text_color\">Sub Gerencia de Educaci\u00f3n, Cultura, Deporte y Participaci\u00f3n Vecinal<\/h3><\/div><\/div><\/div><\/div><\/div><\/section><section class=\"l-section wpb_row us_custom_1f64da91 height_medium\"><div class=\"l-section-h i-cf\"><div class=\"g-cols vc_row type_default valign_top\"><div class=\"vc_col-sm-8 wpb_column vc_column_container\"><div class=\"vc_column-inner\"><div class=\"wpb_wrapper\"><div class=\"wpb_text_column\" ><div class=\"wpb_wrapper\"><ul>\n<li><span data-huuid=\"9809794644437415763\">Sub Gerencia de Educaci\u00f3n, Cultura, Deporte y Participaci\u00f3n Vecinal es la encargada de organizar, programar y dirigir las actividades relacionadas con el mejoramiento de los niveles de educaci\u00f3n, cultura, recreaci\u00f3n, deporte y participaci\u00f3n de la poblaci\u00f3n de que se consoliden organizaciones representativas del distrito, as\u00ed mismo debe promover, facilitar, articular ampliar y fortalecer espacios de participaci\u00f3n para la ciudadan\u00eda en general y de gestionar y desarrollar acciones en beneficio de la comunidad, dentro del marco de los dispositivos legales aplicables.<\/span><\/li>\n<\/ul>\n<\/div><\/div>[vc_empty_space]<h2 class=\"w-text\"><span class=\"w-text-h\"><i class=\"far fa-users\"><\/i><span class=\"w-text-value\">Son funciones de la Sub Gerencia de Educaci\u00f3n, Cultura, Deporte y Participaci\u00f3n Vecinal:<\/span><\/span><\/h2><div class=\"wpb_text_column\" ><div class=\"wpb_wrapper\"><div class=\"WaaZC\"><\/div>\n<div class=\"WaaZC\">\n<div class=\"RJPOee EIJn2\">\n<ol style=\"text-align: justify;\">\n<li class=\"rPeykc\" data-hveid=\"CBIQAQ\" data-ved=\"2ahUKEwjp6qb8tdmQAxXmDLkGHQ-8AMUQo_EKegQIEhAB\"><span data-huuid=\"9809794644437415090\">Elaborar y ejecutar el Plan Operativo Institucional correspondiente a la Unidad Org\u00e1nica, disponiendo eficiente y eficazmente de los recursos econ\u00f3micos, materiales y equipos asignados.<\/span><\/li>\n<li class=\"rPeykc\" data-hveid=\"CBIQAQ\" data-ved=\"2ahUKEwjp6qb8tdmQAxXmDLkGHQ-8AMUQo_EKegQIEhAB\"><span data-huuid=\"9809794644437415340\">Programar, organizar, coordinar, ejecutar, controlar y evaluar los proyectos, programas y actividades que promuevan el desarrollo humano, en los \u00e1mbitos de educaci\u00f3n, deportes y recreaci\u00f3n.<\/span><\/li>\n<li class=\"rPeykc\" data-hveid=\"CBIQAQ\" data-ved=\"2ahUKEwjp6qb8tdmQAxXmDLkGHQ-8AMUQo_EKegQIEhAB\"><span data-huuid=\"9809794644437415590\">Monitorear y articular la gesti\u00f3n pedag\u00f3gica, administrativa e institucional de las entidades educativas del distrito, fortaleciendo su autonom\u00eda, incrementando criterios de creatividad e innovaci\u00f3n y modernizando los sistemas descentralizados de gesti\u00f3n educativa.<\/span><\/li>\n<li class=\"rPeykc\" data-hveid=\"CBIQAQ\" data-ved=\"2ahUKEwjp6qb8tdmQAxXmDLkGHQ-8AMUQo_EKegQIEhAB\"><span data-huuid=\"9809794644437415840\">Planificar, implementar y ejecutar los programas de alfabetizaci\u00f3n en la jurisdicci\u00f3n distrital, en coordinaci\u00f3n con las juntas vecinales, centros poblados y organizaciones sociales de base<\/span><span data-huuid=\"9809794644437416090\">.<\/span><\/li>\n<\/ol>\n<\/div>\n<\/div>\n<\/div><\/div><\/div><\/div><\/div><div class=\"vc_col-sm-4 wpb_column vc_column_container\"><div class=\"vc_column-inner\"><div class=\"wpb_wrapper\"><div class=\"ult-team-member-wrap ult-style-1  \"><div class=\"ult-team-member-image\" style=\"\"> <img class=\"\" src=\"http:\/\/web.muniolleroshuarochiri.gob.pe\/portal\/wp-content\/uploads\/2025\/12\/Cule.png\" alt=\"null\"  style=\"\"><span class=\"ult-team-member-image-overlay \"  ><\/span><\/div><div class=\"ult-team-member-bio-wrap style-1 ultimate-heading69e895022cdd7\" style=\"text-align:center;; \"><div class=\"ult-team-member-name-wrap\"><h2 class=\"ult-team-member-name ult-responsive\"  data-ultimate-target='.ult-team-member-bio-wrap.ultimate-heading69e895022cdd7 .ult-team-member-name'  data-responsive-json-new='{\"font-size\":\"\",\"line-height\":\"\"}'  style=\"\">Jharhol Estefany Cule Ledesma<\/h2><div class=\"ult-team-member-position ult-responsive\"  data-ultimate-target='.ult-team-member-bio-wrap.ultimate-heading69e895022cdd7 .ult-team-member-position'  data-responsive-json-new='{\"font-size\":\"\",\"line-height\":\"\"}'  style=\"\">Sub Gerencia de Educaci\u00f3n, Cultura, Deporte y Participaci\u00f3n Vecinal<\/div><div class=\"ult-team-member-description ult-responsive\"  data-ultimate-target='.ult-team-member-bio-wrap.ultimate-heading69e895022cdd7 .ult-team-member-description'  data-responsive-json-new='{\"font-size\":\"\",\"line-height\":\"\"}'  style=\"\"><p><strong>Correo municipal: <\/strong>estefany.cule@muniolleroshuarochiri.gob.pe<\/p><\/div><div style=\"margin-bottom:15px\"><\/div><\/div><\/div><\/div><\/div><\/div><\/div><\/div><\/div><\/section><!-- Row Backgrounds --><div class=\"upb_color\" data-bg-override=\"0\" data-bg-color=\"#f4f4f4\" data-fadeout=\"\" data-fadeout-percentage=\"30\" data-parallax-content=\"\" data-parallax-content-sense=\"30\" data-row-effect-mobile-disable=\"true\" data-img-parallax-mobile-disable=\"true\" data-rtl=\"false\"  data-custom-vc-row=\"\"  data-vc=\"6.11.0\"  data-is_old_vc=\"\"  data-theme-support=\"\"   data-overlay=\"false\" data-overlay-color=\"\" data-overlay-pattern=\"\" data-overlay-pattern-opacity=\"\" data-overlay-pattern-size=\"\"    ><\/div><section class=\"l-section wpb_row height_medium\"><div class=\"l-section-h i-cf\"><div class=\"g-cols vc_row type_default valign_top\"><div class=\"vc_col-sm-6 wpb_column vc_column_container\"><div class=\"vc_column-inner\"><div class=\"wpb_wrapper\"><div class=\"wpb_text_column\" ><div class=\"wpb_wrapper\"><ol style=\"text-align: justify;\" start=\"5\">\n<li data-hveid=\"CBIQAQ\" data-ved=\"2ahUKEwjp6qb8tdmQAxXmDLkGHQ-8AMUQo_EKegQIEhAB\"><span data-huuid=\"9809794644437416090\">Proponer, impulsar e implementar mejoras e innovaciones en los diversos procesos y procedimientos en coordinaci\u00f3n con la Gerencia de Desarrollo Humano y Promoci\u00f3n Social<\/span><\/li>\n<li class=\"rPeykc\" data-hveid=\"CBIQAQ\" data-ved=\"2ahUKEwjp6qb8tdmQAxXmDLkGHQ-8AMUQo_EKegQIEhAB\"><span data-huuid=\"9809794644437416340\">Proponer la creaci\u00f3n de bibliotecas municipales para fomentar la lectura.<\/span><\/li>\n<li class=\"rPeykc\" data-hveid=\"CBIQAQ\" data-ved=\"2ahUKEwjp6qb8tdmQAxXmDLkGHQ-8AMUQo_EKegQIEhAB\"><span data-huuid=\"9809794644437416590\">Apoyar al Consejo de Coordinaci\u00f3n Local del Distrito.<\/span><\/li>\n<li class=\"rPeykc\" data-hveid=\"CBIQAQ\" data-ved=\"2ahUKEwjp6qb8tdmQAxXmDLkGHQ-8AMUQo_EKegQIEhAB\"><span data-huuid=\"9809794644437416840\">Proponer y promover normas y pol\u00edticas para la conservaci\u00f3n, preservaci\u00f3n, restauraci\u00f3n y remodelaci\u00f3n del patrimonio cultural, hist\u00f3rico y art\u00edstico.<\/span><\/li>\n<li class=\"rPeykc\" data-hveid=\"CBIQAQ\" data-ved=\"2ahUKEwjp6qb8tdmQAxXmDLkGHQ-8AMUQo_EKegQIEhAB\"><span data-huuid=\"9809794644437417090\">Promover la participaci\u00f3n de la juventud en los espacios de participaci\u00f3n local.<\/span><\/li>\n<li class=\"rPeykc\" data-hveid=\"CBIQAQ\" data-ved=\"2ahUKEwjp6qb8tdmQAxXmDLkGHQ-8AMUQo_EKegQIEhAB\"><span data-huuid=\"9809794644437417340\">Promover la representaci\u00f3n de los j\u00f3venes ante el Consejo de la Juventud, espacio representativo de grupos, asociaciones y organismos de adolescentes y j\u00f3venes, mediante proceso de elecci\u00f3n democr\u00e1tica de su Consejo Directivo y de sus representantes ante el Consejo Nacional de la Juventud.<\/span><\/li>\n<li class=\"rPeykc\" data-hveid=\"CBIQAQ\" data-ved=\"2ahUKEwjp6qb8tdmQAxXmDLkGHQ-8AMUQo_EKegQIEhAB\">Promover y gestionar el fortalecimiento de capacidades en todas las \u00e1reas del desarrollo humano dirigidas a los segmentos juveniles del Distrito.<\/li>\n<li class=\"rPeykc\" data-hveid=\"CBIQAQ\" data-ved=\"2ahUKEwjp6qb8tdmQAxXmDLkGHQ-8AMUQo_EKegQIEhAB\">Programar y ejecutar actividades deportivas y recreativas con diversas instituciones p\u00fablicas y privadas, ligadas al deporte y en coordinaci\u00f3n permanente con las organizaciones vecinales.<\/li>\n<li class=\"rPeykc\" data-hveid=\"CBIQAQ\" data-ved=\"2ahUKEwjp6qb8tdmQAxXmDLkGHQ-8AMUQo_EKegQIEhAB\">Promover, coordinar y ejecutar acciones necesarias en el deporte y la recreaci\u00f3n de la ni\u00f1ez y del vecindario en general.<\/li>\n<\/ol>\n<\/div><\/div><\/div><\/div><\/div><div class=\"vc_col-sm-6 wpb_column vc_column_container\"><div class=\"vc_column-inner\"><div class=\"wpb_wrapper\"><div class=\"wpb_text_column\" ><div class=\"wpb_wrapper\"><ol style=\"text-align: justify;\" start=\"9\">\n<li>Proponer y desarrollar convenios interinstitucionales con diversas entidades p\u00fablicas y privadas que realizan funciones similares y\/o afines, con el prop\u00f3sito de promover la educaci\u00f3n y la cultura en el distrito.<\/li>\n<li><span data-huuid=\"12737973378173499505\">Promover y desarrollar programas de servicios educacionales que incluya talleres t\u00e9cnicos ocupacional vacacional y reforzamiento escolar, pre superior y de capacitaci\u00f3n a lideres comunales.<\/span><\/li>\n<li><span data-huuid=\"12737973378173499239\">Organizar a la sociedad civil del distrito y mantener actualizado el registro de las organizaciones vecinales reconocidas por la Municipalidad, as\u00ed como el de sus representantes, otorg\u00e1ndoles sus credenciales de identificaci\u00f3n.<\/span><\/li>\n<li><span data-huuid=\"12737973378173498973\">Promover, orientar y supervisar el proceso de renovaci\u00f3n peri\u00f3dica de cuadros directivos en las organizaciones vecinales.<\/span><\/li>\n<li><span data-huuid=\"12737973378173498707\">Desarrollar actividades sociales con los vecinos, involucrando a los diferentes actores sociales, a fin de fortalecer a la organizaci\u00f3n comunal.<\/span><\/li>\n<li><span data-huuid=\"12737973378173498441\">Formular e implementar programas y proyectos orientados a desarrollar las capacidades de los representantes de las organizaciones sociales, a fin de fortalecer su participaci\u00f3n en la gesti\u00f3n local.<\/span><\/li>\n<li><span data-huuid=\"12737973378173498175\">Acreditar a los representantes de las organizaciones vecinales ante los \u00f3rganos de coordinaci\u00f3n.<\/span><\/li>\n<li><span data-huuid=\"12737973378173497909\">Coordinar con las organizaciones sociales de base los trabajos de identificar sus necesidades y presentar alternativas de soluci\u00f3n, para tramitarlos a las dependencias correspondientes.<\/span><\/li>\n<\/ol>\n<\/div><\/div><\/div><\/div><\/div><\/div><\/div><\/section><section class=\"l-section wpb_row height_medium\"><div class=\"l-section-h i-cf\"><div class=\"g-cols vc_row type_default valign_top\"><div class=\"vc_col-sm-12 wpb_column vc_column_container\"><div class=\"vc_column-inner\"><div class=\"wpb_wrapper\"><div class=\"wpb_text_column\" ><div class=\"wpb_wrapper\"><ol style=\"text-align: justify;\" start=\"17\">\n<li>\n<div data-hveid=\"CBIQAQ\" data-ved=\"2ahUKEwjp6qb8tdmQAxXmDLkGHQ-8AMUQo_EKegQIEhAB\"><span data-huuid=\"12737973378173497643\">Elaborar los proyectos de resoluci\u00f3n<\/span><\/div>\n<\/li>\n<li>\n<div data-hveid=\"CBIQAQ\" data-ved=\"2ahUKEwjp6qb8tdmQAxXmDLkGHQ-8AMUQo_EKegQIEhAB\"><span data-huuid=\"12737973378173497377\">Proponer pol\u00edticas y reglamentos para la participaci\u00f3n ciudadana, orientada al desarrollo local sostenible del distrito.<\/span><\/div>\n<\/li>\n<li>\n<div data-hveid=\"CBIQAQ\" data-ved=\"2ahUKEwjp6qb8tdmQAxXmDLkGHQ-8AMUQo_EKegQIEhAB\"><span data-huuid=\"12737973378173501207\">Coordinar y facilitar el proceso de constituci\u00f3n de las juntas vecinales, mediante la convocatoria p\u00fablica a elecciones y canalizar el proceso de reconocimiento de las organizaciones sociales, conforme a la normatividad vigente.<\/span><\/div>\n<\/li>\n<li>\n<div data-hveid=\"CBIQAQ\" data-ved=\"2ahUKEwjp6qb8tdmQAxXmDLkGHQ-8AMUQo_EKegQIEhAB\"><span data-huuid=\"12737973378173500941\">Fomentar la participaci\u00f3n de la sociedad civil organizada en los procesos participativos de la Municipalidad.<\/span><\/div>\n<\/li>\n<li>\n<div data-hveid=\"CBIQAQ\" data-ved=\"2ahUKEwjp6qb8tdmQAxXmDLkGHQ-8AMUQo_EKegQIEhAB\"><span data-huuid=\"12737973378173500675\">Controlar el cumplimiento de los convenios y contratos celebrados por la Municipalidad en materia de participaci\u00f3n vecinal de su competencia.<\/span><\/div>\n<\/li>\n<li>\n<div data-hveid=\"CBIQAQ\" data-ved=\"2ahUKEwjp6qb8tdmQAxXmDLkGHQ-8AMUQo_EKegQIEhAB\"><span data-huuid=\"12737973378173500409\">Planificar y organizar las actividades c\u00edvico-patri\u00f3ticas correspondientes en coordinaci\u00f3n con las Instituciones Educativas, PNP y Autoridades Locales.<\/span><\/div>\n<\/li>\n<li>\n<div data-hveid=\"CBIQAQ\" data-ved=\"2ahUKEwjp6qb8tdmQAxXmDLkGHQ-8AMUQo_EKegQIEhAB\"><span data-huuid=\"12737973378173500143\">Llevar, controlar y actualizar el Registro \u00danico de Organizaciones Sociales (RUOS) de toda la jurisdicci\u00f3n del Distrito activamente en el desarrollo del proceso del PDC y los Presupuestos Anuales Participativos en coordinaci\u00f3n con la Oficina General de Planeamiento y Presupuesto.<\/span><\/div>\n<div data-hveid=\"CBIQAQ\" data-ved=\"2ahUKEwjp6qb8tdmQAxXmDLkGHQ-8AMUQo_EKegQIEhAB\"><\/div>\n<\/li>\n<li>\n<div data-hveid=\"CBIQAQ\" data-ved=\"2ahUKEwjp6qb8tdmQAxXmDLkGHQ-8AMUQo_EKegQIEhAB\"><span data-huuid=\"8228436708354637264\">Recepcionar y canalizar las inquietudes y propuestas vecinales, ante las \u00e1reas correspondientes.<\/span><\/div>\n<\/li>\n<li>\n<div data-hveid=\"CBIQAQ\" data-ved=\"2ahUKEwjp6qb8tdmQAxXmDLkGHQ-8AMUQo_EKegQIEhAB\"><span data-huuid=\"8228436708354637014\">Proponer los instrumentos normativos internos y externos, que consoliden la participaci\u00f3n vecinal.<\/span><\/div>\n<\/li>\n<\/ol>\n<\/div><\/div><\/div><\/div><\/div><\/div><\/div><\/section>\n<\/section>","protected":false},"excerpt":{"rendered":"[vc_empty_space height=\"150px\"]Sub Gerencia de Educaci\u00f3n, Cultura, Deporte y Participaci\u00f3n Vecinal Sub Gerencia de Educaci\u00f3n, Cultura, Deporte y Participaci\u00f3n Vecinal es la encargada de organizar, programar y dirigir las actividades relacionadas con el mejoramiento de los niveles de educaci\u00f3n, cultura, recreaci\u00f3n, deporte y participaci\u00f3n de la poblaci\u00f3n de que se consoliden organizaciones representativas del distrito, as\u00ed...","protected":false},"author":9,"featured_media":0,"parent":0,"menu_order":0,"comment_status":"closed","ping_status":"closed","template":"","meta":[],"acf":[],"_links":{"self":[{"href":"http:\/\/web.muniolleroshuarochiri.gob.pe\/portal\/wp-json\/wp\/v2\/pages\/10099"}],"collection":[{"href":"http:\/\/web.muniolleroshuarochiri.gob.pe\/portal\/wp-json\/wp\/v2\/pages"}],"about":[{"href":"http:\/\/web.muniolleroshuarochiri.gob.pe\/portal\/wp-json\/wp\/v2\/types\/page"}],"author":[{"embeddable":true,"href":"http:\/\/web.muniolleroshuarochiri.gob.pe\/portal\/wp-json\/wp\/v2\/users\/9"}],"replies":[{"embeddable":true,"href":"http:\/\/web.muniolleroshuarochiri.gob.pe\/portal\/wp-json\/wp\/v2\/comments?post=10099"}],"version-history":[{"count":10,"href":"http:\/\/web.muniolleroshuarochiri.gob.pe\/portal\/wp-json\/wp\/v2\/pages\/10099\/revisions"}],"predecessor-version":[{"id":11058,"href":"http:\/\/web.muniolleroshuarochiri.gob.pe\/portal\/wp-json\/wp\/v2\/pages\/10099\/revisions\/11058"}],"wp:attachment":[{"href":"http:\/\/web.muniolleroshuarochiri.gob.pe\/portal\/wp-json\/wp\/v2\/media?parent=10099"}],"curies":[{"name":"wp","href":"https:\/\/api.w.org\/{rel}","templated":true}]}}