{"id":10116,"date":"2025-11-04T21:37:57","date_gmt":"2025-11-04T21:37:57","guid":{"rendered":"https:\/\/web.muniolleroshuarochiri.gob.pe\/portal\/?page_id=10116"},"modified":"2025-12-02T19:23:22","modified_gmt":"2025-12-02T19:23:22","slug":"sub-gerencia-de-desarrollo-comunal-pymes-y-turismo","status":"publish","type":"page","link":"http:\/\/web.muniolleroshuarochiri.gob.pe\/portal\/sub-gerencia-de-desarrollo-comunal-pymes-y-turismo\/","title":{"rendered":"Sub Gerencia de Desarrollo Comunal, PYMES y Turismo"},"content":{"rendered":"<section class=\"wpb-content-wrapper\"><section class=\"l-section wpb_row height_medium\"><div class=\"l-section-h i-cf\"><div class=\"g-cols vc_row type_default valign_top\"><div class=\"vc_col-sm-12 wpb_column vc_column_container\"><div class=\"vc_column-inner\"><div class=\"wpb_wrapper\">[vc_empty_space height=\u00bb150px\u00bb]<\/div><\/div><\/div><\/div><\/div><\/section><section class=\"l-section wpb_row height_medium\"><div class=\"l-section-h i-cf\"><div class=\"g-cols vc_row type_default valign_top\"><div class=\"vc_col-sm-12 wpb_column vc_column_container\"><div class=\"vc_column-inner\"><div class=\"wpb_wrapper\"><h3 class=\"w-post-elm post_title us_custom_6549b382 entry-title color_link_inherit has_text_color\">Sub Gerencia de Desarrollo Comunal, PYMES y Turismo<\/h3><\/div><\/div><\/div><\/div><\/div><\/section><section class=\"l-section wpb_row us_custom_1f64da91 height_medium\"><div class=\"l-section-h i-cf\"><div class=\"g-cols vc_row type_default valign_top\"><div class=\"vc_col-sm-8 wpb_column vc_column_container\"><div class=\"vc_column-inner\"><div class=\"wpb_wrapper\"><div class=\"wpb_text_column\" ><div class=\"wpb_wrapper\"><p><span data-huuid=\"5456507388193018286\">La Sub Gerencia de Desarrollo Comunal, PYMES y Turismo es la Unidad Org\u00e1nica, responsable del desarrollo de la actividad empresarial, as\u00ed mismo de programar, dirigir y ejecutar las actividades relacionadas con la promoci\u00f3n de la actividad econ\u00f3mica, en concordancia con la pol\u00edtica general de gobierno, los planes sectoriales y las directivas relacionadas con la actividad tur\u00edstica, que son de cumplimiento obligatorio por particulares, empresas e instituciones en el \u00e1mbito de la jurisdicci\u00f3n del distrito.<\/span><\/p>\n<\/div><\/div>[vc_empty_space]<h2 class=\"w-text\"><span class=\"w-text-h\"><i class=\"far fa-users\"><\/i><span class=\"w-text-value\">Las funciones de la Sub Gerencia son las siguientes:<\/span><\/span><\/h2><div class=\"wpb_text_column\" ><div class=\"wpb_wrapper\"><div class=\"WaaZC\"><\/div>\n<div class=\"WaaZC\">\n<div class=\"RJPOee EIJn2\">\n<ol style=\"text-align: justify;\">\n<li class=\"rPeykc\" data-hveid=\"CA4QAQ\" data-ved=\"2ahUKEwi7j6zUudmQAxW4LrkGHYskBPUQo_EKegQIDhAB\"><span data-huuid=\"3003129039506952111\">Elaborar y ejecutar el Plan Operativo Institucional correspondiente a la Unidad Org\u00e1nica, disponiendo eficiente y eficazmente de los recursos econ\u00f3micos, materiales y equipos asignados.<\/span><\/li>\n<li class=\"rPeykc\" data-hveid=\"CA4QAQ\" data-ved=\"2ahUKEwi7j6zUudmQAxW4LrkGHYskBPUQo_EKegQIDhAB\"><span data-huuid=\"3003129039506949149\">Promover la generaci\u00f3n de empleo y el desarrollo de la actividad agr\u00edcola artesanal, turismo y de la micro y peque\u00f1a empresa urbana o rural.<\/span><\/li>\n<li class=\"rPeykc\" data-hveid=\"CA4QAQ\" data-ved=\"2ahUKEwi7j6zUudmQAxW4LrkGHYskBPUQo_EKegQIDhAB\"><span data-huuid=\"3003129039506950283\">Elaborar planes de negocios para productores, para asociaciones y micro empresas, como parte del trabajo de asistencia t\u00e9cnica.<\/span><\/li>\n<li class=\"rPeykc\" data-hveid=\"CA4QAQ\" data-ved=\"2ahUKEwi7j6zUudmQAxW4LrkGHYskBPUQo_EKegQIDhAB\"><span data-huuid=\"3003129039506951417\">Planear, organizar, dirigir, ejecutar y supervisar la ejecuci\u00f3n de programas y proyectos orientados a la dotaci\u00f3n de infraestructura productiva orientada al logro del desarrollo agr\u00edcola del Distrito.<\/span><\/li>\n<li class=\"rPeykc\" data-hveid=\"CA4QAQ\" data-ved=\"2ahUKEwi7j6zUudmQAxW4LrkGHYskBPUQo_EKegQIDhAB\"><span data-huuid=\"3003129039506948455\">Establecer pol\u00edticas y estrategias vinculadas con la promoci\u00f3n de Desarrollo Econ\u00f3mico, con incidencia en la actividad agr\u00edcola, la micro y peque\u00f1a empresa la pesca, turismo, artesan\u00eda, comercio e industria.<\/span><\/li>\n<\/ol>\n<\/div>\n<\/div>\n<\/div><\/div><\/div><\/div><\/div><div class=\"vc_col-sm-4 wpb_column vc_column_container\"><div class=\"vc_column-inner\"><div class=\"wpb_wrapper\"><div class=\"ult-team-member-wrap ult-style-1  \"><div class=\"ult-team-member-image\" style=\"\"> <img class=\"\" src=\"\" alt=\"\"  style=\"\"><span class=\"ult-team-member-image-overlay \"  ><\/span><\/div><div class=\"ult-team-member-bio-wrap style-1 ultimate-heading69e3517fdd696\" style=\"text-align:center;; \"><div class=\"ult-team-member-name-wrap\"><h2 class=\"ult-team-member-name ult-responsive\"  data-ultimate-target='.ult-team-member-bio-wrap.ultimate-heading69e3517fdd696 .ult-team-member-name'  data-responsive-json-new='{\"font-size\":\"\",\"line-height\":\"\"}'  style=\"\">Katherine Hipolo Tolentino<\/h2><div class=\"ult-team-member-position ult-responsive\"  data-ultimate-target='.ult-team-member-bio-wrap.ultimate-heading69e3517fdd696 .ult-team-member-position'  data-responsive-json-new='{\"font-size\":\"\",\"line-height\":\"\"}'  style=\"\">Sub Gerencia de Desarrollo Comunal, PYMES y Turismo<\/div><div class=\"ult-team-member-description ult-responsive\"  data-ultimate-target='.ult-team-member-bio-wrap.ultimate-heading69e3517fdd696 .ult-team-member-description'  data-responsive-json-new='{\"font-size\":\"\",\"line-height\":\"\"}'  style=\"\"><p><strong>Correo municipal<\/strong>: khaterin.tolentino@muniolleroshuarochiri.gob.pe<\/p><\/div><div style=\"margin-bottom:15px\"><\/div><\/div><\/div><\/div><\/div><\/div><\/div><\/div><\/div><\/section><!-- Row Backgrounds --><div class=\"upb_color\" data-bg-override=\"0\" data-bg-color=\"#f4f4f4\" data-fadeout=\"\" data-fadeout-percentage=\"30\" data-parallax-content=\"\" data-parallax-content-sense=\"30\" data-row-effect-mobile-disable=\"true\" data-img-parallax-mobile-disable=\"true\" data-rtl=\"false\"  data-custom-vc-row=\"\"  data-vc=\"6.11.0\"  data-is_old_vc=\"\"  data-theme-support=\"\"   data-overlay=\"false\" data-overlay-color=\"\" data-overlay-pattern=\"\" data-overlay-pattern-opacity=\"\" data-overlay-pattern-size=\"\"    ><\/div><section class=\"l-section wpb_row height_medium\"><div class=\"l-section-h i-cf\"><div class=\"g-cols vc_row type_default valign_top\"><div class=\"vc_col-sm-6 wpb_column vc_column_container\"><div class=\"vc_column-inner\"><div class=\"wpb_wrapper\"><div class=\"wpb_text_column\" ><div class=\"wpb_wrapper\"><ol style=\"text-align: justify;\" start=\"6\">\n<li>\n<div class=\"rPeykc\" data-hveid=\"CA4QAQ\" data-ved=\"2ahUKEwi7j6zUudmQAxW4LrkGHYskBPUQo_EKegQIDhAB\"><span data-huuid=\"3003129039506949589\">Elaborar estudios de caracterizaci\u00f3n de las cadenas productivas y de potencialidades, con el fin de promover el desarrollo local en el \u00e1mbito de proveedores, PYMES, y entes relacionados a las actividades econ\u00f3micas que consoliden \u00e1rea de desarrollo econ\u00f3mico y cl\u00faster.<\/span><\/div>\n<div data-hveid=\"CA4QAQ\" data-ved=\"2ahUKEwi7j6zUudmQAxW4LrkGHYskBPUQo_EKegQIDhAB\"><\/div>\n<\/li>\n<li>\n<div data-hveid=\"CA4QAQ\" data-ved=\"2ahUKEwi7j6zUudmQAxW4LrkGHYskBPUQo_EKegQIDhAB\"><span data-huuid=\"13861877811762193697\">Elaborar manuales y procedimiento metodol\u00f3gicos para la ejecuci\u00f3n de acciones de prevenci\u00f3n y control de enfermedades parasitarias a nivel local bajo el asesoramiento de SENASA (Servicio Nacional de Sanidad Agraria).<\/span><\/div>\n<\/li>\n<li>\n<div data-hveid=\"CA4QAQ\" data-ved=\"2ahUKEwi7j6zUudmQAxW4LrkGHYskBPUQo_EKegQIDhAB\"><span data-huuid=\"13861877811762195719\">Impulsar la innovaci\u00f3n productiva, comercial, agroindustrial, artesanal, tur\u00edstica y empresarial que contribuya a la competitividad econ\u00f3mica del Distrito.<\/span><\/div>\n<\/li>\n<li>\n<div data-hveid=\"CA4QAQ\" data-ved=\"2ahUKEwi7j6zUudmQAxW4LrkGHYskBPUQo_EKegQIDhAB\"><span data-huuid=\"13861877811762193645\">Programar, organizar, ejecutar y supervisar planes, programas de capacitaciones comerciales, de especializaci\u00f3n y actividades de asistencia t\u00e9cnica en el manejo integrado de plagas -MIP, a trav\u00e9s de la metodolog\u00eda escuela de campo, acorde con los protocolos de las buenas pr\u00e1cticas que demanden los mercados.<\/span><\/div>\n<\/li>\n<li>\n<div data-hveid=\"CA4QAQ\" data-ved=\"2ahUKEwi7j6zUudmQAxW4LrkGHYskBPUQo_EKegQIDhAB\"><span data-huuid=\"13861877811762195667\">Programar, organizar, ejecutar y supervisar, programas, proyectos y actividades de sanidad animal orientadas a la prevenci\u00f3n y control de enfermedades parasitarias a nivel local.<\/span><\/div>\n<\/li>\n<li>\n<div data-hveid=\"CA4QAQ\" data-ved=\"2ahUKEwi7j6zUudmQAxW4LrkGHYskBPUQo_EKegQIDhAB\"><span data-huuid=\"13861877811762193593\">Desarrollar planes de trabajo para el monitoreo local de plagas bajo manejo integrado de plagas en concordancia con los lineamientos del sistema integrado de informaci\u00f3n de la mosca de la fruta y el proyecto fitosanitario de SENASA.<\/span><\/div>\n<\/li>\n<li>\n<div data-hveid=\"CA4QAQ\" data-ved=\"2ahUKEwi7j6zUudmQAxW4LrkGHYskBPUQo_EKegQIDhAB\"><span data-huuid=\"13861877811762195615\">Elaborar y mantener actualizado el registro de asociaciones y productores agr\u00edcolas, artesanales, pesca, PYMES y empresas de servicios tur\u00edsticos que operan en el Distrito y cuentan con licencia municipal de funcionamiento, RUC y otras licencias.<\/span><\/div>\n<\/li>\n<li>\n<div data-hveid=\"CA4QAQ\" data-ved=\"2ahUKEwi7j6zUudmQAxW4LrkGHYskBPUQo_EKegQIDhAB\"><span data-huuid=\"13861877811762193541\">Promueve la generaci\u00f3n de empleo a trav\u00e9s de la formalizaci\u00f3n de las PYMES.<\/span><\/div>\n<\/li>\n<li>\n<div data-hveid=\"CA4QAQ\" data-ved=\"2ahUKEwi7j6zUudmQAxW4LrkGHYskBPUQo_EKegQIDhAB\"><span data-huuid=\"13861877811762195563\">Promueve la participaci\u00f3n de la micro y peque\u00f1as empresas en el desarrollo local.<\/span><\/div>\n<\/li>\n<\/ol>\n<\/div><\/div><\/div><\/div><\/div><div class=\"vc_col-sm-6 wpb_column vc_column_container\"><div class=\"vc_column-inner\"><div class=\"wpb_wrapper\"><div class=\"wpb_text_column\" ><div class=\"wpb_wrapper\"><ol style=\"text-align: justify;\" start=\"15\">\n<li>\n<div data-hveid=\"CA4QAQ\" data-ved=\"2ahUKEwi7j6zUudmQAxW4LrkGHYskBPUQo_EKegQIDhAB\"><span data-huuid=\"13861877811762193489\">Dirigir y coordinar las actividades de planificaci\u00f3n y an\u00e1lisis de investigaci\u00f3n, proyecciones sobre necesidades y demandas de mano de obra, empleo recursos humanos y otros.<\/span><\/div>\n<\/li>\n<li>\n<div data-hveid=\"CA4QAQ\" data-ved=\"2ahUKEwi7j6zUudmQAxW4LrkGHYskBPUQo_EKegQIDhAB\"><span data-huuid=\"13861877811762195511\">Orientar y capacitar a las diferentes organizaciones del sector comercio para la obtenci\u00f3n de cr\u00e9ditos financieros de las instituciones financieras.<\/span><\/div>\n<\/li>\n<li>\n<div data-hveid=\"CA4QAQ\" data-ved=\"2ahUKEwi7j6zUudmQAxW4LrkGHYskBPUQo_EKegQIDhAB\"><span data-huuid=\"13861877811762193437\">Elaborar el diagn\u00f3stico de la micro y peque\u00f1a empresa de la jurisdicci\u00f3n del distrito.<\/span><\/div>\n<\/li>\n<li>\n<div data-hveid=\"CA4QAQ\" data-ved=\"2ahUKEwi7j6zUudmQAxW4LrkGHYskBPUQo_EKegQIDhAB\"><span data-huuid=\"13861877811762195459\">Promover la realizaci\u00f3n de ferias locales que propicien la dinamizaci\u00f3n de los mercados a nivel de las PYMES.<\/span><\/div>\n<\/li>\n<li>\n<div data-hveid=\"CA4QAQ\" data-ved=\"2ahUKEwi7j6zUudmQAxW4LrkGHYskBPUQo_EKegQIDhAB\"><span data-huuid=\"13861877811762193385\">Promover y supervisar la elaboraci\u00f3n de estudios de investigaci\u00f3n sobre recursos humanos, mercado de trabajo local, mercado de recursos naturales, medio ambiente y mercado de bienes y servicios y de la actividad productiva, as\u00ed como la formulaci\u00f3n y gesti\u00f3n de proyectos econ\u00f3micos.<\/span><\/div>\n<\/li>\n<li>\n<div data-hveid=\"CA4QAQ\" data-ved=\"2ahUKEwi7j6zUudmQAxW4LrkGHYskBPUQo_EKegQIDhAB\"><span data-huuid=\"13861877811762195407\">Llevar el Registro Distrital de las PYMES y de sus organizaciones, as\u00ed como tramitar el reconocimiento de estas.<\/span><\/div>\n<\/li>\n<li>\n<div data-hveid=\"CA4QAQ\" data-ved=\"2ahUKEwi7j6zUudmQAxW4LrkGHYskBPUQo_EKegQIDhAB\"><span data-huuid=\"13861877811762193333\">Ejecutar actividades de apoyo directo e indirecto a la actividad empresarial en la jurisdicci\u00f3n sobre informaci\u00f3n, capacitaci\u00f3n, acceso a mercados, tecnolog\u00eda, financiamiento y otros campos a fin de mejorar la competitividad.<\/span><\/div>\n<\/li>\n<li>\n<div data-hveid=\"CA4QAQ\" data-ved=\"2ahUKEwi7j6zUudmQAxW4LrkGHYskBPUQo_EKegQIDhAB\"><span data-huuid=\"13861877811762195355\">Promover la participaci\u00f3n de organismos especializados de la actividad privada para brindar servicios de capacitaci\u00f3n t\u00e9cnica para las PYMES.<\/span><\/div>\n<\/li>\n<li>\n<div data-hveid=\"CA4QAQ\" data-ved=\"2ahUKEwi7j6zUudmQAxW4LrkGHYskBPUQo_EKegQIDhAB\"><span data-huuid=\"13861877811762193281\">Realizar en su \u00e1mbito de influencia actividades de difusi\u00f3n, organizaci\u00f3n y canalizaci\u00f3n de los servicios de promoci\u00f3n y desarrollo al que se refiere el Reglamento de la Ley General de la Peque\u00f1a, mediana y micro empresa.<\/span><\/div>\n<div data-hveid=\"CA4QAQ\" data-ved=\"2ahUKEwi7j6zUudmQAxW4LrkGHYskBPUQo_EKegQIDhAB\"><\/div>\n<\/li>\n<li>\n<div data-hveid=\"CA4QAQ\" data-ved=\"2ahUKEwi7j6zUudmQAxW4LrkGHYskBPUQo_EKegQIDhAB\"><span data-huuid=\"10705163389990964469\">Preparar e implementar el plan de visitas de la ruta tur\u00edstica, considerando las cuatro estaciones del a\u00f1o en el distrito.<\/span><\/div>\n<\/li>\n<\/ol>\n<\/div><\/div><\/div><\/div><\/div><\/div><\/div><\/section><section class=\"l-section wpb_row height_medium\"><div class=\"l-section-h i-cf\"><div class=\"g-cols vc_row type_default valign_top\"><div class=\"vc_col-sm-12 wpb_column vc_column_container\"><div class=\"vc_column-inner\"><div class=\"wpb_wrapper\"><div class=\"wpb_text_column\" ><div class=\"wpb_wrapper\"><ol style=\"text-align: justify;\" start=\"25\">\n<li><span data-huuid=\"10705163389990964531\">Elaborar e implementar planes de turismo vivencial, en coordinaci\u00f3n con la mesa t\u00e9cnica de desarrollo econ\u00f3mico local.<\/span><\/li>\n<li><span data-huuid=\"10705163389990964593\">Preparar anualmente el plan de trabajo relacionado con el mantenimiento de las potencialidades existentes en la ruta tur\u00edstica del distrito.<\/span><\/li>\n<li><span data-huuid=\"10705163389990964655\">Encargarse de la colocaci\u00f3n y mantenimiento de m\u00f3dulos para la atenci\u00f3n y gu\u00eda de los turistas que visitan el distrito.<\/span><\/li>\n<li><span data-huuid=\"10705163389990964717\">Elaborar e implementar el Plan de la Ruta Tur\u00edstica del Distrito.<\/span><\/li>\n<li><span data-huuid=\"10705163389990964779\">Formular y ejecutar pol\u00edticas y plan de fomento del turismo local sostenible<\/span><\/li>\n<li><span data-huuid=\"10705163389990964841\">Proponer las pol\u00edticas de gesti\u00f3n municipal destinadas a la promoci\u00f3n tur\u00edstica, cultural y art\u00edstica del distrito.<\/span><\/li>\n<li><span data-huuid=\"10705163389990964903\">Proponer la infraestructura de apoyo a la actividad tur\u00edstica del distrito.<\/span><\/li>\n<li><span data-huuid=\"10705163389990964965\">Promover la inversi\u00f3n privada para desarrollar la actividad tur\u00edstica y dinamizar la econom\u00eda de la poblaci\u00f3n.<\/span><\/li>\n<li><span data-huuid=\"10705163389990965027\">Promover y supervisar la calidad de los servicios tur\u00edsticos y el cumplimiento de los est\u00e1ndares exigidos, seg\u00fan normas vigentes.<\/span><\/li>\n<li><span data-huuid=\"10705163389990965089\">Proteger, conservar y promover el patrimonio natural, cultural y art\u00edstico a trav\u00e9s del desarrollo de una actividad tur\u00edstica sostenible a nivel nacional e internacional.<\/span><\/li>\n<li><span data-huuid=\"10705163389990965151\">Elaborar el calendario tur\u00edstico<\/span><\/li>\n<li><span data-huuid=\"10705163389990965213\">Promover, formular, ejecutar y evaluar las acciones orientadas a la difusi\u00f3n, conservaci\u00f3n y mantenimiento de monumentos hist\u00f3ricos, museos y otros.<\/span><\/li>\n<li><span data-huuid=\"10705163389990961179\">Sensibilizar y capacitar a los actores de la actividad tur\u00edstica en el buen trato y seguridad a los turistas.<\/span><\/li>\n<li><span data-huuid=\"10705163389990961241\">Formular y promover herramientas de planificaci\u00f3n y gesti\u00f3n que coadyuven al desarrollo del turismo local sostenible alineadas a los planes existentes, con participaci\u00f3n del sector p\u00fablico y privado.<\/span><\/li>\n<li><span data-huuid=\"10705163389990961303\">Crear el Portal Tur\u00edstico de la Municipalidad y alcanzar informaci\u00f3n que requiera soporte t\u00e9cnico para la p\u00e1gina web Institucional.<\/span><\/li>\n<li><span data-huuid=\"10705163389990961365\">Cumplir con las funciones que le asigne la Gerencia<\/span><\/li>\n<\/ol>\n<\/div><\/div><\/div><\/div><\/div><\/div><\/div><\/section>\n<\/section>","protected":false},"excerpt":{"rendered":"[vc_empty_space height=\"150px\"]Sub Gerencia de Desarrollo Comunal, PYMES y TurismoLa Sub Gerencia de Desarrollo Comunal, PYMES y Turismo es la Unidad Org\u00e1nica, responsable del desarrollo de la actividad empresarial, as\u00ed mismo de programar, dirigir y ejecutar las actividades relacionadas con la promoci\u00f3n de la actividad econ\u00f3mica, en concordancia con la pol\u00edtica general de gobierno, los planes...","protected":false},"author":9,"featured_media":0,"parent":0,"menu_order":0,"comment_status":"closed","ping_status":"closed","template":"","meta":[],"acf":[],"_links":{"self":[{"href":"http:\/\/web.muniolleroshuarochiri.gob.pe\/portal\/wp-json\/wp\/v2\/pages\/10116"}],"collection":[{"href":"http:\/\/web.muniolleroshuarochiri.gob.pe\/portal\/wp-json\/wp\/v2\/pages"}],"about":[{"href":"http:\/\/web.muniolleroshuarochiri.gob.pe\/portal\/wp-json\/wp\/v2\/types\/page"}],"author":[{"embeddable":true,"href":"http:\/\/web.muniolleroshuarochiri.gob.pe\/portal\/wp-json\/wp\/v2\/users\/9"}],"replies":[{"embeddable":true,"href":"http:\/\/web.muniolleroshuarochiri.gob.pe\/portal\/wp-json\/wp\/v2\/comments?post=10116"}],"version-history":[{"count":7,"href":"http:\/\/web.muniolleroshuarochiri.gob.pe\/portal\/wp-json\/wp\/v2\/pages\/10116\/revisions"}],"predecessor-version":[{"id":11080,"href":"http:\/\/web.muniolleroshuarochiri.gob.pe\/portal\/wp-json\/wp\/v2\/pages\/10116\/revisions\/11080"}],"wp:attachment":[{"href":"http:\/\/web.muniolleroshuarochiri.gob.pe\/portal\/wp-json\/wp\/v2\/media?parent=10116"}],"curies":[{"name":"wp","href":"https:\/\/api.w.org\/{rel}","templated":true}]}}