{"id":10127,"date":"2025-11-04T22:17:52","date_gmt":"2025-11-04T22:17:52","guid":{"rendered":"https:\/\/web.muniolleroshuarochiri.gob.pe\/portal\/?page_id=10127"},"modified":"2025-12-02T19:33:36","modified_gmt":"2025-12-02T19:33:36","slug":"unidad-de-tramite-documentario-y-orientacion-al-ciudadano","status":"publish","type":"page","link":"http:\/\/web.muniolleroshuarochiri.gob.pe\/portal\/unidad-de-tramite-documentario-y-orientacion-al-ciudadano\/","title":{"rendered":"Unidad de Tr\u00e1mite Documentario y Orientaci\u00f3n al Ciudadano"},"content":{"rendered":"<section class=\"wpb-content-wrapper\"><section class=\"l-section wpb_row height_medium\"><div class=\"l-section-h i-cf\"><div class=\"g-cols vc_row type_default valign_top\"><div class=\"vc_col-sm-12 wpb_column vc_column_container\"><div class=\"vc_column-inner\"><div class=\"wpb_wrapper\">[vc_empty_space height=\u00bb150px\u00bb]<\/div><\/div><\/div><\/div><\/div><\/section><section class=\"l-section wpb_row height_medium\"><div class=\"l-section-h i-cf\"><div class=\"g-cols vc_row type_default valign_top\"><div class=\"vc_col-sm-12 wpb_column vc_column_container\"><div class=\"vc_column-inner\"><div class=\"wpb_wrapper\"><h3 class=\"w-post-elm post_title us_custom_6549b382 entry-title color_link_inherit has_text_color\">Unidad de Tr\u00e1mite Documentario y Orientaci\u00f3n al Ciudadano<\/h3><\/div><\/div><\/div><\/div><\/div><\/section><section class=\"l-section wpb_row us_custom_1f64da91 height_medium\"><div class=\"l-section-h i-cf\"><div class=\"g-cols vc_row type_default valign_top\"><div class=\"vc_col-sm-8 wpb_column vc_column_container\"><div class=\"vc_column-inner\"><div class=\"wpb_wrapper\"><div class=\"wpb_text_column\" ><div class=\"wpb_wrapper\"><p>L<span data-huuid=\"10923309147825948358\">a Unidad de Tr\u00e1mite Documentario y Orientaci\u00f3n al Ciudadano es la encargada de administrar la mesa de partes, orientar a los ciudadanos en materia de tr\u00e1mites administrativos de la Municipalidad de Santo Domingo de los Olleros.\u00a0<\/span><span data-huuid=\"10923309147825947769\">Est\u00e1 a cargo de un Servidor P\u00fablico que depende funcional y administrativamente de la Secretar\u00eda General.<\/span><\/p>\n<\/div><\/div>[vc_empty_space]<h2 class=\"w-text\"><span class=\"w-text-h\"><i class=\"far fa-users\"><\/i><span class=\"w-text-value\">Sus funciones son las siguientes:<\/span><\/span><\/h2><div class=\"wpb_text_column\" ><div class=\"wpb_wrapper\"><div class=\"WaaZC\">\n<div class=\"RJPOee EIJn2\">\n<ol style=\"text-align: justify;\">\n<li class=\"rPeykc\" data-hveid=\"CAkQAQ\" data-ved=\"2ahUKEwiVw8f1wtmQAxWCJbkGHWDPNS8Qo_EKegQICRAB\"><span data-huuid=\"12330146736428569719\">Elaborar y ejecutar el Plan Operativo Institucional correspondiente a la Unidad Org\u00e1nica, disponiendo eficiente y eficazmente de los recursos econ\u00f3micos, materiales y equipos asignados.<\/span><\/li>\n<li class=\"rPeykc\" data-hveid=\"CAkQAQ\" data-ved=\"2ahUKEwiVw8f1wtmQAxWCJbkGHWDPNS8Qo_EKegQICRAB\"><span data-huuid=\"12330146736428571881\">Controlar el flujo y ubicaci\u00f3n de los documentos dentro de la Municipalidad, a fin de lograr su pronta ubicaci\u00f3n y resguardo.<\/span><\/li>\n<li class=\"rPeykc\" data-hveid=\"CAkQAQ\" data-ved=\"2ahUKEwiVw8f1wtmQAxWCJbkGHWDPNS8Qo_EKegQICRAB\"><span data-huuid=\"12330146736428569947\">Proponer las pol\u00edticas sobre tramitaci\u00f3n documentaria y archiv\u00edstica a seguir en la Municipalidad.<\/span><\/li>\n<li class=\"rPeykc\" data-hveid=\"CAkQAQ\" data-ved=\"2ahUKEwiVw8f1wtmQAxWCJbkGHWDPNS8Qo_EKegQICRAB\">Supervisar y controlar los antecedentes correspondientes a los expedientes concluidos o declarados en abandono sean remitidos por las Unidades Org\u00e1nicas de Transformaci\u00f3n Documentaria, para ser derivadas al Archivo Central de la Municipalidad.<\/li>\n<li class=\"rPeykc\" data-hveid=\"CAkQAQ\" data-ved=\"2ahUKEwiVw8f1wtmQAxWCJbkGHWDPNS8Qo_EKegQICRAB\">Organizar mecanismos de archivo y conservaci\u00f3n de los documentos.<\/li>\n<li class=\"rPeykc\" data-hveid=\"CAkQAQ\" data-ved=\"2ahUKEwiVw8f1wtmQAxWCJbkGHWDPNS8Qo_EKegQICRAB\">Orientar e informar a los usuarios sobre el estado de sus expedientes etapa, \u00e1rea de proceso y fecha probable de t\u00e9rmino seg\u00fan los plazos establecidos en el TUPA.<\/li>\n<\/ol>\n<\/div>\n<\/div>\n<\/div><\/div><\/div><\/div><\/div><div class=\"vc_col-sm-4 wpb_column vc_column_container\"><div class=\"vc_column-inner\"><div class=\"wpb_wrapper\"><div class=\"ult-team-member-wrap ult-style-1  \"><div class=\"ult-team-member-image\" style=\"\"> <img class=\"\" src=\"http:\/\/web.muniolleroshuarochiri.gob.pe\/portal\/wp-content\/uploads\/2025\/12\/Yvet-Janet-Montes-Ramos.png\" alt=\"null\"  style=\"\"><span class=\"ult-team-member-image-overlay \"  ><\/span><\/div><div class=\"ult-team-member-bio-wrap style-1 ultimate-heading69e368401a829\" style=\"text-align:center;; \"><div class=\"ult-team-member-name-wrap\"><h2 class=\"ult-team-member-name ult-responsive\"  data-ultimate-target='.ult-team-member-bio-wrap.ultimate-heading69e368401a829 .ult-team-member-name'  data-responsive-json-new='{\"font-size\":\"\",\"line-height\":\"\"}'  style=\"\">Yvet Janet Montes Ramos <\/h2><div class=\"ult-team-member-position ult-responsive\"  data-ultimate-target='.ult-team-member-bio-wrap.ultimate-heading69e368401a829 .ult-team-member-position'  data-responsive-json-new='{\"font-size\":\"\",\"line-height\":\"\"}'  style=\"\">Encargada de la Unidad de Tr\u00e1mite Documentario y Orientaci\u00f3n al Ciudadano<\/div><div class=\"ult-team-member-description ult-responsive\"  data-ultimate-target='.ult-team-member-bio-wrap.ultimate-heading69e368401a829 .ult-team-member-description'  data-responsive-json-new='{\"font-size\":\"\",\"line-height\":\"\"}'  style=\"\"><p><strong>Correo municipal<\/strong>: yvet.montes@muniolleroshuarochiri.gob.pe<\/p><\/div><div style=\"margin-bottom:15px\"><\/div><\/div><\/div><\/div><\/div><\/div><\/div><\/div><\/div><\/section><!-- Row Backgrounds --><div class=\"upb_color\" data-bg-override=\"0\" data-bg-color=\"#f4f4f4\" data-fadeout=\"\" data-fadeout-percentage=\"30\" data-parallax-content=\"\" data-parallax-content-sense=\"30\" data-row-effect-mobile-disable=\"true\" data-img-parallax-mobile-disable=\"true\" data-rtl=\"false\"  data-custom-vc-row=\"\"  data-vc=\"6.11.0\"  data-is_old_vc=\"\"  data-theme-support=\"\"   data-overlay=\"false\" data-overlay-color=\"\" data-overlay-pattern=\"\" data-overlay-pattern-opacity=\"\" data-overlay-pattern-size=\"\"    ><\/div><section class=\"l-section wpb_row height_medium\"><div class=\"l-section-h i-cf\"><div class=\"g-cols vc_row type_default valign_top\"><div class=\"vc_col-sm-6 wpb_column vc_column_container\"><div class=\"vc_column-inner\"><div class=\"wpb_wrapper\"><div class=\"wpb_text_column\" ><div class=\"wpb_wrapper\"><ol style=\"text-align: justify;\" start=\"7\">\n<li class=\"rPeykc\" data-hveid=\"CA8QAQ\" data-ved=\"2ahUKEwi7gYeQi9mQAxXRE7kGHVbRMoMQo_EKegQIDxAB\"><span data-huuid=\"9014114500577034881\">Proponer, impulsar e implementar las mejoras e innovaciones en los procesos, procedimientos y normatividad del \u00e1rea a su cargo.<br \/>\n<\/span><\/li>\n<li class=\"rPeykc\" data-hveid=\"CA8QAQ\" data-ved=\"2ahUKEwi7gYeQi9mQAxXRE7kGHVbRMoMQo_EKegQIDxAB\"><span data-huuid=\"9014114500577034881\">Distribuir oportunamente los documentos y expedientes que ingresan a la Municipalidad, de acuerdo a la Ley del Procedimiento Administrativo General y dem\u00e1s normas establecidas al respecto.<br \/>\n<\/span><\/li>\n<li class=\"rPeykc\" data-hveid=\"CA8QAQ\" data-ved=\"2ahUKEwi7gYeQi9mQAxXRE7kGHVbRMoMQo_EKegQIDxAB\"><span data-huuid=\"9014114500577034881\">Proponer la relaci\u00f3n de documentos del archivo que deben darse de baja con periodo de vencimiento legal.<br \/>\n<\/span><\/li>\n<li class=\"rPeykc\" data-hveid=\"CA8QAQ\" data-ved=\"2ahUKEwi7gYeQi9mQAxXRE7kGHVbRMoMQo_EKegQIDxAB\"><span data-huuid=\"9014114500577034881\">Elaborar las Estad\u00edsticas del Sistema de Gesti\u00f3n Documentaria Municipal remitiendo los reportes de forma mensual.<br \/>\n<\/span><\/li>\n<li class=\"rPeykc\" data-hveid=\"CA8QAQ\" data-ved=\"2ahUKEwi7gYeQi9mQAxXRE7kGHVbRMoMQo_EKegQIDxAB\"><span data-huuid=\"9014114500577034881\">Controlar el cumplimiento de las normas y procedimientos establecidos para el sistema de gesti\u00f3n documentaria municipal, ejerciendo la supervisi\u00f3n correspondiente.<br \/>\n<\/span><\/li>\n<li class=\"rPeykc\" data-hveid=\"CA8QAQ\" data-ved=\"2ahUKEwi7gYeQi9mQAxXRE7kGHVbRMoMQo_EKegQIDxAB\"><span data-huuid=\"9014114500577034881\">Recepcionar, clasificar, registrar, codificar, supervisar y evaluar el proceso y seguimiento de la conservaci\u00f3n de la documentaci\u00f3n que forman parte del archivo central de la Municipalidad.<\/span><\/li>\n<\/ol>\n<\/div><\/div><\/div><\/div><\/div><div class=\"vc_col-sm-6 wpb_column vc_column_container\"><div class=\"vc_column-inner\"><div class=\"wpb_wrapper\"><div class=\"wpb_text_column\" ><div class=\"wpb_wrapper\"><ol style=\"text-align: justify;\" start=\"13\">\n<li><span data-huuid=\"17424378165424836256\">Emitir los reportes sobre la documentaci\u00f3n que ingresa, egresa y aquella que se encuentra en proceso: expedientes incompletos o por regularizar dentro del plazo establecido, y expedientes declarados en abandono.<\/span><\/li>\n<li><span data-huuid=\"17424378165424835042\">Asegurar que los expedientes que son de procedimientos de mayor complejidad y requisitos t\u00e9cnicos se consigne la informaci\u00f3n correcta desde su ingreso.<\/span><\/li>\n<li><span data-huuid=\"17424378165424833828\">Dar tr\u00e1mite oportuno a la b\u00fasqueda de los expedientes solicitados por los usuarios, verificando el correcto cumplimiento de las disposiciones contenidas en el Texto \u00danico de Procedimientos Administrativos (TUPA).<\/span><\/li>\n<li><span data-huuid=\"17424378165424832614\">Adoptar las medidas que sean necesarias para la seguridad y conservaci\u00f3n de la documentaci\u00f3n que ingresa, para su adecuado archivo en concordancia con la Ley Org\u00e1nica de Municipalidades.<\/span><\/li>\n<li><span data-huuid=\"17424378165424835496\">Llevar los registros del acervo documentario en forma mec\u00e1nica o informatizada.<\/span><\/li>\n<li><span data-huuid=\"17424378165424834282\">Cumplir con las dem\u00e1s atribuciones y responsabilidades que se deriven del cumplimiento de sus funciones y las asignadas por la Secretar\u00eda General.<\/span><\/li>\n<\/ol>\n<\/div><\/div><\/div><\/div><\/div><\/div><\/div><\/section>\n<\/section>","protected":false},"excerpt":{"rendered":"[vc_empty_space height=\"150px\"]Unidad de Tr\u00e1mite Documentario y Orientaci\u00f3n al CiudadanoLa Unidad de Tr\u00e1mite Documentario y Orientaci\u00f3n al Ciudadano es la encargada de administrar la mesa de partes, orientar a los ciudadanos en materia de tr\u00e1mites administrativos de la Municipalidad de Santo Domingo de los Olleros.\u00a0Est\u00e1 a cargo de un Servidor P\u00fablico que depende funcional y administrativamente...","protected":false},"author":9,"featured_media":0,"parent":0,"menu_order":0,"comment_status":"closed","ping_status":"closed","template":"","meta":[],"acf":[],"_links":{"self":[{"href":"http:\/\/web.muniolleroshuarochiri.gob.pe\/portal\/wp-json\/wp\/v2\/pages\/10127"}],"collection":[{"href":"http:\/\/web.muniolleroshuarochiri.gob.pe\/portal\/wp-json\/wp\/v2\/pages"}],"about":[{"href":"http:\/\/web.muniolleroshuarochiri.gob.pe\/portal\/wp-json\/wp\/v2\/types\/page"}],"author":[{"embeddable":true,"href":"http:\/\/web.muniolleroshuarochiri.gob.pe\/portal\/wp-json\/wp\/v2\/users\/9"}],"replies":[{"embeddable":true,"href":"http:\/\/web.muniolleroshuarochiri.gob.pe\/portal\/wp-json\/wp\/v2\/comments?post=10127"}],"version-history":[{"count":8,"href":"http:\/\/web.muniolleroshuarochiri.gob.pe\/portal\/wp-json\/wp\/v2\/pages\/10127\/revisions"}],"predecessor-version":[{"id":11086,"href":"http:\/\/web.muniolleroshuarochiri.gob.pe\/portal\/wp-json\/wp\/v2\/pages\/10127\/revisions\/11086"}],"wp:attachment":[{"href":"http:\/\/web.muniolleroshuarochiri.gob.pe\/portal\/wp-json\/wp\/v2\/media?parent=10127"}],"curies":[{"name":"wp","href":"https:\/\/api.w.org\/{rel}","templated":true}]}}