{"id":10130,"date":"2025-11-04T22:20:15","date_gmt":"2025-11-04T22:20:15","guid":{"rendered":"https:\/\/web.muniolleroshuarochiri.gob.pe\/portal\/?page_id=10130"},"modified":"2025-12-02T19:35:15","modified_gmt":"2025-12-02T19:35:15","slug":"unidad-de-archivo-general","status":"publish","type":"page","link":"http:\/\/web.muniolleroshuarochiri.gob.pe\/portal\/unidad-de-archivo-general\/","title":{"rendered":"Unidad de Archivo General"},"content":{"rendered":"<section class=\"wpb-content-wrapper\"><section class=\"l-section wpb_row height_medium\"><div class=\"l-section-h i-cf\"><div class=\"g-cols vc_row type_default valign_top\"><div class=\"vc_col-sm-12 wpb_column vc_column_container\"><div class=\"vc_column-inner\"><div class=\"wpb_wrapper\">[vc_empty_space height=\u00bb150px\u00bb]<\/div><\/div><\/div><\/div><\/div><\/section><section class=\"l-section wpb_row height_medium\"><div class=\"l-section-h i-cf\"><div class=\"g-cols vc_row type_default valign_top\"><div class=\"vc_col-sm-12 wpb_column vc_column_container\"><div class=\"vc_column-inner\"><div class=\"wpb_wrapper\"><h3 class=\"w-post-elm post_title us_custom_6549b382 entry-title color_link_inherit has_text_color\">Unidad de Archivo General<\/h3><\/div><\/div><\/div><\/div><\/div><\/section><section class=\"l-section wpb_row us_custom_1f64da91 height_medium\"><div class=\"l-section-h i-cf\"><div class=\"g-cols vc_row type_default valign_top\"><div class=\"vc_col-sm-8 wpb_column vc_column_container\"><div class=\"vc_column-inner\"><div class=\"wpb_wrapper\"><div class=\"wpb_text_column\" ><div class=\"wpb_wrapper\"><p><span data-huuid=\"8366036434328335470\">La Unidad de Archivo General es la encargada de apoyar en materia de administraci\u00f3n documentaria y su sistema de archivo central.\u00a0<\/span><span data-huuid=\"8366036434328336199\">Est\u00e1 a cargo de un jefe, qui\u00e9n depende de Secretar\u00eda General.<\/span><\/p>\n<\/div><\/div>[vc_empty_space]<h2 class=\"w-text\"><span class=\"w-text-h\"><i class=\"far fa-users\"><\/i><span class=\"w-text-value\">Es responsable de cumplir las siguientes funciones:<\/span><\/span><\/h2><div class=\"wpb_text_column\" ><div class=\"wpb_wrapper\"><div class=\"WaaZC\">\n<div class=\"RJPOee EIJn2\"><\/div>\n<\/div>\n<div class=\"WaaZC\">\n<div class=\"RJPOee EIJn2\">\n<ol style=\"text-align: justify;\">\n<li class=\"rPeykc\" data-hveid=\"CAgQAQ\" data-ved=\"2ahUKEwiatLK_w9mQAxX2FbkGHRanCLQQo_EKegQICBAB\"><span data-huuid=\"13372169185841843680\">Sistematizar, clasificar y organizar el archivo central de los documentos oficiales.<\/span><\/li>\n<li class=\"rPeykc\" data-hveid=\"CAgQAQ\" data-ved=\"2ahUKEwiatLK_w9mQAxX2FbkGHRanCLQQo_EKegQICBAB\">Elaborar y ejecutar el Plan Operativo Institucional correspondiente a la Unidad Org\u00e1nica, disponiendo eficiente y eficazmente de los recursos econ\u00f3micos, materiales y equipos asignados.<\/li>\n<li class=\"rPeykc\" data-hveid=\"CAgQAQ\" data-ved=\"2ahUKEwiatLK_w9mQAxX2FbkGHRanCLQQo_EKegQICBAB\">Custodiar la documentaci\u00f3n y su sistema de archivo central, evitando su perdida y\/o deterioro.<\/li>\n<li class=\"rPeykc\" data-hveid=\"CAgQAQ\" data-ved=\"2ahUKEwiatLK_w9mQAxX2FbkGHRanCLQQo_EKegQICBAB\">Mantener el acervo documentario de la Municipalidad en forma ordenada, clasificada y codificada.<\/li>\n<li class=\"rPeykc\" data-hveid=\"CAgQAQ\" data-ved=\"2ahUKEwiatLK_w9mQAxX2FbkGHRanCLQQo_EKegQICBAB\">Efectuar la b\u00fasqueda de los documentos en el archivo central, a quienes tramitan su certificaci\u00f3n o constancia fe datada.<\/li>\n<li class=\"rPeykc\" data-hveid=\"CAgQAQ\" data-ved=\"2ahUKEwiatLK_w9mQAxX2FbkGHRanCLQQo_EKegQICBAB\">Administrar el sistema de archivo central de la Municipalidad.<\/li>\n<li class=\"rPeykc\" data-hveid=\"CAgQAQ\" data-ved=\"2ahUKEwiatLK_w9mQAxX2FbkGHRanCLQQo_EKegQICBAB\">Otorgar certificaci\u00f3n o constancia de los documentos que administra en el archivo central de la Municipalidad.<\/li>\n<li class=\"rPeykc\" data-hveid=\"CAgQAQ\" data-ved=\"2ahUKEwiatLK_w9mQAxX2FbkGHRanCLQQo_EKegQICBAB\">Centralizar toda la documentaci\u00f3n de la Municipalidad, el Manual de Procedimientos Administrativos y Cuadro de Rotaci\u00f3n de Documentaci\u00f3n.<\/li>\n<li class=\"rPeykc\" data-hveid=\"CAgQAQ\" data-ved=\"2ahUKEwiatLK_w9mQAxX2FbkGHRanCLQQo_EKegQICBAB\">Evaluaci\u00f3n y eliminaci\u00f3n de documentos coordinando con el Comit\u00e9 Evaluador.<\/li>\n<li class=\"rPeykc\" data-hveid=\"CAgQAQ\" data-ved=\"2ahUKEwiatLK_w9mQAxX2FbkGHRanCLQQo_EKegQICBAB\">Otras funciones afines que le sean asignadas.<\/li>\n<\/ol>\n<\/div>\n<\/div>\n<\/div><\/div><\/div><\/div><\/div><div class=\"vc_col-sm-4 wpb_column vc_column_container\"><div class=\"vc_column-inner\"><div class=\"wpb_wrapper\"><div class=\"ult-team-member-wrap ult-style-1  \"><div class=\"ult-team-member-image\" style=\"\"> <img class=\"\" src=\"http:\/\/web.muniolleroshuarochiri.gob.pe\/portal\/wp-content\/uploads\/2025\/12\/SUELDO.jpg\" alt=\"null\"  style=\"\"><span class=\"ult-team-member-image-overlay \"  ><\/span><\/div><div class=\"ult-team-member-bio-wrap style-1 ultimate-heading69e204d174093\" style=\"text-align:center;; \"><div class=\"ult-team-member-name-wrap\"><h2 class=\"ult-team-member-name ult-responsive\"  data-ultimate-target='.ult-team-member-bio-wrap.ultimate-heading69e204d174093 .ult-team-member-name'  data-responsive-json-new='{\"font-size\":\"\",\"line-height\":\"\"}'  style=\"\">Belisario Roger Sueldo C\u00e1ceres<\/h2><div class=\"ult-team-member-position ult-responsive\"  data-ultimate-target='.ult-team-member-bio-wrap.ultimate-heading69e204d174093 .ult-team-member-position'  data-responsive-json-new='{\"font-size\":\"\",\"line-height\":\"\"}'  style=\"\">Encargado de la Unidad de Archivo General<\/div><div class=\"ult-team-member-description ult-responsive\"  data-ultimate-target='.ult-team-member-bio-wrap.ultimate-heading69e204d174093 .ult-team-member-description'  data-responsive-json-new='{\"font-size\":\"\",\"line-height\":\"\"}'  style=\"\"><p><strong>Correo municipal<\/strong>: belisario.sueldo@muniolleroshuarochiri.gob.pe<\/p><\/div><div style=\"margin-bottom:15px\"><\/div><\/div><\/div><\/div><\/div><\/div><\/div><\/div><\/div><\/section><!-- Row Backgrounds --><div class=\"upb_color\" data-bg-override=\"0\" data-bg-color=\"#f4f4f4\" data-fadeout=\"\" data-fadeout-percentage=\"30\" data-parallax-content=\"\" data-parallax-content-sense=\"30\" data-row-effect-mobile-disable=\"true\" data-img-parallax-mobile-disable=\"true\" data-rtl=\"false\"  data-custom-vc-row=\"\"  data-vc=\"6.11.0\"  data-is_old_vc=\"\"  data-theme-support=\"\"   data-overlay=\"false\" data-overlay-color=\"\" data-overlay-pattern=\"\" data-overlay-pattern-opacity=\"\" data-overlay-pattern-size=\"\"    ><\/div><section class=\"l-section wpb_row height_medium\"><div class=\"l-section-h i-cf\"><div class=\"g-cols vc_row type_default valign_top\"><div class=\"vc_col-sm-6 wpb_column vc_column_container\"><div class=\"vc_column-inner\"><div class=\"wpb_wrapper\"><div class=\"wpb_text_column\" ><div class=\"wpb_wrapper\"><\/div><\/div><\/div><\/div><\/div><div class=\"vc_col-sm-6 wpb_column vc_column_container\"><div class=\"vc_column-inner\"><div class=\"wpb_wrapper\"><div class=\"wpb_text_column\" ><div class=\"wpb_wrapper\"><\/div><\/div><\/div><\/div><\/div><\/div><\/div><\/section>\n<\/section>","protected":false},"excerpt":{"rendered":"[vc_empty_space height=\"150px\"]Unidad de Archivo GeneralLa Unidad de Archivo General es la encargada de apoyar en materia de administraci\u00f3n documentaria y su sistema de archivo central.\u00a0Est\u00e1 a cargo de un jefe, qui\u00e9n depende de Secretar\u00eda General. [vc_empty_space]Es responsable de cumplir las siguientes funciones: Sistematizar, clasificar y organizar el archivo central de los documentos oficiales. Elaborar y...","protected":false},"author":9,"featured_media":0,"parent":0,"menu_order":0,"comment_status":"closed","ping_status":"closed","template":"","meta":[],"acf":[],"_links":{"self":[{"href":"http:\/\/web.muniolleroshuarochiri.gob.pe\/portal\/wp-json\/wp\/v2\/pages\/10130"}],"collection":[{"href":"http:\/\/web.muniolleroshuarochiri.gob.pe\/portal\/wp-json\/wp\/v2\/pages"}],"about":[{"href":"http:\/\/web.muniolleroshuarochiri.gob.pe\/portal\/wp-json\/wp\/v2\/types\/page"}],"author":[{"embeddable":true,"href":"http:\/\/web.muniolleroshuarochiri.gob.pe\/portal\/wp-json\/wp\/v2\/users\/9"}],"replies":[{"embeddable":true,"href":"http:\/\/web.muniolleroshuarochiri.gob.pe\/portal\/wp-json\/wp\/v2\/comments?post=10130"}],"version-history":[{"count":6,"href":"http:\/\/web.muniolleroshuarochiri.gob.pe\/portal\/wp-json\/wp\/v2\/pages\/10130\/revisions"}],"predecessor-version":[{"id":11087,"href":"http:\/\/web.muniolleroshuarochiri.gob.pe\/portal\/wp-json\/wp\/v2\/pages\/10130\/revisions\/11087"}],"wp:attachment":[{"href":"http:\/\/web.muniolleroshuarochiri.gob.pe\/portal\/wp-json\/wp\/v2\/media?parent=10130"}],"curies":[{"name":"wp","href":"https:\/\/api.w.org\/{rel}","templated":true}]}}