{"id":10133,"date":"2025-11-04T22:23:14","date_gmt":"2025-11-04T22:23:14","guid":{"rendered":"https:\/\/web.muniolleroshuarochiri.gob.pe\/portal\/?page_id=10133"},"modified":"2025-12-02T19:37:26","modified_gmt":"2025-12-02T19:37:26","slug":"unidad-de-imagen-institucional","status":"publish","type":"page","link":"http:\/\/web.muniolleroshuarochiri.gob.pe\/portal\/unidad-de-imagen-institucional\/","title":{"rendered":"Unidad de Imagen Institucional"},"content":{"rendered":"<section class=\"wpb-content-wrapper\"><section class=\"l-section wpb_row height_medium\"><div class=\"l-section-h i-cf\"><div class=\"g-cols vc_row type_default valign_top\"><div class=\"vc_col-sm-12 wpb_column vc_column_container\"><div class=\"vc_column-inner\"><div class=\"wpb_wrapper\">[vc_empty_space height=\u00bb150px\u00bb]<\/div><\/div><\/div><\/div><\/div><\/section><section class=\"l-section wpb_row height_medium\"><div class=\"l-section-h i-cf\"><div class=\"g-cols vc_row type_default valign_top\"><div class=\"vc_col-sm-12 wpb_column vc_column_container\"><div class=\"vc_column-inner\"><div class=\"wpb_wrapper\"><h3 class=\"w-post-elm post_title us_custom_6549b382 entry-title color_link_inherit has_text_color\">Unidad de Imagen Institucional<\/h3><\/div><\/div><\/div><\/div><\/div><\/section><section class=\"l-section wpb_row us_custom_1f64da91 height_medium\"><div class=\"l-section-h i-cf\"><div class=\"g-cols vc_row type_default valign_top\"><div class=\"vc_col-sm-8 wpb_column vc_column_container\"><div class=\"vc_column-inner\"><div class=\"wpb_wrapper\"><div class=\"wpb_text_column\" ><div class=\"wpb_wrapper\"><p>La Unidad de Imagen Institucional es un \u00f3rgano de apoyo y asesoramiento del Gobierno Local, tiene como objetivo planificar, ejecutar, coordinar, controlar la buena imagen institucional y fortaleciendo las relaciones externas de la municipalidad, as\u00ed como comunicar e informar a los ciudadanos y a los miembros de la Municipalidad sobre los asuntos de la gesti\u00f3n municipal a trav\u00e9s de distintos medios y canales para hacerles llegar los mensajes en forma oportuna y eficaz, est\u00e1 a cargo de un Servidor P\u00fablico que depende funcional y administrativamente de la Secretar\u00eda General.<\/p>\n<\/div><\/div>[vc_empty_space]<h2 class=\"w-text\"><span class=\"w-text-h\"><i class=\"far fa-users\"><\/i><span class=\"w-text-value\">Sus funciones son las siguientes:<\/span><\/span><\/h2><div class=\"wpb_text_column\" ><div class=\"wpb_wrapper\"><div class=\"WaaZC\">\n<div class=\"RJPOee EIJn2\"><\/div>\n<\/div>\n<div class=\"WaaZC\">\n<div class=\"RJPOee EIJn2\">\n<ol style=\"text-align: justify;\">\n<li class=\"rPeykc\" data-hveid=\"CA0QAQ\" data-ved=\"2ahUKEwiR9uGNxNmQAxUGr5UCHevJDmQQo_EKegQIDRAB\"><span data-huuid=\"12378762357014986494\">Elaborar y ejecutar el Plan Operativo Institucional correspondiente a la Unidad Org\u00e1nica, disponiendo eficiente y eficazmente de los recursos econ\u00f3micos, materiales y equipos asignados.<\/span><\/li>\n<li class=\"rPeykc\" data-hveid=\"CA0QAQ\" data-ved=\"2ahUKEwiR9uGNxNmQAxUGr5UCHevJDmQQo_EKegQIDRAB\"><span data-huuid=\"12378762357014986632\">Planificar, organizar, dirigir y controlar las ceremonias, actos oficiales y protocolares, que se realizan en la Municipalidad en las que intervienen los miembros del Concejo Municipal o el Alcalde.<\/span><\/li>\n<li class=\"rPeykc\" data-hveid=\"CA0QAQ\" data-ved=\"2ahUKEwiR9uGNxNmQAxUGr5UCHevJDmQQo_EKegQIDRAB\"><span data-huuid=\"12378762357014982674\">Planificar, organizar, dirigir y controlar las actividades de comunicaci\u00f3n social, programas y campa\u00f1as de difusi\u00f3n y publicaci\u00f3n de los actos y resultados de la gesti\u00f3n de la Municipalidad.<\/span><\/li>\n<li class=\"rPeykc\" data-hveid=\"CA0QAQ\" data-ved=\"2ahUKEwiR9uGNxNmQAxUGr5UCHevJDmQQo_EKegQIDRAB\"><span data-huuid=\"12378762357014982812\">Planificar, organizar, dirigir y controlar las acciones de difusi\u00f3n de la imagen institucional en consecuencia con las pol\u00edticas impartidas por la Alta Direcci\u00f3n.<\/span><\/li>\n<\/ol>\n<\/div>\n<\/div>\n<\/div><\/div><\/div><\/div><\/div><div class=\"vc_col-sm-4 wpb_column vc_column_container\"><div class=\"vc_column-inner\"><div class=\"wpb_wrapper\"><div class=\"ult-team-member-wrap ult-style-1  \"><div class=\"ult-team-member-image\" style=\"\"> <img class=\"\" src=\"http:\/\/web.muniolleroshuarochiri.gob.pe\/portal\/wp-content\/uploads\/2025\/12\/Inge.Vicente.png\" alt=\"null\"  style=\"\"><span class=\"ult-team-member-image-overlay \"  ><\/span><\/div><div class=\"ult-team-member-bio-wrap style-1 ultimate-heading69e3517744b8c\" style=\"text-align:center;; \"><div class=\"ult-team-member-name-wrap\"><h2 class=\"ult-team-member-name ult-responsive\"  data-ultimate-target='.ult-team-member-bio-wrap.ultimate-heading69e3517744b8c .ult-team-member-name'  data-responsive-json-new='{\"font-size\":\"\",\"line-height\":\"\"}'  style=\"\">Vicente Ferrer Olivera Rudas<\/h2><div class=\"ult-team-member-position ult-responsive\"  data-ultimate-target='.ult-team-member-bio-wrap.ultimate-heading69e3517744b8c .ult-team-member-position'  data-responsive-json-new='{\"font-size\":\"\",\"line-height\":\"\"}'  style=\"\">Encargado de la Unidad de Imagen Institucional<\/div><div class=\"ult-team-member-description ult-responsive\"  data-ultimate-target='.ult-team-member-bio-wrap.ultimate-heading69e3517744b8c .ult-team-member-description'  data-responsive-json-new='{\"font-size\":\"\",\"line-height\":\"\"}'  style=\"\"><p><strong>Correo municipal<\/strong>: vicente.olivera@muniolleroshuarochiri.gob.pe<\/p><\/div><div style=\"margin-bottom:15px\"><\/div><\/div><\/div><\/div><\/div><\/div><\/div><\/div><\/div><\/section><!-- Row Backgrounds --><div class=\"upb_color\" data-bg-override=\"0\" data-bg-color=\"#f4f4f4\" data-fadeout=\"\" data-fadeout-percentage=\"30\" data-parallax-content=\"\" data-parallax-content-sense=\"30\" data-row-effect-mobile-disable=\"true\" data-img-parallax-mobile-disable=\"true\" data-rtl=\"false\"  data-custom-vc-row=\"\"  data-vc=\"6.11.0\"  data-is_old_vc=\"\"  data-theme-support=\"\"   data-overlay=\"false\" data-overlay-color=\"\" data-overlay-pattern=\"\" data-overlay-pattern-opacity=\"\" data-overlay-pattern-size=\"\"    ><\/div><section class=\"l-section wpb_row height_medium\"><div class=\"l-section-h i-cf\"><div class=\"g-cols vc_row type_default valign_top\"><div class=\"vc_col-sm-6 wpb_column vc_column_container\"><div class=\"vc_column-inner\"><div class=\"wpb_wrapper\"><div class=\"wpb_text_column\" ><div class=\"wpb_wrapper\"><ol style=\"text-align: justify;\" start=\"5\">\n<li>\n<div class=\"rPeykc\" data-hveid=\"CA0QAQ\" data-ved=\"2ahUKEwiR9uGNxNmQAxUGr5UCHevJDmQQo_EKegQIDRAB\"><span data-huuid=\"12378762357014982950\">Coordinar y controlar las acciones de informaci\u00f3n, comunicaci\u00f3n, publicidad y relaciones p\u00fablicas al interior y exterior de la Municipalidad.<\/span><\/div>\n<\/li>\n<li>\n<div class=\"rPeykc\" data-hveid=\"CA0QAQ\" data-ved=\"2ahUKEwiR9uGNxNmQAxUGr5UCHevJDmQQo_EKegQIDRAB\"><span data-huuid=\"12378762357014983088\">Planificar, organizar, dirigir y controlar las actividades relacionadas con la edici\u00f3n de las publicaciones internas y externas que mantengan comunicados a los miembros de la Municipalidad con la ciudadan\u00eda.<\/span><\/div>\n<div data-hveid=\"CA0QAQ\" data-ved=\"2ahUKEwiR9uGNxNmQAxUGr5UCHevJDmQQo_EKegQIDRAB\"><\/div>\n<\/li>\n<li>\n<div data-hveid=\"CA0QAQ\" data-ved=\"2ahUKEwiR9uGNxNmQAxUGr5UCHevJDmQQo_EKegQIDRAB\"><span data-huuid=\"3784733986049234984\">Planificar, organizar, dirigir y controlar las actividades relacionadas con la edici\u00f3n de res\u00famenes de informaciones period\u00edsticas y otros que permitan a los miembros de la instituci\u00f3n un conocimiento m\u00e1s amplio de la realidad pol\u00edtica, social, econ\u00f3mica y cultural de nuestra ciudad, as\u00ed como de las necesidades y aspiraciones de los ciudadanos que deben ser atendidos por la Municipalidad.<\/span><\/div>\n<\/li>\n<li>\n<div data-hveid=\"CA0QAQ\" data-ved=\"2ahUKEwiR9uGNxNmQAxUGr5UCHevJDmQQo_EKegQIDRAB\"><span data-huuid=\"3784733986049233642\">Coordinar con la Secretar\u00eda General y Tr\u00e1mite Documentario las sesiones solemnes del Concejo Distrital.<\/span><\/div>\n<\/li>\n<li>\n<div data-hveid=\"CA0QAQ\" data-ved=\"2ahUKEwiR9uGNxNmQAxUGr5UCHevJDmQQo_EKegQIDRAB\"><span data-huuid=\"3784733986049236396\">Establecer y conservar v\u00ednculos para una comunicaci\u00f3n y coordinaci\u00f3n permanente con las diversas entidades p\u00fablicas y privadas con las cuales la Municipalidad mantiene relaciones funcionales o protocolares.<\/span><\/div>\n<\/li>\n<\/ol>\n<\/div><\/div><\/div><\/div><\/div><div class=\"vc_col-sm-6 wpb_column vc_column_container\"><div class=\"vc_column-inner\"><div class=\"wpb_wrapper\"><div class=\"wpb_text_column\" ><div class=\"wpb_wrapper\"><ol style=\"text-align: justify;\" start=\"10\">\n<li>\n<div data-hveid=\"CA0QAQ\" data-ved=\"2ahUKEwiR9uGNxNmQAxUGr5UCHevJDmQQo_EKegQIDRAB\"><span data-huuid=\"3784733986049235054\">Propiciar y mantener estrecha comunicaci\u00f3n con organizaciones de la poblaci\u00f3n, instituciones c\u00edvicas y tutelares con las municipalidades de todo el pa\u00eds.<\/span><\/div>\n<\/li>\n<li>\n<div data-hveid=\"CA0QAQ\" data-ved=\"2ahUKEwiR9uGNxNmQAxUGr5UCHevJDmQQo_EKegQIDRAB\"><span data-huuid=\"3784733986049233712\">Convocar a los actos y ceremonias protocolares que se organizan.<\/span><\/div>\n<\/li>\n<li><span data-huuid=\"13300634778453351519\">Informar al Alcalde sobre el desarrollo de los proyectos, programas y actividades y sobre las noticias de prensa m\u00e1s importantes y que conciernen a la Municipalidad Distrital de Santo Domingo de los Olleros.<br \/>\n<\/span><\/li>\n<li><span data-huuid=\"13300634778453351519\">Monitorear las consultas del vecino efectuadas a trav\u00e9s del portal.<\/span><\/li>\n<li><span data-huuid=\"13300634778453351519\">Mantener actualizado el archivo de prensa y su respectiva administraci\u00f3n, registro en video, fotograf\u00edas y prensa.<br \/>\n<\/span><\/li>\n<li><span data-huuid=\"13300634778453351519\">Emitir notas de prensa oficiales relacionados con la gesti\u00f3n municipal.<br \/>\n<\/span><\/li>\n<li><span data-huuid=\"13300634778453351519\">Mantener el registro actualizado de las entidades oficiales, personal representativo y otros datos de inter\u00e9s en cumplimiento de sus funciones.<br \/>\n<\/span><\/li>\n<li><span data-huuid=\"13300634778453351519\">Organizar y coordinar la asistencia del Alcalde o su representante a los actos oficiales o actividades en las que corresponde participar a la Municipalidad.<\/span><\/li>\n<\/ol>\n<\/div><\/div><\/div><\/div><\/div><\/div><\/div><\/section><section class=\"l-section wpb_row height_medium\"><div class=\"l-section-h i-cf\"><div class=\"g-cols vc_row type_default valign_top\"><div class=\"vc_col-sm-12 wpb_column vc_column_container\"><div class=\"vc_column-inner\"><div class=\"wpb_wrapper\"><div class=\"wpb_text_column\" ><div class=\"wpb_wrapper\"><ol style=\"text-align: justify;\" start=\"18\">\n<li><span data-huuid=\"13300634778453351519\">Monitorear las actividades a ejecutarse y coadyuvar al \u00e9xito de la programaci\u00f3n de actividades sociales, culturales y filantr\u00f3picas que se desarrollen en el Distrito.<br \/>\n<\/span><\/li>\n<li><span data-huuid=\"13300634778453351519\">Mantener actualizado la informaci\u00f3n del portal web en coordinaci\u00f3n con las dem\u00e1s unidades org\u00e1nicas competentes.<br \/>\n<\/span><\/li>\n<li><span data-huuid=\"13300634778453351519\">Coordinar con otras instituciones para la realizaci\u00f3n de actividades, eventos y actos protocolares.<br \/>\n<\/span><\/li>\n<li><span data-huuid=\"13300634778453351519\">Representar a la Municipalidad ante organismos internos y externos para la coordinaci\u00f3n de las actividades correspondientes al \u00e1mbito de su competencia.<br \/>\n<\/span><\/li>\n<li><span data-huuid=\"13300634778453351519\">Coordinar con las unidades competentes las campa\u00f1as publicitarias, programas sociales, programas preventivos de salud, recaudaci\u00f3n tributaria, entre otros.<br \/>\n<\/span><\/li>\n<li><span data-huuid=\"13300634778453351519\">Difundir internamente a todo el personal sobre informaci\u00f3n de la gesti\u00f3n municipal en todos sus niveles.<br \/>\n<\/span><\/li>\n<li><span data-huuid=\"13300634778453351519\">Editar y publicar boletines, revistas y otros medios de difusi\u00f3n para informar sobre las actividades de la Municipalidad.<\/span><\/li>\n<\/ol>\n<\/div><\/div><\/div><\/div><\/div><\/div><\/div><\/section>\n<\/section>","protected":false},"excerpt":{"rendered":"[vc_empty_space height=\"150px\"]Unidad de Imagen InstitucionalLa Unidad de Imagen Institucional es un \u00f3rgano de apoyo y asesoramiento del Gobierno Local, tiene como objetivo planificar, ejecutar, coordinar, controlar la buena imagen institucional y fortaleciendo las relaciones externas de la municipalidad, as\u00ed como comunicar e informar a los ciudadanos y a los miembros de la Municipalidad sobre los...","protected":false},"author":9,"featured_media":0,"parent":0,"menu_order":0,"comment_status":"closed","ping_status":"closed","template":"","meta":[],"acf":[],"_links":{"self":[{"href":"http:\/\/web.muniolleroshuarochiri.gob.pe\/portal\/wp-json\/wp\/v2\/pages\/10133"}],"collection":[{"href":"http:\/\/web.muniolleroshuarochiri.gob.pe\/portal\/wp-json\/wp\/v2\/pages"}],"about":[{"href":"http:\/\/web.muniolleroshuarochiri.gob.pe\/portal\/wp-json\/wp\/v2\/types\/page"}],"author":[{"embeddable":true,"href":"http:\/\/web.muniolleroshuarochiri.gob.pe\/portal\/wp-json\/wp\/v2\/users\/9"}],"replies":[{"embeddable":true,"href":"http:\/\/web.muniolleroshuarochiri.gob.pe\/portal\/wp-json\/wp\/v2\/comments?post=10133"}],"version-history":[{"count":7,"href":"http:\/\/web.muniolleroshuarochiri.gob.pe\/portal\/wp-json\/wp\/v2\/pages\/10133\/revisions"}],"predecessor-version":[{"id":11090,"href":"http:\/\/web.muniolleroshuarochiri.gob.pe\/portal\/wp-json\/wp\/v2\/pages\/10133\/revisions\/11090"}],"wp:attachment":[{"href":"http:\/\/web.muniolleroshuarochiri.gob.pe\/portal\/wp-json\/wp\/v2\/media?parent=10133"}],"curies":[{"name":"wp","href":"https:\/\/api.w.org\/{rel}","templated":true}]}}