{"id":10136,"date":"2025-11-04T22:25:51","date_gmt":"2025-11-04T22:25:51","guid":{"rendered":"https:\/\/web.muniolleroshuarochiri.gob.pe\/portal\/?page_id=10136"},"modified":"2025-12-02T19:39:08","modified_gmt":"2025-12-02T19:39:08","slug":"unidad-de-tecnologia-de-la-informacion","status":"publish","type":"page","link":"http:\/\/web.muniolleroshuarochiri.gob.pe\/portal\/unidad-de-tecnologia-de-la-informacion\/","title":{"rendered":"Unidad de Tecnolog\u00eda de la Informaci\u00f3n"},"content":{"rendered":"<section class=\"wpb-content-wrapper\"><section class=\"l-section wpb_row height_medium\"><div class=\"l-section-h i-cf\"><div class=\"g-cols vc_row type_default valign_top\"><div class=\"vc_col-sm-12 wpb_column vc_column_container\"><div class=\"vc_column-inner\"><div class=\"wpb_wrapper\">[vc_empty_space height=\u00bb150px\u00bb]<\/div><\/div><\/div><\/div><\/div><\/section><section class=\"l-section wpb_row height_medium\"><div class=\"l-section-h i-cf\"><div class=\"g-cols vc_row type_default valign_top\"><div class=\"vc_col-sm-12 wpb_column vc_column_container\"><div class=\"vc_column-inner\"><div class=\"wpb_wrapper\"><h3 class=\"w-post-elm post_title us_custom_6549b382 entry-title color_link_inherit has_text_color\">Unidad de Tecnolog\u00eda de la Informaci\u00f3n<\/h3><\/div><\/div><\/div><\/div><\/div><\/section><section class=\"l-section wpb_row us_custom_1f64da91 height_medium\"><div class=\"l-section-h i-cf\"><div class=\"g-cols vc_row type_default valign_top\"><div class=\"vc_col-sm-8 wpb_column vc_column_container\"><div class=\"vc_column-inner\"><div class=\"wpb_wrapper\"><div class=\"wpb_text_column\" ><div class=\"wpb_wrapper\"><p>La Unidad de Tecnolog\u00eda de la Informaci\u00f3n es la encargada de verificar, ejecutar y controlar el sistema de comunicaciones, supervisando el adecuado uso de las tecnolog\u00edas de informaci\u00f3n y de conectividad de todas las unidades org\u00e1nicas de la Municipalidad, igualmente desarrollar y mantener los sistemas inform\u00e1ticos en \u00f3ptimas condiciones, est\u00e1 a cargo de un Servidor P\u00fablico que depende funcional y administrativamente de la Gerencia Municipal.<\/p>\n<\/div><\/div>[vc_empty_space]<h2 class=\"w-text\"><span class=\"w-text-h\"><i class=\"far fa-users\"><\/i><span class=\"w-text-value\">Las funciones de la Unidad de Tecnolog\u00eda de la Informaci\u00f3n son:<\/span><\/span><\/h2><div class=\"wpb_text_column\" ><div class=\"wpb_wrapper\"><div class=\"WaaZC\">\n<div class=\"RJPOee EIJn2\">\n<ol style=\"text-align: justify;\">\n<li class=\"rPeykc\" data-hveid=\"CBcQAQ\" data-ved=\"2ahUKEwjWrNLaxNmQAxUmjZUCHYXDDLwQo_EKegQIFxAB\"><span data-huuid=\"2014151890111922925\">Elaborar y ejecutar el Plan Operativo Institucional correspondiente a la Unidad Org\u00e1nica, disponiendo eficiente y eficazmente de los recursos econ\u00f3micos, materiales y equipos asignados.<\/span><\/li>\n<li class=\"rPeykc\" data-hveid=\"CBcQAQ\" data-ved=\"2ahUKEwjWrNLaxNmQAxUmjZUCHYXDDLwQo_EKegQIFxAB\"><span data-huuid=\"2014151890111925811\">Planificar, organizar, dirigir y coordinar las actividades para desarrollar adecuadamente el uso de las tecnolog\u00edas de informaci\u00f3n y de conectividad.<\/span><\/li>\n<li class=\"rPeykc\" data-hveid=\"CBcQAQ\" data-ved=\"2ahUKEwjWrNLaxNmQAxUmjZUCHYXDDLwQo_EKegQIFxAB\"><span data-huuid=\"2014151890111924601\">Planificar, organizar, dirigir y controlar el desarrollo de sistemas inform\u00e1ticos para la gesti\u00f3n de la Municipalidad.<\/span><\/li>\n<li class=\"rPeykc\" data-hveid=\"CBcQAQ\" data-ved=\"2ahUKEwjWrNLaxNmQAxUmjZUCHYXDDLwQo_EKegQIFxAB\"><span data-huuid=\"2014151890111923391\">Organizar, dirigir y controlar los sistemas de comunicaci\u00f3n en la red inform\u00e1tica municipal, desarrollando los sistemas de Intranet, Internet, Extranet u otros que determine el avance tecnol\u00f3gico y facilite la prestaci\u00f3n de servicios y la comunicaci\u00f3n con los ciudadanos.<\/span><\/li>\n<li class=\"rPeykc\" data-hveid=\"CBcQAQ\" data-ved=\"2ahUKEwjWrNLaxNmQAxUmjZUCHYXDDLwQo_EKegQIFxAB\"><span data-huuid=\"2014151890111922181\">Planificar, organizar, dirigir y controlar las acciones relacionadas con la administraci\u00f3n y seguridad de las redes y base de datos de informaci\u00f3n de la gesti\u00f3n Municipal.<\/span><\/li>\n<\/ol>\n<\/div>\n<\/div>\n<\/div><\/div><\/div><\/div><\/div><div class=\"vc_col-sm-4 wpb_column vc_column_container\"><div class=\"vc_column-inner\"><div class=\"wpb_wrapper\"><div class=\"ult-team-member-wrap ult-style-1  \"><div class=\"ult-team-member-image\" style=\"\"> <img class=\"\" src=\"http:\/\/web.muniolleroshuarochiri.gob.pe\/portal\/wp-content\/uploads\/2025\/12\/Inge.Vicente.png\" alt=\"null\"  style=\"\"><span class=\"ult-team-member-image-overlay \"  ><\/span><\/div><div class=\"ult-team-member-bio-wrap style-1 ultimate-heading69e3664e7969c\" style=\"text-align:center;; \"><div class=\"ult-team-member-name-wrap\"><h2 class=\"ult-team-member-name ult-responsive\"  data-ultimate-target='.ult-team-member-bio-wrap.ultimate-heading69e3664e7969c .ult-team-member-name'  data-responsive-json-new='{\"font-size\":\"\",\"line-height\":\"\"}'  style=\"\">Vicente Ferrer Olivera Rudas<\/h2><div class=\"ult-team-member-position ult-responsive\"  data-ultimate-target='.ult-team-member-bio-wrap.ultimate-heading69e3664e7969c .ult-team-member-position'  data-responsive-json-new='{\"font-size\":\"\",\"line-height\":\"\"}'  style=\"\">Encargado de la Unidad de Tecnolog\u00eda de la Informaci\u00f3n<\/div><div class=\"ult-team-member-description ult-responsive\"  data-ultimate-target='.ult-team-member-bio-wrap.ultimate-heading69e3664e7969c .ult-team-member-description'  data-responsive-json-new='{\"font-size\":\"\",\"line-height\":\"\"}'  style=\"\"><p><strong>Correo municipal<\/strong>: vicente.olivera@muniolleroshuarochiri.gob.pe<\/p><\/div><div style=\"margin-bottom:15px\"><\/div><\/div><\/div><\/div><\/div><\/div><\/div><\/div><\/div><\/section><!-- Row Backgrounds --><div class=\"upb_color\" data-bg-override=\"0\" data-bg-color=\"#f4f4f4\" data-fadeout=\"\" data-fadeout-percentage=\"30\" data-parallax-content=\"\" data-parallax-content-sense=\"30\" data-row-effect-mobile-disable=\"true\" data-img-parallax-mobile-disable=\"true\" data-rtl=\"false\"  data-custom-vc-row=\"\"  data-vc=\"6.11.0\"  data-is_old_vc=\"\"  data-theme-support=\"\"   data-overlay=\"false\" data-overlay-color=\"\" data-overlay-pattern=\"\" data-overlay-pattern-opacity=\"\" data-overlay-pattern-size=\"\"    ><\/div><section class=\"l-section wpb_row height_medium\"><div class=\"l-section-h i-cf\"><div class=\"g-cols vc_row type_default valign_top\"><div class=\"vc_col-sm-6 wpb_column vc_column_container\"><div class=\"vc_column-inner\"><div class=\"wpb_wrapper\"><div class=\"wpb_text_column\" ><div class=\"wpb_wrapper\"><ol style=\"text-align: justify;\" start=\"6\">\n<li class=\"rPeykc\" data-hveid=\"CA8QAQ\" data-ved=\"2ahUKEwi7gYeQi9mQAxXRE7kGHVbRMoMQo_EKegQIDxAB\"><span data-huuid=\"9014114500577034881\">Mantener actualizado el inventario de equipos, aplicaciones y programas de tecnolog\u00edas de informaci\u00f3n, licencias de uso y de conectividad.<br \/>\n<\/span><\/li>\n<li class=\"rPeykc\" data-hveid=\"CA8QAQ\" data-ved=\"2ahUKEwi7gYeQi9mQAxXRE7kGHVbRMoMQo_EKegQIDxAB\"><span data-huuid=\"9014114500577034881\">Proponer y coordinar las acciones pertinentes para el desarrollo de programas de capacitaci\u00f3n en materia de inform\u00e1tica.<br \/>\n<\/span><\/li>\n<li class=\"rPeykc\" data-hveid=\"CA8QAQ\" data-ved=\"2ahUKEwi7gYeQi9mQAxXRE7kGHVbRMoMQo_EKegQIDxAB\"><span data-huuid=\"9014114500577034881\">Monitorear las consultas del vecino efectuadas a trav\u00e9s del portal en coordinaci\u00f3n de la Unidad de Imagen Institucional.<br \/>\n<\/span><\/li>\n<li class=\"rPeykc\" data-hveid=\"CA8QAQ\" data-ved=\"2ahUKEwi7gYeQi9mQAxXRE7kGHVbRMoMQo_EKegQIDxAB\"><span data-huuid=\"9014114500577034881\">Planificar, organizar, dirigir y controlar el mantenimiento preventivo y correctivo de los equipos, sistemas y redes inform\u00e1ticos de la municipalidad, considerando las normas de la Municipalidad y disposiciones legales vigentes.<br \/>\n<\/span><\/li>\n<li class=\"rPeykc\" data-hveid=\"CA8QAQ\" data-ved=\"2ahUKEwi7gYeQi9mQAxXRE7kGHVbRMoMQo_EKegQIDxAB\"><span data-huuid=\"9014114500577034881\">Difundir internamente a todo el personal sobre informaci\u00f3n de la gesti\u00f3n municipal en todos sus niveles.<br \/>\n<\/span><\/li>\n<li class=\"rPeykc\" data-hveid=\"CA8QAQ\" data-ved=\"2ahUKEwi7gYeQi9mQAxXRE7kGHVbRMoMQo_EKegQIDxAB\"><span data-huuid=\"9014114500577034881\">Editar y publicar boletines, revistas y otros medios de difusi\u00f3n para informar sobre las actividades de la Municipalidad.<br \/>\n<\/span><\/li>\n<li class=\"rPeykc\" data-hveid=\"CA8QAQ\" data-ved=\"2ahUKEwi7gYeQi9mQAxXRE7kGHVbRMoMQo_EKegQIDxAB\"><span data-huuid=\"9014114500577034881\">Elaborar, proponer e implementar la metodolog\u00eda y normas est\u00e1ndar para el desarrollo y mantenimiento de aplicaciones del sistema inform\u00e1tico municipal.<br \/>\n<\/span><\/li>\n<li class=\"rPeykc\" data-hveid=\"CA8QAQ\" data-ved=\"2ahUKEwi7gYeQi9mQAxXRE7kGHVbRMoMQo_EKegQIDxAB\"><span data-huuid=\"9014114500577034881\">Coordinar con los funcionarios y responsables de las actividades y proyectos de gesti\u00f3n municipal, las necesidades de desarrollo, as\u00ed como brindarles asesoramiento que corresponda en materia inform\u00e1tica.<\/span><\/li>\n<\/ol>\n<\/div><\/div><\/div><\/div><\/div><div class=\"vc_col-sm-6 wpb_column vc_column_container\"><div class=\"vc_column-inner\"><div class=\"wpb_wrapper\"><div class=\"wpb_text_column\" ><div class=\"wpb_wrapper\"><ol style=\"text-align: justify;\" start=\"14\">\n<li>\n<div class=\"rPeykc\" data-hveid=\"CBcQAQ\" data-ved=\"2ahUKEwjWrNLaxNmQAxUmjZUCHYXDDLwQo_EKegQIFxAB\"><span data-huuid=\"2014151890111923579\">Representar a la Municipalidad ante el Instituto Nacional de Estad\u00edstica e Inform\u00e1tica, como \u00f3rgano rector del Sistema Nacional de Inform\u00e1tica, y coordinar el desarrollo y consolidaci\u00f3n del Sistema Inform\u00e1tico.<\/span><\/div>\n<\/li>\n<li>\n<div class=\"rPeykc\" data-hveid=\"CBcQAQ\" data-ved=\"2ahUKEwjWrNLaxNmQAxUmjZUCHYXDDLwQo_EKegQIFxAB\"><span data-huuid=\"2014151890111922369\">Participar en la configuraci\u00f3n y formulaci\u00f3n de especificaciones t\u00e9cnicas de la infraestructura sobre la que se instala los equipos de c\u00f3mputo, as\u00ed como en las adquisiciones de sistemas inform\u00e1ticos.<\/span><\/div>\n<\/li>\n<li>\n<div class=\"rPeykc\" data-hveid=\"CBcQAQ\" data-ved=\"2ahUKEwjWrNLaxNmQAxUmjZUCHYXDDLwQo_EKegQIFxAB\"><span data-huuid=\"2014151890111925255\">Investigar, desarrollar e implementar sistemas de informaci\u00f3n para facilitar la gesti\u00f3n corporativa de la Municipalidad.<\/span><\/div>\n<div data-hveid=\"CBcQAQ\" data-ved=\"2ahUKEwjWrNLaxNmQAxUmjZUCHYXDDLwQo_EKegQIFxAB\"><\/div>\n<\/li>\n<li>\n<div data-hveid=\"CBcQAQ\" data-ved=\"2ahUKEwjWrNLaxNmQAxUmjZUCHYXDDLwQo_EKegQIFxAB\"><span data-huuid=\"9191152349531423191\">Ejecutar el resguardo de la informaci\u00f3n de los diferentes sistemas de la Corporaci\u00f3n Municipal, realizando back up de periodicidad mensual, cuya custodia deber\u00e1 estar a cargo de una entidad financiera.<\/span><\/div>\n<\/li>\n<li>\n<div data-hveid=\"CBcQAQ\" data-ved=\"2ahUKEwjWrNLaxNmQAxUmjZUCHYXDDLwQo_EKegQIFxAB\"><span data-huuid=\"9191152349531424189\">Elaborar el Plan de Contingencias de Inform\u00e1tica en todos sus niveles.<\/span><\/div>\n<\/li>\n<li>\n<div data-hveid=\"CBcQAQ\" data-ved=\"2ahUKEwjWrNLaxNmQAxUmjZUCHYXDDLwQo_EKegQIFxAB\"><span data-huuid=\"9191152349531425187\">Dise\u00f1ar y elaborar el Plan anual de sistematizaci\u00f3n e inform\u00e1tica de la Municipalidad.<\/span><\/div>\n<\/li>\n<li>\n<div data-hveid=\"CBcQAQ\" data-ved=\"2ahUKEwjWrNLaxNmQAxUmjZUCHYXDDLwQo_EKegQIFxAB\"><span data-huuid=\"9191152349531426185\">Otras funciones que se le asigne la Gerencia Municipal de acuerdo a sus competencias en concordancia con la Ley Org\u00e1nica de Municipalidades.<\/span><\/div>\n<\/li>\n<\/ol>\n<\/div><\/div><\/div><\/div><\/div><\/div><\/div><\/section>\n<\/section>","protected":false},"excerpt":{"rendered":"[vc_empty_space height=\"150px\"]Unidad de Tecnolog\u00eda de la Informaci\u00f3nLa Unidad de Tecnolog\u00eda de la Informaci\u00f3n es la encargada de verificar, ejecutar y controlar el sistema de comunicaciones, supervisando el adecuado uso de las tecnolog\u00edas de informaci\u00f3n y de conectividad de todas las unidades org\u00e1nicas de la Municipalidad, igualmente desarrollar y mantener los sistemas inform\u00e1ticos en \u00f3ptimas condiciones,...","protected":false},"author":9,"featured_media":0,"parent":0,"menu_order":0,"comment_status":"closed","ping_status":"closed","template":"","meta":[],"acf":[],"_links":{"self":[{"href":"http:\/\/web.muniolleroshuarochiri.gob.pe\/portal\/wp-json\/wp\/v2\/pages\/10136"}],"collection":[{"href":"http:\/\/web.muniolleroshuarochiri.gob.pe\/portal\/wp-json\/wp\/v2\/pages"}],"about":[{"href":"http:\/\/web.muniolleroshuarochiri.gob.pe\/portal\/wp-json\/wp\/v2\/types\/page"}],"author":[{"embeddable":true,"href":"http:\/\/web.muniolleroshuarochiri.gob.pe\/portal\/wp-json\/wp\/v2\/users\/9"}],"replies":[{"embeddable":true,"href":"http:\/\/web.muniolleroshuarochiri.gob.pe\/portal\/wp-json\/wp\/v2\/comments?post=10136"}],"version-history":[{"count":8,"href":"http:\/\/web.muniolleroshuarochiri.gob.pe\/portal\/wp-json\/wp\/v2\/pages\/10136\/revisions"}],"predecessor-version":[{"id":11091,"href":"http:\/\/web.muniolleroshuarochiri.gob.pe\/portal\/wp-json\/wp\/v2\/pages\/10136\/revisions\/11091"}],"wp:attachment":[{"href":"http:\/\/web.muniolleroshuarochiri.gob.pe\/portal\/wp-json\/wp\/v2\/media?parent=10136"}],"curies":[{"name":"wp","href":"https:\/\/api.w.org\/{rel}","templated":true}]}}