{"id":1200,"date":"2021-02-07T00:42:24","date_gmt":"2021-02-07T00:42:24","guid":{"rendered":"https:\/\/muniolleroshuarochiri.gob.pe\/?page_id=1200"},"modified":"2026-03-24T20:25:20","modified_gmt":"2026-03-24T20:25:20","slug":"planos-de-distrito","status":"publish","type":"page","link":"http:\/\/web.muniolleroshuarochiri.gob.pe\/portal\/planos-de-distrito\/","title":{"rendered":"Planos del distrito"},"content":{"rendered":"<section class=\"wpb-content-wrapper\"><section class=\"l-section wpb_row us_custom_79bc9302 height_medium with_img\"><div class=\"l-section-img\" style=\"background-image: url(http:\/\/web.muniolleroshuarochiri.gob.pe\/portal\/wp-content\/uploads\/2023\/02\/cabeceras.jpg);background-position: bottom right;background-repeat: no-repeat;background-size: auto;\" data-img-width=\"1930\" data-img-height=\"310\"><\/div><div class=\"l-section-h i-cf\"><div class=\"g-cols vc_row type_default valign_top\"><div class=\"vc_col-sm-6 wpb_column vc_column_container has_text_color\"><div class=\"vc_column-inner us_custom_6df4bc3a\"><div class=\"wpb_wrapper\"><div id=\"ultimate-heading-917769e73c43c10f4\" class=\"uvc-heading ult-adjust-bottom-margin ultimate-heading-917769e73c43c10f4 uvc-5629 \" data-hspacer=\"no_spacer\"  data-halign=\"left\" style=\"text-align:left\"><div class=\"uvc-heading-spacer no_spacer\" style=\"top\"><\/div><div class=\"uvc-main-heading ult-responsive\"  data-ultimate-target='.uvc-heading.ultimate-heading-917769e73c43c10f4 h1'  data-responsive-json-new='{\"font-size\":\"\",\"line-height\":\"\"}' ><h1 style=\"font-weight:bold;color:#024997;\">Planos del Distrito<\/h1><\/div><\/div><ol class=\"g-breadcrumbs us_custom_65994baf separator_icon align_left has_text_color\" itemscope itemtype=\"http:\/\/schema.org\/BreadcrumbList\"><li class=\"g-breadcrumbs-item\" itemprop=\"itemListElement\" itemscope itemtype=\"http:\/\/schema.org\/ListItem\"><a itemprop=\"item\" href=\"http:\/\/web.muniolleroshuarochiri.gob.pe\/portal\/\"><span itemprop=\"name\">Inicio<\/span><\/a><meta itemprop=\"position\" content=\"1\"\/><\/li><li class=\"g-breadcrumbs-separator\"><i class=\"far fa-angle-right\"><\/i><\/li><li class=\"g-breadcrumbs-item\">P\u00e1ginas<\/li><\/ol><\/div><\/div><\/div><div class=\"vc_col-sm-6 wpb_column vc_column_container\"><div class=\"vc_column-inner\"><div class=\"wpb_wrapper\"><\/div><\/div><\/div><\/div><\/div><\/section><section class=\"l-section wpb_row us_custom_47d41236 height_small\"><div class=\"l-section-h i-cf\"><div class=\"g-cols vc_row type_default valign_top\"><div class=\"vc_col-sm-12 wpb_column vc_column_container has_text_color\"><div class=\"vc_column-inner us_custom_dcd1bffd\"><div class=\"wpb_wrapper\"><div id=\"ultimate-heading-813369e73c43c1aa0\" class=\"uvc-heading ult-adjust-bottom-margin ultimate-heading-813369e73c43c1aa0 uvc-3036 \" data-hspacer=\"no_spacer\"  data-halign=\"center\" style=\"text-align:center\"><div class=\"uvc-heading-spacer no_spacer\" style=\"top\"><\/div><div class=\"uvc-main-heading ult-responsive\"  data-ultimate-target='.uvc-heading.ultimate-heading-813369e73c43c1aa0 h2'  data-responsive-json-new='{\"font-size\":\"desktop:36px;\",\"line-height\":\"\"}' ><h2 style=\"font-weight:normal;\">Vamos Olleros por el gran cambio<\/h2><\/div><\/div><\/div><\/div><\/div><\/div><\/div><\/section><section class=\"l-section wpb_row height_medium\"><div class=\"l-section-h i-cf\"><div class=\"g-cols vc_row type_default valign_top\"><div class=\"vc_col-sm-3 vc_hidden-sm vc_hidden-xs wpb_column vc_column_container has_text_color\"><div class=\"vc_column-inner us_custom_8b3d6790\"><div class=\"wpb_wrapper\">[vc_wp_custommenu nav_menu=\u00bb7&#8243; title=\u00bbDistrito\u00bb]<\/div><\/div><\/div><div class=\"vc_col-sm-9 wpb_column vc_column_container\"><div class=\"vc_column-inner\"><div class=\"wpb_wrapper\"><div id=\"ultimate-heading-193169e73c43c1cfc\" class=\"uvc-heading ult-adjust-bottom-margin ultimate-heading-193169e73c43c1cfc uvc-5253 \" data-hspacer=\"no_spacer\"  data-halign=\"center\" style=\"text-align:center\"><div class=\"uvc-heading-spacer no_spacer\" style=\"top\"><\/div><div class=\"uvc-main-heading ult-responsive\"  data-ultimate-target='.uvc-heading.ultimate-heading-193169e73c43c1cfc h2'  data-responsive-json-new='{\"font-size\":\"desktop:36px;\",\"line-height\":\"\"}' ><h2 style=\"font-weight:bold;color:#ffe202;margin-bottom:20px;\">Planos del Distrito<\/h2><\/div><\/div><div class=\"w-image style_outlined align_center animate_afc\"><a href=\"http:\/\/web.muniolleroshuarochiri.gob.pe\/portal\/wp-content\/uploads\/2022\/12\/mapa-olleros2-768x424-1.jpg\" ref=\"magnificPopup\" aria-label=\"Enlace\" class=\"w-image-h\"><img width=\"768\" height=\"424\" src=\"http:\/\/web.muniolleroshuarochiri.gob.pe\/portal\/wp-content\/uploads\/2022\/12\/mapa-olleros2-768x424-1.jpg\" class=\"attachment-full size-full\" alt=\"\" decoding=\"async\" loading=\"lazy\" srcset=\"http:\/\/web.muniolleroshuarochiri.gob.pe\/portal\/wp-content\/uploads\/2022\/12\/mapa-olleros2-768x424-1.jpg 768w, http:\/\/web.muniolleroshuarochiri.gob.pe\/portal\/wp-content\/uploads\/2022\/12\/mapa-olleros2-768x424-1-300x166.jpg 300w\" sizes=\"(max-width: 768px) 100vw, 768px\" \/><\/a><\/div><div class=\"w-tabs us_custom_d2199d32 style_default switch_click accordion has_scrolling title_atleft icon_chevron iconpos_right\"><div class=\"w-tabs-sections\"><div class=\"w-tabs-sections-h\"><div class=\"w-tabs-section with_icon active\" id=\"1672061130826-6aaee912-c080\"><button aria-controls=\"content-1672061130826-6aaee912-c080\" class=\"w-tabs-section-header active\" style=\"font-size:20\"><div class=\"w-tabs-section-header-h\"><i class=\"fas fa-plus-square\"><\/i><h5 class=\"w-tabs-section-title\">Ubicaci\u00f3n<\/h5><div class=\"w-tabs-section-control\"><\/div><\/div><\/button><div class=\"w-tabs-section-content\" id=\"content-1672061130826-6aaee912-c080\" aria-expanded=\"true\"><div class=\"w-tabs-section-content-h i-cf\"><div class=\"wpb_text_column\" ><div class=\"wpb_wrapper\"><p style=\"text-align: justify;\">Se localiza en la sierra alta de la Regi\u00f3n Lima Provincias en la regi\u00f3n central andina, en el extremo sur occidental de la Provincia de Huarochir\u00ed, entre las cotas 100 m.s.n.m. y el m\u00e1s alto a 3,809. m.s.n.m. (cerro Guichuca) y en las coordenadas UTM 348, 100-8\u2019630,000 y 299,350-8\u2019661,550.<\/p>\n<p style=\"text-align: justify;\">Su Longitud: 76\u00b0 30\u2019 43\u2019\u2019 y una latitud de 12\u00b0 12\u2019 30\u2019\u2019<\/p>\n<\/div><\/div><\/div><\/div><\/div><div class=\"w-tabs-section with_icon\" id=\"1672061178723-8354e69b-ef91\"><button aria-controls=\"content-1672061178723-8354e69b-ef91\" class=\"w-tabs-section-header\" style=\"font-size:20\"><div class=\"w-tabs-section-header-h\"><i class=\"fas fa-plus-square\"><\/i><h5 class=\"w-tabs-section-title\">Sus l\u00edmites so<\/h5><div class=\"w-tabs-section-control\"><\/div><\/div><\/button><div class=\"w-tabs-section-content\" id=\"content-1672061178723-8354e69b-ef91\" aria-expanded=\"false\"><div class=\"w-tabs-section-content-h i-cf\"><div class=\"wpb_text_column\" ><div class=\"wpb_wrapper\"><ul>\n<li>Norte: distritos de San Jos\u00e9 de los Chorrillos, Antioquia y Cieneguilla.<\/li>\n<li>Este: distrito de Mariatana de la Provincia de Yauyos.<\/li>\n<li>Sur: distritos de Chilca y San Bartolo.<\/li>\n<li>Oeste: distritos de Pachacamac, Lur\u00edn, Punta Hermosa, Punta Negra y San Bartolo.<\/li>\n<\/ul>\n<\/div><\/div><\/div><\/div><\/div><div class=\"w-tabs-section with_icon\" id=\"1672061130850-d608f2db-df13\"><button aria-controls=\"content-1672061130850-d608f2db-df13\" class=\"w-tabs-section-header\" style=\"font-size:20\"><div class=\"w-tabs-section-header-h\"><i class=\"fas fa-plus-square\"><\/i><h5 class=\"w-tabs-section-title\">\u00c1rea<\/h5><div class=\"w-tabs-section-control\"><\/div><\/div><\/button><div class=\"w-tabs-section-content\" id=\"content-1672061130850-d608f2db-df13\" aria-expanded=\"false\"><div class=\"w-tabs-section-content-h i-cf\"><div class=\"wpb_text_column\" ><div class=\"wpb_wrapper\"><p style=\"text-align: justify;\">El distrito cuenta con 99,326.4999 H\u00e1s. que arroja la sumatoria de las \u00e1reas de las tres comunidades campesinas que la integran: Cucuya, Llanac y San Pedro de Matar\u00e1.<\/p>\n<p style=\"text-align: justify;\">Su territorio est\u00e1 encerrado en un pol\u00edgono irregular de 100 lados y 99 v\u00e9rtices identificados con hitos de concreto, mojones de piedra, colocados en cruce de caminos, confluencia de quebradas, en grandes rocas, en divisorias de aguas y otros accidentes geogr\u00e1ficos f\u00e1cilmente identificables. Muchos de sus tramos son rectos y otros son curvados.<\/p>\n<\/div><\/div><\/div><\/div><\/div><div class=\"w-tabs-section with_icon\" id=\"1672063605613-80239470-487b\"><button aria-controls=\"content-1672063605613-80239470-487b\" class=\"w-tabs-section-header\" style=\"font-size:20\"><div class=\"w-tabs-section-header-h\"><i class=\"fas fa-plus-square\"><\/i><h5 class=\"w-tabs-section-title\">Geograf\u00eda y v\u00edas de comunicaci\u00f3n<\/h5><div class=\"w-tabs-section-control\"><\/div><\/div><\/button><div class=\"w-tabs-section-content\" id=\"content-1672063605613-80239470-487b\" aria-expanded=\"false\"><div class=\"w-tabs-section-content-h i-cf\"><div class=\"wpb_text_column\" ><div class=\"wpb_wrapper\"><p>Santo Domingo de los Olleros cuenta con dos zonas bien definidas: zona costera y zona sierra que sumada a su ubicaci\u00f3n cercana a Lima Metropolitana y su m\u00faltiple interconexi\u00f3n vial con ella lo convierte en un Centro Urbano Rural del siglo XXI.<\/p>\n<p>Est\u00e1 llamado a convertirse en un centro agroindustrial, artesanal y tur\u00edstico, un centro dinamizador comercial y de servicios y un centro agro urbano para la instalaci\u00f3n de casas huertas para el esparcimiento recreativo de las familias.<\/p>\n<p>Tiene once carreteras que interconectan sus centros poblados:<\/p>\n<ul>\n<li>Carretera Lima-Cieneguilla-Huarochir\u00ed. Existe un desv\u00edo que se dirige al Sur desde Piedra Pato y llega al pueblo de Santo Domingo de los Olleros (capital distrital) pasando por Huasucara.<\/li>\n<li>Carretera Lima-Cieneguilla-Tinajas-Olleros que se unce a la anterior en la localidad de Huasucara.<\/li>\n<li>Carretera Chilca-Cucul\u00ed-Comalipa-Huallanchi-Olleros.<\/li>\n<li>Carretera Chilca-Cucul\u00ed-Llacallaca-Piedra Grande-Matar\u00e1-Piedra Pato-Huarochir\u00ed.<\/li>\n<li>Carretera Piedra Grande-Lahuaytambo-Chatacancha.<\/li>\n<li>Carretera San Bartola-Cruz de Hueso-Quebrada Chamaure.<\/li>\n<li>Carretera Punta Hermosa-Pampa Pacta-Pampa San Jos\u00e9-Quebrada Malanche-Macarna-Espachaquia.<\/li>\n<li>Carretera Nuevo Lur\u00edn(Km. Cuarenta)-Quebrada Pucar\u00e1-Quebrada Prieta-Bicho Prieto.<\/li>\n<li>Carretera Nuevo Lur\u00edn(Km. Cuarenta)-Quebrada L\u00facumo-San Jos\u00e9-Quebrada Malanche.<\/li>\n<li>Carretera Nuevo Lur\u00edn-Quebrada L\u00facumo-Jahuy-Pampa La Zorra.<\/li>\n<li>Carretera Pach\u00e1camac-Villa Jardin Cucuya (nuevo local municipal)-Rio Seco-Pueblo Viejo.<\/li>\n<\/ul>\n<p><img decoding=\"async\" loading=\"lazy\" class=\"alignnone wp-image-5362 size-full\" src=\"https:\/\/muniolleroshuarochiri.gob.pe\/wp-content\/uploads\/2022\/12\/mapa1-650x506-1.jpg\" alt=\"\" width=\"650\" height=\"506\" srcset=\"http:\/\/web.muniolleroshuarochiri.gob.pe\/portal\/wp-content\/uploads\/2022\/12\/mapa1-650x506-1.jpg 650w, http:\/\/web.muniolleroshuarochiri.gob.pe\/portal\/wp-content\/uploads\/2022\/12\/mapa1-650x506-1-300x234.jpg 300w\" sizes=\"(max-width: 650px) 100vw, 650px\" \/><\/p>\n<\/div><\/div><\/div><\/div><\/div><\/div><\/div><\/div><div id=\"ultimate-heading-918369e73c43c32eb\" class=\"uvc-heading ult-adjust-bottom-margin ultimate-heading-918369e73c43c32eb uvc-7660 \" data-hspacer=\"no_spacer\"  data-halign=\"center\" style=\"text-align:center\"><div class=\"uvc-heading-spacer no_spacer\" style=\"top\"><\/div><div class=\"uvc-main-heading ult-responsive\"  data-ultimate-target='.uvc-heading.ultimate-heading-918369e73c43c32eb h2'  data-responsive-json-new='{\"font-size\":\"desktop:36px;\",\"line-height\":\"\"}' ><h2 style=\"font-weight:bold;color:#ffe202;margin-top:30px;margin-bottom:20px;\">Datos Generales<\/h2><\/div><\/div><div class=\"wpb_text_column\" ><div class=\"wpb_wrapper\">\n<table id=\"tablepress-6\" class=\"tablepress tablepress-id-6\">\n<thead>\n<tr class=\"row-1 odd\">\n\t<th class=\"column-1\"><\/th><th class=\"column-2\"><\/th><th class=\"column-3\"><\/th>\n<\/tr>\n<\/thead>\n<tbody class=\"row-hover\">\n<tr class=\"row-2 even\">\n\t<td class=\"column-1\">1<\/td><td class=\"column-2\"><strong>Distrito<\/strong><\/td><td class=\"column-3\">Santo Domingo de Los Olleros<\/td>\n<\/tr>\n<tr class=\"row-3 odd\">\n\t<td class=\"column-1\">2<\/td><td class=\"column-2\"><strong>Provincia<\/strong><\/td><td class=\"column-3\">Huarochiri<\/td>\n<\/tr>\n<tr class=\"row-4 even\">\n\t<td class=\"column-1\">3<\/td><td class=\"column-2\"><strong>Regi\u00f3n<\/strong><\/td><td class=\"column-3\">Lima provincias<\/td>\n<\/tr>\n<tr class=\"row-5 odd\">\n\t<td class=\"column-1\">4<\/td><td class=\"column-2\"><strong>Departamento<\/strong><\/td><td class=\"column-3\">Lima<\/td>\n<\/tr>\n<tr class=\"row-6 even\">\n\t<td class=\"column-1\">5<\/td><td class=\"column-2\"><strong>Fecha de creaci\u00f3n como pueblo<\/strong><\/td><td class=\"column-3\">Virreinato espa\u00f1ol<\/td>\n<\/tr>\n<tr class=\"row-7 odd\">\n\t<td class=\"column-1\">6<\/td><td class=\"column-2\"><strong>Fecha de creaci\u00f3n como distrito<\/strong><\/td><td class=\"column-3\">\u00c9poca independiente<\/td>\n<\/tr>\n<tr class=\"row-8 even\">\n\t<td class=\"column-1\">7<\/td><td class=\"column-2\"><strong>Capital distrital<\/strong><\/td><td class=\"column-3\">Santo Domingo de los Olleros<\/td>\n<\/tr>\n<tr class=\"row-9 odd\">\n\t<td class=\"column-1\">8<\/td><td class=\"column-2\"><strong>Altura ciudad capital (m.s.n.m.)<\/strong><\/td><td class=\"column-3\">2693<\/td>\n<\/tr>\n<tr class=\"row-10 even\">\n\t<td class=\"column-1\">9<\/td><td class=\"column-2\"><strong>Poblaci\u00f3n censada 2007<\/strong><\/td><td class=\"column-3\">2906<\/td>\n<\/tr>\n<tr class=\"row-11 odd\">\n\t<td class=\"column-1\">10<\/td><td class=\"column-2\"><strong>Nombre del alcalde<\/strong><\/td><td class=\"column-3\">Jorge Obispo Huapaya<\/td>\n<\/tr>\n<tr class=\"row-12 even\">\n\t<td class=\"column-1\">11<\/td><td class=\"column-2\"><strong>Direcci\u00f3n<\/strong><\/td><td class=\"column-3\">Plaza de Armas S\/N, Santo Domingo de los Olleros <br \/>\n\/ Mz. E, Lote 6 A, Urb. Villa Jardin Cucuya, <br \/>\nSanto Domingo de los Olleros<\/td>\n<\/tr>\n<tr class=\"row-13 odd\">\n\t<td class=\"column-1\">12<\/td><td class=\"column-2\"><strong>Tel\u00e9fono<\/strong><\/td><td class=\"column-3\">986 161 831<\/td>\n<\/tr>\n<tr class=\"row-14 even\">\n\t<td class=\"column-1\">13<\/td><td class=\"column-2\"><strong>Correo Electr\u00f3nico<\/strong><\/td><td class=\"column-3\">alcaldia@muniolleroshuarochiri.gob.pe<\/td>\n<\/tr>\n<\/tbody>\n<\/table>\n<!-- #tablepress-6 from cache -->\n<\/div><\/div>[vc_empty_space]<div class=\"g-cols wpb_row  type_default valign_top vc_inner\"><div class=\"vc_col-sm-12 wpb_column vc_column_container\"><div class=\"vc_column-inner\"><div class=\"wpb_wrapper\">[vc_raw_html]JTNDaWZyYW1lJTIwc3JjJTNEJTIyaHR0cHMlM0ElMkYlMkZ3d3cuZ29vZ2xlLmNvbSUyRm1hcHMlMkZlbWJlZCUzRnBiJTNEJTIxMW0xOCUyMTFtMTIlMjExbTMlMjExZDM4OTkuMzg0NTY4MDAxMzglMjEyZC03Ni44NDMyNDc3MjgwOTkyJTIxM2QtMTIuMjIyMjE5ODMwMzQxODI1JTIxMm0zJTIxMWYwJTIxMmYwJTIxM2YwJTIxM20yJTIxMWkxMDI0JTIxMmk3NjglMjE0ZjEzLjElMjEzbTMlMjExbTIlMjExczB4OTEwNWJkZWY1MTRmODQ5ZiUyNTNBMHgyMTkyMTkzYTEyZWQwNjA1JTIxMnNNdW5pY2lwYWxpZGFkJTI1MjBEZSUyNTIwU2FudG8lMjUyMERvbWluZ28lMjUyMERlJTI1MjBPbGxlcm9zLiUyMTVlMCUyMTNtMiUyMTFzZXMtNDE5JTIxMnNwZSUyMTR2MTcwODcxMzIxMjU3MSUyMTVtMiUyMTFzZXMtNDE5JTIxMnNwZSUyMiUyMHdpZHRoJTNEJTIyODAwJTIyJTIwaGVpZ2h0JTNEJTIyODAwJTIyJTIwc3R5bGUlM0QlMjJib3JkZXIlM0EwJTNCJTIyJTIwYWxsb3dmdWxsc2NyZWVuJTNEJTIyJTIyJTIwbG9hZGluZyUzRCUyMmxhenklMjIlMjByZWZlcnJlcnBvbGljeSUzRCUyMm5vLXJlZmVycmVyLXdoZW4tZG93bmdyYWRlJTIyJTNFJTNDJTJGaWZyYW1lJTNF[\/vc_raw_html]<\/div><\/div><\/div><\/div><\/div><\/div><\/div><\/div><\/div><\/section>\n<\/section>","protected":false},"excerpt":{"rendered":"Planos del DistritoInicioP\u00e1ginasVamos Olleros por el gran cambio[vc_wp_custommenu nav_menu=\"7\" title=\"Distrito\"]Planos del DistritoUbicaci\u00f3nSe localiza en la sierra alta de la Regi\u00f3n Lima Provincias en la regi\u00f3n central andina, en el extremo sur occidental de la Provincia de Huarochir\u00ed, entre las cotas 100 m.s.n.m. y el m\u00e1s alto a 3,809. m.s.n.m. (cerro Guichuca) y en las coordenadas...","protected":false},"author":1,"featured_media":0,"parent":0,"menu_order":0,"comment_status":"closed","ping_status":"closed","template":"","meta":[],"acf":[],"_links":{"self":[{"href":"http:\/\/web.muniolleroshuarochiri.gob.pe\/portal\/wp-json\/wp\/v2\/pages\/1200"}],"collection":[{"href":"http:\/\/web.muniolleroshuarochiri.gob.pe\/portal\/wp-json\/wp\/v2\/pages"}],"about":[{"href":"http:\/\/web.muniolleroshuarochiri.gob.pe\/portal\/wp-json\/wp\/v2\/types\/page"}],"author":[{"embeddable":true,"href":"http:\/\/web.muniolleroshuarochiri.gob.pe\/portal\/wp-json\/wp\/v2\/users\/1"}],"replies":[{"embeddable":true,"href":"http:\/\/web.muniolleroshuarochiri.gob.pe\/portal\/wp-json\/wp\/v2\/comments?post=1200"}],"version-history":[{"count":86,"href":"http:\/\/web.muniolleroshuarochiri.gob.pe\/portal\/wp-json\/wp\/v2\/pages\/1200\/revisions"}],"predecessor-version":[{"id":12126,"href":"http:\/\/web.muniolleroshuarochiri.gob.pe\/portal\/wp-json\/wp\/v2\/pages\/1200\/revisions\/12126"}],"wp:attachment":[{"href":"http:\/\/web.muniolleroshuarochiri.gob.pe\/portal\/wp-json\/wp\/v2\/media?parent=1200"}],"curies":[{"name":"wp","href":"https:\/\/api.w.org\/{rel}","templated":true}]}}