{"id":6040,"date":"2023-03-10T16:39:08","date_gmt":"2023-03-10T16:39:08","guid":{"rendered":"https:\/\/muniolleroshuarochiri.gob.pe\/portal\/?page_id=6040"},"modified":"2026-03-22T18:18:40","modified_gmt":"2026-03-22T18:18:40","slug":"seguridad-ciudadana","status":"publish","type":"page","link":"http:\/\/web.muniolleroshuarochiri.gob.pe\/portal\/seguridad-ciudadana\/","title":{"rendered":"SEGURIDAD CIUDADANA"},"content":{"rendered":"<section class=\"wpb-content-wrapper\"><section class=\"l-section wpb_row us_custom_1f34af26 height_medium with_img\"><div class=\"l-section-img\" style=\"background-image: url(http:\/\/web.muniolleroshuarochiri.gob.pe\/portal\/wp-content\/uploads\/2023\/02\/cabeceras.jpg);background-position: bottom center;background-size: auto;\" data-img-width=\"1930\" data-img-height=\"310\"><\/div><div class=\"l-section-h i-cf\"><div class=\"g-cols vc_row type_default valign_top\"><div class=\"vc_col-sm-6 wpb_column vc_column_container has_text_color\"><div class=\"vc_column-inner us_custom_6df4bc3a\"><div class=\"wpb_wrapper\"><div id=\"ultimate-heading-747669e36ea7a97c1\" class=\"uvc-heading ult-adjust-bottom-margin ultimate-heading-747669e36ea7a97c1 uvc-8480 \" data-hspacer=\"no_spacer\"  data-halign=\"left\" style=\"text-align:left\"><div class=\"uvc-heading-spacer no_spacer\" style=\"top\"><\/div><div class=\"uvc-main-heading ult-responsive\"  data-ultimate-target='.uvc-heading.ultimate-heading-747669e36ea7a97c1 h1'  data-responsive-json-new='{\"font-size\":\"\",\"line-height\":\"\"}' ><h1 style=\"font-weight:bold;color:#024997;\">Seguridad Ciudadana<\/h1><\/div><\/div><ol class=\"g-breadcrumbs us_custom_65994baf separator_icon align_left has_text_color\" itemscope itemtype=\"http:\/\/schema.org\/BreadcrumbList\"><li class=\"g-breadcrumbs-item\" itemprop=\"itemListElement\" itemscope itemtype=\"http:\/\/schema.org\/ListItem\"><a itemprop=\"item\" href=\"http:\/\/web.muniolleroshuarochiri.gob.pe\/portal\/\"><span itemprop=\"name\">Inicio<\/span><\/a><meta itemprop=\"position\" content=\"1\"\/><\/li><li class=\"g-breadcrumbs-separator\"><i class=\"far fa-angle-right\"><\/i><\/li><li class=\"g-breadcrumbs-item\">P\u00e1ginas<\/li><\/ol><\/div><\/div><\/div><div class=\"vc_col-sm-6 wpb_column vc_column_container\"><div class=\"vc_column-inner\"><div class=\"wpb_wrapper\"><\/div><\/div><\/div><\/div><\/div><\/section><section class=\"l-section wpb_row us_custom_47d41236 height_small\"><div class=\"l-section-h i-cf\"><div class=\"g-cols vc_row type_default valign_top\"><div class=\"vc_col-sm-12 wpb_column vc_column_container has_text_color\"><div class=\"vc_column-inner us_custom_dcd1bffd\"><div class=\"wpb_wrapper\"><div id=\"ultimate-heading-98369e36ea7aa035\" class=\"uvc-heading ult-adjust-bottom-margin ultimate-heading-98369e36ea7aa035 uvc-8197 \" data-hspacer=\"no_spacer\"  data-halign=\"center\" style=\"text-align:center\"><div class=\"uvc-heading-spacer no_spacer\" style=\"top\"><\/div><div class=\"uvc-main-heading ult-responsive\"  data-ultimate-target='.uvc-heading.ultimate-heading-98369e36ea7aa035 h2'  data-responsive-json-new='{\"font-size\":\"desktop:36px;\",\"line-height\":\"\"}' ><h2 style=\"font-weight:normal;\">Vamos Olleros por el gran cambio<\/h2><\/div><\/div><\/div><\/div><\/div><\/div><\/div><\/section><section class=\"l-section wpb_row height_medium\"><div class=\"l-section-h i-cf\"><div class=\"g-cols vc_row type_default valign_top\"><div class=\"vc_col-sm-3 vc_hidden-sm vc_hidden-xs wpb_column vc_column_container has_text_color\"><div class=\"vc_column-inner us_custom_8b3d6790\"><div class=\"wpb_wrapper\">[vc_wp_custommenu nav_menu=\u00bb36&#8243; title=\u00bbSERVICIOS\u00bb]<\/div><\/div><\/div><div class=\"vc_col-sm-9 wpb_column vc_column_container\"><div class=\"vc_column-inner\"><div class=\"wpb_wrapper\"><div id=\"ultimate-heading-378469e36ea7aa361\" class=\"uvc-heading ult-adjust-bottom-margin ultimate-heading-378469e36ea7aa361 uvc-4979 \" data-hspacer=\"no_spacer\"  data-halign=\"center\" style=\"text-align:center\"><div class=\"uvc-heading-spacer no_spacer\" style=\"top\"><\/div><div class=\"uvc-main-heading ult-responsive\"  data-ultimate-target='.uvc-heading.ultimate-heading-378469e36ea7aa361 h2'  data-responsive-json-new='{\"font-size\":\"desktop:36px;\",\"line-height\":\"\"}' ><h2 style=\"font-weight:bold;color:#ffe202;margin-bottom:20px;\">SEGURIDAD CIUDADANA<\/h2><\/div><\/div><div id=\"ultimate-heading-667569e36ea7aa3a4\" class=\"uvc-heading ult-adjust-bottom-margin ultimate-heading-667569e36ea7aa3a4 uvc-7085 \" data-hspacer=\"no_spacer\"  data-halign=\"left\" style=\"text-align:left\"><div class=\"uvc-heading-spacer no_spacer\" style=\"top\"><\/div><div class=\"uvc-sub-heading ult-responsive\"  data-ultimate-target='.uvc-heading.ultimate-heading-667569e36ea7aa3a4 .uvc-sub-heading '  data-responsive-json-new='{\"font-size\":\"\",\"line-height\":\"\"}'  style=\"font-weight:normal;color:#666666;margin-bottom:20px;\">\n<div class=\"uvc-sub-heading ult-responsive\" data-ultimate-target=\".uvc-heading.ultimate-heading-413563f56b6fb78ca .uvc-sub-heading \" data-responsive-json-new=\"{&quot;font-size&quot;:&quot;&quot;,&quot;line-height&quot;:&quot;&quot;}\">\n<div class=\"elementor-element elementor-element-233273f elementor-widget elementor-widget-text-editor\" data-id=\"233273f\" data-element_type=\"widget\" data-widget_type=\"text-editor.default\">\n<div class=\"elementor-widget-container\">\n<div class=\"elementor-text-editor elementor-clearfix\">\n<p>&nbsp;<\/p>\n<div id=\"content\" class=\"site-content\" role=\"main\">\n<div id=\"post-3304\" class=\"post-3304 page type-page status-publish hentry\">\n<div class=\"entry-content\">\n<p>Para la elaboraci\u00f3n del sistema de seguridad ciudadana se convocar\u00e1 y concertar\u00e1 con las organizaciones sociales, vecinales o comunales, las rondas urbanas y campesinas, los comit\u00e9s de autodefensa y las comunidades campesinas.<\/p>\n<p>Las municipalidades en seguridad ciudadana ejercen las siguientes funciones:<\/p>\n<h4>1.- Funciones espec\u00edficas exclusivas de las municipalidades Distritales:<\/h4>\n<ol>\n<li>Establecer un sistema de seguridad ciudadana, con participaci\u00f3n de la sociedad civil y de la Polic\u00eda Nacional, y normar el establecimiento de los servicios de serenazgo, vigilancia ciudadana, rondas urbanas, campesinas o similares, de nivel distrital o del de centros poblados en la jurisdicci\u00f3n provincial, de acuerdo a ley.<\/li>\n<li>Ejercer la labor de coordinaci\u00f3n para las tareas de defensa civil en la provincia, con sujeci\u00f3n a las normas establecidas en lo que respecta a los Comit\u00e9s de Defensa Civil Provinciales.<\/li>\n<\/ol>\n<h4>2. Funciones espec\u00edficas compartidas de las municipalidades:<\/h4>\n<ol>\n<li>Coordinar con los anexos que la integran y con la Polic\u00eda Nacional el servicio Inter distrital de serenazgo y seguridad ciudadana.<\/li>\n<li>Promover acciones de apoyo a las compa\u00f1\u00edas de bomberos, beneficencias, Cruz Roja y dem\u00e1s instituciones de servicio a la comunidad.<\/li>\n<\/ol>\n<h4>3. Funciones espec\u00edficas exclusivas de las municipalidades distritales:<\/h4>\n<ol>\n<li>Organizar un servicio de serenazgo o vigilancia municipal cuando lo crea conveniente, de acuerdo a las normas establecidas por la municipalidad respectiva.<\/li>\n<li>Coordinar con el Comit\u00e9 de Defensa Civil del distrito las acciones necesarias para la atenci\u00f3n de las poblaciones damnificadas por desastres naturales o de otra \u00edndole.<\/li>\n<li>Establecer el registro y control de las asociaciones de vecinos que recaudan cotizaciones o administran bienes vecinales, para garantizar el cumplimiento de sus fines.<\/li>\n<\/ol>\n<\/div>\n<\/div>\n<\/div>\n<\/div>\n<\/div>\n<\/div>\n<\/div>\n<\/div><\/div><\/div><\/div><\/div><\/div><\/div><\/section>\n<\/section>","protected":false},"excerpt":{"rendered":"Seguridad CiudadanaInicioP\u00e1ginasVamos Olleros por el gran cambio[vc_wp_custommenu nav_menu=\"36\" title=\"SERVICIOS\"]SEGURIDAD CIUDADANA &nbsp; Para la elaboraci\u00f3n del sistema de seguridad ciudadana se convocar\u00e1 y concertar\u00e1 con las organizaciones sociales, vecinales o comunales, las rondas urbanas y campesinas, los comit\u00e9s de autodefensa y las comunidades campesinas. Las municipalidades en seguridad ciudadana ejercen las siguientes funciones: 1.- Funciones espec\u00edficas...","protected":false},"author":1,"featured_media":0,"parent":0,"menu_order":0,"comment_status":"closed","ping_status":"closed","template":"","meta":[],"acf":[],"_links":{"self":[{"href":"http:\/\/web.muniolleroshuarochiri.gob.pe\/portal\/wp-json\/wp\/v2\/pages\/6040"}],"collection":[{"href":"http:\/\/web.muniolleroshuarochiri.gob.pe\/portal\/wp-json\/wp\/v2\/pages"}],"about":[{"href":"http:\/\/web.muniolleroshuarochiri.gob.pe\/portal\/wp-json\/wp\/v2\/types\/page"}],"author":[{"embeddable":true,"href":"http:\/\/web.muniolleroshuarochiri.gob.pe\/portal\/wp-json\/wp\/v2\/users\/1"}],"replies":[{"embeddable":true,"href":"http:\/\/web.muniolleroshuarochiri.gob.pe\/portal\/wp-json\/wp\/v2\/comments?post=6040"}],"version-history":[{"count":5,"href":"http:\/\/web.muniolleroshuarochiri.gob.pe\/portal\/wp-json\/wp\/v2\/pages\/6040\/revisions"}],"predecessor-version":[{"id":12121,"href":"http:\/\/web.muniolleroshuarochiri.gob.pe\/portal\/wp-json\/wp\/v2\/pages\/6040\/revisions\/12121"}],"wp:attachment":[{"href":"http:\/\/web.muniolleroshuarochiri.gob.pe\/portal\/wp-json\/wp\/v2\/media?parent=6040"}],"curies":[{"name":"wp","href":"https:\/\/api.w.org\/{rel}","templated":true}]}}