{"id":841,"date":"2021-01-25T17:09:16","date_gmt":"2021-01-25T17:09:16","guid":{"rendered":"https:\/\/muniolleroshuarochiri.gob.pe\/?page_id=841"},"modified":"2023-04-27T23:06:17","modified_gmt":"2023-04-27T23:06:17","slug":"mision-y-vision","status":"publish","type":"page","link":"http:\/\/web.muniolleroshuarochiri.gob.pe\/portal\/mision-y-vision\/","title":{"rendered":"Misi\u00f3n y Visi\u00f3n"},"content":{"rendered":"<section class=\"wpb-content-wrapper\"><section class=\"l-section wpb_row us_custom_736ab359 height_medium with_img\"><div class=\"l-section-img\" style=\"background-image: url(http:\/\/web.muniolleroshuarochiri.gob.pe\/portal\/wp-content\/uploads\/2023\/02\/cabeceras.jpg);background-position: bottom center;background-repeat: no-repeat;background-size: auto;\" data-img-width=\"1930\" data-img-height=\"310\"><\/div><div class=\"l-section-h i-cf\"><div class=\"g-cols vc_row type_default valign_top\"><div class=\"vc_col-sm-6 wpb_column vc_column_container has_text_color\"><div class=\"vc_column-inner us_custom_6df4bc3a\"><div class=\"wpb_wrapper\"><div id=\"ultimate-heading-829269e7408d08e21\" class=\"uvc-heading ult-adjust-bottom-margin ultimate-heading-829269e7408d08e21 uvc-8432 \" data-hspacer=\"no_spacer\"  data-halign=\"left\" style=\"text-align:left\"><div class=\"uvc-heading-spacer no_spacer\" style=\"top\"><\/div><div class=\"uvc-main-heading ult-responsive\"  data-ultimate-target='.uvc-heading.ultimate-heading-829269e7408d08e21 h1'  data-responsive-json-new='{\"font-size\":\"\",\"line-height\":\"\"}' ><h1 style=\"font-weight:bold;color:#024997;\">Misi\u00f3n y Visi\u00f3n<\/h1><\/div><\/div><ol class=\"g-breadcrumbs us_custom_65994baf separator_icon align_left has_text_color\" itemscope itemtype=\"http:\/\/schema.org\/BreadcrumbList\"><li class=\"g-breadcrumbs-item\" itemprop=\"itemListElement\" itemscope itemtype=\"http:\/\/schema.org\/ListItem\"><a itemprop=\"item\" href=\"http:\/\/web.muniolleroshuarochiri.gob.pe\/portal\/\"><span itemprop=\"name\">Inicio<\/span><\/a><meta itemprop=\"position\" content=\"1\"\/><\/li><li class=\"g-breadcrumbs-separator\"><i class=\"far fa-angle-right\"><\/i><\/li><li class=\"g-breadcrumbs-item\">P\u00e1ginas<\/li><\/ol><\/div><\/div><\/div><div class=\"vc_col-sm-6 wpb_column vc_column_container\"><div class=\"vc_column-inner\"><div class=\"wpb_wrapper\"><\/div><\/div><\/div><\/div><\/div><\/section><!-- Row Backgrounds --><div class=\"upb_color\" data-bg-override=\"0\" data-bg-color=\"#ffffff\" data-fadeout=\"\" data-fadeout-percentage=\"30\" data-parallax-content=\"\" data-parallax-content-sense=\"30\" data-row-effect-mobile-disable=\"true\" data-img-parallax-mobile-disable=\"true\" data-rtl=\"false\"  data-custom-vc-row=\"\"  data-vc=\"6.11.0\"  data-is_old_vc=\"\"  data-theme-support=\"\"   data-overlay=\"false\" data-overlay-color=\"\" data-overlay-pattern=\"\" data-overlay-pattern-opacity=\"\" data-overlay-pattern-size=\"\"    data-seperator=\"true\"  data-seperator-type=\"triangle_svg_seperator\"  data-seperator-shape-size=\"40\"  data-seperator-svg-height=\"32\"  data-seperator-full-width=\"true\" data-seperator-position=\"bottom_seperator\"  data-seperator-background-color=\"#27afd7\"  data-icon=\"\"  ><\/div><section class=\"l-section wpb_row us_custom_47d41236 height_small\"><div class=\"l-section-h i-cf\"><div class=\"g-cols vc_row type_default valign_top\"><div class=\"vc_col-sm-12 wpb_column vc_column_container has_text_color\"><div class=\"vc_column-inner us_custom_dcd1bffd\"><div class=\"wpb_wrapper\"><div id=\"ultimate-heading-613669e7408d0976e\" class=\"uvc-heading ult-adjust-bottom-margin ultimate-heading-613669e7408d0976e uvc-9371 \" data-hspacer=\"no_spacer\"  data-halign=\"center\" style=\"text-align:center\"><div class=\"uvc-heading-spacer no_spacer\" style=\"top\"><\/div><div class=\"uvc-main-heading ult-responsive\"  data-ultimate-target='.uvc-heading.ultimate-heading-613669e7408d0976e h2'  data-responsive-json-new='{\"font-size\":\"desktop:36px;\",\"line-height\":\"\"}' ><h2 style=\"font-weight:normal;\">Municipalidad de Santo Domingo de los Olleros<\/h2><\/div><\/div><\/div><\/div><\/div><\/div><\/div><\/section><section class=\"l-section wpb_row height_medium\"><div class=\"l-section-h i-cf\"><div class=\"g-cols vc_row type_default valign_top\"><div class=\"vc_col-sm-3 vc_hidden-sm vc_hidden-xs wpb_column vc_column_container\"><div class=\"vc_column-inner\"><div class=\"wpb_wrapper\">[vc_wp_custommenu nav_menu=\u00bb6&#8243; title=\u00bbMunicipalidad\u00bb]<\/div><\/div><\/div><div class=\"vc_col-sm-9 wpb_column vc_column_container\"><div class=\"vc_column-inner\"><div class=\"wpb_wrapper\"><div id=\"ultimate-heading-674969e7408d09943\" class=\"uvc-heading ult-adjust-bottom-margin ultimate-heading-674969e7408d09943 uvc-3160 \" data-hspacer=\"no_spacer\"  data-halign=\"left\" style=\"text-align:left\"><div class=\"uvc-heading-spacer no_spacer\" style=\"top\"><\/div><div class=\"uvc-main-heading ult-responsive\"  data-ultimate-target='.uvc-heading.ultimate-heading-674969e7408d09943 h2'  data-responsive-json-new='{\"font-size\":\"desktop:36px;\",\"line-height\":\"\"}' ><h2 style=\"font-weight:bold;color:#ffe202;\">Misi\u00f3n<\/h2><\/div><\/div><div class=\"wpb_text_column us_custom_3188818e\" ><div class=\"wpb_wrapper\"><p style=\"text-align: justify;\">Proveer servicios de calidad, que contribuyan al desarrollo arm\u00f3nico e integral de los ciudadanos del Distrito de santo Domingo de los Olleros, garantizando la igualdad de oportunidades, responsabilidad social, mediante un gobierno transparente y eficiente.<\/p>\n<\/div><\/div><div id=\"ultimate-heading-585969e7408d09a43\" class=\"uvc-heading ult-adjust-bottom-margin ultimate-heading-585969e7408d09a43 uvc-5903 \" data-hspacer=\"no_spacer\"  data-halign=\"left\" style=\"text-align:left\"><div class=\"uvc-heading-spacer no_spacer\" style=\"top\"><\/div><div class=\"uvc-main-heading ult-responsive\"  data-ultimate-target='.uvc-heading.ultimate-heading-585969e7408d09a43 h2'  data-responsive-json-new='{\"font-size\":\"desktop:36px;\",\"line-height\":\"\"}' ><h2 style=\"font-weight:bold;color:#ffe202;margin-top:20px;margin-bottom:20px;\">Visi\u00f3n<\/h2><\/div><\/div><div class=\"wpb_text_column\" ><div class=\"wpb_wrapper\"><p style=\"text-align: justify;\">Santo Domingo de los Olleros, distrito\u00a0 ordenado y sostenible, con desarrollo territorial inteligente y adaptada al cambio clim\u00e1tico.<\/p>\n<\/div><\/div><\/div><\/div><\/div><\/div><\/div><\/section>\n<\/section>","protected":false},"excerpt":{"rendered":"Misi\u00f3n y Visi\u00f3nInicioP\u00e1ginasMunicipalidad de Santo Domingo de los Olleros[vc_wp_custommenu nav_menu=\"6\" title=\"Municipalidad\"]Misi\u00f3nProveer servicios de calidad, que contribuyan al desarrollo arm\u00f3nico e integral de los ciudadanos del Distrito de santo Domingo de los Olleros, garantizando la igualdad de oportunidades, responsabilidad social, mediante un gobierno transparente y eficiente. Visi\u00f3nSanto Domingo de los Olleros, distrito\u00a0 ordenado y sostenible, con...","protected":false},"author":1,"featured_media":0,"parent":0,"menu_order":0,"comment_status":"closed","ping_status":"closed","template":"","meta":[],"acf":[],"_links":{"self":[{"href":"http:\/\/web.muniolleroshuarochiri.gob.pe\/portal\/wp-json\/wp\/v2\/pages\/841"}],"collection":[{"href":"http:\/\/web.muniolleroshuarochiri.gob.pe\/portal\/wp-json\/wp\/v2\/pages"}],"about":[{"href":"http:\/\/web.muniolleroshuarochiri.gob.pe\/portal\/wp-json\/wp\/v2\/types\/page"}],"author":[{"embeddable":true,"href":"http:\/\/web.muniolleroshuarochiri.gob.pe\/portal\/wp-json\/wp\/v2\/users\/1"}],"replies":[{"embeddable":true,"href":"http:\/\/web.muniolleroshuarochiri.gob.pe\/portal\/wp-json\/wp\/v2\/comments?post=841"}],"version-history":[{"count":51,"href":"http:\/\/web.muniolleroshuarochiri.gob.pe\/portal\/wp-json\/wp\/v2\/pages\/841\/revisions"}],"predecessor-version":[{"id":6564,"href":"http:\/\/web.muniolleroshuarochiri.gob.pe\/portal\/wp-json\/wp\/v2\/pages\/841\/revisions\/6564"}],"wp:attachment":[{"href":"http:\/\/web.muniolleroshuarochiri.gob.pe\/portal\/wp-json\/wp\/v2\/media?parent=841"}],"curies":[{"name":"wp","href":"https:\/\/api.w.org\/{rel}","templated":true}]}}