{"id":9660,"date":"2025-10-23T15:15:29","date_gmt":"2025-10-23T15:15:29","guid":{"rendered":"https:\/\/web.muniolleroshuarochiri.gob.pe\/portal\/?page_id=9660"},"modified":"2025-10-23T20:36:31","modified_gmt":"2025-10-23T20:36:31","slug":"9-de-diciembre-dia-internacional-contra-la-corrupcion","status":"publish","type":"page","link":"http:\/\/web.muniolleroshuarochiri.gob.pe\/portal\/9-de-diciembre-dia-internacional-contra-la-corrupcion\/","title":{"rendered":"9 de diciembre, D\u00eda Internacional Contra la Corrupci\u00f3n"},"content":{"rendered":"<section class=\"wpb-content-wrapper\"><section class=\"l-section wpb_row us_custom_fbd52591 height_medium with_img\"><div class=\"l-section-img\" style=\"background-image: url(http:\/\/web.muniolleroshuarochiri.gob.pe\/portal\/wp-content\/uploads\/2023\/02\/cabeceras.jpg);background-position: bottom center;background-size: auto;\" data-img-width=\"1930\" data-img-height=\"310\"><\/div><div class=\"l-section-h i-cf\"><div class=\"g-cols vc_row type_default valign_top\"><div class=\"vc_col-sm-6 wpb_column vc_column_container has_text_color\"><div class=\"vc_column-inner us_custom_6df4bc3a\"><div class=\"wpb_wrapper\"><div id=\"ultimate-heading-302969e8934058c75\" class=\"uvc-heading ult-adjust-bottom-margin ultimate-heading-302969e8934058c75 uvc-9632 \" data-hspacer=\"no_spacer\"  data-halign=\"left\" style=\"text-align:left\"><div class=\"uvc-heading-spacer no_spacer\" style=\"top\"><\/div><div class=\"uvc-main-heading ult-responsive\"  data-ultimate-target='.uvc-heading.ultimate-heading-302969e8934058c75 h3'  data-responsive-json-new='{\"font-size\":\"\",\"line-height\":\"\"}' ><h3 style=\"font-weight:bold;color:#024997;\">Integridad Institucional<\/h3><\/div><\/div><ol class=\"g-breadcrumbs us_custom_65994baf separator_icon align_left has_text_color\" itemscope itemtype=\"http:\/\/schema.org\/BreadcrumbList\"><li class=\"g-breadcrumbs-item\" itemprop=\"itemListElement\" itemscope itemtype=\"http:\/\/schema.org\/ListItem\"><a itemprop=\"item\" href=\"http:\/\/web.muniolleroshuarochiri.gob.pe\/portal\/\"><span itemprop=\"name\">Inicio<\/span><\/a><meta itemprop=\"position\" content=\"1\"\/><\/li><li class=\"g-breadcrumbs-separator\"><i class=\"far fa-angle-right\"><\/i><\/li><li class=\"g-breadcrumbs-item\">P\u00e1ginas<\/li><\/ol><\/div><\/div><\/div><div class=\"vc_col-sm-6 wpb_column vc_column_container\"><div class=\"vc_column-inner\"><div class=\"wpb_wrapper\"><\/div><\/div><\/div><\/div><\/div><\/section><section class=\"l-section wpb_row us_custom_47d41236 height_small\"><div class=\"l-section-h i-cf\"><div class=\"g-cols vc_row type_default valign_top\"><div class=\"vc_col-sm-12 wpb_column vc_column_container has_text_color\"><div class=\"vc_column-inner us_custom_dcd1bffd\"><div class=\"wpb_wrapper\"><div id=\"ultimate-heading-581369e89340594bd\" class=\"uvc-heading ult-adjust-bottom-margin ultimate-heading-581369e89340594bd uvc-6828 \" data-hspacer=\"no_spacer\"  data-halign=\"center\" style=\"text-align:center\"><div class=\"uvc-heading-spacer no_spacer\" style=\"top\"><\/div><div class=\"uvc-main-heading ult-responsive\"  data-ultimate-target='.uvc-heading.ultimate-heading-581369e89340594bd h2'  data-responsive-json-new='{\"font-size\":\"desktop:36px;\",\"line-height\":\"\"}' ><h2 style=\"font-weight:normal;\">Vamos Olleros por el gran cambio<\/h2><\/div><\/div><\/div><\/div><\/div><\/div><\/div><\/section><section class=\"l-section wpb_row height_medium\"><div class=\"l-section-h i-cf\"><div class=\"g-cols vc_row type_default valign_top\"><div class=\"vc_col-sm-3 vc_hidden-sm vc_hidden-xs wpb_column vc_column_container has_text_color\"><div class=\"vc_column-inner us_custom_8b3d6790\"><div class=\"wpb_wrapper\">[vc_wp_custommenu nav_menu=\u00bb39&#8243; title=\u00bbIntegridad Institucional\u00bb]<\/div><\/div><\/div><div class=\"vc_col-sm-6 wpb_column vc_column_container\"><div class=\"vc_column-inner\"><div class=\"wpb_wrapper\"><div id=\"ultimate-heading-744969e89340596b2\" class=\"uvc-heading ult-adjust-bottom-margin ultimate-heading-744969e89340596b2 uvc-1164 \" data-hspacer=\"no_spacer\"  data-halign=\"center\" style=\"text-align:center\"><div class=\"uvc-heading-spacer no_spacer\" style=\"top\"><\/div><div class=\"uvc-main-heading ult-responsive\"  data-ultimate-target='.uvc-heading.ultimate-heading-744969e89340596b2 h2'  data-responsive-json-new='{\"font-size\":\"desktop:36px;\",\"line-height\":\"\"}' ><h2 style=\"font-weight:bold;color:#ffe202;margin-bottom:20px;\">9 de diciembre, D\u00eda Internacional Contra la Corrupci\u00f3n<\/h2><\/div><\/div><div id=\"ultimate-heading-836569e89340596d5\" class=\"uvc-heading ult-adjust-bottom-margin ultimate-heading-836569e89340596d5 uvc-352 \" data-hspacer=\"no_spacer\"  data-halign=\"left\" style=\"text-align:left\"><div class=\"uvc-heading-spacer no_spacer\" style=\"top\"><\/div><\/div><div class=\"wpb_text_column\" ><div class=\"wpb_wrapper\"><p><strong>\u00bfQu\u00e9 es lo corrupci\u00f3n?<\/strong><br \/>\nEn los organizaciones. especialmente en las p\u00fablicas. pr\u00e1ctica consistente en la utilizaci\u00f3n Indebida o Il\u00edcita de las funciones de aquellos en provecho de sus gestores.<\/p>\n<p>Con lo finalidad de crear conciencia contra esta locra. lo Asamblea de las Naciones Unidos (ONU) design\u00f3 el 9 de diciembre como D\u00eda lnternacional contra lo Corrupci\u00f3n, a\u00a0 partir del 31 de octubre 2003 y entr\u00f3 en vigor en diciembre del 2005.<\/p>\n<p>Lo Corrupci\u00f3n tiene repercusiones negativas en todos los aspectos de la sociedad y est\u00e1 profundamente ligada o los conflictos y la inestabilidad, poniendo en peligro el desorrollo social y econ\u00f3mico, los instituciones democr\u00f3ticos y el Estado de derecho.<\/p>\n<p>Supongamos:<\/p>\n<p>2018<br \/>\nSe aprueba la construcci\u00f3n de un colegio en una zona alejada XX, que debi\u00f3 concluir en 2020.<\/p>\n<p>2024<br \/>\nA la fecha no existe colegio porque el gobernador regional YY malvers\u00f3 los recursos.<\/p>\n<\/div><\/div><\/div><\/div><\/div><div class=\"vc_col-sm-3 wpb_column vc_column_container\"><div class=\"vc_column-inner\"><div class=\"wpb_wrapper\"><\/div><\/div><\/div><\/div><\/div><\/section>\n<\/section>","protected":false},"excerpt":{"rendered":"Integridad InstitucionalInicioP\u00e1ginasVamos Olleros por el gran cambio[vc_wp_custommenu nav_menu=\"39\" title=\"Integridad Institucional\"]9 de diciembre, D\u00eda Internacional Contra la Corrupci\u00f3n\u00bfQu\u00e9 es lo corrupci\u00f3n? En los organizaciones. especialmente en las p\u00fablicas. pr\u00e1ctica consistente en la utilizaci\u00f3n Indebida o Il\u00edcita de las funciones de aquellos en provecho de sus gestores. Con lo finalidad de crear conciencia contra esta locra. lo...","protected":false},"author":9,"featured_media":0,"parent":0,"menu_order":0,"comment_status":"closed","ping_status":"closed","template":"","meta":[],"acf":[],"_links":{"self":[{"href":"http:\/\/web.muniolleroshuarochiri.gob.pe\/portal\/wp-json\/wp\/v2\/pages\/9660"}],"collection":[{"href":"http:\/\/web.muniolleroshuarochiri.gob.pe\/portal\/wp-json\/wp\/v2\/pages"}],"about":[{"href":"http:\/\/web.muniolleroshuarochiri.gob.pe\/portal\/wp-json\/wp\/v2\/types\/page"}],"author":[{"embeddable":true,"href":"http:\/\/web.muniolleroshuarochiri.gob.pe\/portal\/wp-json\/wp\/v2\/users\/9"}],"replies":[{"embeddable":true,"href":"http:\/\/web.muniolleroshuarochiri.gob.pe\/portal\/wp-json\/wp\/v2\/comments?post=9660"}],"version-history":[{"count":22,"href":"http:\/\/web.muniolleroshuarochiri.gob.pe\/portal\/wp-json\/wp\/v2\/pages\/9660\/revisions"}],"predecessor-version":[{"id":9763,"href":"http:\/\/web.muniolleroshuarochiri.gob.pe\/portal\/wp-json\/wp\/v2\/pages\/9660\/revisions\/9763"}],"wp:attachment":[{"href":"http:\/\/web.muniolleroshuarochiri.gob.pe\/portal\/wp-json\/wp\/v2\/media?parent=9660"}],"curies":[{"name":"wp","href":"https:\/\/api.w.org\/{rel}","templated":true}]}}