{"id":9893,"date":"2025-11-04T14:11:58","date_gmt":"2025-11-04T14:11:58","guid":{"rendered":"https:\/\/web.muniolleroshuarochiri.gob.pe\/portal\/?page_id=9893"},"modified":"2025-12-02T16:56:31","modified_gmt":"2025-12-02T16:56:31","slug":"gerencia-municipal","status":"publish","type":"page","link":"http:\/\/web.muniolleroshuarochiri.gob.pe\/portal\/gerencia-municipal\/","title":{"rendered":"Oficina de Programaci\u00f3n Multianual"},"content":{"rendered":"<section class=\"wpb-content-wrapper\"><section class=\"l-section wpb_row height_medium\"><div class=\"l-section-h i-cf\"><div class=\"g-cols vc_row type_default valign_top\"><div class=\"vc_col-sm-12 wpb_column vc_column_container\"><div class=\"vc_column-inner\"><div class=\"wpb_wrapper\">[vc_empty_space height=\u00bb150px\u00bb]<\/div><\/div><\/div><\/div><\/div><\/section><section class=\"l-section wpb_row height_medium\"><div class=\"l-section-h i-cf\"><div class=\"g-cols vc_row type_default valign_top\"><div class=\"vc_col-sm-12 wpb_column vc_column_container\"><div class=\"vc_column-inner\"><div class=\"wpb_wrapper\"><h3 class=\"w-post-elm post_title us_custom_6549b382 entry-title color_link_inherit has_text_color\">Oficina de Programaci\u00f3n Multianual<\/h3><\/div><\/div><\/div><\/div><\/div><\/section><section class=\"l-section wpb_row us_custom_1f64da91 height_medium\"><div class=\"l-section-h i-cf\"><div class=\"g-cols vc_row type_default valign_top\"><div class=\"vc_col-sm-8 wpb_column vc_column_container\"><div class=\"vc_column-inner\"><div class=\"wpb_wrapper\"><div class=\"wpb_text_column\" ><div class=\"wpb_wrapper\"><p>La Oficina de Programaci\u00f3n Multianual tiene como misi\u00f3n administrar las acciones y actividades correspondientes a la Programaci\u00f3n Multianual del Ciclo de Inversi\u00f3n en el \u00e1mbito de las competencias locales, seg\u00fan corresponda, as\u00ed como tambi\u00e9n realizar el seguimiento durante y post inversi\u00f3n de los proyectos de la municipalidad.<br \/>\nEst\u00e1 a cargo de un Servidor P\u00fablico, que depende funcional y administrativamente de la Oficina General de Planeamiento y Presupuesto.<\/p>\n<\/div><\/div>[vc_empty_space]<h2 class=\"w-text\"><span class=\"w-text-h\"><i class=\"far fa-users\"><\/i><span class=\"w-text-value\">Sus funciones son las siguientes:<\/span><\/span><\/h2><div class=\"wpb_text_column\" ><div class=\"wpb_wrapper\"><ol style=\"text-align: justify;\">\n<li>Elaborar y ejecutar el Plan Operativo Institucional correspondiente a la Unidad Org\u00e1nica, disponiendo eficiente y eficazmente de los recursos econ\u00f3micos, materiales y equipos asignados.<\/li>\n<li>Realizar el seguimiento previsto para la fase de Programaci\u00f3n Multianual de Inversiones del Ciclo de Inversi\u00f3n, as\u00ed como de las metas de producto y el monitoreo de la ejecuci\u00f3n de las inversiones, acuerdo a lo establecido por la normativa del Sistema Nacional de<\/li>\n<li>Programaci\u00f3n Multianual y Gesti\u00f3n de Inversiones.<\/li>\n<li>Realizar las evaluaciones ex post de las inversiones de acuerdo con lo establecido en la normativa del Sistema Nacional de Programaci\u00f3n Multianual y Gesti\u00f3n de Inversiones.<\/li>\n<\/ol>\n<\/div><\/div><\/div><\/div><\/div><div class=\"vc_col-sm-4 wpb_column vc_column_container\"><div class=\"vc_column-inner\"><div class=\"wpb_wrapper\"><div class=\"ult-team-member-wrap ult-style-1  \"><div class=\"ult-team-member-image\" style=\"\"> <img class=\"\" src=\"\" alt=\"\"  style=\"\"><span class=\"ult-team-member-image-overlay \"  ><\/span><\/div><div class=\"ult-team-member-bio-wrap style-1 ultimate-heading69e3665104cb4\" style=\"text-align:center;; \"><div class=\"ult-team-member-name-wrap\"><h2 class=\"ult-team-member-name ult-responsive\"  data-ultimate-target='.ult-team-member-bio-wrap.ultimate-heading69e3665104cb4 .ult-team-member-name'  data-responsive-json-new='{\"font-size\":\"\",\"line-height\":\"\"}'  style=\"\">Miguel Orlando Reyes Ch\u00e1vez <\/h2><div class=\"ult-team-member-position ult-responsive\"  data-ultimate-target='.ult-team-member-bio-wrap.ultimate-heading69e3665104cb4 .ult-team-member-position'  data-responsive-json-new='{\"font-size\":\"\",\"line-height\":\"\"}'  style=\"\">Encargado de la Oficina de Programaci\u00f3n Multianual<\/div><div class=\"ult-team-member-description ult-responsive\"  data-ultimate-target='.ult-team-member-bio-wrap.ultimate-heading69e3665104cb4 .ult-team-member-description'  data-responsive-json-new='{\"font-size\":\"\",\"line-height\":\"\"}'  style=\"\"><p><strong>Correo municipal:<\/strong> miguel.reyes@muniolleroshuarochiri.gob.pe<\/p><\/div><div style=\"margin-bottom:15px\"><\/div><\/div><\/div><\/div><\/div><\/div><\/div><\/div><\/div><\/section><!-- Row Backgrounds --><div class=\"upb_color\" data-bg-override=\"0\" data-bg-color=\"#f4f4f4\" data-fadeout=\"\" data-fadeout-percentage=\"30\" data-parallax-content=\"\" data-parallax-content-sense=\"30\" data-row-effect-mobile-disable=\"true\" data-img-parallax-mobile-disable=\"true\" data-rtl=\"false\"  data-custom-vc-row=\"\"  data-vc=\"6.11.0\"  data-is_old_vc=\"\"  data-theme-support=\"\"   data-overlay=\"false\" data-overlay-color=\"\" data-overlay-pattern=\"\" data-overlay-pattern-opacity=\"\" data-overlay-pattern-size=\"\"    ><\/div><section class=\"l-section wpb_row height_medium\"><div class=\"l-section-h i-cf\"><div class=\"g-cols vc_row type_default valign_top\"><div class=\"vc_col-sm-6 wpb_column vc_column_container\"><div class=\"vc_column-inner\"><div class=\"wpb_wrapper\"><div class=\"wpb_text_column\" ><div class=\"wpb_wrapper\"><ol style=\"text-align: justify;\" start=\"5\">\n<li>Conducir la fase de Programaci\u00f3n de Inversiones del Ciclo del Sistema Nacional de Programaci\u00f3n Multianual y Gesti\u00f3n de Inversiones.<\/li>\n<li>Verificar que las inversiones a formularse y ejecutarse, as\u00ed como las que requieren financiamiento, de su \u00e1mbito de competencia, se encuentren alineadas con los instrumentos emitidos y\/o aprobados por la programaci\u00f3n multianual de Inversiones del Sector.<\/li>\n<li>Proponer al \u00d3rgano Resolutivo los criterios de priorizaci\u00f3n de la cartera de Inversiones y brechas identificadas a considerarse en el PMI de la municipalidad conforme a lo establecido por la normativa del Sistema Nacional de Programaci\u00f3n Multianual y Gesti\u00f3n de Inversiones.<\/li>\n<\/ol>\n<\/div><\/div><\/div><\/div><\/div><div class=\"vc_col-sm-6 wpb_column vc_column_container\"><div class=\"vc_column-inner\"><div class=\"wpb_wrapper\"><div class=\"wpb_text_column\" ><div class=\"wpb_wrapper\"><ol style=\"text-align: justify;\" start=\"8\">\n<li>Emitir opini\u00f3n a solicitud de la UF de su nivel de gobierno, as\u00ed como solicitar opini\u00f3n de la Direcci\u00f3n General del Tesoro P\u00fablico del MEF respecto a los proyectos o programas de inversi\u00f3n a ser financiados con fondos p\u00fablicos provenientes de operaciones de endeudamiento.<\/li>\n<li>Registrar a las UF de la Municipalidad distrital y a sus responsables, as\u00ed como registrar, actualizar y\/o cancelar su registro en el Banco de Inversiones, conforme a las disposiciones del Sistema Nacional de Programaci\u00f3n Multianual y Gesti\u00f3n de Inversiones.<\/li>\n<li>Emitir informe sobre evaluaci\u00f3n de fichas t\u00e9cnicas y expediente t\u00e9cnicos a aprobar.<\/li>\n<li>Elaborar y presentar el PMI del Sector al \u00d3rgano Resolutivo, as\u00ed como aprobar y registrar las modificaciones al PMI, de acuerdo a la normativa del Sistema Nacional de Programaci\u00f3n Multianual y Gesti\u00f3n de Inversiones.<\/li>\n<\/ol>\n<\/div><\/div><\/div><\/div><\/div><\/div><\/div><\/section>\n<\/section>","protected":false},"excerpt":{"rendered":"[vc_empty_space height=\"150px\"]Oficina de Programaci\u00f3n MultianualLa Oficina de Programaci\u00f3n Multianual tiene como misi\u00f3n administrar las acciones y actividades correspondientes a la Programaci\u00f3n Multianual del Ciclo de Inversi\u00f3n en el \u00e1mbito de las competencias locales, seg\u00fan corresponda, as\u00ed como tambi\u00e9n realizar el seguimiento durante y post inversi\u00f3n de los proyectos de la municipalidad. Est\u00e1 a cargo de...","protected":false},"author":9,"featured_media":0,"parent":0,"menu_order":0,"comment_status":"closed","ping_status":"closed","template":"","meta":[],"acf":[],"_links":{"self":[{"href":"http:\/\/web.muniolleroshuarochiri.gob.pe\/portal\/wp-json\/wp\/v2\/pages\/9893"}],"collection":[{"href":"http:\/\/web.muniolleroshuarochiri.gob.pe\/portal\/wp-json\/wp\/v2\/pages"}],"about":[{"href":"http:\/\/web.muniolleroshuarochiri.gob.pe\/portal\/wp-json\/wp\/v2\/types\/page"}],"author":[{"embeddable":true,"href":"http:\/\/web.muniolleroshuarochiri.gob.pe\/portal\/wp-json\/wp\/v2\/users\/9"}],"replies":[{"embeddable":true,"href":"http:\/\/web.muniolleroshuarochiri.gob.pe\/portal\/wp-json\/wp\/v2\/comments?post=9893"}],"version-history":[{"count":15,"href":"http:\/\/web.muniolleroshuarochiri.gob.pe\/portal\/wp-json\/wp\/v2\/pages\/9893\/revisions"}],"predecessor-version":[{"id":11026,"href":"http:\/\/web.muniolleroshuarochiri.gob.pe\/portal\/wp-json\/wp\/v2\/pages\/9893\/revisions\/11026"}],"wp:attachment":[{"href":"http:\/\/web.muniolleroshuarochiri.gob.pe\/portal\/wp-json\/wp\/v2\/media?parent=9893"}],"curies":[{"name":"wp","href":"https:\/\/api.w.org\/{rel}","templated":true}]}}