{"id":9912,"date":"2025-11-04T15:20:18","date_gmt":"2025-11-04T15:20:18","guid":{"rendered":"https:\/\/web.muniolleroshuarochiri.gob.pe\/portal\/?page_id=9912"},"modified":"2025-12-02T16:53:40","modified_gmt":"2025-12-02T16:53:40","slug":"unidad-formuladora","status":"publish","type":"page","link":"http:\/\/web.muniolleroshuarochiri.gob.pe\/portal\/unidad-formuladora\/","title":{"rendered":"Unidad Formuladora"},"content":{"rendered":"<section class=\"wpb-content-wrapper\"><section class=\"l-section wpb_row height_medium\"><div class=\"l-section-h i-cf\"><div class=\"g-cols vc_row type_default valign_top\"><div class=\"vc_col-sm-12 wpb_column vc_column_container\"><div class=\"vc_column-inner\"><div class=\"wpb_wrapper\">[vc_empty_space height=\u00bb150px\u00bb]<\/div><\/div><\/div><\/div><\/div><\/section><section class=\"l-section wpb_row height_medium\"><div class=\"l-section-h i-cf\"><div class=\"g-cols vc_row type_default valign_top\"><div class=\"vc_col-sm-12 wpb_column vc_column_container\"><div class=\"vc_column-inner\"><div class=\"wpb_wrapper\"><h3 class=\"w-post-elm post_title us_custom_6549b382 entry-title color_link_inherit has_text_color\">Unidad Formuladora<\/h3><\/div><\/div><\/div><\/div><\/div><\/section><section class=\"l-section wpb_row us_custom_1f64da91 height_medium\"><div class=\"l-section-h i-cf\"><div class=\"g-cols vc_row type_default valign_top\"><div class=\"vc_col-sm-8 wpb_column vc_column_container\"><div class=\"vc_column-inner\"><div class=\"wpb_wrapper\"><div class=\"wpb_text_column\" ><div class=\"wpb_wrapper\"><p>La Unidad Formuladora es la responsable de formular los estudios de pre inversi\u00f3n de los proyectos que se ha designado formalmente en la entidad y registrada por la Oficina de Programaci\u00f3n Multianual de Inversiones correspondiente.<\/p>\n<\/div><\/div>[vc_empty_space]<h2 class=\"w-text\"><span class=\"w-text-h\"><i class=\"far fa-users\"><\/i><span class=\"w-text-value\">La Unidad Formuladora tiene las siguientes funciones:<\/span><\/span><\/h2><div class=\"wpb_text_column\" ><div class=\"wpb_wrapper\"><ol style=\"text-align: justify;\">\n<li>Elabora los t\u00e9rminos de referencia cuando se contrate la elaboraci\u00f3n de los estudios de preinversi\u00f3n, siendo responsable por el contenido de dichos estudios.<\/li>\n<li>Elabora el plan de trabajo cuando la elaboraci\u00f3n de los estudios de preinversi\u00f3n la realice la propia UF, para tales efectos, deber\u00e1 tener en cuenta las pautas de los t\u00e9rminos de referencia o planes de trabajo para la elaboraci\u00f3n del estudio.<\/li>\n<li>Durante la fase de preinversi\u00f3n, las UF pondr\u00e1n a disposici\u00f3n de la DGPM y de los dem\u00e1s \u00f3rganos pertinentes toda la informaci\u00f3n referente al PIP, en caso \u00e9stos la soliciten.<\/li>\n<li>En el caso de las UF de los Locales, solamente pueden formular proyectos que se enmarquen en las competencias de su nivel de Gobierno.<\/li>\n<li>Realizar las coordinaciones y consultas necesarias con la entidad respectiva para evitar la duplicaci\u00f3n de proyectos, como requisito previo a la remisi\u00f3n del estudio. para la evaluaci\u00f3n de la Oficina de Programaci\u00f3n Multianual de Inversiones.<\/li>\n<\/ol>\n<\/div><\/div><\/div><\/div><\/div><div class=\"vc_col-sm-4 wpb_column vc_column_container\"><div class=\"vc_column-inner\"><div class=\"wpb_wrapper\"><div class=\"ult-team-member-wrap ult-style-1  \"><div class=\"ult-team-member-image\" style=\"\"> <img class=\"\" src=\"\" alt=\"\"  style=\"\"><span class=\"ult-team-member-image-overlay \"  ><\/span><\/div><div class=\"ult-team-member-bio-wrap style-1 ultimate-heading69e36c135ce3a\" style=\"text-align:center;; \"><div class=\"ult-team-member-name-wrap\"><h2 class=\"ult-team-member-name ult-responsive\"  data-ultimate-target='.ult-team-member-bio-wrap.ultimate-heading69e36c135ce3a .ult-team-member-name'  data-responsive-json-new='{\"font-size\":\"\",\"line-height\":\"\"}'  style=\"\">Salvador Guerrero Reyber<\/h2><div class=\"ult-team-member-position ult-responsive\"  data-ultimate-target='.ult-team-member-bio-wrap.ultimate-heading69e36c135ce3a .ult-team-member-position'  data-responsive-json-new='{\"font-size\":\"\",\"line-height\":\"\"}'  style=\"\">Encargado de Unidad Formuladora<\/div><div class=\"ult-team-member-description ult-responsive\"  data-ultimate-target='.ult-team-member-bio-wrap.ultimate-heading69e36c135ce3a .ult-team-member-description'  data-responsive-json-new='{\"font-size\":\"\",\"line-height\":\"\"}'  style=\"\"><p><strong>Correo municipal: <\/strong>salvador.guerrero@muniolleroshuarochiri.gob.pe<\/p><\/div><div style=\"margin-bottom:15px\"><\/div><\/div><\/div><\/div><\/div><\/div><\/div><\/div><\/div><\/section><!-- Row Backgrounds --><div class=\"upb_color\" data-bg-override=\"0\" data-bg-color=\"#f4f4f4\" data-fadeout=\"\" data-fadeout-percentage=\"30\" data-parallax-content=\"\" data-parallax-content-sense=\"30\" data-row-effect-mobile-disable=\"true\" data-img-parallax-mobile-disable=\"true\" data-rtl=\"false\"  data-custom-vc-row=\"\"  data-vc=\"6.11.0\"  data-is_old_vc=\"\"  data-theme-support=\"\"   data-overlay=\"false\" data-overlay-color=\"\" data-overlay-pattern=\"\" data-overlay-pattern-opacity=\"\" data-overlay-pattern-size=\"\"    ><\/div><section class=\"l-section wpb_row height_medium\"><div class=\"l-section-h i-cf\"><div class=\"g-cols vc_row type_default valign_top\"><div class=\"vc_col-sm-6 wpb_column vc_column_container\"><div class=\"vc_column-inner\"><div class=\"wpb_wrapper\"><div class=\"wpb_text_column\" ><div class=\"wpb_wrapper\"><ol style=\"text-align: justify;\" start=\"6\">\n<li>Formular los proyectos a ser financiados y\/o ejecutados por terceros con\u00a0 sus propios recursos o por Gobiernos Locales, en este caso, la UF correspondiente es aquella que pertenece a la Entidad que asumir\u00e1 los gastos de operaci\u00f3n y mantenimiento del PIP.<\/li>\n<li>Informar a su OPMI los proyectos presentados a evaluaci\u00f3n ante la OPI responsable de la funci\u00f3n en la que se enmarca el PIP, en los casos que corresponda.<\/li>\n<li>Considerar, en la elaboraci\u00f3n de los estudios, los Par\u00e1metros y Normas T\u00e9cnicas para una correcta formulaci\u00f3n.<\/li>\n<li>No fraccionar proyectos, para lo cual debe tener en cuenta la definici\u00f3n de PIP contenida en la presente Directiva<\/li>\n<li>Cuando el financiamiento de los gastos de operaci\u00f3n y mantenimiento est\u00e1 a cargo de una entidad distinta a la que pertenece la Unidad Formuladora del PIP, solicitar la opini\u00f3n favorable de dichas entidades antes de remitir el Perfil para su evaluaci\u00f3n, independientemente del nivel de estudio con el que se pueda declarar la viabilidad.<\/li>\n<\/ol>\n<\/div><\/div><\/div><\/div><\/div><div class=\"vc_col-sm-6 wpb_column vc_column_container\"><div class=\"vc_column-inner\"><div class=\"wpb_wrapper\"><div class=\"wpb_text_column\" ><div class=\"wpb_wrapper\"><ol style=\"text-align: justify;\" start=\"11\">\n<li>Levantar las observaciones o recomendaciones planteadas por la OPMI.<br \/>\nMantener actualizada la informaci\u00f3n registrada en el Banco de Proyectos.<\/li>\n<li>Verificar que se cuenta con el saneamiento f\u00edsico legal correspondiente o se cuenta con los arreglos institucionales respectivos para la implementaci\u00f3n del PIP, cuando corresponda, a efectos de asegurar la sostenibilidad del PIP.<\/li>\n<li>Verificar que la localizaci\u00f3n geogr\u00e1fica del PIP corresponda a su circunscripci\u00f3n territorial, salvo que se trate de un PIP de alcance intermunicipal o de influencia interregional.<\/li>\n<li>Elabora, suscribe los estudios de preinversi\u00f3n y los registra en el Banco de Proyectos<\/li>\n<\/ol>\n<\/div><\/div><\/div><\/div><\/div><\/div><\/div><\/section>\n<\/section>","protected":false},"excerpt":{"rendered":"[vc_empty_space height=\"150px\"]Unidad FormuladoraLa Unidad Formuladora es la responsable de formular los estudios de pre inversi\u00f3n de los proyectos que se ha designado formalmente en la entidad y registrada por la Oficina de Programaci\u00f3n Multianual de Inversiones correspondiente. [vc_empty_space]La Unidad Formuladora tiene las siguientes funciones: Elabora los t\u00e9rminos de referencia cuando se contrate la elaboraci\u00f3n de...","protected":false},"author":9,"featured_media":0,"parent":0,"menu_order":0,"comment_status":"closed","ping_status":"closed","template":"","meta":[],"acf":[],"_links":{"self":[{"href":"http:\/\/web.muniolleroshuarochiri.gob.pe\/portal\/wp-json\/wp\/v2\/pages\/9912"}],"collection":[{"href":"http:\/\/web.muniolleroshuarochiri.gob.pe\/portal\/wp-json\/wp\/v2\/pages"}],"about":[{"href":"http:\/\/web.muniolleroshuarochiri.gob.pe\/portal\/wp-json\/wp\/v2\/types\/page"}],"author":[{"embeddable":true,"href":"http:\/\/web.muniolleroshuarochiri.gob.pe\/portal\/wp-json\/wp\/v2\/users\/9"}],"replies":[{"embeddable":true,"href":"http:\/\/web.muniolleroshuarochiri.gob.pe\/portal\/wp-json\/wp\/v2\/comments?post=9912"}],"version-history":[{"count":8,"href":"http:\/\/web.muniolleroshuarochiri.gob.pe\/portal\/wp-json\/wp\/v2\/pages\/9912\/revisions"}],"predecessor-version":[{"id":11025,"href":"http:\/\/web.muniolleroshuarochiri.gob.pe\/portal\/wp-json\/wp\/v2\/pages\/9912\/revisions\/11025"}],"wp:attachment":[{"href":"http:\/\/web.muniolleroshuarochiri.gob.pe\/portal\/wp-json\/wp\/v2\/media?parent=9912"}],"curies":[{"name":"wp","href":"https:\/\/api.w.org\/{rel}","templated":true}]}}