{"id":9914,"date":"2025-11-04T15:25:02","date_gmt":"2025-11-04T15:25:02","guid":{"rendered":"https:\/\/web.muniolleroshuarochiri.gob.pe\/portal\/?page_id=9914"},"modified":"2025-12-02T16:26:10","modified_gmt":"2025-12-02T16:26:10","slug":"oficina-general-de-asesoria-juridica","status":"publish","type":"page","link":"http:\/\/web.muniolleroshuarochiri.gob.pe\/portal\/oficina-general-de-asesoria-juridica\/","title":{"rendered":"Oficina General de Asesor\u00eda Jur\u00eddica"},"content":{"rendered":"<section class=\"wpb-content-wrapper\"><section class=\"l-section wpb_row height_medium\"><div class=\"l-section-h i-cf\"><div class=\"g-cols vc_row type_default valign_top\"><div class=\"vc_col-sm-12 wpb_column vc_column_container\"><div class=\"vc_column-inner\"><div class=\"wpb_wrapper\">[vc_empty_space height=\u00bb150px\u00bb]<\/div><\/div><\/div><\/div><\/div><\/section><section class=\"l-section wpb_row height_medium\"><div class=\"l-section-h i-cf\"><div class=\"g-cols vc_row type_default valign_top\"><div class=\"vc_col-sm-12 wpb_column vc_column_container\"><div class=\"vc_column-inner\"><div class=\"wpb_wrapper\"><h3 class=\"w-post-elm post_title us_custom_6549b382 entry-title color_link_inherit has_text_color\">Oficina General de Asesor\u00eda Jur\u00eddica<\/h3><\/div><\/div><\/div><\/div><\/div><\/section><section class=\"l-section wpb_row us_custom_1f64da91 height_medium\"><div class=\"l-section-h i-cf\"><div class=\"g-cols vc_row type_default valign_top\"><div class=\"vc_col-sm-8 wpb_column vc_column_container\"><div class=\"vc_column-inner\"><div class=\"wpb_wrapper\"><div class=\"wpb_text_column\" ><div class=\"wpb_wrapper\"><p>La Oficina General de Asesor\u00eda Jur\u00eddica es el \u00f3rgano de asesoramiento que desarrolla funciones consultivas en materia jur\u00eddica, encargado de organizar, coordinar, evaluar y supervisar la ejecuci\u00f3n de actividades de car\u00e1cter jur\u00eddico;\u00a0as\u00ed como brindar la adecuada interpretaci\u00f3n, aplicaci\u00f3n y difusi\u00f3n de las normas de competencia municipal.\u00a0Est\u00e1 a cargo de un Servidor P\u00fablico quien depende jer\u00e1rquicamente de la Gerente Municipal.<\/p>\n<\/div><\/div>[vc_empty_space]<h2 class=\"w-text\"><span class=\"w-text-h\"><i class=\"far fa-users\"><\/i><span class=\"w-text-value\">Las funciones de la Oficina General de Asesor\u00eda Jur\u00eddica son:<\/span><\/span><\/h2><div class=\"wpb_text_column\" ><div class=\"wpb_wrapper\"><ol style=\"text-align: justify;\">\n<li>Ejecutar el Plan Operativo y Presupuesto Municipal correspondiente a la Oficina General de Asesor\u00eda Jur\u00eddica, disponiendo eficiente y eficazmente de los recursos presupuestales, econ\u00f3micos, financieros, materiales y equipos asignados.<\/li>\n<li>Emitir Informe legal en los expedientes administrativos que sean puestos a su disposici\u00f3n, respecto a dudas jur\u00eddicas sobre aplicaci\u00f3n de las normas por las \u00e1reas de la Entidad.<\/li>\n<li>Emitir opini\u00f3n legal sobre consultas jur\u00eddicas formuladas por el Concejo Municipal, la Alta Direcci\u00f3n y dem\u00e1s \u00f3rganos de la Municipalidad en temas sobre aplicaci\u00f3n de la normatividad en el \u00e1mbito administrativo y\/o jurisdiccional.<\/li>\n<li>Revisar y\/o visar las Resoluciones, Decretos de Alcald\u00eda para su Aprobaci\u00f3n conforme a Ley.<\/li>\n<\/ol>\n<\/div><\/div><\/div><\/div><\/div><div class=\"vc_col-sm-4 wpb_column vc_column_container\"><div class=\"vc_column-inner\"><div class=\"wpb_wrapper\"><div class=\"ult-team-member-wrap ult-style-1  \"><div class=\"ult-team-member-image\" style=\"\"> <img class=\"\" src=\"http:\/\/web.muniolleroshuarochiri.gob.pe\/portal\/wp-content\/uploads\/2025\/12\/SUELDO.jpg\" alt=\"null\"  style=\"\"><span class=\"ult-team-member-image-overlay \"  ><\/span><\/div><div class=\"ult-team-member-bio-wrap style-1 ultimate-heading69e2002b16346\" style=\"text-align:center;; \"><div class=\"ult-team-member-name-wrap\"><h2 class=\"ult-team-member-name ult-responsive\"  data-ultimate-target='.ult-team-member-bio-wrap.ultimate-heading69e2002b16346 .ult-team-member-name'  data-responsive-json-new='{\"font-size\":\"\",\"line-height\":\"\"}'  style=\"\">Belisario Roger Sueldo C\u00e1ceres<\/h2><div class=\"ult-team-member-position ult-responsive\"  data-ultimate-target='.ult-team-member-bio-wrap.ultimate-heading69e2002b16346 .ult-team-member-position'  data-responsive-json-new='{\"font-size\":\"\",\"line-height\":\"\"}'  style=\"\">Encargado de la Oficina General de Asesor\u00eda Jur\u00eddica<\/div><div class=\"ult-team-member-description ult-responsive\"  data-ultimate-target='.ult-team-member-bio-wrap.ultimate-heading69e2002b16346 .ult-team-member-description'  data-responsive-json-new='{\"font-size\":\"\",\"line-height\":\"\"}'  style=\"\"><p><strong>Correo municipal: <\/strong>belisario.sueldo@muniolleroshuarochiri.gob.pe<\/p><\/div><div style=\"margin-bottom:15px\"><\/div><\/div><\/div><\/div><\/div><\/div><\/div><\/div><\/div><\/section><!-- Row Backgrounds --><div class=\"upb_color\" data-bg-override=\"0\" data-bg-color=\"#f4f4f4\" data-fadeout=\"\" data-fadeout-percentage=\"30\" data-parallax-content=\"\" data-parallax-content-sense=\"30\" data-row-effect-mobile-disable=\"true\" data-img-parallax-mobile-disable=\"true\" data-rtl=\"false\"  data-custom-vc-row=\"\"  data-vc=\"6.11.0\"  data-is_old_vc=\"\"  data-theme-support=\"\"   data-overlay=\"false\" data-overlay-color=\"\" data-overlay-pattern=\"\" data-overlay-pattern-opacity=\"\" data-overlay-pattern-size=\"\"    ><\/div><section class=\"l-section wpb_row height_medium\"><div class=\"l-section-h i-cf\"><div class=\"g-cols vc_row type_default valign_top\"><div class=\"vc_col-sm-6 wpb_column vc_column_container\"><div class=\"vc_column-inner\"><div class=\"wpb_wrapper\"><div class=\"wpb_text_column\" ><div class=\"wpb_wrapper\"><ol style=\"text-align: justify;\" start=\"5\">\n<li>Elaborar el informe legal para la aprobaci\u00f3n del TUPA de la Entidad, contando con la participaci\u00f3n de las \u00e1reas encargadas a ejecutar dichos procedimientos.<\/li>\n<li>Revisar y\/o visar los convenios en los que intervenga la Municipalidad.<\/li>\n<li>Emitir informes legales sobre la aprobaci\u00f3n de documentos de gesti\u00f3n, cuando sea requerido.<\/li>\n<li>Emitir opini\u00f3n legal en segunda instancia sobre los expedientes administrativos que sean puestos a su disposici\u00f3n, respecto a dudas jur\u00eddicas sobre aplicaci\u00f3n de las normas que correspondan resolver en \u00faltima instancia administrativa.<\/li>\n<li>Integrar grupos t\u00e9cnicos y comisiones de trabajo, seg\u00fan sea designado por el Despacho de Alcald\u00eda.<\/li>\n<li>Tramitar las expropiaciones forzosas que por necesidad y utilidad p\u00fablica acuerde el Concejo, velando que su destino sea para la prestaci\u00f3n de servicios p\u00fablicos locales.<\/li>\n<li>Ejercer la defensa de las autoridades, funcionarios y trabajadores, cuando \u00e9stos lo requieran en tanto sean emplazados por el Ministerio P\u00fablico o el Poder Judicial por el ejercicio de sus funciones, en tanto no fueren denunciados por la propia Municipalidad o por alg\u00fan \u00f3rgano del Sistema Nacional de Control.<\/li>\n<li>Formar parte integrante del Grupo de Trabajo de Gesti\u00f3n del Riesgo de Desastres.<\/li>\n<\/ol>\n<\/div><\/div><\/div><\/div><\/div><div class=\"vc_col-sm-6 wpb_column vc_column_container\"><div class=\"vc_column-inner\"><div class=\"wpb_wrapper\"><div class=\"wpb_text_column\" ><div class=\"wpb_wrapper\"><ol style=\"text-align: justify;\" start=\"13\">\n<li>Formular y proponer las pol\u00edticas de gesti\u00f3n de car\u00e1cter jur\u00eddico aplicables a la administraci\u00f3n de la Oficina General de Asesor\u00eda Jur\u00eddica.<\/li>\n<li>Proponer, elaborar el Cuadro de Necesidades de la Oficina as\u00ed como otros instrumentos de gesti\u00f3n que establezcan los Sistemas Administrativos del Estado, en el marco de sus competencias.<\/li>\n<li>Programar, organizar, dirigir y controlar las actividades relacionadas con la atenci\u00f3n de los pedidos y solicitudes de informe que formulen los Regidores a las dependencias administrativas municipales, canaliz\u00e1ndolas adecuadamente y coordinando con las \u00e1reas municipales correspondientes las acciones en atenci\u00f3n a los pedidos formulados.<\/li>\n<li>Elaborar las Actas de las sesiones de Concejo, as\u00ed como las Ordenanzas, Acuerdos, Decretos y Resoluciones de Alcald\u00eda.<\/li>\n<li>Proponer al Fedatario de la Municipalidad<\/li>\n<li>Citar a las Sesiones de Concejo Municipal por disposici\u00f3n del Alcalde, o de acuerdo a lo dispuesto en la Ley Org\u00e1nica de Municipalidades o los reglamentos correspondientes.<\/li>\n<li>Disponer la publicaci\u00f3n en el Diario Oficial o en el Diario de Avisos Judiciales de la Provincia, seg\u00fan corresponda las Ordenanzas, Decretos y dem\u00e1s disposiciones municipales pertinentes.<\/li>\n<\/ol>\n<\/div><\/div><\/div><\/div><\/div><\/div><\/div><\/section><section class=\"l-section wpb_row height_medium\"><div class=\"l-section-h i-cf\"><div class=\"g-cols vc_row type_default valign_top\"><div class=\"vc_col-sm-12 wpb_column vc_column_container\"><div class=\"vc_column-inner\"><div class=\"wpb_wrapper\"><div class=\"wpb_text_column\" ><div class=\"wpb_wrapper\"><ol style=\"text-align: justify;\" start=\"20\">\n<li>Desarrollar y mantener actualizado el registro fuente de todas las Ordenanzas, Decretos y dem\u00e1s disposiciones municipales.<\/li>\n<li>Supervisar la Distribuci\u00f3n de los documentos y expedientes que ingresan a la Municipal, de acuerdo a la Ley del Procedimiento Administrativo General y dem\u00e1s normas establecidas al respecto.<\/li>\n<li>Custodiar los libros de registros de Resoluciones de Alcald\u00eda, Decretos de Alcald\u00eda, Ordenanzas Municipales, Edictos, Acuerdos de Concejo, Resoluciones de Concejo y Libros de Actas de Sesiones de Concejo.<\/li>\n<li>Proponer, impulsar e implementar las mejoras e innovaciones en los procesos, procedimientos y normatividad del \u00e1rea a su cargo, en coordinaci\u00f3n con la Oficina General de Planeamiento y Presupuesto.<\/li>\n<li>Asesorar a la Alta Direcci\u00f3n y dem\u00e1s \u00d3rganos Municipales en el \u00e1mbito de su competencia.<\/li>\n<li>Otorgar copias certificadas de ordenanzas, Acuerdos, Decretos, Resoluciones y otros documentos que se encuentren en el Archivo Central.<\/li>\n<li>Atender las solicitudes de informaci\u00f3n en el marco de la Ley de Transparencia de la Informaci\u00f3n P\u00fablica.<\/li>\n<li>Representar a Municipio ante organismos internos y externos para la coordinaci\u00f3n de las actividades correspondientes a su competencia.<\/li>\n<li>Suscribir con el Alcalde las actas de las Sesiones del Concejo Municipal.<\/li>\n<li>Cumplir otras funciones que le encomiende Alcald\u00eda, relacionadas con el \u00e1mbito de su competencia<\/li>\n<\/ol>\n<\/div><\/div><\/div><\/div><\/div><\/div><\/div><\/section>\n<\/section>","protected":false},"excerpt":{"rendered":"[vc_empty_space height=\"150px\"]Oficina General de Asesor\u00eda Jur\u00eddicaLa Oficina General de Asesor\u00eda Jur\u00eddica es el \u00f3rgano de asesoramiento que desarrolla funciones consultivas en materia jur\u00eddica, encargado de organizar, coordinar, evaluar y supervisar la ejecuci\u00f3n de actividades de car\u00e1cter jur\u00eddico;\u00a0as\u00ed como brindar la adecuada interpretaci\u00f3n, aplicaci\u00f3n y difusi\u00f3n de las normas de competencia municipal.\u00a0Est\u00e1 a cargo de un...","protected":false},"author":9,"featured_media":0,"parent":0,"menu_order":0,"comment_status":"closed","ping_status":"closed","template":"","meta":[],"acf":[],"_links":{"self":[{"href":"http:\/\/web.muniolleroshuarochiri.gob.pe\/portal\/wp-json\/wp\/v2\/pages\/9914"}],"collection":[{"href":"http:\/\/web.muniolleroshuarochiri.gob.pe\/portal\/wp-json\/wp\/v2\/pages"}],"about":[{"href":"http:\/\/web.muniolleroshuarochiri.gob.pe\/portal\/wp-json\/wp\/v2\/types\/page"}],"author":[{"embeddable":true,"href":"http:\/\/web.muniolleroshuarochiri.gob.pe\/portal\/wp-json\/wp\/v2\/users\/9"}],"replies":[{"embeddable":true,"href":"http:\/\/web.muniolleroshuarochiri.gob.pe\/portal\/wp-json\/wp\/v2\/comments?post=9914"}],"version-history":[{"count":12,"href":"http:\/\/web.muniolleroshuarochiri.gob.pe\/portal\/wp-json\/wp\/v2\/pages\/9914\/revisions"}],"predecessor-version":[{"id":11006,"href":"http:\/\/web.muniolleroshuarochiri.gob.pe\/portal\/wp-json\/wp\/v2\/pages\/9914\/revisions\/11006"}],"wp:attachment":[{"href":"http:\/\/web.muniolleroshuarochiri.gob.pe\/portal\/wp-json\/wp\/v2\/media?parent=9914"}],"curies":[{"name":"wp","href":"https:\/\/api.w.org\/{rel}","templated":true}]}}