{"id":9918,"date":"2025-11-04T16:01:20","date_gmt":"2025-11-04T16:01:20","guid":{"rendered":"https:\/\/web.muniolleroshuarochiri.gob.pe\/portal\/?page_id=9918"},"modified":"2025-12-02T16:38:55","modified_gmt":"2025-12-02T16:38:55","slug":"oficina-de-contabilidad","status":"publish","type":"page","link":"http:\/\/web.muniolleroshuarochiri.gob.pe\/portal\/oficina-de-contabilidad\/","title":{"rendered":"Oficina de Contabilidad"},"content":{"rendered":"<section class=\"wpb-content-wrapper\"><section class=\"l-section wpb_row height_medium\"><div class=\"l-section-h i-cf\"><div class=\"g-cols vc_row type_default valign_top\"><div class=\"vc_col-sm-12 wpb_column vc_column_container\"><div class=\"vc_column-inner\"><div class=\"wpb_wrapper\">[vc_empty_space height=\u00bb150px\u00bb]<\/div><\/div><\/div><\/div><\/div><\/section><section class=\"l-section wpb_row height_medium\"><div class=\"l-section-h i-cf\"><div class=\"g-cols vc_row type_default valign_top\"><div class=\"vc_col-sm-12 wpb_column vc_column_container\"><div class=\"vc_column-inner\"><div class=\"wpb_wrapper\"><h3 class=\"w-post-elm post_title us_custom_6549b382 entry-title color_link_inherit has_text_color\">Oficina de Contabilidad<\/h3><\/div><\/div><\/div><\/div><\/div><\/section><section class=\"l-section wpb_row us_custom_1f64da91 height_medium\"><div class=\"l-section-h i-cf\"><div class=\"g-cols vc_row type_default valign_top\"><div class=\"vc_col-sm-8 wpb_column vc_column_container\"><div class=\"vc_column-inner\"><div class=\"wpb_wrapper\"><div class=\"wpb_text_column\" ><div class=\"wpb_wrapper\"><p><span data-huuid=\"1194154740720715801\">La Oficina de Contabilidad, es un \u00f3rgano de apoyo encargado de conducir el adecuado proceso de los recursos econ\u00f3micos y registro contable de las operaciones que tengan incidencia presupuestal y financiera de acuerdo a los principios y normas que rigen el sistema nacional de contabilidad gubernamental. <\/span><span data-huuid=\"1194154740720717588\">Est\u00e1 a cargo de un Servidor P\u00fablico quien depende funcional y jer\u00e1rquicamente de la Oficina General de Administraci\u00f3n y Finanzas.<\/span><\/p>\n<\/div><\/div>[vc_empty_space]<h2 class=\"w-text\"><span class=\"w-text-h\"><i class=\"far fa-users\"><\/i><span class=\"w-text-value\">Las funciones de la Oficina de Contabilidad son:<\/span><\/span><\/h2><div class=\"wpb_text_column\" ><div class=\"wpb_wrapper\"><div class=\"WaaZC\"><\/div>\n<div class=\"WaaZC\">\n<div class=\"RJPOee EIJn2\">\n<ol style=\"text-align: justify;\" start=\"a\">\n<li><span data-huuid=\"10853783438573127801\">\u00a0Elaborar y ejecutar el Plan Operativo Institucional, Plan Estrat\u00e9gico Institucional, Memoria Anual y el Cuadro de Necesidades de la Unidad de Contabilidad, as\u00ed como otros instrumentos de gesti\u00f3n que establezcan los Sistemas Administrativos del Estado, de acuerdo con sus competencias.<\/span><\/li>\n<li><span data-huuid=\"10853783438573128815\">Ejecutar el control previo institucional de la fase de compromiso, devengado giro y pago de la documentaci\u00f3n administrativa contable que origine el gasto.<\/span><\/li>\n<li><span data-huuid=\"10853783438573125733\">Programar, organizar, dirigir, ejecutar y controlar las acciones y procedimientos contables para el registro de las operaciones econ\u00f3micas y financieras de la Municipalidad en cumplimiento del Sistema de contabilidad Gubernamental.<\/span><\/li>\n<li><span data-huuid=\"10853783438573126747\">Gestionar el registro contable del pliego, as\u00ed como su actualizaci\u00f3n, en el Sistema Integrado de Administraci\u00f3n Financiera de los Recursos P\u00fablicos<\/span><\/li>\n<li><span data-huuid=\"2443212037710501539\">Proponer y aplicar Normas, lineamientos, procedimientos contables y directivas Internas, as\u00ed como realizar seguimiento y evaluaci\u00f3n de su cumplimiento, conforme a la normativa del Sistema Nacional de Contabilidad.<\/span><\/li>\n<li data-hveid=\"CAoQAQ\" data-ved=\"2ahUKEwj9rPyn7tiQAxXPArkGHYCYNAMQo_EKegQIChAB\"><span data-huuid=\"2443212037710501569\">Efectuar las acciones conducentes al reconocimiento, medici\u00f3n, registro y procesamiento de los hechos econ\u00f3micos de la entidad, elaborando los estados financieros y presupuestarios, e informaci\u00f3n complementaria con sujeci\u00f3n al sistema contable.<\/span><\/li>\n<\/ol>\n<div data-hveid=\"CAoQAQ\" data-ved=\"2ahUKEwj9rPyn7tiQAxXPArkGHYCYNAMQo_EKegQIChAB\"><\/div>\n<\/div>\n<\/div>\n<\/div><\/div><\/div><\/div><\/div><div class=\"vc_col-sm-4 wpb_column vc_column_container\"><div class=\"vc_column-inner\"><div class=\"wpb_wrapper\"><div class=\"ult-team-member-wrap ult-style-1  \"><div class=\"ult-team-member-image\" style=\"\"> <img class=\"\" src=\"http:\/\/web.muniolleroshuarochiri.gob.pe\/portal\/wp-content\/uploads\/2025\/12\/Edy-Alberto.jpg\" alt=\"null\"  style=\"\"><span class=\"ult-team-member-image-overlay \"  ><\/span><\/div><div class=\"ult-team-member-bio-wrap style-1 ultimate-heading69e3665405a5e\" style=\"text-align:center;; \"><div class=\"ult-team-member-name-wrap\"><h2 class=\"ult-team-member-name ult-responsive\"  data-ultimate-target='.ult-team-member-bio-wrap.ultimate-heading69e3665405a5e .ult-team-member-name'  data-responsive-json-new='{\"font-size\":\"\",\"line-height\":\"\"}'  style=\"\">Edy Alberto Alor Pacheco<\/h2><div class=\"ult-team-member-position ult-responsive\"  data-ultimate-target='.ult-team-member-bio-wrap.ultimate-heading69e3665405a5e .ult-team-member-position'  data-responsive-json-new='{\"font-size\":\"\",\"line-height\":\"\"}'  style=\"\">Encargado de la Oficina de Contabilidad<\/div><div class=\"ult-team-member-description ult-responsive\"  data-ultimate-target='.ult-team-member-bio-wrap.ultimate-heading69e3665405a5e .ult-team-member-description'  data-responsive-json-new='{\"font-size\":\"\",\"line-height\":\"\"}'  style=\"\"><p><strong>Correo municipal:<\/strong> edy.alor@muniolleroshuarochiri.gob.pe<\/p><\/div><div style=\"margin-bottom:15px\"><\/div><\/div><\/div><\/div><\/div><\/div><\/div><\/div><\/div><\/section><!-- Row Backgrounds --><div class=\"upb_color\" data-bg-override=\"0\" data-bg-color=\"#f4f4f4\" data-fadeout=\"\" data-fadeout-percentage=\"30\" data-parallax-content=\"\" data-parallax-content-sense=\"30\" data-row-effect-mobile-disable=\"true\" data-img-parallax-mobile-disable=\"true\" data-rtl=\"false\"  data-custom-vc-row=\"\"  data-vc=\"6.11.0\"  data-is_old_vc=\"\"  data-theme-support=\"\"   data-overlay=\"false\" data-overlay-color=\"\" data-overlay-pattern=\"\" data-overlay-pattern-opacity=\"\" data-overlay-pattern-size=\"\"    ><\/div><section class=\"l-section wpb_row height_medium\"><div class=\"l-section-h i-cf\"><div class=\"g-cols vc_row type_default valign_top\"><div class=\"vc_col-sm-6 wpb_column vc_column_container\"><div class=\"vc_column-inner\"><div class=\"wpb_wrapper\"><div class=\"wpb_text_column\" ><div class=\"wpb_wrapper\"><ol style=\"text-align: justify;\" start=\"7\">\n<li><span data-huuid=\"2443212037710501599\">Revisar y fiscalizar la documentaci\u00f3n que sustenta los gastos e inversiones en forma permanente y obligatoria en control previo de las operaciones sujetas a registro contable y ejecuci\u00f3n presupuestal.<\/span><\/li>\n<li><span data-huuid=\"2443212037710501629\">Efectuar las consolidaciones de las contribuciones sociales, as\u00ed como de las retenciones tributarias que se originen en la administraci\u00f3n, en coordinaci\u00f3n con las \u00e1reas competentes.<\/span><\/li>\n<li><span data-huuid=\"2443212037710501659\">Ejecutar arqueos inopinados del fondo fijo para caja chica, especies valoradas y otras, informando a la Oficina General de Administraci\u00f3n y Finanzas, las observaciones y recomendaciones de corresponder.<\/span><\/li>\n<li><span data-huuid=\"2443212037710501689\">Remitir oportunamente la documentaci\u00f3n contable a los organismos competentes, tal es el caso de la Contadur\u00eda P\u00fablica de la Naci\u00f3n (Trimestral) y Contralor\u00eda General de la Rep\u00fablica.<\/span><\/li>\n<li><span data-huuid=\"2443212037710501719\">Supervisar el cumplimiento de la rendici\u00f3n de cuentas por parte del Titular de la entidad, para la presentaci\u00f3n de informaci\u00f3n y an\u00e1lisis de los resultados presupuestarios, financieros, econ\u00f3micos, patrimoniales, as\u00ed como el cumplimiento de metas e indicadores de gesti\u00f3n financiera del ejercicio fiscal ante la Direcci\u00f3n General de Contabilidad P\u00fablica.<\/span><\/li>\n<li><span data-huuid=\"2443212037710501749\">Presentar y sustentar ante el Concejo Municipal el Balance General de Ingresos y Egresos, para ser aprobado y remitido a la Contadur\u00eda P\u00fablica de la Naci\u00f3n al Cierre del Ejercicio Fiscal, al 31 de marzo del siguiente ejercicio.<\/span><\/li>\n<\/ol>\n<\/div><\/div><\/div><\/div><\/div><div class=\"vc_col-sm-6 wpb_column vc_column_container\"><div class=\"vc_column-inner\"><div class=\"wpb_wrapper\"><div class=\"wpb_text_column\" ><div class=\"wpb_wrapper\"><ol style=\"text-align: justify;\" start=\"13\">\n<li>Elaborar el an\u00e1lisis de cada cuenta patrimonial, balances de comprobaci\u00f3n, balances generales y estados de gesti\u00f3n.<\/li>\n<li><span data-huuid=\"2443212037710501809\">Registrar la fase del devengado y registro contable en los sistemas vigentes de todas las operaciones que originan gastos de la Municipalidad, en cumplimiento a las normas de ejecuci\u00f3n presupuestal vigentes.<\/span><\/li>\n<li><span data-huuid=\"2443212037710501839\">Coordinar y supervisar la actualizaci\u00f3n valorizada permanente del registro de bienes patrimoniales.<\/span><\/li>\n<li><span data-huuid=\"2443212037710501869\">Elaborar y presentar los Estados Financieros y Estados Presupuestarios, de acuerdo con los Principios de Contabilidad Generalmente Aceptados, NIC-SP, Directivas, Instructivos Contables entre otros, para su remisi\u00f3n a los organismos competentes.<\/span><\/li>\n<li><span data-huuid=\"2443212037710501899\">Elaborar y presentar declaraciones informativas tributarias, referidas a cuentas de la Municipalidad, as\u00ed como representarla ante la Superintendencia Nacional de Aduanas y Administraci\u00f3n Tributaria.<\/span><\/li>\n<li><span data-huuid=\"2443212037710501929\">Ejecutar acciones para implementar recomendaciones de Informes de Control Posterior, Situaciones Adversas de informes de Control Simultaneo, y el Sistema de Control Interno, de acuerdo con la normativa aplicable y vigente.<\/span><\/li>\n<li><span data-huuid=\"2443212037710501959\">Cumplir otras funciones que le encomiende la Oficina General de Administraci\u00f3n y Finanzas, relacionadas con el \u00e1mbito de su competencia.<\/span><\/li>\n<\/ol>\n<\/div><\/div><\/div><\/div><\/div><\/div><\/div><\/section>\n<\/section>","protected":false},"excerpt":{"rendered":"[vc_empty_space height=\"150px\"]Oficina de ContabilidadLa Oficina de Contabilidad, es un \u00f3rgano de apoyo encargado de conducir el adecuado proceso de los recursos econ\u00f3micos y registro contable de las operaciones que tengan incidencia presupuestal y financiera de acuerdo a los principios y normas que rigen el sistema nacional de contabilidad gubernamental. Est\u00e1 a cargo de un Servidor...","protected":false},"author":9,"featured_media":0,"parent":0,"menu_order":0,"comment_status":"closed","ping_status":"closed","template":"","meta":[],"acf":[],"_links":{"self":[{"href":"http:\/\/web.muniolleroshuarochiri.gob.pe\/portal\/wp-json\/wp\/v2\/pages\/9918"}],"collection":[{"href":"http:\/\/web.muniolleroshuarochiri.gob.pe\/portal\/wp-json\/wp\/v2\/pages"}],"about":[{"href":"http:\/\/web.muniolleroshuarochiri.gob.pe\/portal\/wp-json\/wp\/v2\/types\/page"}],"author":[{"embeddable":true,"href":"http:\/\/web.muniolleroshuarochiri.gob.pe\/portal\/wp-json\/wp\/v2\/users\/9"}],"replies":[{"embeddable":true,"href":"http:\/\/web.muniolleroshuarochiri.gob.pe\/portal\/wp-json\/wp\/v2\/comments?post=9918"}],"version-history":[{"count":13,"href":"http:\/\/web.muniolleroshuarochiri.gob.pe\/portal\/wp-json\/wp\/v2\/pages\/9918\/revisions"}],"predecessor-version":[{"id":11016,"href":"http:\/\/web.muniolleroshuarochiri.gob.pe\/portal\/wp-json\/wp\/v2\/pages\/9918\/revisions\/11016"}],"wp:attachment":[{"href":"http:\/\/web.muniolleroshuarochiri.gob.pe\/portal\/wp-json\/wp\/v2\/media?parent=9918"}],"curies":[{"name":"wp","href":"https:\/\/api.w.org\/{rel}","templated":true}]}}