{"id":9925,"date":"2025-11-04T16:22:17","date_gmt":"2025-11-04T16:22:17","guid":{"rendered":"https:\/\/web.muniolleroshuarochiri.gob.pe\/portal\/?page_id=9925"},"modified":"2025-12-02T16:28:16","modified_gmt":"2025-12-02T16:28:16","slug":"oficina-de-logistica","status":"publish","type":"page","link":"http:\/\/web.muniolleroshuarochiri.gob.pe\/portal\/oficina-de-logistica\/","title":{"rendered":"Oficina de Log\u00edstica"},"content":{"rendered":"<section class=\"wpb-content-wrapper\"><section class=\"l-section wpb_row height_medium\"><div class=\"l-section-h i-cf\"><div class=\"g-cols vc_row type_default valign_top\"><div class=\"vc_col-sm-12 wpb_column vc_column_container\"><div class=\"vc_column-inner\"><div class=\"wpb_wrapper\">[vc_empty_space height=\u00bb150px\u00bb]<\/div><\/div><\/div><\/div><\/div><\/section><section class=\"l-section wpb_row height_medium\"><div class=\"l-section-h i-cf\"><div class=\"g-cols vc_row type_default valign_top\"><div class=\"vc_col-sm-12 wpb_column vc_column_container\"><div class=\"vc_column-inner\"><div class=\"wpb_wrapper\"><h3 class=\"w-post-elm post_title us_custom_6549b382 entry-title color_link_inherit has_text_color\">Oficina de Log\u00edstica<\/h3><\/div><\/div><\/div><\/div><\/div><\/section><section class=\"l-section wpb_row us_custom_1f64da91 height_medium\"><div class=\"l-section-h i-cf\"><div class=\"g-cols vc_row type_default valign_top\"><div class=\"vc_col-sm-8 wpb_column vc_column_container\"><div class=\"vc_column-inner\"><div class=\"wpb_wrapper\"><div class=\"wpb_text_column\" ><div class=\"wpb_wrapper\"><p><span data-huuid=\"3825786192699212875\">La Oficina de Log\u00edstica, Control Patrimonial, Almac\u00e9n y Maestranza tiene como objetivo planificar, organizar y controlar el proceso de abastecimiento de bienes y servicios que se requieren en la Instituci\u00f3n para el cumplimiento de las actividades y proyectos de la Gesti\u00f3n Municipal, es la encargada de ejecutar las acciones para el mantenimiento preventivo, correctivo y la reparaci\u00f3n de la flota vehicular municipal, los equipos y maquinarias;\u00a0<\/span><span data-huuid=\"3825786192699215326\">as\u00ed mismo est\u00e1 a cargo del servicio a todas las unidades org\u00e1nicas en el mantenimiento de sus instalaciones el\u00e9ctricas, mec\u00e1nicas, civiles, etc.: garantizando su conservaci\u00f3n, seguridad y \u00f3ptima condici\u00f3n de funcionamiento.<\/span><\/p>\n<\/div><\/div><\/div><\/div><\/div><div class=\"vc_col-sm-4 wpb_column vc_column_container\"><div class=\"vc_column-inner\"><div class=\"wpb_wrapper\"><div class=\"ult-team-member-wrap ult-style-1  \"><div class=\"ult-team-member-image\" style=\"\"> <img class=\"\" src=\"http:\/\/web.muniolleroshuarochiri.gob.pe\/portal\/wp-content\/uploads\/2025\/12\/Cule.png\" alt=\"null\"  style=\"\"><span class=\"ult-team-member-image-overlay \"  ><\/span><\/div><div class=\"ult-team-member-bio-wrap style-1 ultimate-heading69e89358455e8\" style=\"text-align:center;; \"><div class=\"ult-team-member-name-wrap\"><h2 class=\"ult-team-member-name ult-responsive\"  data-ultimate-target='.ult-team-member-bio-wrap.ultimate-heading69e89358455e8 .ult-team-member-name'  data-responsive-json-new='{\"font-size\":\"\",\"line-height\":\"\"}'  style=\"\">Jharhol Estefany Cule Ledesma<\/h2><div class=\"ult-team-member-position ult-responsive\"  data-ultimate-target='.ult-team-member-bio-wrap.ultimate-heading69e89358455e8 .ult-team-member-position'  data-responsive-json-new='{\"font-size\":\"\",\"line-height\":\"\"}'  style=\"\">Encargado de la Oficina de Log\u00edstica<\/div><div class=\"ult-team-member-description ult-responsive\"  data-ultimate-target='.ult-team-member-bio-wrap.ultimate-heading69e89358455e8 .ult-team-member-description'  data-responsive-json-new='{\"font-size\":\"\",\"line-height\":\"\"}'  style=\"\"><p><strong>Correo municipal: <\/strong>estefany.cule@muniolleroshuarochiri.gob.pe<\/p><\/div><div style=\"margin-bottom:15px\"><\/div><\/div><\/div><\/div><\/div><\/div><\/div><\/div><\/div><\/section><!-- Row Backgrounds --><div class=\"upb_color\" data-bg-override=\"0\" data-bg-color=\"#f4f4f4\" data-fadeout=\"\" data-fadeout-percentage=\"30\" data-parallax-content=\"\" data-parallax-content-sense=\"30\" data-row-effect-mobile-disable=\"true\" data-img-parallax-mobile-disable=\"true\" data-rtl=\"false\"  data-custom-vc-row=\"\"  data-vc=\"6.11.0\"  data-is_old_vc=\"\"  data-theme-support=\"\"   data-overlay=\"false\" data-overlay-color=\"\" data-overlay-pattern=\"\" data-overlay-pattern-opacity=\"\" data-overlay-pattern-size=\"\"    ><\/div>\n<\/section>","protected":false},"excerpt":{"rendered":"[vc_empty_space height=\"150px\"]Oficina de Log\u00edsticaLa Oficina de Log\u00edstica, Control Patrimonial, Almac\u00e9n y Maestranza tiene como objetivo planificar, organizar y controlar el proceso de abastecimiento de bienes y servicios que se requieren en la Instituci\u00f3n para el cumplimiento de las actividades y proyectos de la Gesti\u00f3n Municipal, es la encargada de ejecutar las acciones para el mantenimiento...","protected":false},"author":9,"featured_media":0,"parent":0,"menu_order":0,"comment_status":"closed","ping_status":"closed","template":"","meta":[],"acf":[],"_links":{"self":[{"href":"http:\/\/web.muniolleroshuarochiri.gob.pe\/portal\/wp-json\/wp\/v2\/pages\/9925"}],"collection":[{"href":"http:\/\/web.muniolleroshuarochiri.gob.pe\/portal\/wp-json\/wp\/v2\/pages"}],"about":[{"href":"http:\/\/web.muniolleroshuarochiri.gob.pe\/portal\/wp-json\/wp\/v2\/types\/page"}],"author":[{"embeddable":true,"href":"http:\/\/web.muniolleroshuarochiri.gob.pe\/portal\/wp-json\/wp\/v2\/users\/9"}],"replies":[{"embeddable":true,"href":"http:\/\/web.muniolleroshuarochiri.gob.pe\/portal\/wp-json\/wp\/v2\/comments?post=9925"}],"version-history":[{"count":8,"href":"http:\/\/web.muniolleroshuarochiri.gob.pe\/portal\/wp-json\/wp\/v2\/pages\/9925\/revisions"}],"predecessor-version":[{"id":11008,"href":"http:\/\/web.muniolleroshuarochiri.gob.pe\/portal\/wp-json\/wp\/v2\/pages\/9925\/revisions\/11008"}],"wp:attachment":[{"href":"http:\/\/web.muniolleroshuarochiri.gob.pe\/portal\/wp-json\/wp\/v2\/media?parent=9925"}],"curies":[{"name":"wp","href":"https:\/\/api.w.org\/{rel}","templated":true}]}}