{"id":9933,"date":"2025-11-04T16:32:15","date_gmt":"2025-11-04T16:32:15","guid":{"rendered":"https:\/\/web.muniolleroshuarochiri.gob.pe\/portal\/?page_id=9933"},"modified":"2025-12-02T16:35:24","modified_gmt":"2025-12-02T16:35:24","slug":"area-de-almacen","status":"publish","type":"page","link":"http:\/\/web.muniolleroshuarochiri.gob.pe\/portal\/area-de-almacen\/","title":{"rendered":"\u00c1rea de Almac\u00e9n"},"content":{"rendered":"<section class=\"wpb-content-wrapper\"><section class=\"l-section wpb_row height_medium\"><div class=\"l-section-h i-cf\"><div class=\"g-cols vc_row type_default valign_top\"><div class=\"vc_col-sm-12 wpb_column vc_column_container\"><div class=\"vc_column-inner\"><div class=\"wpb_wrapper\">[vc_empty_space height=\u00bb150px\u00bb]<\/div><\/div><\/div><\/div><\/div><\/section><section class=\"l-section wpb_row height_medium\"><div class=\"l-section-h i-cf\"><div class=\"g-cols vc_row type_default valign_top\"><div class=\"vc_col-sm-12 wpb_column vc_column_container\"><div class=\"vc_column-inner\"><div class=\"wpb_wrapper\"><h3 class=\"w-post-elm post_title us_custom_6549b382 entry-title color_link_inherit has_text_color\">\u00c1rea de Almac\u00e9n<\/h3><\/div><\/div><\/div><\/div><\/div><\/section><section class=\"l-section wpb_row us_custom_1f64da91 height_medium\"><div class=\"l-section-h i-cf\"><div class=\"g-cols vc_row type_default valign_top\"><div class=\"vc_col-sm-8 wpb_column vc_column_container\"><div class=\"vc_column-inner\"><div class=\"wpb_wrapper\">[vc_empty_space]<h2 class=\"w-text\"><span class=\"w-text-h\"><i class=\"far fa-users\"><\/i><span class=\"w-text-value\">Son funciones del \u00c1rea de Almac\u00e9n las siguientes:<\/span><\/span><\/h2><div class=\"wpb_text_column\" ><div class=\"wpb_wrapper\"><ol style=\"text-align: justify;\">\n<li><span data-huuid=\"1048893070237908157\">Controlar el inventario f\u00edsico y valorizado del almac\u00e9n a trav\u00e9s de tarjetas visibles de almac\u00e9n y Kardex, respectivamente.<br \/>\n<\/span><\/li>\n<li><span data-huuid=\"1048893070237908157\">Elaborar los informes relacionados con sus funciones, que le soliciten las instancias superiores.<br \/>\n<\/span><\/li>\n<li><span data-huuid=\"1048893070237908157\">Recepcionar las notas de entrada al almac\u00e9n para su registro correspondiente.<br \/>\n<\/span><\/li>\n<li><span data-huuid=\"1048893070237908157\">Registrar y controlar los bienes no patrimoniales<br \/>\n<\/span><\/li>\n<li><span data-huuid=\"1048893070237908157\">Ingresar y despachar los pedidos de comprobantes de salida de almac\u00e9n.<br \/>\n<\/span><\/li>\n<li><span data-huuid=\"1048893070237908157\">Mantener al d\u00eda la documentaci\u00f3n para su posterior confrontaci\u00f3n al momento de realizar el inventario.<br \/>\n<\/span><\/li>\n<li><span data-huuid=\"1048893070237908157\">Informar al \u00c1rea de Control Patrimonial sobre los bienes patrimoniales adquiridos para su respectiva acta de entrega.<br \/>\n<\/span><\/li>\n<li><span data-huuid=\"1048893070237908157\">Mantener informados al jefe de Log\u00edstica, sobre el movimiento diario en el almac\u00e9n de la municipalidad.<br \/>\n<\/span><\/li>\n<li><span data-huuid=\"1048893070237908157\">Clasificar y codificar los bienes, materiales para su r\u00e1pida identificaci\u00f3n.<br \/>\n<\/span><\/li>\n<li><span data-huuid=\"1048893070237908157\">Es responsable de la conservaci\u00f3n y custodia de los bienes, materiales existentes en el almac\u00e9n.<br \/>\n<\/span><\/li>\n<li><span data-huuid=\"1048893070237908157\">Establecer diagn\u00f3sticos de seguridad para el resguardo y conservaci\u00f3n de materiales puestos bajo su responsabilidad.<br \/>\n<\/span><\/li>\n<li><span data-huuid=\"1048893070237908157\">Realizar el inventario diario y peri\u00f3dico (semanal, mensual) de los materiales de almac\u00e9n.<br \/>\n<\/span><\/li>\n<li><span data-huuid=\"1048893070237908157\">Otras funciones que le asignen las instancias superiores.<\/span><\/li>\n<\/ol>\n<\/div><\/div><\/div><\/div><\/div><div class=\"vc_col-sm-4 wpb_column vc_column_container\"><div class=\"vc_column-inner\"><div class=\"wpb_wrapper\"><div class=\"ult-team-member-wrap ult-style-1  \"><div class=\"ult-team-member-image\" style=\"\"> <img class=\"\" src=\"http:\/\/web.muniolleroshuarochiri.gob.pe\/portal\/wp-content\/uploads\/2025\/12\/Cule.png\" alt=\"null\"  style=\"\"><span class=\"ult-team-member-image-overlay \"  ><\/span><\/div><div class=\"ult-team-member-bio-wrap style-1 ultimate-heading69e3660c27992\" style=\"text-align:center;; \"><div class=\"ult-team-member-name-wrap\"><h2 class=\"ult-team-member-name ult-responsive\"  data-ultimate-target='.ult-team-member-bio-wrap.ultimate-heading69e3660c27992 .ult-team-member-name'  data-responsive-json-new='{\"font-size\":\"\",\"line-height\":\"\"}'  style=\"\">Jharhol Estefany Cule Ledesma<\/h2><div class=\"ult-team-member-position ult-responsive\"  data-ultimate-target='.ult-team-member-bio-wrap.ultimate-heading69e3660c27992 .ult-team-member-position'  data-responsive-json-new='{\"font-size\":\"\",\"line-height\":\"\"}'  style=\"\">Encargado de la \u00c1rea de Almac\u00e9n<\/div><div class=\"ult-team-member-description ult-responsive\"  data-ultimate-target='.ult-team-member-bio-wrap.ultimate-heading69e3660c27992 .ult-team-member-description'  data-responsive-json-new='{\"font-size\":\"\",\"line-height\":\"\"}'  style=\"\"><p><strong>Correo municipal:<\/strong> estefany.cule@muniolleroshuarochiri.gob.pe<\/p><\/div><div style=\"margin-bottom:15px\"><\/div><\/div><\/div><\/div><\/div><\/div><\/div><\/div><\/div><\/section><!-- Row Backgrounds --><div class=\"upb_color\" data-bg-override=\"0\" data-bg-color=\"#f4f4f4\" data-fadeout=\"\" data-fadeout-percentage=\"30\" data-parallax-content=\"\" data-parallax-content-sense=\"30\" data-row-effect-mobile-disable=\"true\" data-img-parallax-mobile-disable=\"true\" data-rtl=\"false\"  data-custom-vc-row=\"\"  data-vc=\"6.11.0\"  data-is_old_vc=\"\"  data-theme-support=\"\"   data-overlay=\"false\" data-overlay-color=\"\" data-overlay-pattern=\"\" data-overlay-pattern-opacity=\"\" data-overlay-pattern-size=\"\"    ><\/div>\n<\/section>","protected":false},"excerpt":{"rendered":"[vc_empty_space height=\"150px\"]\u00c1rea de Almac\u00e9n[vc_empty_space]Son funciones del \u00c1rea de Almac\u00e9n las siguientes: Controlar el inventario f\u00edsico y valorizado del almac\u00e9n a trav\u00e9s de tarjetas visibles de almac\u00e9n y Kardex, respectivamente. Elaborar los informes relacionados con sus funciones, que le soliciten las instancias superiores. Recepcionar las notas de entrada al almac\u00e9n para su registro correspondiente. Registrar y...","protected":false},"author":9,"featured_media":0,"parent":0,"menu_order":0,"comment_status":"closed","ping_status":"closed","template":"","meta":[],"acf":[],"_links":{"self":[{"href":"http:\/\/web.muniolleroshuarochiri.gob.pe\/portal\/wp-json\/wp\/v2\/pages\/9933"}],"collection":[{"href":"http:\/\/web.muniolleroshuarochiri.gob.pe\/portal\/wp-json\/wp\/v2\/pages"}],"about":[{"href":"http:\/\/web.muniolleroshuarochiri.gob.pe\/portal\/wp-json\/wp\/v2\/types\/page"}],"author":[{"embeddable":true,"href":"http:\/\/web.muniolleroshuarochiri.gob.pe\/portal\/wp-json\/wp\/v2\/users\/9"}],"replies":[{"embeddable":true,"href":"http:\/\/web.muniolleroshuarochiri.gob.pe\/portal\/wp-json\/wp\/v2\/comments?post=9933"}],"version-history":[{"count":7,"href":"http:\/\/web.muniolleroshuarochiri.gob.pe\/portal\/wp-json\/wp\/v2\/pages\/9933\/revisions"}],"predecessor-version":[{"id":11014,"href":"http:\/\/web.muniolleroshuarochiri.gob.pe\/portal\/wp-json\/wp\/v2\/pages\/9933\/revisions\/11014"}],"wp:attachment":[{"href":"http:\/\/web.muniolleroshuarochiri.gob.pe\/portal\/wp-json\/wp\/v2\/media?parent=9933"}],"curies":[{"name":"wp","href":"https:\/\/api.w.org\/{rel}","templated":true}]}}