{"id":9935,"date":"2025-11-04T16:35:38","date_gmt":"2025-11-04T16:35:38","guid":{"rendered":"https:\/\/web.muniolleroshuarochiri.gob.pe\/portal\/?page_id=9935"},"modified":"2025-12-02T16:30:01","modified_gmt":"2025-12-02T16:30:01","slug":"area-de-maestranza","status":"publish","type":"page","link":"http:\/\/web.muniolleroshuarochiri.gob.pe\/portal\/area-de-maestranza\/","title":{"rendered":"\u00c1rea de Maestranza"},"content":{"rendered":"<section class=\"wpb-content-wrapper\"><section class=\"l-section wpb_row height_medium\"><div class=\"l-section-h i-cf\"><div class=\"g-cols vc_row type_default valign_top\"><div class=\"vc_col-sm-12 wpb_column vc_column_container\"><div class=\"vc_column-inner\"><div class=\"wpb_wrapper\">[vc_empty_space height=\u00bb150px\u00bb]<\/div><\/div><\/div><\/div><\/div><\/section><section class=\"l-section wpb_row height_medium\"><div class=\"l-section-h i-cf\"><div class=\"g-cols vc_row type_default valign_top\"><div class=\"vc_col-sm-12 wpb_column vc_column_container\"><div class=\"vc_column-inner\"><div class=\"wpb_wrapper\"><h3 class=\"w-post-elm post_title us_custom_6549b382 entry-title color_link_inherit has_text_color\">\u00c1rea de Maestranza<\/h3><\/div><\/div><\/div><\/div><\/div><\/section><section class=\"l-section wpb_row us_custom_1f64da91 height_medium\"><div class=\"l-section-h i-cf\"><div class=\"g-cols vc_row type_default valign_top\"><div class=\"vc_col-sm-8 wpb_column vc_column_container\"><div class=\"vc_column-inner\"><div class=\"wpb_wrapper\">[vc_empty_space]<h2 class=\"w-text\"><span class=\"w-text-h\"><i class=\"far fa-users\"><\/i><span class=\"w-text-value\">Son funciones del \u00c1rea de Maestranza las siguientes:<\/span><\/span><\/h2><div class=\"wpb_text_column\" ><div class=\"wpb_wrapper\"><ol style=\"text-align: justify;\">\n<li><span data-huuid=\"1048893070237908157\">Llevar registros cualitativos y cuantitativos de la dotaci\u00f3n de maquinarias, equipos y herramientas de la entidad.<\/span><\/li>\n<li>Planificar determinando necesidades y la adquisici\u00f3n de insumos y repuestos de uso peri\u00f3dico o previsible necesarios para la operaci\u00f3n y mantenci\u00f3n de veh\u00edculos, maquinarias y equipos menores, controlando la entrega y uso de los insumos. <span data-huuid=\"8331639485950507829\">(combustibles, lubricantes, neum\u00e1ticos, repuestos, etc.)<\/span><\/li>\n<li>Planificar, organizar, dirigir y controlar la mantenci\u00f3n y reparaci\u00f3n de maquinarias, veh\u00edculos y equipos menores de la municipalidad peri\u00f3dicamente, manteniendo los registros de intervenci\u00f3n permanentemente actualizados por cada equipo.<\/li>\n<li>Evaluar y proponer a la Unidad, las bajas de veh\u00edculos, maquinarias y equipos menores, como sus necesidades de reemplazo.<\/li>\n<li>Planificar las reparaciones y mantenimientos preventivos comparando los costos y eficacia en talleres internos y externos para la reparaci\u00f3n de los veh\u00edculos, maquinarias y equipos, recomendando lo m\u00e1s conveniente.<\/li>\n<li>Gestionar la coordinaci\u00f3n oportuna ante la Unidad de Log\u00edstica, el pago de seguros contra robo y accidentes, y dem\u00e1s que devenguen del desarrollo de funciones, de la flota vehicular.<\/li>\n<li>Planificar, administrar y controlar el uso y gastos de combustibles, efectuando arqueos y controles permanentes de rendimientos para cada equipo.<\/li>\n<li>Programar, requerir y ejecutar oportunamente el mantenimiento preventivo y correctivo del mobiliario urbano de la entidad.<\/li>\n<\/ol>\n<\/div><\/div><\/div><\/div><\/div><div class=\"vc_col-sm-4 wpb_column vc_column_container\"><div class=\"vc_column-inner\"><div class=\"wpb_wrapper\"><div class=\"ult-team-member-wrap ult-style-1  \"><div class=\"ult-team-member-image\" style=\"\"> <img class=\"\" src=\"http:\/\/web.muniolleroshuarochiri.gob.pe\/portal\/wp-content\/uploads\/2025\/12\/Cule.png\" alt=\"null\"  style=\"\"><span class=\"ult-team-member-image-overlay \"  ><\/span><\/div><div class=\"ult-team-member-bio-wrap style-1 ultimate-heading69e1f25f04d54\" style=\"text-align:center;; \"><div class=\"ult-team-member-name-wrap\"><h2 class=\"ult-team-member-name ult-responsive\"  data-ultimate-target='.ult-team-member-bio-wrap.ultimate-heading69e1f25f04d54 .ult-team-member-name'  data-responsive-json-new='{\"font-size\":\"\",\"line-height\":\"\"}'  style=\"\">Jharhol Estefany Cule Ledesma<\/h2><div class=\"ult-team-member-position ult-responsive\"  data-ultimate-target='.ult-team-member-bio-wrap.ultimate-heading69e1f25f04d54 .ult-team-member-position'  data-responsive-json-new='{\"font-size\":\"\",\"line-height\":\"\"}'  style=\"\">Encargado de la \u00c1rea de Maestranza<\/div><div class=\"ult-team-member-description ult-responsive\"  data-ultimate-target='.ult-team-member-bio-wrap.ultimate-heading69e1f25f04d54 .ult-team-member-description'  data-responsive-json-new='{\"font-size\":\"\",\"line-height\":\"\"}'  style=\"\"><p><strong>Correo municipal: <\/strong>estefany.cule@muniolleroshuarochiri.gob.pe<\/p><\/div><div style=\"margin-bottom:15px\"><\/div><\/div><\/div><\/div><\/div><\/div><\/div><\/div><\/div><\/section><!-- Row Backgrounds --><div class=\"upb_color\" data-bg-override=\"0\" data-bg-color=\"#f4f4f4\" data-fadeout=\"\" data-fadeout-percentage=\"30\" data-parallax-content=\"\" data-parallax-content-sense=\"30\" data-row-effect-mobile-disable=\"true\" data-img-parallax-mobile-disable=\"true\" data-rtl=\"false\"  data-custom-vc-row=\"\"  data-vc=\"6.11.0\"  data-is_old_vc=\"\"  data-theme-support=\"\"   data-overlay=\"false\" data-overlay-color=\"\" data-overlay-pattern=\"\" data-overlay-pattern-opacity=\"\" data-overlay-pattern-size=\"\"    ><\/div><section class=\"l-section wpb_row height_medium\"><div class=\"l-section-h i-cf\"><div class=\"g-cols vc_row type_default valign_top\"><div class=\"vc_col-sm-12 wpb_column vc_column_container\"><div class=\"vc_column-inner\"><div class=\"wpb_wrapper\"><div class=\"wpb_text_column\" ><div class=\"wpb_wrapper\"><ol style=\"text-align: justify;\" start=\"9\">\n<li><span data-huuid=\"8331639485950507471\">Ejecutar acciones para garantizar el adecuado funcionamiento de la flota vehicular, equipos, maquinarias en la entidad y herramientas, as\u00ed como del mobiliario urbano para brindar un servicio eficiente a los vecinos y apropiadas condiciones de trabajo a los servidores municipales.<\/span><\/li>\n<li><span data-huuid=\"8331639485950508005\">Revisar y verificar la cantidad, calidad y especificaciones t\u00e9cnicas de los repuestos, insumos y herramientas, as\u00ed como los servicios contratados para el mantenimiento.<\/span><\/li>\n<li><span data-huuid=\"8331639485950508539\">Ejecutar acciones para implementar recomendaciones de Informes de Control Posterior, Situaciones Adversas de Informes de Control Simult\u00e1neo, y el Sistema de Control Interno, de acuerdo con la normativa aplicable y vigente.<\/span><\/li>\n<li><span data-huuid=\"8331639485950504977\">Dirigir y controlar permanentemente, los recursos y la prestaci\u00f3n de los servicios de mec\u00e1nica, soldadura, torner\u00eda, frenos, embrague, electricidad automotriz, pintura, planchado, tapizado, lavado y engrase, de acuerdo a las necesidades de las unidades vehiculares.<\/span><\/li>\n<li><span data-huuid=\"8331639485950505511\">Asignar el personal id\u00f3neo y calificado, para maniobrar la flota vehicular, equipos y herramientas, de conformidad con las actividades proyectadas.<\/span><\/li>\n<li><span data-huuid=\"8331639485950506045\">Supervisar y vigilar el uso apropiado de las herramientas, maquinarias, unidades vehiculares, equipos de protecci\u00f3n, y dem\u00e1s bienes asignados al personal y locadores para el cumplimiento de sus funciones y servicios, informando el estado situacional a sus Jefes inmediatos.<\/span><\/li>\n<li><span data-huuid=\"8331639485950506579\">Elaborar y actualizar permanentemente, el Manual para choferes y operarios de las unidades vehiculares, maquinarias y herramientas de la entidad.<\/span><\/li>\n<\/ol>\n<\/div><\/div><\/div><\/div><\/div><\/div><\/div><\/section>\n<\/section>","protected":false},"excerpt":{"rendered":"[vc_empty_space height=\"150px\"]\u00c1rea de Maestranza[vc_empty_space]Son funciones del \u00c1rea de Maestranza las siguientes: Llevar registros cualitativos y cuantitativos de la dotaci\u00f3n de maquinarias, equipos y herramientas de la entidad. Planificar determinando necesidades y la adquisici\u00f3n de insumos y repuestos de uso peri\u00f3dico o previsible necesarios para la operaci\u00f3n y mantenci\u00f3n de veh\u00edculos, maquinarias y equipos menores, controlando...","protected":false},"author":9,"featured_media":0,"parent":0,"menu_order":0,"comment_status":"closed","ping_status":"closed","template":"","meta":[],"acf":[],"_links":{"self":[{"href":"http:\/\/web.muniolleroshuarochiri.gob.pe\/portal\/wp-json\/wp\/v2\/pages\/9935"}],"collection":[{"href":"http:\/\/web.muniolleroshuarochiri.gob.pe\/portal\/wp-json\/wp\/v2\/pages"}],"about":[{"href":"http:\/\/web.muniolleroshuarochiri.gob.pe\/portal\/wp-json\/wp\/v2\/types\/page"}],"author":[{"embeddable":true,"href":"http:\/\/web.muniolleroshuarochiri.gob.pe\/portal\/wp-json\/wp\/v2\/users\/9"}],"replies":[{"embeddable":true,"href":"http:\/\/web.muniolleroshuarochiri.gob.pe\/portal\/wp-json\/wp\/v2\/comments?post=9935"}],"version-history":[{"count":8,"href":"http:\/\/web.muniolleroshuarochiri.gob.pe\/portal\/wp-json\/wp\/v2\/pages\/9935\/revisions"}],"predecessor-version":[{"id":11009,"href":"http:\/\/web.muniolleroshuarochiri.gob.pe\/portal\/wp-json\/wp\/v2\/pages\/9935\/revisions\/11009"}],"wp:attachment":[{"href":"http:\/\/web.muniolleroshuarochiri.gob.pe\/portal\/wp-json\/wp\/v2\/media?parent=9935"}],"curies":[{"name":"wp","href":"https:\/\/api.w.org\/{rel}","templated":true}]}}