{"id":9938,"date":"2025-11-04T16:43:19","date_gmt":"2025-11-04T16:43:19","guid":{"rendered":"https:\/\/web.muniolleroshuarochiri.gob.pe\/portal\/?page_id=9938"},"modified":"2025-12-02T17:01:47","modified_gmt":"2025-12-02T17:01:47","slug":"la-gerencia-de-desarrollo-urbano-y-rural","status":"publish","type":"page","link":"http:\/\/web.muniolleroshuarochiri.gob.pe\/portal\/la-gerencia-de-desarrollo-urbano-y-rural\/","title":{"rendered":"Gerencia de Desarrollo Urbano y Rural"},"content":{"rendered":"<section class=\"wpb-content-wrapper\"><section class=\"l-section wpb_row height_medium\"><div class=\"l-section-h i-cf\"><div class=\"g-cols vc_row type_default valign_top\"><div class=\"vc_col-sm-12 wpb_column vc_column_container\"><div class=\"vc_column-inner\"><div class=\"wpb_wrapper\">[vc_empty_space height=\u00bb150px\u00bb]<\/div><\/div><\/div><\/div><\/div><\/section><section class=\"l-section wpb_row height_medium\"><div class=\"l-section-h i-cf\"><div class=\"g-cols vc_row type_default valign_top\"><div class=\"vc_col-sm-12 wpb_column vc_column_container\"><div class=\"vc_column-inner\"><div class=\"wpb_wrapper\"><h3 class=\"w-post-elm post_title us_custom_6549b382 entry-title color_link_inherit has_text_color\">Gerencia de Desarrollo Urbano y Rural<\/h3><\/div><\/div><\/div><\/div><\/div><\/section><section class=\"l-section wpb_row us_custom_1f64da91 height_medium\"><div class=\"l-section-h i-cf\"><div class=\"g-cols vc_row type_default valign_top\"><div class=\"vc_col-sm-8 wpb_column vc_column_container\"><div class=\"vc_column-inner\"><div class=\"wpb_wrapper\"><div class=\"wpb_text_column\" ><div class=\"wpb_wrapper\"><div class=\"WaaZC\">\n<div class=\"RJPOee EIJn2\">\n<div class=\"rPeykc\" data-hveid=\"CAIQAQ\" data-ved=\"2ahUKEwi8z--H-NiQAxXmIbkGHRvrC2wQo_EKegQIAhAB\"><span data-huuid=\"17993997996914493531\">\u00a0La Gerencia de Desarrollo Urbano y Rural es un \u00f3rgano de l\u00ednea que tiene como objetivo orientar la transformaci\u00f3n, ocupaci\u00f3n y utilizaci\u00f3n del territorio, organizando el espacio f\u00edsico y los usos de suelo de acuerdo a las estrategias de desarrollo social, econ\u00f3mico y cultural con la finalidad de dotar a la poblaci\u00f3n de adecuadas condiciones del h\u00e1bitat, de ordenamiento y desarrollo del distrito.<\/span><\/div>\n<\/div>\n<\/div>\n<div class=\"WaaZC\">\n<div class=\"RJPOee EIJn2\">\n<div class=\"rPeykc\" data-hveid=\"CAoQAQ\" data-ved=\"2ahUKEwi8z--H-NiQAxXmIbkGHRvrC2wQo_EKegQIChAB\"><span data-huuid=\"15337456849160912236\">Asimismo, orientando y difundiendo los servicios administrativos requeridos para la ejecuci\u00f3n de obras, nomenclatura y catastro;\u00a0<\/span><span data-huuid=\"15337456849160910337\">autorizaciones, certificaciones y elaborando los planes urbanos, las habilitaciones y renovaci\u00f3n urbana.<\/span><\/div>\n<\/div>\n<\/div>\n<div class=\"WaaZC\">\n<div class=\"RJPOee EIJn2\">\n<div class=\"rPeykc uP58nb MNX06c\" data-hveid=\"CA4QAQ\" data-ved=\"2ahUKEwi8z--H-NiQAxXmIbkGHRvrC2wQo_EKegQIDhAB\"><span data-huuid=\"8964526642732032196\">Est\u00e1 a cargo de un Servidor P\u00fablico de Confianza, denominado Gerente de Desarrollo Urbano y Rural, quien depende jer\u00e1rquicamente del Gerente Municipal.\u00a0<\/span><span data-huuid=\"8964526642732034933\">Son \u00f3rganos de l\u00ednea de la Gerencia de Desarrollo Urbano y Rural:<\/span><\/div>\n<\/div>\n<\/div>\n<div class=\"WaaZC\">\n<div class=\"RJPOee EIJn2\">\n<ul>\n<li><span data-huuid=\"8964526642732034952\">Sub Gerencia de Obras P\u00fablicas, Estudios y Proyectos y Liquidaciones<\/span><\/li>\n<li><span data-huuid=\"8964526642732032234\">Sub Gerencia de Obras Privadas, Habilitaciones Urbanas y Catastro<\/span><\/li>\n<\/ul>\n<\/div>\n<\/div>\n<\/div><\/div>[vc_empty_space]<h2 class=\"w-text\"><span class=\"w-text-h\"><i class=\"far fa-users\"><\/i><span class=\"w-text-value\">Son funciones de la Gerencia de Desarrollo Urbano y Rural:<\/span><\/span><\/h2><div class=\"wpb_text_column\" ><div class=\"wpb_wrapper\"><div class=\"WaaZC\">\n<div class=\"RJPOee EIJn2\"><\/div>\n<\/div>\n<div class=\"WaaZC\">\n<div class=\"RJPOee EIJn2\">\n<ol style=\"text-align: justify;\">\n<li><span data-huuid=\"5282246701200216136\">Elaborar y ejecutar el Plan Operativo Institucional correspondiente a la Unidad Org\u00e1nica, disponiendo eficiente y eficazmente de los recursos econ\u00f3micos, materiales y equipos asignados.<\/span><\/li>\n<\/ol>\n<\/div>\n<\/div>\n<div class=\"WaaZC\">\n<div class=\"RJPOee EIJn2\"><\/div>\n<\/div>\n<\/div><\/div><\/div><\/div><\/div><div class=\"vc_col-sm-4 wpb_column vc_column_container\"><div class=\"vc_column-inner\"><div class=\"wpb_wrapper\"><div class=\"ult-team-member-wrap ult-style-1  \"><div class=\"ult-team-member-image\" style=\"\"> <img class=\"\" src=\"\" alt=\"\"  style=\"\"><span class=\"ult-team-member-image-overlay \"  ><\/span><\/div><div class=\"ult-team-member-bio-wrap style-1 ultimate-heading69e3657e5abdf\" style=\"text-align:center;; \"><div class=\"ult-team-member-name-wrap\"><h2 class=\"ult-team-member-name ult-responsive\"  data-ultimate-target='.ult-team-member-bio-wrap.ultimate-heading69e3657e5abdf .ult-team-member-name'  data-responsive-json-new='{\"font-size\":\"\",\"line-height\":\"\"}'  style=\"\">Miguel Orlando Reyes Ch\u00e1vez<\/h2><div class=\"ult-team-member-position ult-responsive\"  data-ultimate-target='.ult-team-member-bio-wrap.ultimate-heading69e3657e5abdf .ult-team-member-position'  data-responsive-json-new='{\"font-size\":\"\",\"line-height\":\"\"}'  style=\"\">Encargado de la Gerencia de Desarrollo Urbano y Rural<\/div><div class=\"ult-team-member-description ult-responsive\"  data-ultimate-target='.ult-team-member-bio-wrap.ultimate-heading69e3657e5abdf .ult-team-member-description'  data-responsive-json-new='{\"font-size\":\"\",\"line-height\":\"\"}'  style=\"\"><p><strong>Correo municipal:<\/strong> miguel.reyes@muniolleroshuarochiri.gob.pe<\/p><\/div><div style=\"margin-bottom:15px\"><\/div><\/div><\/div><\/div><\/div><\/div><\/div><\/div><\/div><\/section><!-- Row Backgrounds --><div class=\"upb_color\" data-bg-override=\"0\" data-bg-color=\"#f4f4f4\" data-fadeout=\"\" data-fadeout-percentage=\"30\" data-parallax-content=\"\" data-parallax-content-sense=\"30\" data-row-effect-mobile-disable=\"true\" data-img-parallax-mobile-disable=\"true\" data-rtl=\"false\"  data-custom-vc-row=\"\"  data-vc=\"6.11.0\"  data-is_old_vc=\"\"  data-theme-support=\"\"   data-overlay=\"false\" data-overlay-color=\"\" data-overlay-pattern=\"\" data-overlay-pattern-opacity=\"\" data-overlay-pattern-size=\"\"    ><\/div><section class=\"l-section wpb_row height_medium\"><div class=\"l-section-h i-cf\"><div class=\"g-cols vc_row type_default valign_top\"><div class=\"vc_col-sm-4 wpb_column vc_column_container\"><div class=\"vc_column-inner\"><div class=\"wpb_wrapper\"><div class=\"ult-team-member-wrap ult-style-1  \"><div class=\"ult-team-member-image\" style=\"\"> <img class=\"\" src=\"http:\/\/web.muniolleroshuarochiri.gob.pe\/portal\/wp-content\/uploads\/2025\/12\/Carla-Rosalia-Cuadros-Chuquiray.png\" alt=\"null\"  style=\"\"><span class=\"ult-team-member-image-overlay \"  ><\/span><\/div><div class=\"ult-team-member-bio-wrap style-1 ultimate-heading69e3657e5b07e\" style=\"text-align:center;; \"><div class=\"ult-team-member-name-wrap\"><h2 class=\"ult-team-member-name ult-responsive\"  data-ultimate-target='.ult-team-member-bio-wrap.ultimate-heading69e3657e5b07e .ult-team-member-name'  data-responsive-json-new='{\"font-size\":\"\",\"line-height\":\"\"}'  style=\"\">Carla Rosalia Cuadros Chuquiray<\/h2><div class=\"ult-team-member-position ult-responsive\"  data-ultimate-target='.ult-team-member-bio-wrap.ultimate-heading69e3657e5b07e .ult-team-member-position'  data-responsive-json-new='{\"font-size\":\"\",\"line-height\":\"\"}'  style=\"\">Asistente Administrativo de Gerencia de Desarrollo Urbano y Rural<\/div><div class=\"ult-team-member-description ult-responsive\"  data-ultimate-target='.ult-team-member-bio-wrap.ultimate-heading69e3657e5b07e .ult-team-member-description'  data-responsive-json-new='{\"font-size\":\"\",\"line-height\":\"\"}'  style=\"\"><p><strong>Correo municipal:<\/strong> carla.cuadros@muniolleroshuarochiri.gob.pe<\/p><\/div><div style=\"margin-bottom:15px\"><\/div><\/div><\/div><\/div><\/div><\/div><\/div><div class=\"vc_col-sm-8 wpb_column vc_column_container\"><div class=\"vc_column-inner\"><div class=\"wpb_wrapper\"><div class=\"wpb_text_column\" ><div class=\"wpb_wrapper\"><ol style=\"text-align: justify;\" start=\"2\">\n<li class=\"rPeykc\" data-hveid=\"CB8QAQ\" data-ved=\"2ahUKEwi8z--H-NiQAxXmIbkGHRvrC2wQo_EKegQIHxAB\"><span data-huuid=\"5282246701200219706\">Formular y proponer las pol\u00edticas de desarrollo urbano, dentro de las previsiones del Plan de Desarrollo Concertado del Distrito, Planes de Zonificaci\u00f3n, y Plan Urbano Distrital.<\/span><\/li>\n<li class=\"rPeykc\" data-hveid=\"CB8QAQ\" data-ved=\"2ahUKEwi8z--H-NiQAxXmIbkGHRvrC2wQo_EKegQIHxAB\"><span data-huuid=\"5282246701200219180\">Formular y proponer el Plan Urbano del Distrito en concordancia al Plan de Acondicionamiento Territorial de la Provincia de Huarochiri.<\/span><\/li>\n<\/ol>\n<\/div><\/div><div class=\"wpb_text_column\" ><div class=\"wpb_wrapper\"><ol style=\"text-align: justify;\" start=\"4\">\n<li class=\"rPeykc\" data-hveid=\"CB8QAQ\" data-ved=\"2ahUKEwi8z--H-NiQAxXmIbkGHRvrC2wQo_EKegQIHxAB\"><span data-huuid=\"5282246701200218654\">Supervisar el funcionamiento de las comisiones t\u00e9cnicas de habilitaciones urbanas, calificadoras de proyectos y supervisi\u00f3n de obras.<\/span><\/li>\n<li class=\"rPeykc\" data-hveid=\"CB8QAQ\" data-ved=\"2ahUKEwi8z--H-NiQAxXmIbkGHRvrC2wQo_EKegQIHxAB\"><span data-huuid=\"5282246701200218128\">Formular los Lineamientos Generales y Directivas para los Estudios de los Proyectos de Inversi\u00f3n a su cargo.<\/span><\/li>\n<li class=\"rPeykc\" data-hveid=\"CB8QAQ\" data-ved=\"2ahUKEwi8z--H-NiQAxXmIbkGHRvrC2wQo_EKegQIHxAB\"><span data-huuid=\"5282246701200217602\">Integrar el Grupo de Trabajo de la Gesti\u00f3n del Riesgo de Desastres.<\/span><\/li>\n<li class=\"rPeykc\" data-hveid=\"CB8QAQ\" data-ved=\"2ahUKEwi8z--H-NiQAxXmIbkGHRvrC2wQo_EKegQIHxAB\"><span data-huuid=\"5282246701200217076\">Expedir Constancia de Posesi\u00f3n exclusivamente para la obtenci\u00f3n de servicios b\u00e1sicos.<\/span><\/li>\n<li class=\"rPeykc\" data-hveid=\"CB8QAQ\" data-ved=\"2ahUKEwi8z--H-NiQAxXmIbkGHRvrC2wQo_EKegQIHxAB\"><span data-huuid=\"5282246701200216550\">Planificar y coordinar los estudios relacionados con el Ciclo de Inversi\u00f3n de Formulaci\u00f3n y Evaluaci\u00f3n de los Proyectos de Inversi\u00f3n P\u00fablica conforme la Programaci\u00f3n Multianual de Inversiones y el Presupuesto Participativo.<\/span><\/li>\n<li data-hveid=\"CB8QAQ\" data-ved=\"2ahUKEwi8z--H-NiQAxXmIbkGHRvrC2wQo_EKegQIHxAB\"><span data-huuid=\"5282246701200220120\">Aprobar las Habilitaciones urbanas, recepci\u00f3n de Obras, subdivisi\u00f3n de Lotes, Independizaci\u00f3n de Predios y Visaciones de Planos de acuerdo a la normatividad vigente, para tr\u00e1mites de prescripci\u00f3n adquisitiva de dominio y\/o t\u00edtulo supletorio, rectificaci\u00f3n de linderos, medidas perim\u00e9tricas y \u00e1reas de predios.<\/span><\/li>\n<\/ol>\n<\/div><\/div><\/div><\/div><\/div><\/div><\/div><\/section><section class=\"l-section wpb_row height_medium\"><div class=\"l-section-h i-cf\"><div class=\"g-cols vc_row type_default valign_top\"><div class=\"vc_col-sm-6 wpb_column vc_column_container\"><div class=\"vc_column-inner\"><div class=\"wpb_wrapper\"><div class=\"wpb_text_column\" ><div class=\"wpb_wrapper\"><ol style=\"text-align: justify;\" start=\"10\">\n<li data-hveid=\"CB8QAQ\" data-ved=\"2ahUKEwi8z--H-NiQAxXmIbkGHRvrC2wQo_EKegQIHxAB\">Programar, organizar y controlar las actividades relacionadas con los procesos de otorgamiento de autorizaciones y certificaciones de construcci\u00f3n de obras privadas, habilitaci\u00f3n urbana y otros que solicitan los vecinos a la Municipalidad.<\/li>\n<li data-hveid=\"CB8QAQ\" data-ved=\"2ahUKEwi8z--H-NiQAxXmIbkGHRvrC2wQo_EKegQIHxAB\">Formular pol\u00edticas y normas para la adecuada prestaci\u00f3n de los servicios administrativos que brinda la municipalidad en materia de otorgamiento de autorizaciones, certificaciones y licencias urbanas.<\/li>\n<li data-hveid=\"CB8QAQ\" data-ved=\"2ahUKEwi8z--H-NiQAxXmIbkGHRvrC2wQo_EKegQIHxAB\">Otorgar Licencia de edificaci\u00f3n, Autorizaci\u00f3n para cerco y demolici\u00f3n, Certificado de Par\u00e1metros Urban\u00edsticos, Conformidad de Obras, certificaci\u00f3n de finalizaci\u00f3n de obra a edificaciones privadas ejecutadas seg\u00fan el Reglamento Nacional de Edificaciones.<\/li>\n<li data-hveid=\"CB8QAQ\" data-ved=\"2ahUKEwi8z--H-NiQAxXmIbkGHRvrC2wQo_EKegQIHxAB\">Formular el Catastro Urbano de la ciudad y mantenerlo actualizado Orientar y supervisar que la inversi\u00f3n p\u00fablica y privada se ejecuten considerando el Plan de Prevenci\u00f3n y Reducci\u00f3n de Riesgo de Desastres vinculado a la Ley del Sistema Nacional de Gesti\u00f3n de Riesgo de Desastres, el Reglamento Nacional de Edificaciones y el Plan de Acondicionamiento Territorial de la Provincia..<\/li>\n<li data-hveid=\"CB8QAQ\" data-ved=\"2ahUKEwi8z--H-NiQAxXmIbkGHRvrC2wQo_EKegQIHxAB\">Promover y supervisar que las inversiones p\u00fablicas de infraestructura b\u00e1sica, y servicios p\u00fablicos locales se ejecuten en concordancia con las brechas identificadas en la Programaci\u00f3n Multianual de Inversiones de la Municipalidad Distrital de Santo Domingo de los Olleros, el Sistema Nacional de Programaci\u00f3n Multianual y Gesti\u00f3n de Inversiones, el Plan de Desarrollo Concertado Local, el Plan de Gesti\u00f3n del Riesgo de Desastres, y el Reglamento Nacional de Edificaciones.<\/li>\n<\/ol>\n<\/div><\/div><\/div><\/div><\/div><div class=\"vc_col-sm-6 wpb_column vc_column_container\"><div class=\"vc_column-inner\"><div class=\"wpb_wrapper\"><div class=\"wpb_text_column\" ><div class=\"wpb_wrapper\"><ol style=\"text-align: justify;\" start=\"15\">\n<li data-hveid=\"CB8QAQ\" data-ved=\"2ahUKEwi8z--H-NiQAxXmIbkGHRvrC2wQo_EKegQIHxAB\">Emitir autorizaciones de ejecuci\u00f3n de obras en la v\u00eda p\u00fablica<\/li>\n<li><span data-huuid=\"2594187716957238382\">Efectuar la valoraci\u00f3n de los terrenos que como aporte correspondan al distrito, en los procedimientos de habilitaciones urbanas, en el caso que \u00e9stos sean redimidos en dinero.<\/span><\/li>\n<li><span data-huuid=\"2594187716957237380\">Participar como \u00e1rea usuaria en el proceso preparatorio, de selecci\u00f3n y ejecuci\u00f3n contractual, de conformidad con la Ley de Contrataciones del Estado, normas reglamentarias, modificatorias y directivas emanadas por el OSCE.<\/span><\/li>\n<li><span data-huuid=\"2594187716957240474\">Organizar, dirigir, coordinar y evaluar los procesos de ejecuci\u00f3n, inspecci\u00f3n, supervisi\u00f3n, recepci\u00f3n y liquidaci\u00f3n de obras.<\/span><\/li>\n<li><span data-huuid=\"2594187716957239472\">Programar y desarrollar los proyectos de inversi\u00f3n p\u00fablica en los ciclos de formulaci\u00f3n y evaluaci\u00f3n.<\/span><\/li>\n<li><span data-huuid=\"2594187716957238470\">Implementar y velar el cumplimiento de la Ley Org\u00e1nica de Municipalidades en particular del art\u00edculo 79\u00b0, 81\u00b0 y 87\u00b0 de la Ley y otras encomendadas por Gerencia Municipal.<\/span><\/li>\n<li><span data-huuid=\"2594187716957237468\">Planificar, organizar, ejecutar, supervisar, recepcionar, liquidar, transferir, y cerrar los proyectos de inversi\u00f3n p\u00fablica de la municipalidad.<\/span><\/li>\n<li><span data-huuid=\"2594187716957240562\">Formular y ejecutar su Plan Operativo y Presupuesto Anual en base al Plan Estrat\u00e9gico Institucional, en el \u00e1mbito de su competencia.<\/span><\/li>\n<li><span data-huuid=\"2594187716957239560\">Emitir y resolver gerenciales en asuntos de su competencia.<\/span><\/li>\n<li><span data-huuid=\"2594187716957238558\">Tramitar y resolver los procedimientos administrativos de su competencia.<\/span><\/li>\n<li><span data-huuid=\"2594187716957237556\">Cumplir otras funciones que establezca su superior inmediato, en concordancia con la Ley Org\u00e1nica de Municipalidades<\/span><\/li>\n<\/ol>\n<\/div><\/div><\/div><\/div><\/div><\/div><\/div><\/section>\n<\/section>","protected":false},"excerpt":{"rendered":"[vc_empty_space height=\"150px\"]Gerencia de Desarrollo Urbano y Rural \u00a0La Gerencia de Desarrollo Urbano y Rural es un \u00f3rgano de l\u00ednea que tiene como objetivo orientar la transformaci\u00f3n, ocupaci\u00f3n y utilizaci\u00f3n del territorio, organizando el espacio f\u00edsico y los usos de suelo de acuerdo a las estrategias de desarrollo social, econ\u00f3mico y cultural con la finalidad de...","protected":false},"author":9,"featured_media":0,"parent":0,"menu_order":0,"comment_status":"closed","ping_status":"closed","template":"","meta":[],"acf":[],"_links":{"self":[{"href":"http:\/\/web.muniolleroshuarochiri.gob.pe\/portal\/wp-json\/wp\/v2\/pages\/9938"}],"collection":[{"href":"http:\/\/web.muniolleroshuarochiri.gob.pe\/portal\/wp-json\/wp\/v2\/pages"}],"about":[{"href":"http:\/\/web.muniolleroshuarochiri.gob.pe\/portal\/wp-json\/wp\/v2\/types\/page"}],"author":[{"embeddable":true,"href":"http:\/\/web.muniolleroshuarochiri.gob.pe\/portal\/wp-json\/wp\/v2\/users\/9"}],"replies":[{"embeddable":true,"href":"http:\/\/web.muniolleroshuarochiri.gob.pe\/portal\/wp-json\/wp\/v2\/comments?post=9938"}],"version-history":[{"count":18,"href":"http:\/\/web.muniolleroshuarochiri.gob.pe\/portal\/wp-json\/wp\/v2\/pages\/9938\/revisions"}],"predecessor-version":[{"id":11029,"href":"http:\/\/web.muniolleroshuarochiri.gob.pe\/portal\/wp-json\/wp\/v2\/pages\/9938\/revisions\/11029"}],"wp:attachment":[{"href":"http:\/\/web.muniolleroshuarochiri.gob.pe\/portal\/wp-json\/wp\/v2\/media?parent=9938"}],"curies":[{"name":"wp","href":"https:\/\/api.w.org\/{rel}","templated":true}]}}