{"id":9940,"date":"2025-11-04T16:48:51","date_gmt":"2025-11-04T16:48:51","guid":{"rendered":"https:\/\/web.muniolleroshuarochiri.gob.pe\/portal\/?page_id=9940"},"modified":"2025-12-02T17:05:35","modified_gmt":"2025-12-02T17:05:35","slug":"la-subgerencia-de-obras-publicas-estudios-y-proyectos-y-liquidaciones","status":"publish","type":"page","link":"http:\/\/web.muniolleroshuarochiri.gob.pe\/portal\/la-subgerencia-de-obras-publicas-estudios-y-proyectos-y-liquidaciones\/","title":{"rendered":"Subgerencia de Obras P\u00fablicas, Estudios , Proyectos y Liquidaciones"},"content":{"rendered":"<section class=\"wpb-content-wrapper\"><section class=\"l-section wpb_row height_medium\"><div class=\"l-section-h i-cf\"><div class=\"g-cols vc_row type_default valign_top\"><div class=\"vc_col-sm-12 wpb_column vc_column_container\"><div class=\"vc_column-inner\"><div class=\"wpb_wrapper\">[vc_empty_space height=\u00bb150px\u00bb]<\/div><\/div><\/div><\/div><\/div><\/section><section class=\"l-section wpb_row height_medium\"><div class=\"l-section-h i-cf\"><div class=\"g-cols vc_row type_default valign_top\"><div class=\"vc_col-sm-12 wpb_column vc_column_container\"><div class=\"vc_column-inner\"><div class=\"wpb_wrapper\"><h3 class=\"w-post-elm post_title us_custom_6549b382 entry-title color_link_inherit has_text_color\">Subgerencia de Obras P\u00fablicas, Estudios , Proyectos y Liquidaciones<\/h3><\/div><\/div><\/div><\/div><\/div><\/section><section class=\"l-section wpb_row us_custom_1f64da91 height_medium\"><div class=\"l-section-h i-cf\"><div class=\"g-cols vc_row type_default valign_top\"><div class=\"vc_col-sm-8 wpb_column vc_column_container\"><div class=\"vc_column-inner\"><div class=\"wpb_wrapper\"><div class=\"wpb_text_column\" ><div class=\"wpb_wrapper\"><p>La Subgerencia de Obras P\u00fablicas, Estudios y Proyectos y Liquidaciones tiene como objetivos principales, las acciones inherentes a la ejecuci\u00f3n de las inversiones, as\u00ed como de las inversiones que no constituyen proyectos de inversi\u00f3n seg\u00fan las fases establecidas en la normatividad vigente;\u00a0<span data-huuid=\"10436696767595557278\">enmarcados dentro los Lineamientos Estrat\u00e9gicos Sectoriales, el Plan de Desarrollo Concertado (PDC) y el Plan Multianual de Inversiones (PMI), en concordancia con la normatividad vigente del Sistema Nacional de Programaci\u00f3n Multianual y Gesti\u00f3n de Inversiones (<a class=\"uVhVib\" href=\"http:\/\/invierte.pe\/\">Invierte.pe<\/a>) y normas afines, depende de la Gerencia de Desarrollo Urbano y Rural.<\/span><\/p>\n<\/div><\/div>[vc_empty_space]<h2 class=\"w-text\"><span class=\"w-text-h\"><i class=\"far fa-users\"><\/i><span class=\"w-text-value\">La Subgerencia de Obras P\u00fablicas tiene las siguientes funciones:<\/span><\/span><\/h2><div class=\"wpb_text_column\" ><div class=\"wpb_wrapper\"><ol style=\"text-align: justify;\">\n<li class=\"rPeykc\" data-hveid=\"CBcQAQ\" data-ved=\"2ahUKEwiVpI-I-diQAxXOJrkGHbweAQQQo_EKegQIFxAB\"><span data-huuid=\"189282991350878752\">\u00a0Elaborar y ejecutar el Plan Operativo Institucional correspondiente a la Unidad Org\u00e1nica, disponiendo eficiente y eficazmente de los recursos econ\u00f3micos, materiales y equipos asignados.<\/span><\/li>\n<li class=\"rPeykc\" data-hveid=\"CBcQAQ\" data-ved=\"2ahUKEwiVpI-I-diQAxXOJrkGHbweAQQQo_EKegQIFxAB\"><span data-huuid=\"189282991350878518\">Proponer, organizar, dirigir y controlar todas las acciones inherentes al desarrollo y conservaci\u00f3n de las obras p\u00fablicas que se realizan en el distrito, formulando el Plan Anual respectivo.<\/span><\/li>\n<li class=\"rPeykc\" data-hveid=\"CBcQAQ\" data-ved=\"2ahUKEwiVpI-I-diQAxXOJrkGHbweAQQQo_EKegQIFxAB\"><span data-huuid=\"189282991350878284\">Organizar, dirigir, coordinar y supervisar el correcto desarrollo de los estudios y dise\u00f1os de proyectos de obras p\u00fablicas de infraestructura urbana, ejecuci\u00f3n de obras, contrataci\u00f3n de consultor\u00edas de proyectos y supervisiones de estudios.<\/span><\/li>\n<li class=\"rPeykc\" data-hveid=\"CBcQAQ\" data-ved=\"2ahUKEwiVpI-I-diQAxXOJrkGHbweAQQQo_EKegQIFxAB\"><span data-huuid=\"189282991350882146\">Evaluar y participar en la priorizaci\u00f3n de proyectos a incluirse en el Plan Anual de Inversiones.<\/span><\/li>\n<li class=\"rPeykc\" data-hveid=\"CBcQAQ\" data-ved=\"2ahUKEwiVpI-I-diQAxXOJrkGHbweAQQQo_EKegQIFxAB\"><span data-huuid=\"189282991350881912\">Presentar anualmente la Memoria de su gesti\u00f3n.<\/span><\/li>\n<\/ol>\n<\/div><\/div><\/div><\/div><\/div><div class=\"vc_col-sm-4 wpb_column vc_column_container\"><div class=\"vc_column-inner\"><div class=\"wpb_wrapper\"><div class=\"ult-team-member-wrap ult-style-1  \"><div class=\"ult-team-member-image\" style=\"\"> <img class=\"\" src=\"\" alt=\"\"  style=\"\"><span class=\"ult-team-member-image-overlay \"  ><\/span><\/div><div class=\"ult-team-member-bio-wrap style-1 ultimate-heading69f37348694e3\" style=\"text-align:center;; \"><div class=\"ult-team-member-name-wrap\"><h2 class=\"ult-team-member-name ult-responsive\"  data-ultimate-target='.ult-team-member-bio-wrap.ultimate-heading69f37348694e3 .ult-team-member-name'  data-responsive-json-new='{\"font-size\":\"\",\"line-height\":\"\"}'  style=\"\">Khaterin Tolentino Hipolo<\/h2><div class=\"ult-team-member-position ult-responsive\"  data-ultimate-target='.ult-team-member-bio-wrap.ultimate-heading69f37348694e3 .ult-team-member-position'  data-responsive-json-new='{\"font-size\":\"\",\"line-height\":\"\"}'  style=\"\">Encargado de la Subgerencia de Obras P\u00fablicas, Estudios , Proyectos y Liquidaciones<\/div><div class=\"ult-team-member-description ult-responsive\"  data-ultimate-target='.ult-team-member-bio-wrap.ultimate-heading69f37348694e3 .ult-team-member-description'  data-responsive-json-new='{\"font-size\":\"\",\"line-height\":\"\"}'  style=\"\"><p><strong>Correo municipal:<\/strong> khaterin.tolentino@muniolleroshuarochiri.gob.pe<\/p><\/div><div style=\"margin-bottom:15px\"><\/div><\/div><\/div><\/div><\/div><\/div><\/div><\/div><\/div><\/section><!-- Row Backgrounds --><div class=\"upb_color\" data-bg-override=\"0\" data-bg-color=\"#f4f4f4\" data-fadeout=\"\" data-fadeout-percentage=\"30\" data-parallax-content=\"\" data-parallax-content-sense=\"30\" data-row-effect-mobile-disable=\"true\" data-img-parallax-mobile-disable=\"true\" data-rtl=\"false\"  data-custom-vc-row=\"\"  data-vc=\"6.11.0\"  data-is_old_vc=\"\"  data-theme-support=\"\"   data-overlay=\"false\" data-overlay-color=\"\" data-overlay-pattern=\"\" data-overlay-pattern-opacity=\"\" data-overlay-pattern-size=\"\"    ><\/div><section class=\"l-section wpb_row height_medium\"><div class=\"l-section-h i-cf\"><div class=\"g-cols vc_row type_default valign_top\"><div class=\"vc_col-sm-6 wpb_column vc_column_container\"><div class=\"vc_column-inner\"><div class=\"wpb_wrapper\"><div class=\"g-cols wpb_row  type_default valign_top vc_inner\"><div class=\"vc_col-sm-12 wpb_column vc_column_container\"><div class=\"vc_column-inner\"><div class=\"wpb_wrapper\"><div class=\"wpb_text_column\" ><div class=\"wpb_wrapper\"><ol style=\"text-align: justify;\" start=\"6\">\n<li class=\"rPeykc\" data-hveid=\"CBcQAQ\" data-ved=\"2ahUKEwiVpI-I-diQAxXOJrkGHbweAQQQo_EKegQIFxAB\"><span data-huuid=\"189282991350881678\">Formular y ejecutar los Proyectos de Pre inversi\u00f3n y Expedientes T\u00e9cnicos referidos al mantenimiento de la Infraestructura urbana existente.<\/span><\/li>\n<li class=\"rPeykc\" data-hveid=\"CBcQAQ\" data-ved=\"2ahUKEwiVpI-I-diQAxXOJrkGHbweAQQQo_EKegQIFxAB\"><span data-huuid=\"189282991350881444\">Formular y ejecutar los Proyectos de Pre inversi\u00f3n y Expedientes t\u00e9cnicos para la ejecuci\u00f3n de obras.<\/span><\/li>\n<li class=\"rPeykc\" data-hveid=\"CBcQAQ\" data-ved=\"2ahUKEwiVpI-I-diQAxXOJrkGHbweAQQQo_EKegQIFxAB\"><span data-huuid=\"189282991350881210\">Organizar, dirigir, coordinar y supervisar el correcto desarrollo de los procesos de ejecuci\u00f3n, inspecci\u00f3n, supervisi\u00f3n y recepci\u00f3n de obras.<\/span><\/li>\n<li class=\"rPeykc\" data-hveid=\"CBcQAQ\" data-ved=\"2ahUKEwiVpI-I-diQAxXOJrkGHbweAQQQo_EKegQIFxAB\"><span data-huuid=\"189282991350880976\">Informar mensualmente al Gerente de Desarrollo Urbano y Rural los proyectos, programas y actividades a su cargo.<\/span><\/li>\n<li class=\"rPeykc\" data-hveid=\"CBcQAQ\" data-ved=\"2ahUKEwiVpI-I-diQAxXOJrkGHbweAQQQo_EKegQIFxAB\">Coordinar, supervisar y efectuar la entrega de terreno a los ejecutores, as\u00ed como autorizar los adelantos correspondientes, de acuerdo a la normatividad vigente.<\/li>\n<li class=\"rPeykc\" data-hveid=\"CBcQAQ\" data-ved=\"2ahUKEwiVpI-I-diQAxXOJrkGHbweAQQQo_EKegQIFxAB\">Revisar y emitir informes t\u00e9cnicos dando conformidad a las ampliaciones de plazo solicitados por el contratista, siempre que estas cumplan con los procedimientos y procesos establecidos en el marco normativo vigente.<\/li>\n<li class=\"rPeykc\" data-hveid=\"CBcQAQ\" data-ved=\"2ahUKEwiVpI-I-diQAxXOJrkGHbweAQQQo_EKegQIFxAB\">Emitir informes t\u00e9cnicos, respecto a las obras que son ejecutadas en la v\u00eda p\u00fablica, tales como: puesta a tierra en la v\u00eda p\u00fablica, instalaci\u00f3n de cabina de telefon\u00eda p\u00fablica, tendido de tuber\u00eda matriz y conexi\u00f3n domiciliaria, construcci\u00f3n de c\u00e1mara subterr\u00e1nea, construcci\u00f3n en la v\u00eda p\u00fablica de sardineles y veredas, construcci\u00f3n de buzones en la v\u00eda p\u00fablica, instalaci\u00f3n de agua y desag\u00fce, reubicaci\u00f3n de postes.<\/li>\n<li>Ejecutar bajo la modalidad de administraci\u00f3n directa, las obras de infraestructura p\u00fablica, que se encuentren previamente aprobadas por la Entidad de acuerdo a las disposiciones de control vigentes.<\/li>\n<\/ol>\n<div id=\"gtx-trans\" style=\"position: absolute; left: -12px; top: -9.50391px;\">\n<div class=\"gtx-trans-icon\"><\/div>\n<\/div>\n<\/div><\/div><\/div><\/div><\/div><\/div><\/div><\/div><\/div><div class=\"vc_col-sm-6 wpb_column vc_column_container\"><div class=\"vc_column-inner\"><div class=\"wpb_wrapper\"><div class=\"g-cols wpb_row  type_default valign_top vc_inner\"><div class=\"vc_col-sm-12 wpb_column vc_column_container\"><div class=\"vc_column-inner\"><div class=\"wpb_wrapper\"><div class=\"wpb_text_column\" ><div class=\"wpb_wrapper\"><ol style=\"text-align: justify;\" start=\"14\">\n<li class=\"rPeykc\" data-hveid=\"CBcQAQ\" data-ved=\"2ahUKEwiVpI-I-diQAxXOJrkGHbweAQQQo_EKegQIFxAB\">Proponer e implementar lineamientos y directivas t\u00e9cnicas respecto al ornato que mejoren la imagen urban\u00edstica del distrito; <span data-huuid=\"9590216845051175612\">controlando su adecuado desarrollo y cumplimento.<\/span><\/li>\n<li class=\"rPeykc\" data-hveid=\"CBcQAQ\" data-ved=\"2ahUKEwiVpI-I-diQAxXOJrkGHbweAQQQo_EKegQIFxAB\">Emitir informes t\u00e9cnicos respecto a las solicitudes de autorizaciones para ocupaci\u00f3n de v\u00eda p\u00fablica con materiales de construcci\u00f3n e instalaciones provisionales de casetas y otras instalaciones.<\/li>\n<li class=\"rPeykc\" data-hveid=\"CBcQAQ\" data-ved=\"2ahUKEwiVpI-I-diQAxXOJrkGHbweAQQQo_EKegQIFxAB\">Formular, planear, organizar y supervisar los trabajos de mantenimiento a la infraestructura urbana del distrito; <span data-huuid=\"9590216845051177061\">mobiliario en espacios p\u00fablicos y otros afines.<\/span><\/li>\n<li class=\"rPeykc\" data-hveid=\"CBcQAQ\" data-ved=\"2ahUKEwiVpI-I-diQAxXOJrkGHbweAQQQo_EKegQIFxAB\">Registrar en el Banco de Inversiones los proyectos de inversi\u00f3n y las inversiones de optimizaci\u00f3n, de ampliaci\u00f3n marginal, de reposici\u00f3n y de rehabilitaci\u00f3n.<\/li>\n<li class=\"rPeykc\" data-hveid=\"CBcQAQ\" data-ved=\"2ahUKEwiVpI-I-diQAxXOJrkGHbweAQQQo_EKegQIFxAB\">Cautelar que las inversiones de optimizaci\u00f3n, de ampliaci\u00f3n marginal, de reposici\u00f3n y de rehabilitaci\u00f3n no contemplen intervenciones que constituyan proyectos de inversi\u00f3n ni correspondan a gasto corriente.<\/li>\n<li class=\"rPeykc\" data-hveid=\"CBcQAQ\" data-ved=\"2ahUKEwiVpI-I-diQAxXOJrkGHbweAQQQo_EKegQIFxAB\">Solicitar la opini\u00f3n de la Oficina de Programaci\u00f3n Multianual y Gesti\u00f3n de Inversiones del sector sobre los proyectos o programas de inversi\u00f3n a ser financiados con fondos p\u00fablicos provenientes de operaciones de endeudamiento externo del Gobierno Nacional, a fin de verificar que estos se alineen con los objetivos priorizados, metas e indicadores y contribuyan efectivamente al cierre de brechas de infraestructura o de acceso a servicios, de acuerdo a los criterios de priorizaci\u00f3n aprobados.<\/li>\n<li class=\"rPeykc\" data-hveid=\"CBcQAQ\" data-ved=\"2ahUKEwiVpI-I-diQAxXOJrkGHbweAQQQo_EKegQIFxAB\">Aplicar los contenidos, las metodolog\u00edas y los par\u00e1metros de formulaci\u00f3n y evaluaci\u00f3n aprobados por la Direcci\u00f3n General de programaci\u00f3n Multianual de Inversiones (DGPMI), as\u00ed como las metodolog\u00edas espec\u00edficas aprobadas por los Sectores, para la formulaci\u00f3n y evaluaci\u00f3n de los proyectos de inversi\u00f3n cuyos objetivos est\u00e9n directamente vinculados con las competencias de la entidad o empresa p\u00fablica que pertenece la U.<\/li>\n<\/ol>\n<div id=\"gtx-trans\" style=\"position: absolute; left: -47px; top: -9.50391px;\">\n<div class=\"gtx-trans-icon\"><\/div>\n<\/div>\n<\/div><\/div><\/div><\/div><\/div><\/div><\/div><\/div><\/div><\/div><\/div><\/section><section class=\"l-section wpb_row height_medium\"><div class=\"l-section-h i-cf\"><div class=\"g-cols vc_row type_default valign_top\"><div class=\"vc_col-sm-12 wpb_column vc_column_container\"><div class=\"vc_column-inner\"><div class=\"wpb_wrapper\"><div class=\"wpb_text_column\" ><div class=\"wpb_wrapper\"><ol style=\"text-align: justify;\" start=\"21\">\n<li data-hveid=\"CBcQAQ\" data-ved=\"2ahUKEwiVpI-I-diQAxXOJrkGHbweAQQQo_EKegQIFxAB\"><span data-huuid=\"9590216845051175863\">Elaborar las fichas t\u00e9cnicas y los estudios de pre inversi\u00f3n con el fin de sustentar la concepci\u00f3n t\u00e9cnica, econ\u00f3mica y el dimensionamiento de los proyectos de inversi\u00f3n, teniendo en cuenta los objetivos, metas de producto e indicadores de resultado previstos en la fase de Programaci\u00f3n Multianual de Inversiones; <\/span><span data-huuid=\"9590216845051176972\">as\u00ed como los fondos p\u00fablicos estimados para la operaci\u00f3n y mantenimiento de los activos generados por el proyecto de inversi\u00f3n y las formas de financiamiento.<\/span><\/li>\n<li data-hveid=\"CBcQAQ\" data-ved=\"2ahUKEwiVpI-I-diQAxXOJrkGHbweAQQQo_EKegQIFxAB\"><span data-huuid=\"9590216845051175094\">Elaborar el calendario y cronograma concerniente a las obras.<\/span><\/li>\n<li data-hveid=\"CBcQAQ\" data-ved=\"2ahUKEwiVpI-I-diQAxXOJrkGHbweAQQQo_EKegQIFxAB\"><span data-huuid=\"9590216845051177312\">Administrar la documentaci\u00f3n t\u00e9cnica de los proyectos de Inversi\u00f3n P\u00fablica de la Municipalidad, as\u00ed como su archivamiento y custodia.<\/span><\/li>\n<li data-hveid=\"CBcQAQ\" data-ved=\"2ahUKEwiVpI-I-diQAxXOJrkGHbweAQQQo_EKegQIFxAB\"><span data-huuid=\"9590216845051175434\">Solicitar la opini\u00f3n favorable de la (DGPMI) sobre los proyectos o programas de inversi\u00f3n a ser financiados con fondos p\u00fablicos provenientes de operaciones de endeudamiento externo del Gobierno Nacional, previo a su declaraci\u00f3n de viabilidad.<\/span><\/li>\n<li data-hveid=\"CBcQAQ\" data-ved=\"2ahUKEwiVpI-I-diQAxXOJrkGHbweAQQQo_EKegQIFxAB\"><span data-huuid=\"9590216845051177652\">Realizar la consistencia t\u00e9cnica entre el resultado del expediente t\u00e9cnico o documento equivalente y la ficha t\u00e9cnica o estudio de pre inversi\u00f3n que sustent\u00f3 la declaraci\u00f3n de viabilidad de los proyectos de inversi\u00f3n.<\/span><\/li>\n<\/ol>\n<\/div><\/div><\/div><\/div><\/div><\/div><\/div><\/section><!-- Row Backgrounds --><div class=\"upb_color\" data-bg-override=\"0\" data-bg-color=\"#f4f4f4\" data-fadeout=\"\" data-fadeout-percentage=\"30\" data-parallax-content=\"\" data-parallax-content-sense=\"30\" data-row-effect-mobile-disable=\"true\" data-img-parallax-mobile-disable=\"true\" data-rtl=\"false\"  data-custom-vc-row=\"\"  data-vc=\"6.11.0\"  data-is_old_vc=\"\"  data-theme-support=\"\"   data-overlay=\"false\" data-overlay-color=\"\" data-overlay-pattern=\"\" data-overlay-pattern-opacity=\"\" data-overlay-pattern-size=\"\"    ><\/div><section class=\"l-section wpb_row height_medium\"><div class=\"l-section-h i-cf\"><div class=\"g-cols vc_row type_default valign_top\"><div class=\"vc_col-sm-6 wpb_column vc_column_container\"><div class=\"vc_column-inner\"><div class=\"wpb_wrapper\"><div class=\"wpb_text_column\" ><div class=\"wpb_wrapper\"><ol style=\"text-align: justify;\" start=\"26\">\n<li data-hveid=\"CBcQAQ\" data-ved=\"2ahUKEwiVpI-I-diQAxXOJrkGHbweAQQQo_EKegQIFxAB\">Elaborar y aprobar las inversiones de optimizaci\u00f3n, de ampliaci\u00f3n marginal, de reposici\u00f3n y de rehabilitaci\u00f3n que se enmarquen en las competencias de su respectivo nivel de gobierno.<\/li>\n<li data-hveid=\"CBcQAQ\" data-ved=\"2ahUKEwiVpI-I-diQAxXOJrkGHbweAQQQo_EKegQIFxAB\">Remitir informaci\u00f3n sobre las inversiones que solicite la Direcci\u00f3n General de Programaci\u00f3n Multianual de Inversiones (DGPMI) y los dem\u00e1s \u00f3rganos del Sistema Nacional de Programaci\u00f3n Multianual y Gesti\u00f3n de Inversiones.<\/li>\n<li data-hveid=\"CBcQAQ\" data-ved=\"2ahUKEwiVpI-I-diQAxXOJrkGHbweAQQQo_EKegQIFxAB\">Realizar las coordinaciones y consultas necesarias con la entidad respectiva para evitar la duplicaci\u00f3n de proyectos, como requisito previo a la remisi\u00f3n del estudio para la evaluaci\u00f3n de la Oficina de Programaci\u00f3n e Inversiones OPI.<\/li>\n<li data-hveid=\"CBcQAQ\" data-ved=\"2ahUKEwiVpI-I-diQAxXOJrkGHbweAQQQo_EKegQIFxAB\">Formular los proyectos a ser financiados y\/o ejecutados por terceros con sus propios recursos de los Gobiernos Locales no sujetos al DGPMI. <span data-huuid=\"9999318301293651027\">En este caso, la UF correspondiente es aquella que pertenece a la Entidad sujeta al DGPMI que asumir\u00e1 los gastos de operaci\u00f3n y mantenimiento del PIP.<\/span><\/li>\n<\/ol>\n<div id=\"gtx-trans\" style=\"position: absolute; left: -8px; top: -9.50391px;\">\n<div class=\"gtx-trans-icon\"><\/div>\n<\/div>\n<\/div><\/div><\/div><\/div><\/div><div class=\"vc_col-sm-6 wpb_column vc_column_container\"><div class=\"vc_column-inner\"><div class=\"wpb_wrapper\"><div class=\"wpb_text_column\" ><div class=\"wpb_wrapper\"><ol style=\"text-align: justify;\" start=\"30\">\n<li data-hveid=\"CBcQAQ\" data-ved=\"2ahUKEwiVpI-I-diQAxXOJrkGHbweAQQQo_EKegQIFxAB\">Gestionar con diversas entidades la elaboraci\u00f3n de proyectos de inversi\u00f3n p\u00fablica.<\/li>\n<li data-hveid=\"CBcQAQ\" data-ved=\"2ahUKEwiVpI-I-diQAxXOJrkGHbweAQQQo_EKegQIFxAB\">Informar a OPI institucional de los Proyectos presentados a evaluaci\u00f3n ante la OPI responsable de la funci\u00f3n en la que se enmarca el PIP, en los casos que corresponda.<\/li>\n<li data-hveid=\"CBcQAQ\" data-ved=\"2ahUKEwiVpI-I-diQAxXOJrkGHbweAQQQo_EKegQIFxAB\">Verificar que se cuenta con el saneamiento f\u00edsico legal correspondiente o se cuenta con los arreglos institucionales respectivos para la implementaci\u00f3n del PIP, cuando corresponda, a efectos de asegurar la sostenibilidad del PIP.<\/li>\n<li data-hveid=\"CBcQAQ\" data-ved=\"2ahUKEwiVpI-I-diQAxXOJrkGHbweAQQQo_EKegQIFxAB\">Verificar que la localizaci\u00f3n geogr\u00e1fica del PIP corresponda a su circunscripci\u00f3n territorial, salvo que se trate de un PIP de alcance intermunicipal o de influencia Interregional.<\/li>\n<\/ol>\n<\/div><\/div><\/div><\/div><\/div><\/div><\/div><\/section>\n<\/section>","protected":false},"excerpt":{"rendered":"[vc_empty_space height=\"150px\"]Subgerencia de Obras P\u00fablicas, Estudios , Proyectos y LiquidacionesLa Subgerencia de Obras P\u00fablicas, Estudios y Proyectos y Liquidaciones tiene como objetivos principales, las acciones inherentes a la ejecuci\u00f3n de las inversiones, as\u00ed como de las inversiones que no constituyen proyectos de inversi\u00f3n seg\u00fan las fases establecidas en la normatividad vigente;\u00a0enmarcados dentro los Lineamientos Estrat\u00e9gicos...","protected":false},"author":9,"featured_media":0,"parent":0,"menu_order":0,"comment_status":"closed","ping_status":"closed","template":"","meta":[],"acf":[],"_links":{"self":[{"href":"http:\/\/web.muniolleroshuarochiri.gob.pe\/portal\/wp-json\/wp\/v2\/pages\/9940"}],"collection":[{"href":"http:\/\/web.muniolleroshuarochiri.gob.pe\/portal\/wp-json\/wp\/v2\/pages"}],"about":[{"href":"http:\/\/web.muniolleroshuarochiri.gob.pe\/portal\/wp-json\/wp\/v2\/types\/page"}],"author":[{"embeddable":true,"href":"http:\/\/web.muniolleroshuarochiri.gob.pe\/portal\/wp-json\/wp\/v2\/users\/9"}],"replies":[{"embeddable":true,"href":"http:\/\/web.muniolleroshuarochiri.gob.pe\/portal\/wp-json\/wp\/v2\/comments?post=9940"}],"version-history":[{"count":33,"href":"http:\/\/web.muniolleroshuarochiri.gob.pe\/portal\/wp-json\/wp\/v2\/pages\/9940\/revisions"}],"predecessor-version":[{"id":11031,"href":"http:\/\/web.muniolleroshuarochiri.gob.pe\/portal\/wp-json\/wp\/v2\/pages\/9940\/revisions\/11031"}],"wp:attachment":[{"href":"http:\/\/web.muniolleroshuarochiri.gob.pe\/portal\/wp-json\/wp\/v2\/media?parent=9940"}],"curies":[{"name":"wp","href":"https:\/\/api.w.org\/{rel}","templated":true}]}}