{"id":9953,"date":"2025-11-04T17:18:57","date_gmt":"2025-11-04T17:18:57","guid":{"rendered":"https:\/\/web.muniolleroshuarochiri.gob.pe\/portal\/?page_id=9953"},"modified":"2025-12-02T17:37:20","modified_gmt":"2025-12-02T17:37:20","slug":"sub-gerencia-de-orientacion-registro-y-recaudacion-tributaria","status":"publish","type":"page","link":"http:\/\/web.muniolleroshuarochiri.gob.pe\/portal\/sub-gerencia-de-orientacion-registro-y-recaudacion-tributaria\/","title":{"rendered":"Sub Gerencia de Orientaci\u00f3n, Registro y Recaudaci\u00f3n Tributaria"},"content":{"rendered":"<section class=\"wpb-content-wrapper\"><section class=\"l-section wpb_row height_medium\"><div class=\"l-section-h i-cf\"><div class=\"g-cols vc_row type_default valign_top\"><div class=\"vc_col-sm-12 wpb_column vc_column_container\"><div class=\"vc_column-inner\"><div class=\"wpb_wrapper\">[vc_empty_space height=\u00bb150px\u00bb]<\/div><\/div><\/div><\/div><\/div><\/section><section class=\"l-section wpb_row height_medium\"><div class=\"l-section-h i-cf\"><div class=\"g-cols vc_row type_default valign_top\"><div class=\"vc_col-sm-12 wpb_column vc_column_container\"><div class=\"vc_column-inner\"><div class=\"wpb_wrapper\"><h3 class=\"w-post-elm post_title us_custom_6549b382 entry-title color_link_inherit has_text_color\">Sub Gerencia de Orientaci\u00f3n, Registro y Recaudaci\u00f3n Tributaria<\/h3><\/div><\/div><\/div><\/div><\/div><\/section><section class=\"l-section wpb_row us_custom_1f64da91 height_medium\"><div class=\"l-section-h i-cf\"><div class=\"g-cols vc_row type_default valign_top\"><div class=\"vc_col-sm-8 wpb_column vc_column_container\"><div class=\"vc_column-inner\"><div class=\"wpb_wrapper\"><div class=\"wpb_text_column\" ><div class=\"wpb_wrapper\"><p><span data-huuid=\"6863501180515109724\">La Sub Gerencia de Orientaci\u00f3n, Registro y Recaudaci\u00f3n Tributaria es una unidad org\u00e1nica de apoyo del tercer nivel organizacional, encargada de la administraci\u00f3n tributaria, la orientaci\u00f3n a los contribuyentes y conducir los procedimientos t\u00e9cnicos correspondientes a la cobranza, depende administrativa y jer\u00e1rquicamente de la Gerencia de Administraci\u00f3n Tributaria.<\/span><\/p>\n<\/div><\/div>[vc_empty_space]<h2 class=\"w-text\"><span class=\"w-text-h\"><i class=\"far fa-users\"><\/i><span class=\"w-text-value\">Son funciones de la Sub Gerencia de Orientaci\u00f3n, Registro y Recaudaci\u00f3n Tributaria:<\/span><\/span><\/h2><div class=\"wpb_text_column\" ><div class=\"wpb_wrapper\"><ol style=\"text-align: justify;\">\n<li class=\"rPeykc\" data-hveid=\"CBYQAQ\" data-ved=\"2ahUKEwiurJOw_9iQAxWCJbkGHWDPNS8Qo_EKegQIFhAB\"><span data-huuid=\"12694149555374224759\">Elaborar y ejecutar el Plan Operativo Institucional correspondiente a la Unidad Org\u00e1nica, disponiendo eficiente y eficazmente de los recursos econ\u00f3micos, materiales y equipos asignados.<\/span><\/li>\n<li class=\"rPeykc\" data-hveid=\"CBYQAQ\" data-ved=\"2ahUKEwiurJOw_9iQAxWCJbkGHWDPNS8Qo_EKegQIFhAB\"><span data-huuid=\"12694149555374226061\">Establecer pol\u00edticas y programas de orientaci\u00f3n al contribuyente, a fin de lograr de \u00e9ste el cumplimiento de sus obligaciones tributarias.<\/span><\/li>\n<li class=\"rPeykc\" data-hveid=\"CBYQAQ\" data-ved=\"2ahUKEwiurJOw_9iQAxWCJbkGHWDPNS8Qo_EKegQIFhAB\"><span data-huuid=\"12694149555374227363\">Organizar, ejecutar y supervisar el proceso de recepci\u00f3n de Declaraciones Juradas y otros documentos tributarios, as\u00ed como su registro y actualizaci\u00f3n en la respectiva Base de datos, creando la estad\u00edstica pertinente.<\/span><\/li>\n<li class=\"rPeykc\" data-hveid=\"CBYQAQ\" data-ved=\"2ahUKEwiurJOw_9iQAxWCJbkGHWDPNS8Qo_EKegQIFhAB\"><span data-huuid=\"12694149555374224569\">Brindar servicios de orientaci\u00f3n y asesor\u00eda al contribuyente mediante el uso de gu\u00edas y tr\u00edpticos de f\u00e1cil comprensi\u00f3n.<\/span><\/li>\n<li class=\"rPeykc\" data-hveid=\"CBYQAQ\" data-ved=\"2ahUKEwiurJOw_9iQAxWCJbkGHWDPNS8Qo_EKegQIFhAB\"><span data-huuid=\"12694149555374225871\">Presentar los proyectos de resoluciones e informes que den cumplimiento a lo dispuesto por el Tribunal Fiscal y Poder Judicial<\/span><span data-huuid=\"12694149555374225871\">.<\/span><\/li>\n<\/ol>\n<\/div><\/div><\/div><\/div><\/div><div class=\"vc_col-sm-4 wpb_column vc_column_container\"><div class=\"vc_column-inner\"><div class=\"wpb_wrapper\"><div class=\"ult-team-member-wrap ult-style-1  \"><div class=\"ult-team-member-image\" style=\"\"> <img class=\"\" src=\"http:\/\/web.muniolleroshuarochiri.gob.pe\/portal\/wp-content\/uploads\/2025\/12\/Manuel-Alberto-Roman-Morales.png\" alt=\"null\"  style=\"\"><span class=\"ult-team-member-image-overlay \"  ><\/span><\/div><div class=\"ult-team-member-bio-wrap style-1 ultimate-heading69e366545fd12\" style=\"text-align:center;; \"><div class=\"ult-team-member-name-wrap\"><h2 class=\"ult-team-member-name ult-responsive\"  data-ultimate-target='.ult-team-member-bio-wrap.ultimate-heading69e366545fd12 .ult-team-member-name'  data-responsive-json-new='{\"font-size\":\"\",\"line-height\":\"\"}'  style=\"\">Manuel Alberto Roman Morales<\/h2><div class=\"ult-team-member-position ult-responsive\"  data-ultimate-target='.ult-team-member-bio-wrap.ultimate-heading69e366545fd12 .ult-team-member-position'  data-responsive-json-new='{\"font-size\":\"\",\"line-height\":\"\"}'  style=\"\">Encargado de la Sub Gerencia de Orientaci\u00f3n, Registro y Recaudaci\u00f3n Tributaria<\/div><div class=\"ult-team-member-description ult-responsive\"  data-ultimate-target='.ult-team-member-bio-wrap.ultimate-heading69e366545fd12 .ult-team-member-description'  data-responsive-json-new='{\"font-size\":\"\",\"line-height\":\"\"}'  style=\"\"><p><strong>Correo municipal:<\/strong> manuel.roman@muniolleroshuarochiri.gob.pe<\/p><\/div><div style=\"margin-bottom:15px\"><\/div><\/div><\/div><\/div><\/div><\/div><\/div><\/div><\/div><\/section><!-- Row Backgrounds --><div class=\"upb_color\" data-bg-override=\"0\" data-bg-color=\"#f4f4f4\" data-fadeout=\"\" data-fadeout-percentage=\"30\" data-parallax-content=\"\" data-parallax-content-sense=\"30\" data-row-effect-mobile-disable=\"true\" data-img-parallax-mobile-disable=\"true\" data-rtl=\"false\"  data-custom-vc-row=\"\"  data-vc=\"6.11.0\"  data-is_old_vc=\"\"  data-theme-support=\"\"   data-overlay=\"false\" data-overlay-color=\"\" data-overlay-pattern=\"\" data-overlay-pattern-opacity=\"\" data-overlay-pattern-size=\"\"    ><\/div><section class=\"l-section wpb_row height_medium\"><div class=\"l-section-h i-cf\"><div class=\"g-cols vc_row type_default valign_top\"><div class=\"vc_col-sm-4 wpb_column vc_column_container\"><div class=\"vc_column-inner\"><div class=\"wpb_wrapper\"><div class=\"ult-team-member-wrap ult-style-1  \"><div class=\"ult-team-member-image\" style=\"\"> <img class=\"\" src=\"http:\/\/web.muniolleroshuarochiri.gob.pe\/portal\/wp-content\/uploads\/2025\/12\/Nilda-Maribel-Reves-Gonzales.png\" alt=\"null\"  style=\"\"><span class=\"ult-team-member-image-overlay \"  ><\/span><\/div><div class=\"ult-team-member-bio-wrap style-1 ultimate-heading69e36654601e6\" style=\"text-align:center;; \"><div class=\"ult-team-member-name-wrap\"><h2 class=\"ult-team-member-name ult-responsive\"  data-ultimate-target='.ult-team-member-bio-wrap.ultimate-heading69e36654601e6 .ult-team-member-name'  data-responsive-json-new='{\"font-size\":\"\",\"line-height\":\"\"}'  style=\"\">Nilda Maribel Reves Gonzales<\/h2><div class=\"ult-team-member-position ult-responsive\"  data-ultimate-target='.ult-team-member-bio-wrap.ultimate-heading69e36654601e6 .ult-team-member-position'  data-responsive-json-new='{\"font-size\":\"\",\"line-height\":\"\"}'  style=\"\"> Personal Administrativo de la Sub Gerencia de Orientaci\u00f3n, Registro y Recaudaci\u00f3n Tributaria<\/div><div class=\"ult-team-member-description ult-responsive\"  data-ultimate-target='.ult-team-member-bio-wrap.ultimate-heading69e36654601e6 .ult-team-member-description'  data-responsive-json-new='{\"font-size\":\"\",\"line-height\":\"\"}'  style=\"\"><p><strong>Correo municipal:<\/strong> nilda.reves@muniolleroshuarochiri.gob.pe<\/p><\/div><div style=\"margin-bottom:15px\"><\/div><\/div><\/div><\/div><\/div><\/div><\/div><div class=\"vc_col-sm-8 wpb_column vc_column_container\"><div class=\"vc_column-inner\"><div class=\"wpb_wrapper\"><div class=\"wpb_text_column\" ><div class=\"wpb_wrapper\"><ol style=\"text-align: justify;\" start=\"6\">\n<li class=\"rPeykc\" data-hveid=\"CBYQAQ\" data-ved=\"2ahUKEwiurJOw_9iQAxWCJbkGHWDPNS8Qo_EKegQIFhAB\"><span data-huuid=\"12694149555374227173\">Informar a los contribuyentes o responsables sobre las normas y procedimientos tributarios, as\u00ed como realizar acciones de difusi\u00f3n y orientaci\u00f3n de los derechos y obligaciones tributarias de los vecinos.<\/span><\/li>\n<li class=\"rPeykc\" data-hveid=\"CBYQAQ\" data-ved=\"2ahUKEwiurJOw_9iQAxWCJbkGHWDPNS8Qo_EKegQIFhAB\"><span data-huuid=\"12694149555374224379\">Organizar y controlar las actividades administrativas que permitan una eficiente emisi\u00f3n tributaria y una atenci\u00f3n de calidad al contribuyente.<\/span><\/li>\n<\/ol>\n<\/div><\/div><div class=\"wpb_text_column\" ><div class=\"wpb_wrapper\"><ol style=\"text-align: justify;\" start=\"8\">\n<li class=\"rPeykc\" data-hveid=\"CBYQAQ\" data-ved=\"2ahUKEwiurJOw_9iQAxWCJbkGHWDPNS8Qo_EKegQIFhAB\"><span data-huuid=\"12694149555374225681\">Establecer mecanismos que garanticen la unidad de criterio entre el personal a su cargo, para absolver las consultas sobre el sentido y alcance de las normas tributarias municipales, as\u00ed como para la atenci\u00f3n de expedientes y documentos presentados por los contribuyentes del distrito.<\/span><\/li>\n<li class=\"rPeykc\" data-hveid=\"CBYQAQ\" data-ved=\"2ahUKEwiurJOw_9iQAxWCJbkGHWDPNS8Qo_EKegQIFhAB\"><span data-huuid=\"12694149555374226983\">Supervisar y controlar la recaudaci\u00f3n del ingreso de estacionamiento vehicular.<\/span><\/li>\n<li class=\"rPeykc\" data-hveid=\"CBYQAQ\" data-ved=\"2ahUKEwiurJOw_9iQAxWCJbkGHWDPNS8Qo_EKegQIFhAB\"><span data-huuid=\"12694149555374224189\">Mantener al d\u00eda el registro de las cuentas corrientes de los contribuyentes por los tributos a su cargo.<\/span><\/li>\n<li class=\"rPeykc\" data-hveid=\"CBYQAQ\" data-ved=\"2ahUKEwiurJOw_9iQAxWCJbkGHWDPNS8Qo_EKegQIFhAB\"><span data-huuid=\"12694149555374225491\">Dirigir las acciones necesarias para la Emisi\u00f3n masiva anual de las Declaraciones Juradas y liquidaci\u00f3n del Impuesto Predial y Arbitrios Municipales, a trav\u00e9s de cuponeras u otro medio.<\/span><\/li>\n<li class=\"rPeykc\" data-hveid=\"CBYQAQ\" data-ved=\"2ahUKEwiurJOw_9iQAxWCJbkGHWDPNS8Qo_EKegQIFhAB\"><span data-huuid=\"12694149555374226793\">Coordinar y apoyar las actividades de fiscalizaci\u00f3n destinadas a verificar el cumplimiento de las obligaciones tributarias municipales.<\/span><\/li>\n<li class=\"rPeykc\" data-hveid=\"CBYQAQ\" data-ved=\"2ahUKEwiurJOw_9iQAxWCJbkGHWDPNS8Qo_EKegQIFhAB\"><span data-huuid=\"12694149555374223999\">Brindar Informaci\u00f3n necesaria y oportuna sobre temas tributarios a los contribuyentes.<\/span><\/li>\n<li class=\"rPeykc\" data-hveid=\"CBYQAQ\" data-ved=\"2ahUKEwiurJOw_9iQAxWCJbkGHWDPNS8Qo_EKegQIFhAB\"><span data-huuid=\"12694149555374225301\">Elaborar y proponer las Resoluciones de multa administrativas que se generen en los procedimientos administrativos y sancionadores.<\/span><\/li>\n<li data-hveid=\"CBYQAQ\" data-ved=\"2ahUKEwiurJOw_9iQAxWCJbkGHWDPNS8Qo_EKegQIFhAB\"><span data-huuid=\"8737707171154143280\">\u00a0Resolver en primera Instancia los procedimientos administrativos de su competencia, as\u00ed como elaborar Directivas para una mejor eficiencia y eficacia de sus funciones.<\/span><\/li>\n<li data-hveid=\"CBYQAQ\" data-ved=\"2ahUKEwiurJOw_9iQAxWCJbkGHWDPNS8Qo_EKegQIFhAB\"><span data-huuid=\"8737707171154142826\">Coordinar la actualizaci\u00f3n anual de las declaraciones juradas y liquidaci\u00f3n del impuesto predial y arbitrios municipales de los contribuyentes.<\/span><\/li>\n<\/ol>\n<\/div><\/div><\/div><\/div><\/div><\/div><\/div><\/section><section class=\"l-section wpb_row height_medium\"><div class=\"l-section-h i-cf\"><div class=\"g-cols vc_row type_default valign_top\"><div class=\"vc_col-sm-6 wpb_column vc_column_container\"><div class=\"vc_column-inner\"><div class=\"wpb_wrapper\"><div class=\"wpb_text_column\" ><div class=\"wpb_wrapper\"><ol style=\"text-align: justify;\" start=\"17\">\n<li><span data-huuid=\"8737707171154142372\">Elaborar informes y proponer proyectos de resoluci\u00f3n en atenci\u00f3n a los tr\u00e1mites presentados por los contribuyentes o representantes dentro del procedimiento contencioso y no contencioso tributario.<\/span><\/li>\n<li data-hveid=\"CBYQAQ\" data-ved=\"2ahUKEwiurJOw_9iQAxWCJbkGHWDPNS8Qo_EKegQIFhAB\"><span data-huuid=\"8737707171154141918\">Tramitar la evaluaci\u00f3n de los recursos de apelaci\u00f3n y de las quejas presentadas por los contribuyentes.<\/span><\/li>\n<li data-hveid=\"CBYQAQ\" data-ved=\"2ahUKEwiurJOw_9iQAxWCJbkGHWDPNS8Qo_EKegQIFhAB\"><span data-huuid=\"8737707171154141464\">Mantener permanentemente informada a la Gerencia de Administraci\u00f3n Tributaria sobre los niveles de recaudaci\u00f3n y el estado de la deuda tributaria que tiene los contribuyentes.<\/span><\/li>\n<li data-hveid=\"CBYQAQ\" data-ved=\"2ahUKEwiurJOw_9iQAxWCJbkGHWDPNS8Qo_EKegQIFhAB\"><span data-huuid=\"8737707171154145106\">Administrar mediante sistemas aprobados, el proceso de recaudaci\u00f3n y control de la deuda tributaria municipal.<\/span><\/li>\n<li data-hveid=\"CBYQAQ\" data-ved=\"2ahUKEwiurJOw_9iQAxWCJbkGHWDPNS8Qo_EKegQIFhAB\"><span data-huuid=\"8737707171154144652\">Verificar el procedimiento de las inafectaciones, exoneraciones y beneficios tributarios que le correspondan al contribuyente.<\/span><\/li>\n<li data-hveid=\"CBYQAQ\" data-ved=\"2ahUKEwiurJOw_9iQAxWCJbkGHWDPNS8Qo_EKegQIFhAB\"><span data-huuid=\"8737707171154144198\">Emitir Informe T\u00e9cnico y Proyecto de \u00d3rdenes de Pago, Resoluciones de Determinaci\u00f3n, Resoluciones de Multa Tributaria, Resoluciones de P\u00e9rdida de Beneficio de Fraccionamiento y otras.<\/span><\/li>\n<\/ol>\n<\/div><\/div><\/div><\/div><\/div><div class=\"vc_col-sm-6 wpb_column vc_column_container\"><div class=\"vc_column-inner\"><div class=\"wpb_wrapper\"><div class=\"wpb_text_column\" ><div class=\"wpb_wrapper\"><ol style=\"text-align: justify;\" start=\"23\">\n<li><span data-huuid=\"8737707171154143744\">Disponer y controlar la aplicaci\u00f3n de multas, recargos y moras a los infractores tributarios, en concordancia con lo previsto en el C\u00f3digo Tributario, Leyes, Ordenanzas y dem\u00e1s disposiciones municipales, as\u00ed como las multas de car\u00e1cter administrativo por las v\u00edas correspondientes.<\/span><\/li>\n<li data-hveid=\"CBYQAQ\" data-ved=\"2ahUKEwiurJOw_9iQAxWCJbkGHWDPNS8Qo_EKegQIFhAB\"><span data-huuid=\"8737707171154143290\">Registrar las resoluciones que aprueban el fraccionamiento y\/o aplazamiento de la deuda tributaria y aquellas que declaran la p\u00e9rdida del mismo.<\/span><\/li>\n<li data-hveid=\"CBYQAQ\" data-ved=\"2ahUKEwiurJOw_9iQAxWCJbkGHWDPNS8Qo_EKegQIFhAB\"><span data-huuid=\"8737707171154142836\">Proponer programas y\/o campa\u00f1as destinadas a incentivar la recaudaci\u00f3n de los tributos y dem\u00e1s obligaciones a su cargo.<\/span><\/li>\n<li data-hveid=\"CBYQAQ\" data-ved=\"2ahUKEwiurJOw_9iQAxWCJbkGHWDPNS8Qo_EKegQIFhAB\"><span data-huuid=\"8737707171154142382\">Clasificar y mantener actualizado el archivo de Declaraciones Juradas.<\/span><\/li>\n<li data-hveid=\"CBYQAQ\" data-ved=\"2ahUKEwiurJOw_9iQAxWCJbkGHWDPNS8Qo_EKegQIFhAB\"><span data-huuid=\"8737707171154141928\">Elaborar y presentar el Reporte Mensual de Gesti\u00f3n correspondiente a la Gerencia de Administraci\u00f3n Tributaria.<\/span><\/li>\n<li data-hveid=\"CBYQAQ\" data-ved=\"2ahUKEwiurJOw_9iQAxWCJbkGHWDPNS8Qo_EKegQIFhAB\"><span data-huuid=\"8737707171154141474\">Analizar la situaci\u00f3n econ\u00f3mico-financiera de los contribuyentes que soliciten facilidades en el pago de sus obligaciones, y controlar la cobranza de los fraccionamientos, en concordancia con el Reglamento correspondiente<\/span><\/li>\n<\/ol>\n<\/div><\/div><\/div><\/div><\/div><\/div><\/div><\/section><section class=\"l-section wpb_row height_medium\"><div class=\"l-section-h i-cf\"><div class=\"g-cols vc_row type_default valign_top\"><div class=\"vc_col-sm-12 wpb_column vc_column_container\"><div class=\"vc_column-inner\"><div class=\"wpb_wrapper\"><div class=\"wpb_text_column\" ><div class=\"wpb_wrapper\"><ol style=\"text-align: justify;\" start=\"29\">\n<li data-hveid=\"CBYQAQ\" data-ved=\"2ahUKEwiurJOw_9iQAxWCJbkGHWDPNS8Qo_EKegQIFhAB\"><span data-huuid=\"8737707171154145116\">Programar, organizar, dirigir y evaluar las actividades de captaci\u00f3n de renta de acuerdo con la legislaci\u00f3n vigente.<\/span><\/li>\n<li data-hveid=\"CBYQAQ\" data-ved=\"2ahUKEwiurJOw_9iQAxWCJbkGHWDPNS8Qo_EKegQIFhAB\"><span data-huuid=\"8737707171154144662\">Implementar el Sistema de Cobranzas por cuenta de la Municipalidad o a trav\u00e9s de terceros, propiciando una eficiente captaci\u00f3n.<\/span><\/li>\n<li data-hveid=\"CBYQAQ\" data-ved=\"2ahUKEwiurJOw_9iQAxWCJbkGHWDPNS8Qo_EKegQIFhAB\"><span data-huuid=\"8737707171154144208\">Planificar y proponer programas y\/o campa\u00f1as destinadas a incentivar la recaudaci\u00f3n de los tributos y dem\u00e1s obligaciones.<\/span><\/li>\n<li data-hveid=\"CBYQAQ\" data-ved=\"2ahUKEwiurJOw_9iQAxWCJbkGHWDPNS8Qo_EKegQIFhAB\"><span data-huuid=\"8737707171154143754\">Notificar, instruir y realizar todas las actuaciones e investigaciones necesarias en los procedimientos sancionadores a su cargo y elevar todo lo actuado al superior jer\u00e1rquico, con las recomendaciones del caso, para los fines legales consiguientes.<\/span><\/li>\n<li data-hveid=\"CBYQAQ\" data-ved=\"2ahUKEwiurJOw_9iQAxWCJbkGHWDPNS8Qo_EKegQIFhAB\"><span data-huuid=\"8737707171154143300\">Programar, dirigir, coordinar y controlar las actividades de seguimiento de las resoluciones de sanci\u00f3n tributarias impuestas.<\/span><\/li>\n<li data-hveid=\"CBYQAQ\" data-ved=\"2ahUKEwiurJOw_9iQAxWCJbkGHWDPNS8Qo_EKegQIFhAB\"><span data-huuid=\"5540124866596684204\">Informar sobre las reclamaciones e impugnaciones de naturaleza tributaria y sobre procedimientos de su competencia, informando a la Gerencia de Administraci\u00f3n Tributaria para emisi\u00f3n de Resoluci\u00f3n correspondiente.<\/span><\/li>\n<li data-hveid=\"CBYQAQ\" data-ved=\"2ahUKEwiurJOw_9iQAxWCJbkGHWDPNS8Qo_EKegQIFhAB\"><span data-huuid=\"5540124866596686098\">Efectuar el seguimiento selectivo de principales contribuyentes y mayores deudores con el fin de asegurar el cumplimiento de sus obligaciones tributarias.<\/span><\/li>\n<li data-hveid=\"CBYQAQ\" data-ved=\"2ahUKEwiurJOw_9iQAxWCJbkGHWDPNS8Qo_EKegQIFhAB\"><span data-huuid=\"5540124866596683896\">Detectar a los contribuyentes omisos y morosos aplic\u00e1ndoles las multas administrativas correspondientes y realizar su cobranza.<\/span><\/li>\n<li data-hveid=\"CBYQAQ\" data-ved=\"2ahUKEwiurJOw_9iQAxWCJbkGHWDPNS8Qo_EKegQIFhAB\"><span data-huuid=\"5540124866596685790\">Coordinar y conciliar con la Oficina de Tesorer\u00eda los ingresos municipales por todos los conceptos, incluyendo los que ordenan otras unidades generadoras de Ingresos de manera mensual y anual.<\/span><\/li>\n<li data-hveid=\"CBYQAQ\" data-ved=\"2ahUKEwiurJOw_9iQAxWCJbkGHWDPNS8Qo_EKegQIFhAB\"><span data-huuid=\"5540124866596687684\">Mantener estrecha coordinaci\u00f3n funcional con la Sub Gerencia de Ejecutor\u00eda Coactiva a fin de efectivizar el cobro de los tributos municipales.<\/span><\/li>\n<li data-hveid=\"CBYQAQ\" data-ved=\"2ahUKEwiurJOw_9iQAxWCJbkGHWDPNS8Qo_EKegQIFhAB\"><span data-huuid=\"5540124866596685482\">Enviar en forma oportuna a la Sub Gerencia de Ejecuci\u00f3n Coactiva los documentos valorados vencidos, conforme a Ley.<\/span><\/li>\n<li data-hveid=\"CBYQAQ\" data-ved=\"2ahUKEwiurJOw_9iQAxWCJbkGHWDPNS8Qo_EKegQIFhAB\"><span data-huuid=\"5540124866596687376\">Efectuar el seguimiento selectivo de contribuyentes y mayores deudores a fin de asegurar el cumplimiento del pago de sus obligaciones tributarias.<\/span><\/li>\n<li data-hveid=\"CBYQAQ\" data-ved=\"2ahUKEwiurJOw_9iQAxWCJbkGHWDPNS8Qo_EKegQIFhAB\"><span data-huuid=\"5540124866596685174\">Expedir constancias de los documentos a cargo de esta unidad org\u00e1nica.<\/span><\/li>\n<li data-hveid=\"CBYQAQ\" data-ved=\"2ahUKEwiurJOw_9iQAxWCJbkGHWDPNS8Qo_EKegQIFhAB\"><span data-huuid=\"5540124866596687068\">Controlar que la notificaci\u00f3n de valores y dem\u00e1s documentaci\u00f3n de car\u00e1cter tributario, administrativo se ejecuten conforme a la normatividad legal y dentro de los plazos vigentes.<\/span><\/li>\n<li data-hveid=\"CBYQAQ\" data-ved=\"2ahUKEwiurJOw_9iQAxWCJbkGHWDPNS8Qo_EKegQIFhAB\"><span data-huuid=\"5540124866596684866\">Fijar la cuant\u00eda de los tributos y de las multas por infracciones, de acuerdo con la reglamentaci\u00f3n pertinente.<\/span><\/li>\n<li data-hveid=\"CBYQAQ\" data-ved=\"2ahUKEwiurJOw_9iQAxWCJbkGHWDPNS8Qo_EKegQIFhAB\"><span data-huuid=\"5540124866596686760\">Implementar acciones que garanticen que la recaudaci\u00f3n est\u00e9 acorde con las metas establecidas por la Instituci\u00f3n.<\/span><\/li>\n<li data-hveid=\"CBYQAQ\" data-ved=\"2ahUKEwiurJOw_9iQAxWCJbkGHWDPNS8Qo_EKegQIFhAB\"><span data-huuid=\"5540124866596684558\">Supervisar y controlar la recaudaci\u00f3n del ingreso de estacionamiento vehicular.<\/span><\/li>\n<\/ol>\n<\/div><\/div><\/div><\/div><\/div><\/div><\/div><\/section>\n<\/section>","protected":false},"excerpt":{"rendered":"[vc_empty_space height=\"150px\"]Sub Gerencia de Orientaci\u00f3n, Registro y Recaudaci\u00f3n TributariaLa Sub Gerencia de Orientaci\u00f3n, Registro y Recaudaci\u00f3n Tributaria es una unidad org\u00e1nica de apoyo del tercer nivel organizacional, encargada de la administraci\u00f3n tributaria, la orientaci\u00f3n a los contribuyentes y conducir los procedimientos t\u00e9cnicos correspondientes a la cobranza, depende administrativa y jer\u00e1rquicamente de la Gerencia de Administraci\u00f3n...","protected":false},"author":9,"featured_media":0,"parent":0,"menu_order":0,"comment_status":"closed","ping_status":"closed","template":"","meta":[],"acf":[],"_links":{"self":[{"href":"http:\/\/web.muniolleroshuarochiri.gob.pe\/portal\/wp-json\/wp\/v2\/pages\/9953"}],"collection":[{"href":"http:\/\/web.muniolleroshuarochiri.gob.pe\/portal\/wp-json\/wp\/v2\/pages"}],"about":[{"href":"http:\/\/web.muniolleroshuarochiri.gob.pe\/portal\/wp-json\/wp\/v2\/types\/page"}],"author":[{"embeddable":true,"href":"http:\/\/web.muniolleroshuarochiri.gob.pe\/portal\/wp-json\/wp\/v2\/users\/9"}],"replies":[{"embeddable":true,"href":"http:\/\/web.muniolleroshuarochiri.gob.pe\/portal\/wp-json\/wp\/v2\/comments?post=9953"}],"version-history":[{"count":10,"href":"http:\/\/web.muniolleroshuarochiri.gob.pe\/portal\/wp-json\/wp\/v2\/pages\/9953\/revisions"}],"predecessor-version":[{"id":11048,"href":"http:\/\/web.muniolleroshuarochiri.gob.pe\/portal\/wp-json\/wp\/v2\/pages\/9953\/revisions\/11048"}],"wp:attachment":[{"href":"http:\/\/web.muniolleroshuarochiri.gob.pe\/portal\/wp-json\/wp\/v2\/media?parent=9953"}],"curies":[{"name":"wp","href":"https:\/\/api.w.org\/{rel}","templated":true}]}}