{"id":9980,"date":"2025-11-04T18:00:54","date_gmt":"2025-11-04T18:00:54","guid":{"rendered":"https:\/\/web.muniolleroshuarochiri.gob.pe\/portal\/?page_id=9980"},"modified":"2025-12-02T17:40:46","modified_gmt":"2025-12-02T17:40:46","slug":"sub-gerencia-de-ejecutoria-coactiva","status":"publish","type":"page","link":"http:\/\/web.muniolleroshuarochiri.gob.pe\/portal\/sub-gerencia-de-ejecutoria-coactiva\/","title":{"rendered":"Sub Gerencia de Ejecutoria Coactiva"},"content":{"rendered":"<section class=\"wpb-content-wrapper\"><section class=\"l-section wpb_row height_medium\"><div class=\"l-section-h i-cf\"><div class=\"g-cols vc_row type_default valign_top\"><div class=\"vc_col-sm-12 wpb_column vc_column_container\"><div class=\"vc_column-inner\"><div class=\"wpb_wrapper\">[vc_empty_space height=\u00bb150px\u00bb]<\/div><\/div><\/div><\/div><\/div><\/section><section class=\"l-section wpb_row height_medium\"><div class=\"l-section-h i-cf\"><div class=\"g-cols vc_row type_default valign_top\"><div class=\"vc_col-sm-12 wpb_column vc_column_container\"><div class=\"vc_column-inner\"><div class=\"wpb_wrapper\"><h3 class=\"w-post-elm post_title us_custom_6549b382 entry-title color_link_inherit has_text_color\">Sub Gerencia de Ejecutoria Coactiva<\/h3><\/div><\/div><\/div><\/div><\/div><\/section><section class=\"l-section wpb_row us_custom_1f64da91 height_medium\"><div class=\"l-section-h i-cf\"><div class=\"g-cols vc_row type_default valign_top\"><div class=\"vc_col-sm-8 wpb_column vc_column_container\"><div class=\"vc_column-inner\"><div class=\"wpb_wrapper\"><div class=\"wpb_text_column\" ><div class=\"wpb_wrapper\"><p><span data-huuid=\"2240070302090572644\">La Sub Gerencia de Ejecutoria Coactiva es un \u00f3rgano de l\u00ednea dependiente jer\u00e1rquicamente de la Gerencia de Administraci\u00f3n Tributaria, encargada de programar, ejecutar y controlar el procedimiento de ejecuci\u00f3n coactiva de las obligaciones tributarias y no tributarias conforme a lo establecido en el TUO \u2013 cap\u00edtulos II y III de la Ley N\u00b0 26979 \u2013 Ley de Procedimientos de Ejecuci\u00f3n Coactiva, se encuentra a cargo de un Servidor P\u00fablico designado conforme a lo previsto en el art\u00edculo 7\u00b0 de la Ley N\u00b0 26979.<\/span><\/p>\n<\/div><\/div>[vc_empty_space]<h2 class=\"w-text\"><span class=\"w-text-h\"><i class=\"far fa-users\"><\/i><span class=\"w-text-value\">Las funciones de la Sub Gerencia de Ejecutoria Coactiva son:<\/span><\/span><\/h2><div class=\"wpb_text_column\" ><div class=\"wpb_wrapper\"><div class=\"WaaZC\"><\/div>\n<div class=\"WaaZC\">\n<div class=\"RJPOee EIJn2\">\n<ol style=\"text-align: justify;\">\n<li class=\"rPeykc\" data-hveid=\"CA4QAQ\" data-ved=\"2ahUKEwjUu-LFidmQAxWCJbkGHWDPNS8Qo_EKegQIDhAB\"><span data-huuid=\"13002379008886182297\">Elaborar y ejecutar el Plan Operativo Institucional correspondiente a la Unidad Org\u00e1nica, disponiendo eficiente y eficazmente de los recursos econ\u00f3micos, materiales y equipos asignados.<\/span><\/li>\n<li class=\"rPeykc\" data-hveid=\"CA4QAQ\" data-ved=\"2ahUKEwjUu-LFidmQAxWCJbkGHWDPNS8Qo_EKegQIDhAB\"><span data-huuid=\"13002379008886182779\">Organizar, coordinar y controlar la ejecuci\u00f3n coactiva de obligaciones tributarias y no tributarias, que sean exigibles coactivamente.<\/span><\/li>\n<li class=\"rPeykc\" data-hveid=\"CA4QAQ\" data-ved=\"2ahUKEwjUu-LFidmQAxWCJbkGHWDPNS8Qo_EKegQIDhAB\"><span data-huuid=\"13002379008886183261\">Formular el Plan Anual de Cobranza de obligaciones tributarias y no tributarias en cobranza coactiva.<\/span><\/li>\n<li class=\"rPeykc\" data-hveid=\"CA4QAQ\" data-ved=\"2ahUKEwjUu-LFidmQAxWCJbkGHWDPNS8Qo_EKegQIDhAB\"><span data-huuid=\"13002379008886183743\">Coordinar y brindar informaci\u00f3n necesaria para la implementaci\u00f3n de mejoras en los procedimientos administrativos con la finalidad de elaborar los costos, en el \u00e1mbito de su competencia.<\/span><\/li>\n<li class=\"rPeykc\" data-hveid=\"CA4QAQ\" data-ved=\"2ahUKEwjUu-LFidmQAxWCJbkGHWDPNS8Qo_EKegQIDhAB\"><span data-huuid=\"13002379008886184225\">Programar y evaluar las ejecuciones coactivas, informando de los resultados a las unidades org\u00e1nicas pertinentes.<\/span><\/li>\n<\/ol>\n<\/div>\n<\/div>\n<\/div><\/div><\/div><\/div><\/div><div class=\"vc_col-sm-4 wpb_column vc_column_container\"><div class=\"vc_column-inner\"><div class=\"wpb_wrapper\"><div class=\"ult-team-member-wrap ult-style-1  \"><div class=\"ult-team-member-image\" style=\"\"> <img class=\"\" src=\"http:\/\/web.muniolleroshuarochiri.gob.pe\/portal\/wp-content\/uploads\/2025\/12\/Jhon-Lenin.jpg\" alt=\"null\"  style=\"\"><span class=\"ult-team-member-image-overlay \"  ><\/span><\/div><div class=\"ult-team-member-bio-wrap style-1 ultimate-heading69e5e944f16eb\" style=\"text-align:center;; \"><div class=\"ult-team-member-name-wrap\"><h2 class=\"ult-team-member-name ult-responsive\"  data-ultimate-target='.ult-team-member-bio-wrap.ultimate-heading69e5e944f16eb .ult-team-member-name'  data-responsive-json-new='{\"font-size\":\"\",\"line-height\":\"\"}'  style=\"\">John Lenin Caceres Chavez <\/h2><div class=\"ult-team-member-position ult-responsive\"  data-ultimate-target='.ult-team-member-bio-wrap.ultimate-heading69e5e944f16eb .ult-team-member-position'  data-responsive-json-new='{\"font-size\":\"\",\"line-height\":\"\"}'  style=\"\">Encargado de la Sub Gerencia de Ejecutoria Coactiva<\/div><div class=\"ult-team-member-description ult-responsive\"  data-ultimate-target='.ult-team-member-bio-wrap.ultimate-heading69e5e944f16eb .ult-team-member-description'  data-responsive-json-new='{\"font-size\":\"\",\"line-height\":\"\"}'  style=\"\"><p><strong>Correo municipal: <\/strong>john.caceres@muniolleroshuarochiri.gob.pe<\/p><\/div><div style=\"margin-bottom:15px\"><\/div><\/div><\/div><\/div><\/div><\/div><\/div><\/div><\/div><\/section><!-- Row Backgrounds --><div class=\"upb_color\" data-bg-override=\"0\" data-bg-color=\"#f4f4f4\" data-fadeout=\"\" data-fadeout-percentage=\"30\" data-parallax-content=\"\" data-parallax-content-sense=\"30\" data-row-effect-mobile-disable=\"true\" data-img-parallax-mobile-disable=\"true\" data-rtl=\"false\"  data-custom-vc-row=\"\"  data-vc=\"6.11.0\"  data-is_old_vc=\"\"  data-theme-support=\"\"   data-overlay=\"false\" data-overlay-color=\"\" data-overlay-pattern=\"\" data-overlay-pattern-opacity=\"\" data-overlay-pattern-size=\"\"    ><\/div><section class=\"l-section wpb_row height_medium\"><div class=\"l-section-h i-cf\"><div class=\"g-cols vc_row type_default valign_top\"><div class=\"vc_col-sm-12 wpb_column vc_column_container\"><div class=\"vc_column-inner\"><div class=\"wpb_wrapper\"><div class=\"wpb_text_column\" ><div class=\"wpb_wrapper\"><ol style=\"text-align: justify;\" start=\"6\">\n<li class=\"rPeykc\" data-hveid=\"CA4QAQ\" data-ved=\"2ahUKEwjUu-LFidmQAxWCJbkGHWDPNS8Qo_EKegQIDhAB\"><span data-huuid=\"13002379008886184707\">Reportar peri\u00f3dicamente a la Gerencia de Administraci\u00f3n Tributaria, informaci\u00f3n sobre la recaudaci\u00f3n y deuda en estado coactivo.<\/span><\/li>\n<li class=\"rPeykc\" data-hveid=\"CA4QAQ\" data-ved=\"2ahUKEwjUu-LFidmQAxWCJbkGHWDPNS8Qo_EKegQIDhAB\"><span data-huuid=\"13002379008886185189\">Disponer y Ejecutar las medidas cautelares y los actos de ejecuci\u00f3n forzosa se\u00f1aladas en la Ley de Procedimiento de Ejecuci\u00f3n Coactiva y su Reglamento.<\/span><\/li>\n<li class=\"rPeykc\" data-hveid=\"CA4QAQ\" data-ved=\"2ahUKEwjUu-LFidmQAxWCJbkGHWDPNS8Qo_EKegQIDhAB\"><span data-huuid=\"13002379008886185671\">Supervisar el cumplimiento de los plazos y procedimientos establecidos por ley, respecto del inicio del procedimiento de ejecuci\u00f3n coactiva.<\/span><\/li>\n<li data-hveid=\"CA4QAQ\" data-ved=\"2ahUKEwjUu-LFidmQAxWCJbkGHWDPNS8Qo_EKegQIDhAB\"><span data-huuid=\"15487925305623242011\">Informar a las unidades org\u00e1nicas que correspondan sobre la ejecuci\u00f3n de los procedimientos coactivos de obligaciones administrativas.<\/span><\/li>\n<li data-hveid=\"CA4QAQ\" data-ved=\"2ahUKEwjUu-LFidmQAxWCJbkGHWDPNS8Qo_EKegQIDhAB\"><span data-huuid=\"15487925305623240741\">Emitir las resoluciones sobre acumulaci\u00f3n de expedientes en los procedimientos de ejecuci\u00f3n coactiva.<\/span><\/li>\n<li data-hveid=\"CA4QAQ\" data-ved=\"2ahUKEwjUu-LFidmQAxWCJbkGHWDPNS8Qo_EKegQIDhAB\"><span data-huuid=\"15487925305623243567\">Resolver las solicitudes de suspensi\u00f3n, tercer\u00edas y escritos presentados por los administrados en relaci\u00f3n a los procedimientos de ejecuci\u00f3n coactiva.<\/span><\/li>\n<li data-hveid=\"CA4QAQ\" data-ved=\"2ahUKEwjUu-LFidmQAxWCJbkGHWDPNS8Qo_EKegQIDhAB\"><span data-huuid=\"15487925305623242297\">Formular y proponer la normatividad interna de su competencia a trav\u00e9s de directivas, procedimientos y otros documentos, a la unidad org\u00e1nica pertinente.<\/span><\/li>\n<\/ol>\n<\/div><\/div><\/div><\/div><\/div><\/div><\/div><\/section>\n<\/section>","protected":false},"excerpt":{"rendered":"[vc_empty_space height=\"150px\"]Sub Gerencia de Ejecutoria CoactivaLa Sub Gerencia de Ejecutoria Coactiva es un \u00f3rgano de l\u00ednea dependiente jer\u00e1rquicamente de la Gerencia de Administraci\u00f3n Tributaria, encargada de programar, ejecutar y controlar el procedimiento de ejecuci\u00f3n coactiva de las obligaciones tributarias y no tributarias conforme a lo establecido en el TUO \u2013 cap\u00edtulos II y III de...","protected":false},"author":9,"featured_media":0,"parent":0,"menu_order":0,"comment_status":"closed","ping_status":"closed","template":"","meta":[],"acf":[],"_links":{"self":[{"href":"http:\/\/web.muniolleroshuarochiri.gob.pe\/portal\/wp-json\/wp\/v2\/pages\/9980"}],"collection":[{"href":"http:\/\/web.muniolleroshuarochiri.gob.pe\/portal\/wp-json\/wp\/v2\/pages"}],"about":[{"href":"http:\/\/web.muniolleroshuarochiri.gob.pe\/portal\/wp-json\/wp\/v2\/types\/page"}],"author":[{"embeddable":true,"href":"http:\/\/web.muniolleroshuarochiri.gob.pe\/portal\/wp-json\/wp\/v2\/users\/9"}],"replies":[{"embeddable":true,"href":"http:\/\/web.muniolleroshuarochiri.gob.pe\/portal\/wp-json\/wp\/v2\/comments?post=9980"}],"version-history":[{"count":8,"href":"http:\/\/web.muniolleroshuarochiri.gob.pe\/portal\/wp-json\/wp\/v2\/pages\/9980\/revisions"}],"predecessor-version":[{"id":11051,"href":"http:\/\/web.muniolleroshuarochiri.gob.pe\/portal\/wp-json\/wp\/v2\/pages\/9980\/revisions\/11051"}],"wp:attachment":[{"href":"http:\/\/web.muniolleroshuarochiri.gob.pe\/portal\/wp-json\/wp\/v2\/media?parent=9980"}],"curies":[{"name":"wp","href":"https:\/\/api.w.org\/{rel}","templated":true}]}}