{"id":9982,"date":"2025-11-04T18:05:25","date_gmt":"2025-11-04T18:05:25","guid":{"rendered":"https:\/\/web.muniolleroshuarochiri.gob.pe\/portal\/?page_id=9982"},"modified":"2025-12-02T17:42:01","modified_gmt":"2025-12-02T17:42:01","slug":"subgerencia-de-comercializacion","status":"publish","type":"page","link":"http:\/\/web.muniolleroshuarochiri.gob.pe\/portal\/subgerencia-de-comercializacion\/","title":{"rendered":"Sub Gerencia de Comercializaci\u00f3n"},"content":{"rendered":"<section class=\"wpb-content-wrapper\"><section class=\"l-section wpb_row height_medium\"><div class=\"l-section-h i-cf\"><div class=\"g-cols vc_row type_default valign_top\"><div class=\"vc_col-sm-12 wpb_column vc_column_container\"><div class=\"vc_column-inner\"><div class=\"wpb_wrapper\">[vc_empty_space height=\u00bb150px\u00bb]<\/div><\/div><\/div><\/div><\/div><\/section><section class=\"l-section wpb_row height_medium\"><div class=\"l-section-h i-cf\"><div class=\"g-cols vc_row type_default valign_top\"><div class=\"vc_col-sm-12 wpb_column vc_column_container\"><div class=\"vc_column-inner\"><div class=\"wpb_wrapper\"><h3 class=\"w-post-elm post_title us_custom_6549b382 entry-title color_link_inherit has_text_color\">Sub Gerencia de Comercializaci\u00f3n<\/h3><\/div><\/div><\/div><\/div><\/div><\/section><section class=\"l-section wpb_row us_custom_1f64da91 height_medium\"><div class=\"l-section-h i-cf\"><div class=\"g-cols vc_row type_default valign_top\"><div class=\"vc_col-sm-8 wpb_column vc_column_container\"><div class=\"vc_column-inner\"><div class=\"wpb_wrapper\"><div class=\"wpb_text_column\" ><div class=\"wpb_wrapper\"><p><span data-huuid=\"18073998759525986480\">La Subgerencia de Comercializaci\u00f3n es el \u00f3rgano de l\u00ednea encargado de controlar el cumplimiento de las normas y el adecuado desarrollo de las actividades comerciales y de servicios en el distrito.\u00a0<\/span><span data-huuid=\"18073998759525988829\">Est\u00e1 a cargo de un funcionario de confianza designado por el Alcalde con categor\u00eda de Sub Gerente, quien depende jer\u00e1rquicamente de la Gerencia de Administraci\u00f3n Tributaria.<\/span><\/p>\n<\/div><\/div>[vc_empty_space]<h2 class=\"w-text\"><span class=\"w-text-h\"><i class=\"far fa-users\"><\/i><span class=\"w-text-value\">Son funciones de la Sub Gerencia de Comercializaci\u00f3n las siguientes:<\/span><\/span><\/h2><div class=\"wpb_text_column\" ><div class=\"wpb_wrapper\"><div class=\"WaaZC\"><\/div>\n<div class=\"WaaZC\">\n<div class=\"RJPOee EIJn2\">\n<ol style=\"text-align: justify;\">\n<li class=\"rPeykc\" data-hveid=\"CBYQAQ\" data-ved=\"2ahUKEwjW0bm5itmQAxX7GLkGHaojKX8Qo_EKegQIFhAB\"><span data-huuid=\"11150918110326690346\">Elaborar, proponer y ejecutar su Plan Operativo Institucional y Presupuesto Anual, en el \u00e1mbito de su competencia.<\/span><\/li>\n<li class=\"rPeykc\" data-hveid=\"CBYQAQ\" data-ved=\"2ahUKEwjW0bm5itmQAxX7GLkGHaojKX8Qo_EKegQIFhAB\"><span data-huuid=\"11150918110326693796\">Otorgar autorizaciones para la realizaci\u00f3n de eventos en espacios de la v\u00eda p\u00fablica.<\/span><\/li>\n<li class=\"rPeykc\" data-hveid=\"CBYQAQ\" data-ved=\"2ahUKEwjW0bm5itmQAxX7GLkGHaojKX8Qo_EKegQIFhAB\"><span data-huuid=\"11150918110326693150\">Revisar y expedir Licencias de apertura de Establecimiento Comerciales, Industriales y de Servicios, as\u00ed como Permisos, Autorizaciones Temporales y otros que administra la Municipalidad, previa verificaci\u00f3n de que no atenten con la Conservaci\u00f3n y Protecci\u00f3n de las \u00e1reas de importancia ecol\u00f3gica.<\/span><\/li>\n<li class=\"rPeykc\" data-hveid=\"CBYQAQ\" data-ved=\"2ahUKEwjW0bm5itmQAxX7GLkGHaojKX8Qo_EKegQIFhAB\"><span data-huuid=\"11150918110326692504\">Controlar y supervisar el cumplimiento de las ordenanzas que norman las actividades de abastecimiento y comercializaci\u00f3n de alimentos y de otros productos b\u00e1sicos, as\u00ed como permisos y autorizaciones temporales.<\/span><\/li>\n<\/ol>\n<\/div>\n<\/div>\n<\/div><\/div><\/div><\/div><\/div><div class=\"vc_col-sm-4 wpb_column vc_column_container\"><div class=\"vc_column-inner\"><div class=\"wpb_wrapper\"><div class=\"ult-team-member-wrap ult-style-1  \"><div class=\"ult-team-member-image\" style=\"\"> <img class=\"\" src=\"http:\/\/web.muniolleroshuarochiri.gob.pe\/portal\/wp-content\/uploads\/2025\/12\/Jhon-Lenin.jpg\" alt=\"null\"  style=\"\"><span class=\"ult-team-member-image-overlay \"  ><\/span><\/div><div class=\"ult-team-member-bio-wrap style-1 ultimate-heading69e39ea08570c\" style=\"text-align:center;; \"><div class=\"ult-team-member-name-wrap\"><h2 class=\"ult-team-member-name ult-responsive\"  data-ultimate-target='.ult-team-member-bio-wrap.ultimate-heading69e39ea08570c .ult-team-member-name'  data-responsive-json-new='{\"font-size\":\"\",\"line-height\":\"\"}'  style=\"\">John Lenin Caceres Chavez<\/h2><div class=\"ult-team-member-position ult-responsive\"  data-ultimate-target='.ult-team-member-bio-wrap.ultimate-heading69e39ea08570c .ult-team-member-position'  data-responsive-json-new='{\"font-size\":\"\",\"line-height\":\"\"}'  style=\"\">Encargado de la Subgerencia de Comercializaci\u00f3n<\/div><div class=\"ult-team-member-description ult-responsive\"  data-ultimate-target='.ult-team-member-bio-wrap.ultimate-heading69e39ea08570c .ult-team-member-description'  data-responsive-json-new='{\"font-size\":\"\",\"line-height\":\"\"}'  style=\"\"><p><strong>Correo municipal: <\/strong>john.caceres@muniolleroshuarochiri.gob.pe<\/p><\/div><div style=\"margin-bottom:15px\"><\/div><\/div><\/div><\/div><\/div><\/div><\/div><\/div><\/div><\/section><!-- Row Backgrounds --><div class=\"upb_color\" data-bg-override=\"0\" data-bg-color=\"#f4f4f4\" data-fadeout=\"\" data-fadeout-percentage=\"30\" data-parallax-content=\"\" data-parallax-content-sense=\"30\" data-row-effect-mobile-disable=\"true\" data-img-parallax-mobile-disable=\"true\" data-rtl=\"false\"  data-custom-vc-row=\"\"  data-vc=\"6.11.0\"  data-is_old_vc=\"\"  data-theme-support=\"\"   data-overlay=\"false\" data-overlay-color=\"\" data-overlay-pattern=\"\" data-overlay-pattern-opacity=\"\" data-overlay-pattern-size=\"\"    ><\/div><section class=\"l-section wpb_row height_medium\"><div class=\"l-section-h i-cf\"><div class=\"g-cols vc_row type_default valign_top\"><div class=\"vc_col-sm-6 wpb_column vc_column_container\"><div class=\"vc_column-inner\"><div class=\"wpb_wrapper\"><div class=\"wpb_text_column\" ><div class=\"wpb_wrapper\"><ol style=\"text-align: justify;\" start=\"5\">\n<li class=\"rPeykc\" data-hveid=\"CBYQAQ\" data-ved=\"2ahUKEwjW0bm5itmQAxX7GLkGHaojKX8Qo_EKegQIFhAB\"><span data-huuid=\"11150918110326691858\">Otorgar autorizaciones de Funcionamiento de puestos en Mercados, Kioscos en la v\u00eda p\u00fablica que desarrollen actividades econ\u00f3micas.<\/span><\/li>\n<li class=\"rPeykc\" data-hveid=\"CBYQAQ\" data-ved=\"2ahUKEwjW0bm5itmQAxX7GLkGHaojKX8Qo_EKegQIFhAB\"><span data-huuid=\"11150918110326691212\">Registrar y mantener actualizado los padrones de comerciantes, ambulantes y minoristas de mercados, bodegas y otros establecimientos de venta de art\u00edculos de consumo popular.<\/span><\/li>\n<li class=\"rPeykc\" data-hveid=\"CBYQAQ\" data-ved=\"2ahUKEwjW0bm5itmQAxX7GLkGHaojKX8Qo_EKegQIFhAB\"><span data-huuid=\"11150918110326690566\">Solucionar las solicitudes de reclamos de los Comerciantes que desarrollan sus actividades dentro y fuera de los mercados.<\/span><\/li>\n<li class=\"rPeykc\" data-hveid=\"CBYQAQ\" data-ved=\"2ahUKEwjW0bm5itmQAxX7GLkGHaojKX8Qo_EKegQIFhAB\"><span data-huuid=\"11150918110326689920\">Otorgar los carn\u00e9s de sanidad.<\/span><\/li>\n<li class=\"rPeykc\" data-hveid=\"CBYQAQ\" data-ved=\"2ahUKEwjW0bm5itmQAxX7GLkGHaojKX8Qo_EKegQIFhAB\"><span data-huuid=\"11150918110326693370\">Controlar el cumplimiento de las normas de higiene, ordenamiento del acopio, as\u00ed como la distribuci\u00f3n, almacenamiento y comercializaci\u00f3n de alimentos y bebidas.<\/span><\/li>\n<li class=\"rPeykc\" data-hveid=\"CBYQAQ\" data-ved=\"2ahUKEwjW0bm5itmQAxX7GLkGHaojKX8Qo_EKegQIFhAB\"><span data-huuid=\"11150918110326692724\">Planificar, organizar, dirigir y controlar las actividades de promoci\u00f3n y defensa al consumidor.<\/span><\/li>\n<li class=\"rPeykc\" data-hveid=\"CBYQAQ\" data-ved=\"2ahUKEwjW0bm5itmQAxX7GLkGHaojKX8Qo_EKegQIFhAB\"><span data-huuid=\"11150918110326692078\">Combatir el acaparamiento y la especulaci\u00f3n, la fijaci\u00f3n artificial de precios y la falta de calidad en los productos.<\/span><\/li>\n<li class=\"rPeykc\" data-hveid=\"CBYQAQ\" data-ved=\"2ahUKEwjW0bm5itmQAxX7GLkGHaojKX8Qo_EKegQIFhAB\"><span data-huuid=\"11150918110326691432\">Autorizaci\u00f3n de anuncios en mobiliario urbano con fines publicitarios.<\/span><\/li>\n<li class=\"rPeykc\" data-hveid=\"CBYQAQ\" data-ved=\"2ahUKEwjW0bm5itmQAxX7GLkGHaojKX8Qo_EKegQIFhAB\"><span data-huuid=\"11150918110326690786\">Realizar el control de pesos y medidas, as\u00ed como la adulteraci\u00f3n de productos.<\/span><\/li>\n<\/ol>\n<\/div><\/div><\/div><\/div><\/div><div class=\"vc_col-sm-6 wpb_column vc_column_container\"><div class=\"vc_column-inner\"><div class=\"wpb_wrapper\"><div class=\"wpb_text_column\" ><div class=\"wpb_wrapper\"><div class=\"WaaZC\">\n<div class=\"RJPOee EIJn2\">\n<ol style=\"text-align: justify;\" start=\"14\">\n<li class=\"rPeykc\" data-hveid=\"CBYQAQ\" data-ved=\"2ahUKEwjW0bm5itmQAxX7GLkGHaojKX8Qo_EKegQIFhAB\"><span data-huuid=\"11150918110326690140\">Velar por el cumplimiento de las normas municipales sobre comercio ambulatorio.<\/span><\/li>\n<li data-hveid=\"CBYQAQ\" data-ved=\"2ahUKEwjW0bm5itmQAxX7GLkGHaojKX8Qo_EKegQIFhAB\">\n<div class=\"RJPOee EIJn2\">\n<div class=\"rPeykc\" data-hveid=\"CAMQAQ\" data-ved=\"2ahUKEwituYPYitmQAxX8BLkGHUI2HDsQo_EKegQIAxAB\"><span data-huuid=\"2619913894508202577\">Planificar, organizar y ejecutar acciones de fiscalizaci\u00f3n y verificaci\u00f3n a las actividades econ\u00f3micas que funcionan en la jurisdicci\u00f3n del distrito.<\/span><\/div>\n<\/div>\n<\/li>\n<li class=\"rPeykc\" data-hveid=\"CAcQAQ\" data-ved=\"2ahUKEwituYPYitmQAxX8BLkGHUI2HDsQo_EKegQIBxAB\"><span data-huuid=\"2619913894508202443\">Proponer al despacho de Alcald\u00eda proyectos de ordenanza respecto a temas de su competencia, con la finalidad de facilitar el cumplimiento de sus funciones.<\/span><\/li>\n<li data-hveid=\"CAcQAQ\" data-ved=\"2ahUKEwituYPYitmQAxX8BLkGHUI2HDsQo_EKegQIBxAB\">Declarar el cese de actividades de los establecimientos comerciales, de servicios, industriales o profesionales del distrito, dejando sin efecto la licencia de funcionamiento otorgada, as\u00ed como todo tipo de autorizaci\u00f3n conexa, referida a publicidad exterior uso de retiro municipal, v\u00eda p\u00fablica o toldo de dicho local.<\/li>\n<li data-hveid=\"CAcQAQ\" data-ved=\"2ahUKEwituYPYitmQAxX8BLkGHUI2HDsQo_EKegQIBxAB\">Emitir el duplicado de licencia municipal y de autorizaciones municipales para el ejercicio del comercio en la v\u00eda p\u00fablica. <span data-huuid=\"1443930087844678501\">Elaborar los informes sustentadores de las solicitudes de revocatoria y nulidad de licencia de funcionamiento y\/o autorizaciones otorgadas que se elevar\u00e1n al superior jer\u00e1rquico.<\/span><\/li>\n<li data-hveid=\"CAcQAQ\" data-ved=\"2ahUKEwituYPYitmQAxX8BLkGHUI2HDsQo_EKegQIBxAB\">Proponer y ejecutar las normas de control interno aplicables a su unidad org\u00e1nica.<\/li>\n<\/ol>\n<\/div>\n<\/div>\n<\/div><\/div><\/div><\/div><\/div><\/div><\/div><\/section>\n<\/section>","protected":false},"excerpt":{"rendered":"[vc_empty_space height=\"150px\"]Sub Gerencia de Comercializaci\u00f3nLa Subgerencia de Comercializaci\u00f3n es el \u00f3rgano de l\u00ednea encargado de controlar el cumplimiento de las normas y el adecuado desarrollo de las actividades comerciales y de servicios en el distrito.\u00a0Est\u00e1 a cargo de un funcionario de confianza designado por el Alcalde con categor\u00eda de Sub Gerente, quien depende jer\u00e1rquicamente de...","protected":false},"author":9,"featured_media":0,"parent":0,"menu_order":0,"comment_status":"closed","ping_status":"closed","template":"","meta":[],"acf":[],"_links":{"self":[{"href":"http:\/\/web.muniolleroshuarochiri.gob.pe\/portal\/wp-json\/wp\/v2\/pages\/9982"}],"collection":[{"href":"http:\/\/web.muniolleroshuarochiri.gob.pe\/portal\/wp-json\/wp\/v2\/pages"}],"about":[{"href":"http:\/\/web.muniolleroshuarochiri.gob.pe\/portal\/wp-json\/wp\/v2\/types\/page"}],"author":[{"embeddable":true,"href":"http:\/\/web.muniolleroshuarochiri.gob.pe\/portal\/wp-json\/wp\/v2\/users\/9"}],"replies":[{"embeddable":true,"href":"http:\/\/web.muniolleroshuarochiri.gob.pe\/portal\/wp-json\/wp\/v2\/comments?post=9982"}],"version-history":[{"count":10,"href":"http:\/\/web.muniolleroshuarochiri.gob.pe\/portal\/wp-json\/wp\/v2\/pages\/9982\/revisions"}],"predecessor-version":[{"id":11052,"href":"http:\/\/web.muniolleroshuarochiri.gob.pe\/portal\/wp-json\/wp\/v2\/pages\/9982\/revisions\/11052"}],"wp:attachment":[{"href":"http:\/\/web.muniolleroshuarochiri.gob.pe\/portal\/wp-json\/wp\/v2\/media?parent=9982"}],"curies":[{"name":"wp","href":"https:\/\/api.w.org\/{rel}","templated":true}]}}