{"id":9985,"date":"2025-11-04T18:09:58","date_gmt":"2025-11-04T18:09:58","guid":{"rendered":"https:\/\/web.muniolleroshuarochiri.gob.pe\/portal\/?page_id=9985"},"modified":"2025-12-02T17:45:41","modified_gmt":"2025-12-02T17:45:41","slug":"sub-gerencia-de-fiscalizacion-administrativa-y-policia-municipal","status":"publish","type":"page","link":"http:\/\/web.muniolleroshuarochiri.gob.pe\/portal\/sub-gerencia-de-fiscalizacion-administrativa-y-policia-municipal\/","title":{"rendered":"Sub Gerencia de Fiscalizaci\u00f3n Administrativa y Polic\u00eda Municipal"},"content":{"rendered":"<section class=\"wpb-content-wrapper\"><section class=\"l-section wpb_row height_medium\"><div class=\"l-section-h i-cf\"><div class=\"g-cols vc_row type_default valign_top\"><div class=\"vc_col-sm-12 wpb_column vc_column_container\"><div class=\"vc_column-inner\"><div class=\"wpb_wrapper\">[vc_empty_space height=\u00bb150px\u00bb]<\/div><\/div><\/div><\/div><\/div><\/section><section class=\"l-section wpb_row height_medium\"><div class=\"l-section-h i-cf\"><div class=\"g-cols vc_row type_default valign_top\"><div class=\"vc_col-sm-12 wpb_column vc_column_container\"><div class=\"vc_column-inner\"><div class=\"wpb_wrapper\"><h3 class=\"w-post-elm post_title us_custom_6549b382 entry-title color_link_inherit has_text_color\">Sub Gerencia de Fiscalizaci\u00f3n Administrativa y Polic\u00eda Municipal<\/h3><\/div><\/div><\/div><\/div><\/div><\/section><section class=\"l-section wpb_row us_custom_1f64da91 height_medium\"><div class=\"l-section-h i-cf\"><div class=\"g-cols vc_row type_default valign_top\"><div class=\"vc_col-sm-8 wpb_column vc_column_container\"><div class=\"vc_column-inner\"><div class=\"wpb_wrapper\"><div class=\"wpb_text_column\" ><div class=\"wpb_wrapper\"><p><span data-huuid=\"9508828802732584429\">La Sub Gerencia de Fiscalizaci\u00f3n Administrativa y Polic\u00eda Municipal, es la unidad org\u00e1nica responsable de cautelar el cumplimiento de las normas y de las disposiciones municipales administrativas, que contengan obligaciones y prohibiciones que son de cumplimiento obligatorio por particulares, empresas e instituciones en el \u00e1mbito de la jurisdicci\u00f3n del distrito.<\/span><\/p>\n<\/div><\/div>[vc_empty_space]<h2 class=\"w-text\"><span class=\"w-text-h\"><i class=\"far fa-users\"><\/i><span class=\"w-text-value\">Sus funciones son las siguientes:<\/span><\/span><\/h2><div class=\"wpb_text_column\" ><div class=\"wpb_wrapper\"><div class=\"WaaZC\"><\/div>\n<div class=\"WaaZC\">\n<div class=\"RJPOee EIJn2\">\n<ol style=\"text-align: justify;\">\n<li class=\"rPeykc\" data-hveid=\"CA8QAQ\" data-ved=\"2ahUKEwi7gYeQi9mQAxXRE7kGHVbRMoMQo_EKegQIDxAB\"><span data-huuid=\"9014114500577036984\">Elaborar y ejecutar el Plan Operativo Institucional correspondiente a la Unidad Org\u00e1nica, disponiendo eficiente y eficazmente de los recursos econ\u00f3micos, materiales y equipos asignados.<\/span><\/li>\n<li class=\"rPeykc\" data-hveid=\"CA8QAQ\" data-ved=\"2ahUKEwi7gYeQi9mQAxXRE7kGHVbRMoMQo_EKegQIDxAB\"><span data-huuid=\"9014114500577037882\">Coordinar la elaboraci\u00f3n y actualizaci\u00f3n permanente del Texto \u00danico de Procedimientos Administrativos (TUPA).<\/span><\/li>\n<li class=\"rPeykc\" data-hveid=\"CA8QAQ\" data-ved=\"2ahUKEwi7gYeQi9mQAxXRE7kGHVbRMoMQo_EKegQIDxAB\"><span data-huuid=\"9014114500577034684\">Fiscalizar el cumplimiento de las normas municipales en materia de edificaciones y habilitaciones urbanas; <\/span><span data-huuid=\"9014114500577037181\">efectuar la verificaci\u00f3n t\u00e9cnica de las licencias otorgadas por la Sub Gerencia de Obras Privadas, Habilitaciones Urbanas y Catastro, seg\u00fan las normas vigentes y emitir la resoluci\u00f3n.<\/span><\/li>\n<li class=\"rPeykc\" data-hveid=\"CA8QAQ\" data-ved=\"2ahUKEwi7gYeQi9mQAxXRE7kGHVbRMoMQo_EKegQIDxAB\"><span data-huuid=\"9014114500577038079\">Remitir a la Ejecutor\u00eda Coactiva las sanciones no pecuniarias para su ejecuci\u00f3n, as\u00ed como el expediente de cobranza de las multas que no se han podido cobrar en la v\u00eda ordinaria.<\/span><\/li>\n<\/ol>\n<\/div>\n<\/div>\n<\/div><\/div><\/div><\/div><\/div><div class=\"vc_col-sm-4 wpb_column vc_column_container\"><div class=\"vc_column-inner\"><div class=\"wpb_wrapper\"><div class=\"ult-team-member-wrap ult-style-1  \"><div class=\"ult-team-member-image\" style=\"\"> <img class=\"\" src=\"\" alt=\"\"  style=\"\"><span class=\"ult-team-member-image-overlay \"  ><\/span><\/div><div class=\"ult-team-member-bio-wrap style-1 ultimate-heading69e36d262a22d\" style=\"text-align:center;; \"><div class=\"ult-team-member-name-wrap\"><h2 class=\"ult-team-member-name ult-responsive\"  data-ultimate-target='.ult-team-member-bio-wrap.ultimate-heading69e36d262a22d .ult-team-member-name'  data-responsive-json-new='{\"font-size\":\"\",\"line-height\":\"\"}'  style=\"\">Shary Angel Moreno Solano<\/h2><div class=\"ult-team-member-position ult-responsive\"  data-ultimate-target='.ult-team-member-bio-wrap.ultimate-heading69e36d262a22d .ult-team-member-position'  data-responsive-json-new='{\"font-size\":\"\",\"line-height\":\"\"}'  style=\"\">Sub Gerencia de Fiscalizaci\u00f3n Administrativa y Polic\u00eda Municipal<\/div><div class=\"ult-team-member-description ult-responsive\"  data-ultimate-target='.ult-team-member-bio-wrap.ultimate-heading69e36d262a22d .ult-team-member-description'  data-responsive-json-new='{\"font-size\":\"\",\"line-height\":\"\"}'  style=\"\"><p><strong>Correo municipal:<\/strong> shary.moreno@muniolleroshuarochiri.gob.pe<\/p><\/div><div style=\"margin-bottom:15px\"><\/div><\/div><\/div><\/div><\/div><\/div><\/div><\/div><\/div><\/section><!-- Row Backgrounds --><div class=\"upb_color\" data-bg-override=\"0\" data-bg-color=\"#f4f4f4\" data-fadeout=\"\" data-fadeout-percentage=\"30\" data-parallax-content=\"\" data-parallax-content-sense=\"30\" data-row-effect-mobile-disable=\"true\" data-img-parallax-mobile-disable=\"true\" data-rtl=\"false\"  data-custom-vc-row=\"\"  data-vc=\"6.11.0\"  data-is_old_vc=\"\"  data-theme-support=\"\"   data-overlay=\"false\" data-overlay-color=\"\" data-overlay-pattern=\"\" data-overlay-pattern-opacity=\"\" data-overlay-pattern-size=\"\"    ><\/div><section class=\"l-section wpb_row height_medium\"><div class=\"l-section-h i-cf\"><div class=\"g-cols vc_row type_default valign_top\"><div class=\"vc_col-sm-6 wpb_column vc_column_container\"><div class=\"vc_column-inner\"><div class=\"wpb_wrapper\"><div class=\"wpb_text_column\" ><div class=\"wpb_wrapper\"><ol style=\"text-align: justify;\" start=\"5\">\n<li class=\"rPeykc\" data-hveid=\"CA8QAQ\" data-ved=\"2ahUKEwi7gYeQi9mQAxXRE7kGHVbRMoMQo_EKegQIDxAB\"><span data-huuid=\"9014114500577034881\">Iniciar y conducir el procedimiento administrativo sancionador como autoridad instructora, por las infracciones de car\u00e1cter administrativo, emitiendo, a trav\u00e9s de los fiscalizadores municipales, la respectiva Notificaci\u00f3n de infracci\u00f3n.<\/span><\/li>\n<li class=\"rPeykc\" data-hveid=\"CA8QAQ\" data-ved=\"2ahUKEwi7gYeQi9mQAxXRE7kGHVbRMoMQo_EKegQIDxAB\"><span data-huuid=\"9014114500577035779\">Atender las denuncias vecinales sobre incumplimiento de las normas y disposiciones municipales.<\/span><\/li>\n<li class=\"rPeykc\" data-hveid=\"CA8QAQ\" data-ved=\"2ahUKEwi7gYeQi9mQAxXRE7kGHVbRMoMQo_EKegQIDxAB\"><span data-huuid=\"9014114500577036677\">Programar, organizar, ejecutar y controlar las actividades relacionadas con el desarrollo de las labores de los fiscalizadores y polic\u00edas municipales encargados de cautelar el fiel cumplimiento de las normas y disposiciones municipales.<\/span><\/li>\n<li class=\"rPeykc\" data-hveid=\"CA8QAQ\" data-ved=\"2ahUKEwi7gYeQi9mQAxXRE7kGHVbRMoMQo_EKegQIDxAB\">Solicitar en el \u00e1mbito de sus competencias, la cooperaci\u00f3n, intervenci\u00f3n, pronunciamiento y\/o dictamen de las diversas unidades org\u00e1nicas de la municipalidad, en materias relacionadas a la fiscalizaci\u00f3n y control municipal, pudiendo solicitar la intervenci\u00f3n de agentes externos a la entidad con sujeci\u00f3n a la normativa vigente.<\/li>\n<li><span data-huuid=\"13300634778453349527\">Realizar indagaciones, investigaciones, inspecciones, ex\u00e1menes y an\u00e1lisis necesarios, orientados a determinar con car\u00e1cter preliminar si concurren circunstancias que justifiquen el inicio del procedimiento administrativo sancionador, adoptando de ser el caso las medidas correctivas necesarias antes del inicio del procedimiento sancionador.<\/span><\/li>\n<li><span data-huuid=\"13300634778453350025\">Concluir el procedimiento sancionador como autoridad resolutiva, evaluando las circunstancias en la que se produjeron los hechos materia de infracci\u00f3n, los medios probatorios, los argumentos jur\u00eddicos y otros, que sean parte del descargo del infractor, y determinar si procede o no la imposici\u00f3n de sanci\u00f3n administrativa, para lo cual emitir\u00e1 la resoluci\u00f3n administrativa correspondiente.<\/span><\/li>\n<li><span data-huuid=\"13300634778453350523\">Solicitar el apoyo necesario de la Polic\u00eda Nacional del Per\u00fa y a la Sub Gerencia de Seguridad Ciudadana, Transporte y Seguridad Vial, para ejecutar y dar cumplimiento a las medidas provisorias y cautelares que se dicten.<\/span><\/li>\n<li><span data-huuid=\"13300634778453351021\">Mantener un registro actualizado sobre las Notificaciones de Infracci\u00f3n, Papeletas de Infracci\u00f3n y Resoluci\u00f3n de Sanci\u00f3n Administrativa emitidas.<\/span><\/li>\n<\/ol>\n<\/div><\/div><\/div><\/div><\/div><div class=\"vc_col-sm-6 wpb_column vc_column_container\"><div class=\"vc_column-inner\"><div class=\"wpb_wrapper\"><div class=\"wpb_text_column\" ><div class=\"wpb_wrapper\"><ol style=\"text-align: justify;\" start=\"13\">\n<li><span data-huuid=\"13300634778453351519\">Emitir y ejecutar las resoluciones administrativas de medidas de car\u00e1cter provisional que adopte, mediante decisi\u00f3n motivada y con elementos de juicio suficientes, a fin de garantizar la eficacia de la resoluci\u00f3n de Sanci\u00f3n Administrativa a emitir, en casos que se verifique que est\u00e1 en peligro la salud, medio ambiente, higiene o seguridad p\u00fablica; <\/span><span data-huuid=\"13300634778453351768\">as\u00ed como los casos de discriminaci\u00f3n en los que se vulnere las normas sobre urbanismo, zonificaci\u00f3n u otros.<\/span><\/li>\n<li><span data-huuid=\"13300634778453352266\">Ejecutar de manera inmediata las sanciones no pecuniarias o complementarias de clausura, decomiso, inmovilizaci\u00f3n, retenci\u00f3n, captura e internamiento de animales, internamiento temporal de veh\u00edculo menor y suspensi\u00f3n de eventos, actividades sociales y espect\u00e1culos p\u00fablicos no deportivos, por infringir las normas y disposiciones municipales, de conformidad con la ley de la materia.<\/span><\/li>\n<li><span data-huuid=\"13300634778453348668\">Verificar que las obras de construcci\u00f3n civil se ejecuten conforme a la legislaci\u00f3n de la materia y en caso de comprobar el incumplimiento a dichos dispositivos legales, adoptar las medidas provisorias o cautelares de acuerdo a las normas legales.<\/span><\/li>\n<li><span data-huuid=\"13300634778453349166\">Disponer y ejecutar medidas cautelares u otras necesarias, emitidas mediante decisi\u00f3n motivada y con elementos de juicio suficientes, para garantizar la eficacia de las sanciones administrativas impuestas, en casos que se verifique que est\u00e1 en peligro la vida, salud, medio ambiente, higiene o seguridad p\u00fablica, as\u00ed como en los casos en los que se vulnere las normas contenidas en la Ley de Regulaci\u00f3n de Habilitaciones Urbanas y de Edificaciones o las que legislan sobre urbanismo, zonificaci\u00f3n, o vulneren los derechos de los consumidores respecto a pr\u00e1cticas discriminatorias y dem\u00e1s normas legales vigentes.<\/span><\/li>\n<li><span data-huuid=\"13300634778453349664\">Formular y actualizar el Reglamento de Aplicaci\u00f3n de Sanciones Administrativas (RASA) y del Cuadro Unico de Infracciones y Sanciones Administrativas (CUISA) en coordinaci\u00f3n con las unidades org\u00e1nicas respectivas.<\/span><\/li>\n<li>Coordinar con la Oficina de Gesti\u00f3n de Recursos Humanos las actividades relacionadas a la capacitaci\u00f3n t\u00e9cnica y legal, del personal que conforma el equipo de fiscalizadores municipales.<\/li>\n<\/ol>\n<\/div><\/div><\/div><\/div><\/div><\/div><\/div><\/section><section class=\"l-section wpb_row height_medium\"><div class=\"l-section-h i-cf\"><div class=\"g-cols vc_row type_default valign_top\"><div class=\"vc_col-sm-12 wpb_column vc_column_container\"><div class=\"vc_column-inner\"><div class=\"wpb_wrapper\"><div class=\"wpb_text_column\" ><div class=\"wpb_wrapper\"><ol style=\"text-align: justify;\" start=\"19\">\n<li>Coordinar en los casos que se requiera, la participaci\u00f3n de la Polic\u00eda Nacional del Per\u00fa, el Ministerio P\u00fablico, el Ministerio de Salud, el Ministerio de Agricultura, el Instituto Nacional de Defensa de la Competencia y Propiedad Intelectual (INDECOPI) u otras entidades p\u00fablicas, en operativos especiales de fiscalizaci\u00f3n y control de competencia municipal, en resguardo de los intereses de la comunidad.<\/li>\n<li>Inspeccionar los veh\u00edculos de transporte y comerciantes de alimentos agropecuarios para garantizar las condiciones sanitarias y su aptitud para el consumo humano.<\/li>\n<li>Mantener informaci\u00f3n actualizada sobre inocuidad agroalimentaria en sus portales institucionales y, de ser posible, en alg\u00fan otro medio de difusi\u00f3n y divulgaci\u00f3n; <span data-huuid=\"10647839179181559992\">enfatizando en los servicios de transporte y comercializaci\u00f3n existentes en el distrito para cumplimiento de las normas de acceso a la informaci\u00f3n y transparencia.<\/span><\/li>\n<li>Programar las actividades de vigilancia sanitaria de los servicios de transporte y comercializaci\u00f3n de alimentos agropecuarios primarios y piensos del distrito para cumplimiento del plan operativo anual.<\/li>\n<li>Participar conjuntamente con la autoridad competente en la toma y env\u00edo de muestras de alimentos agropecuarios primarios para el cumplimiento del plan anual de monitoreo de contaminantes.<\/li>\n<li>Desarrollar programas de capacitaci\u00f3n y difusi\u00f3n para fortalecer los sistemas de vigilancia y control del transporte y comercio local de alimentos agropecuarios primarios del distrito, en coordinaci\u00f3n con las autoridades competentes para la mejora en la cadena de suministro de estos alimentos; <span data-huuid=\"10647839179181561009\">as\u00ed como de los consumidores locales.<\/span><\/li>\n<li>Recepcionar los reclamos de los usuarios de los servicios de transporte y comercializaci\u00f3n de alimentos agropecuarios primarios para resolverlos y brindar una mejor atenci\u00f3n a la poblaci\u00f3n.<\/li>\n<li>Cumplir con las funciones de naturaleza similar que le asigne la Gerencia.<\/li>\n<\/ol>\n<\/div><\/div><\/div><\/div><\/div><\/div><\/div><\/section>\n<\/section>","protected":false},"excerpt":{"rendered":"[vc_empty_space height=\"150px\"]Sub Gerencia de Fiscalizaci\u00f3n Administrativa y Polic\u00eda MunicipalLa Sub Gerencia de Fiscalizaci\u00f3n Administrativa y Polic\u00eda Municipal, es la unidad org\u00e1nica responsable de cautelar el cumplimiento de las normas y de las disposiciones municipales administrativas, que contengan obligaciones y prohibiciones que son de cumplimiento obligatorio por particulares, empresas e instituciones en el \u00e1mbito de la...","protected":false},"author":9,"featured_media":0,"parent":0,"menu_order":0,"comment_status":"closed","ping_status":"closed","template":"","meta":[],"acf":[],"_links":{"self":[{"href":"http:\/\/web.muniolleroshuarochiri.gob.pe\/portal\/wp-json\/wp\/v2\/pages\/9985"}],"collection":[{"href":"http:\/\/web.muniolleroshuarochiri.gob.pe\/portal\/wp-json\/wp\/v2\/pages"}],"about":[{"href":"http:\/\/web.muniolleroshuarochiri.gob.pe\/portal\/wp-json\/wp\/v2\/types\/page"}],"author":[{"embeddable":true,"href":"http:\/\/web.muniolleroshuarochiri.gob.pe\/portal\/wp-json\/wp\/v2\/users\/9"}],"replies":[{"embeddable":true,"href":"http:\/\/web.muniolleroshuarochiri.gob.pe\/portal\/wp-json\/wp\/v2\/comments?post=9985"}],"version-history":[{"count":8,"href":"http:\/\/web.muniolleroshuarochiri.gob.pe\/portal\/wp-json\/wp\/v2\/pages\/9985\/revisions"}],"predecessor-version":[{"id":11053,"href":"http:\/\/web.muniolleroshuarochiri.gob.pe\/portal\/wp-json\/wp\/v2\/pages\/9985\/revisions\/11053"}],"wp:attachment":[{"href":"http:\/\/web.muniolleroshuarochiri.gob.pe\/portal\/wp-json\/wp\/v2\/media?parent=9985"}],"curies":[{"name":"wp","href":"https:\/\/api.w.org\/{rel}","templated":true}]}}