{"id":9987,"date":"2025-11-04T18:15:46","date_gmt":"2025-11-04T18:15:46","guid":{"rendered":"https:\/\/web.muniolleroshuarochiri.gob.pe\/portal\/?page_id=9987"},"modified":"2025-12-02T17:57:59","modified_gmt":"2025-12-02T17:57:59","slug":"gerencia-de-desarrollo-humano-y-promocion-social","status":"publish","type":"page","link":"http:\/\/web.muniolleroshuarochiri.gob.pe\/portal\/gerencia-de-desarrollo-humano-y-promocion-social\/","title":{"rendered":"Gerencia de Desarrollo Humano y Promoci\u00f3n Social"},"content":{"rendered":"<section class=\"wpb-content-wrapper\"><section class=\"l-section wpb_row height_medium\"><div class=\"l-section-h i-cf\"><div class=\"g-cols vc_row type_default valign_top\"><div class=\"vc_col-sm-12 wpb_column vc_column_container\"><div class=\"vc_column-inner\"><div class=\"wpb_wrapper\">[vc_empty_space height=\u00bb150px\u00bb]<\/div><\/div><\/div><\/div><\/div><\/section><section class=\"l-section wpb_row height_medium\"><div class=\"l-section-h i-cf\"><div class=\"g-cols vc_row type_default valign_top\"><div class=\"vc_col-sm-12 wpb_column vc_column_container\"><div class=\"vc_column-inner\"><div class=\"wpb_wrapper\"><h3 class=\"w-post-elm post_title us_custom_6549b382 entry-title color_link_inherit has_text_color\">Gerencia de Desarrollo Humano y Promoci\u00f3n Social<\/h3><\/div><\/div><\/div><\/div><\/div><\/section><section class=\"l-section wpb_row us_custom_1f64da91 height_medium\"><div class=\"l-section-h i-cf\"><div class=\"g-cols vc_row type_default valign_top\"><div class=\"vc_col-sm-8 wpb_column vc_column_container\"><div class=\"vc_column-inner\"><div class=\"wpb_wrapper\"><div class=\"wpb_text_column\" ><div class=\"wpb_wrapper\"><p><span data-huuid=\"7891980726773689128\">La Gerencia de Desarrollo Humano y Promoci\u00f3n Social es el \u00f3rgano de l\u00ednea responsable de programar, organizar, dirigir y ejecutar las actividades y programas relacionados con la educaci\u00f3n, cultura, deporte, recreaci\u00f3n, as\u00ed como programas y acciones destinados a la atenci\u00f3n integral de los ni\u00f1os y adolescentes, del adulto mayor, personas con discapacidad, acciones que garanticen el funcionamiento a la ejecuci\u00f3n del Programa del Vaso de Leche y tambi\u00e9n de promover la participaci\u00f3n de la poblaci\u00f3n en la gesti\u00f3n municipal, son \u00f3rganos de apoyo de la Gerencia de Desarrollo Humano y Promoci\u00f3n Social:<\/span><\/p>\n<ul>\n<li class=\"rPeykc\" data-hveid=\"CAYQAQ\" data-ved=\"2ahUKEwjOyvi6jNmQAxUPBbkGHfw3HQkQo_EKegQIBhAB\">Sub Gerencia de Educaci\u00f3n, Cultura, Deporte y Participaci\u00f3n Vecinal<\/li>\n<li class=\"rPeykc\" data-hveid=\"CAYQAQ\" data-ved=\"2ahUKEwjOyvi6jNmQAxUPBbkGHfw3HQkQo_EKegQIBhAB\">Sub Gerencia de Promoci\u00f3n Social<\/li>\n<li class=\"rPeykc\" data-hveid=\"CAYQAQ\" data-ved=\"2ahUKEwjOyvi6jNmQAxUPBbkGHfw3HQkQo_EKegQIBhAB\">Divisi\u00f3n de OMAPED Y CIAM<\/li>\n<li class=\"rPeykc\" data-hveid=\"CAYQAQ\" data-ved=\"2ahUKEwjOyvi6jNmQAxUPBbkGHfw3HQkQo_EKegQIBhAB\">Divisi\u00f3n de ULE<\/li>\n<li class=\"rPeykc\" data-hveid=\"CAYQAQ\" data-ved=\"2ahUKEwjOyvi6jNmQAxUPBbkGHfw3HQkQo_EKegQIBhAB\">Divisi\u00f3n de PVL<\/li>\n<li class=\"rPeykc\" data-hveid=\"CAYQAQ\" data-ved=\"2ahUKEwjOyvi6jNmQAxUPBbkGHfw3HQkQo_EKegQIBhAB\">Divisi\u00f3n de DEMUNA<\/li>\n<\/ul>\n<\/div><\/div>[vc_empty_space]<h2 class=\"w-text\"><span class=\"w-text-h\"><i class=\"far fa-users\"><\/i><span class=\"w-text-value\">Son funciones de la Gerencia de Desarrollo Humano y Promoci\u00f3n Social las siguientes:<\/span><\/span><\/h2><div class=\"wpb_text_column\" ><div class=\"wpb_wrapper\"><div class=\"WaaZC\"><\/div>\n<div class=\"WaaZC\">\n<div class=\"RJPOee EIJn2\">\n<div data-hveid=\"CAUQAQ\" data-ved=\"2ahUKEwjOyvi6jNmQAxUPBbkGHfw3HQkQo_EKegQIBRAB\">\n<div class=\"WaaZC\">\n<div class=\"RJPOee EIJn2\">\n<ol style=\"text-align: justify;\">\n<li class=\"rPeykc\" data-hveid=\"CBYQAQ\" data-ved=\"2ahUKEwisov7pjNmQAxWLLLkGHa70B9AQo_EKegQIFhAB\"><span data-huuid=\"16076279082288996310\">Elaborar y ejecutar el Plan Operativo Institucional correspondiente a la Unidad Org\u00e1nica, disponiendo eficiente y eficazmente de los recursos econ\u00f3micos, materiales y equipos asignados.<\/span><\/li>\n<\/ol>\n<\/div>\n<\/div>\n<\/div>\n<\/div>\n<\/div>\n<\/div><\/div><\/div><\/div><\/div><div class=\"vc_col-sm-4 wpb_column vc_column_container\"><div class=\"vc_column-inner\"><div class=\"wpb_wrapper\"><div class=\"ult-team-member-wrap ult-style-1  \"><div class=\"ult-team-member-image\" style=\"\"> <img class=\"\" src=\"http:\/\/web.muniolleroshuarochiri.gob.pe\/portal\/wp-content\/uploads\/2025\/12\/Cule.png\" alt=\"null\"  style=\"\"><span class=\"ult-team-member-image-overlay \"  ><\/span><\/div><div class=\"ult-team-member-bio-wrap style-1 ultimate-heading69e36d63b69a5\" style=\"text-align:center;; \"><div class=\"ult-team-member-name-wrap\"><h2 class=\"ult-team-member-name ult-responsive\"  data-ultimate-target='.ult-team-member-bio-wrap.ultimate-heading69e36d63b69a5 .ult-team-member-name'  data-responsive-json-new='{\"font-size\":\"\",\"line-height\":\"\"}'  style=\"\">Jharhol Estefany Cule Ledesma<\/h2><div class=\"ult-team-member-position ult-responsive\"  data-ultimate-target='.ult-team-member-bio-wrap.ultimate-heading69e36d63b69a5 .ult-team-member-position'  data-responsive-json-new='{\"font-size\":\"\",\"line-height\":\"\"}'  style=\"\">Encargado de la Gerencia de Desarrollo Humano y Promoci\u00f3n Social<\/div><div class=\"ult-team-member-description ult-responsive\"  data-ultimate-target='.ult-team-member-bio-wrap.ultimate-heading69e36d63b69a5 .ult-team-member-description'  data-responsive-json-new='{\"font-size\":\"\",\"line-height\":\"\"}'  style=\"\"><p><strong>Correo municipal:<\/strong> estefany.cule@muniolleroshuarochiri.gob.pe<\/p><\/div><div style=\"margin-bottom:15px\"><\/div><\/div><\/div><\/div><\/div><\/div><\/div><\/div><\/div><\/section><!-- Row Backgrounds --><div class=\"upb_color\" data-bg-override=\"0\" data-bg-color=\"#f4f4f4\" data-fadeout=\"\" data-fadeout-percentage=\"30\" data-parallax-content=\"\" data-parallax-content-sense=\"30\" data-row-effect-mobile-disable=\"true\" data-img-parallax-mobile-disable=\"true\" data-rtl=\"false\"  data-custom-vc-row=\"\"  data-vc=\"6.11.0\"  data-is_old_vc=\"\"  data-theme-support=\"\"   data-overlay=\"false\" data-overlay-color=\"\" data-overlay-pattern=\"\" data-overlay-pattern-opacity=\"\" data-overlay-pattern-size=\"\"    ><\/div><section class=\"l-section wpb_row height_medium\"><div class=\"l-section-h i-cf\"><div class=\"g-cols vc_row type_default valign_top\"><div class=\"vc_col-sm-4 wpb_column vc_column_container\"><div class=\"vc_column-inner\"><div class=\"wpb_wrapper\"><div class=\"wpb_text_column\" ><div class=\"wpb_wrapper\"><\/div><\/div><div class=\"ult-team-member-wrap ult-style-1  \"><div class=\"ult-team-member-image\" style=\"\"> <img class=\"\" src=\"http:\/\/web.muniolleroshuarochiri.gob.pe\/portal\/wp-content\/uploads\/2025\/12\/Natalyt-Jhessenia-Chuquiure-Velasquez.png\" alt=\"null\"  style=\"\"><span class=\"ult-team-member-image-overlay \"  ><\/span><\/div><div class=\"ult-team-member-bio-wrap style-1 ultimate-heading69e36d63b6eb7\" style=\"text-align:center;; \"><div class=\"ult-team-member-name-wrap\"><h2 class=\"ult-team-member-name ult-responsive\"  data-ultimate-target='.ult-team-member-bio-wrap.ultimate-heading69e36d63b6eb7 .ult-team-member-name'  data-responsive-json-new='{\"font-size\":\"\",\"line-height\":\"\"}'  style=\"\">Natalyt Jhessenia Chuquiure Velasquez<\/h2><div class=\"ult-team-member-position ult-responsive\"  data-ultimate-target='.ult-team-member-bio-wrap.ultimate-heading69e36d63b6eb7 .ult-team-member-position'  data-responsive-json-new='{\"font-size\":\"\",\"line-height\":\"\"}'  style=\"\">Personal Administrativo de la Gerencia de Desarrollo Humano y Promoci\u00f3n Social<\/div><div class=\"ult-team-member-description ult-responsive\"  data-ultimate-target='.ult-team-member-bio-wrap.ultimate-heading69e36d63b6eb7 .ult-team-member-description'  data-responsive-json-new='{\"font-size\":\"\",\"line-height\":\"\"}'  style=\"\"><p><strong>Correo municipal:<\/strong> natalyt.chuquiure@muniolleroshuarochiri.gob.pe<\/p><\/div><div style=\"margin-bottom:15px\"><\/div><\/div><\/div><\/div><\/div><\/div><\/div><div class=\"vc_col-sm-8 wpb_column vc_column_container\"><div class=\"vc_column-inner\"><div class=\"wpb_wrapper\"><div class=\"wpb_text_column\" ><div class=\"wpb_wrapper\"><ol style=\"text-align: justify;\" start=\"2\">\n<li><span data-huuid=\"16076279082288995696\">Promover el desarrollo humano sostenible en el nivel local distrital, propiciando el desarrollo integral y sostenible de la poblaci\u00f3n en general.<\/span><\/li>\n<li><span data-huuid=\"16076279082288995082\">Impulsar y organizar el Consejo Participativo Local de Educaci\u00f3n, a fin de generar acuerdos concertados y promover la vigilancia y el control ciudadanos.<\/span><\/li>\n<li><span data-huuid=\"16076279082288994468\">Promover la diversificaci\u00f3n incorporando contenidos significativos de su realidad sociocultural y ecol\u00f3gica.<\/span><\/li>\n<li><span data-huuid=\"16076279082288993854\">Evaluar el proyecto educativo de su jurisdicci\u00f3n, en coordinaci\u00f3n con la Direcci\u00f3n Regional de Educaci\u00f3n y las Unidades de Gesti\u00f3n Educativas, seg\u00fan corresponda, contribuyendo en la pol\u00edtica educativa regional y nacional con un enfoque y acci\u00f3n intersectorial.<\/span><\/li>\n<li><span data-huuid=\"16076279082288993240\">Apoyar la incorporaci\u00f3n y el desarrollo de nuevas tecnolog\u00edas para el mejoramiento del sistema educativo, este proceso se realiza para optimizar la relaci\u00f3n con otros sectores.<\/span><\/li>\n<li><span data-huuid=\"16076279082288992626\">Promover la consolidaci\u00f3n de una cultura de ciudadan\u00eda democr\u00e1tica y fortalecer la identidad de la poblaci\u00f3n campesina, nativa y afro peruana.<\/span><\/li>\n<li><span data-huuid=\"16076279082288996108\">Monitorear la gesti\u00f3n pedag\u00f3gica y administrativa de las instituciones educativas, en coordinaci\u00f3n con la Direcci\u00f3n Regional de Educaci\u00f3n y las Unidades de Gesti\u00f3n Educativas, seg\u00fan corresponda, fortaleciendo el desarrollo institucional.<\/span><\/li>\n<li><span data-huuid=\"16076279082288995494\">Organizar y sostener centros culturales, bibliotecas, teatros en el distrito<\/span><\/li>\n<\/ol>\n<\/div><\/div><\/div><\/div><\/div><\/div><\/div><\/section><section class=\"l-section wpb_row height_medium\"><div class=\"l-section-h i-cf\"><div class=\"g-cols vc_row type_default valign_top\"><div class=\"vc_col-sm-12 wpb_column vc_column_container\"><div class=\"vc_column-inner\"><div class=\"wpb_wrapper\"><div class=\"wpb_text_column\" ><div class=\"wpb_wrapper\"><ol style=\"text-align: justify;\" start=\"10\">\n<li class=\"rPeykc\" data-hveid=\"CBYQAQ\" data-ved=\"2ahUKEwisov7pjNmQAxWLLLkGHa70B9AQo_EKegQIFhAB\"><span data-huuid=\"16076279082288994880\">Promover espacios de participaci\u00f3n, educativos y de recreaci\u00f3n destinados a adultos mayores de la localidad.<\/span><\/li>\n<li class=\"rPeykc\" data-hveid=\"CBYQAQ\" data-ved=\"2ahUKEwisov7pjNmQAxWLLLkGHa70B9AQo_EKegQIFhAB\"><span data-huuid=\"16076279082288994266\">Promover, apoyar y reglamentar la participaci\u00f3n y concertaci\u00f3n vecinal en el desarrollo local distrital, as\u00ed como organizar, reconocer y registrar a las instituciones sociales, vecinales y de la sociedad civil del distrito.<\/span><\/li>\n<li class=\"rPeykc\" data-hveid=\"CBYQAQ\" data-ved=\"2ahUKEwisov7pjNmQAxWLLLkGHa70B9AQo_EKegQIFhAB\"><span data-huuid=\"16076279082288993652\">Planificar, ejecutar y supervisar las actividades destinadas a la gesti\u00f3n, organizaci\u00f3n e implementaci\u00f3n del Programa del Vaso de Leche y\/o sustituto alimentario, lo cual, permita mejorar la nutrici\u00f3n de los ni\u00f1os de 0 a 6 a\u00f1os de edad, madres gestantes y otros beneficiarios, en estricta observancia a la normativa vigente.<\/span><\/li>\n<li class=\"rPeykc\" data-hveid=\"CBYQAQ\" data-ved=\"2ahUKEwisov7pjNmQAxWLLLkGHa70B9AQo_EKegQIFhAB\"><span data-huuid=\"16076279082288993038\">Revisi\u00f3n, evaluaci\u00f3n, calificaci\u00f3n y emitir el acto administrativo de reconocimiento, inscripci\u00f3n y registro municipal de sus juntas directivas de las organizaciones sociales del distrito y de sus actos posteriores, de acuerdo a la normatividad vigente.<\/span><\/li>\n<li class=\"rPeykc\" data-hveid=\"CBYQAQ\" data-ved=\"2ahUKEwisov7pjNmQAxWLLLkGHa70B9AQo_EKegQIFhAB\"><span data-huuid=\"16076279082288992424\">Resolver en primera instancia los recursos de reconsideraci\u00f3n de los actos administrativos generados por los procedimientos de registro, reconocimiento, inscripci\u00f3n y actos posteriores de las organizaciones vecinales.<\/span><\/li>\n<li class=\"rPeykc\" data-hveid=\"CBYQAQ\" data-ved=\"2ahUKEwisov7pjNmQAxWLLLkGHa70B9AQo_EKegQIFhAB\">Defender y promover los derechos del Ni\u00f1o y del Adolescente, orientando a la familia y capacitando a la comunidad, en concordancia al marco legal vigente.<\/li>\n<li class=\"rPeykc\" data-hveid=\"CBYQAQ\" data-ved=\"2ahUKEwisov7pjNmQAxWLLLkGHa70B9AQo_EKegQIFhAB\">Promover, apoyar y reglamentar la participaci\u00f3n y concertaci\u00f3n vecinal en el desarrollo local distrital, as\u00ed como organizar, reconocer y registrar a las instituciones sociales, vecinales y de la sociedad civil del distrito.<\/li>\n<\/ol>\n<\/div><\/div><\/div><\/div><\/div><\/div><\/div><\/section>\n<\/section>","protected":false},"excerpt":{"rendered":"[vc_empty_space height=\"150px\"]Gerencia de Desarrollo Humano y Promoci\u00f3n SocialLa Gerencia de Desarrollo Humano y Promoci\u00f3n Social es el \u00f3rgano de l\u00ednea responsable de programar, organizar, dirigir y ejecutar las actividades y programas relacionados con la educaci\u00f3n, cultura, deporte, recreaci\u00f3n, as\u00ed como programas y acciones destinados a la atenci\u00f3n integral de los ni\u00f1os y adolescentes, del adulto...","protected":false},"author":9,"featured_media":0,"parent":0,"menu_order":0,"comment_status":"closed","ping_status":"closed","template":"","meta":[],"acf":[],"_links":{"self":[{"href":"http:\/\/web.muniolleroshuarochiri.gob.pe\/portal\/wp-json\/wp\/v2\/pages\/9987"}],"collection":[{"href":"http:\/\/web.muniolleroshuarochiri.gob.pe\/portal\/wp-json\/wp\/v2\/pages"}],"about":[{"href":"http:\/\/web.muniolleroshuarochiri.gob.pe\/portal\/wp-json\/wp\/v2\/types\/page"}],"author":[{"embeddable":true,"href":"http:\/\/web.muniolleroshuarochiri.gob.pe\/portal\/wp-json\/wp\/v2\/users\/9"}],"replies":[{"embeddable":true,"href":"http:\/\/web.muniolleroshuarochiri.gob.pe\/portal\/wp-json\/wp\/v2\/comments?post=9987"}],"version-history":[{"count":19,"href":"http:\/\/web.muniolleroshuarochiri.gob.pe\/portal\/wp-json\/wp\/v2\/pages\/9987\/revisions"}],"predecessor-version":[{"id":11056,"href":"http:\/\/web.muniolleroshuarochiri.gob.pe\/portal\/wp-json\/wp\/v2\/pages\/9987\/revisions\/11056"}],"wp:attachment":[{"href":"http:\/\/web.muniolleroshuarochiri.gob.pe\/portal\/wp-json\/wp\/v2\/media?parent=9987"}],"curies":[{"name":"wp","href":"https:\/\/api.w.org\/{rel}","templated":true}]}}