{"id":9997,"date":"2025-11-04T19:08:39","date_gmt":"2025-11-04T19:08:39","guid":{"rendered":"https:\/\/web.muniolleroshuarochiri.gob.pe\/portal\/?page_id=9997"},"modified":"2025-12-02T18:04:14","modified_gmt":"2025-12-02T18:04:14","slug":"sub-gerencia-de-promocion-social","status":"publish","type":"page","link":"http:\/\/web.muniolleroshuarochiri.gob.pe\/portal\/sub-gerencia-de-promocion-social\/","title":{"rendered":"Divisi\u00f3n de OMAPED y CIAM"},"content":{"rendered":"<section class=\"wpb-content-wrapper\"><section class=\"l-section wpb_row height_medium\"><div class=\"l-section-h i-cf\"><div class=\"g-cols vc_row type_default valign_top\"><div class=\"vc_col-sm-12 wpb_column vc_column_container\"><div class=\"vc_column-inner\"><div class=\"wpb_wrapper\">[vc_empty_space height=\u00bb150px\u00bb]<\/div><\/div><\/div><\/div><\/div><\/section><section class=\"l-section wpb_row height_medium\"><div class=\"l-section-h i-cf\"><div class=\"g-cols vc_row type_default valign_top\"><div class=\"vc_col-sm-12 wpb_column vc_column_container\"><div class=\"vc_column-inner\"><div class=\"wpb_wrapper\"><h3 class=\"w-post-elm post_title us_custom_6549b382 entry-title color_link_inherit has_text_color\">Divisi\u00f3n de OMAPED y CIAM<\/h3><\/div><\/div><\/div><\/div><\/div><\/section><section class=\"l-section wpb_row us_custom_1f64da91 height_medium\"><div class=\"l-section-h i-cf\"><div class=\"g-cols vc_row type_default valign_top\"><div class=\"vc_col-sm-8 wpb_column vc_column_container\"><div class=\"vc_column-inner\"><div class=\"wpb_wrapper\"><div class=\"wpb_text_column\" ><div class=\"wpb_wrapper\"><p><span data-huuid=\"5532580283609760478\">La Divisi\u00f3n de OMAPED es responsable de dirigir la pol\u00edtica municipal de calidad, asegurando un trato id\u00f3neo, encarg\u00e1ndose de administrar las acciones y actividades relacionadas a la promoci\u00f3n, protecci\u00f3n e igualdad de la comunidad y discapacitados en general.<\/span><\/p>\n<\/div><\/div>[vc_empty_space]<h2 class=\"w-text\"><span class=\"w-text-h\"><i class=\"far fa-users\"><\/i><span class=\"w-text-value\">Son funciones de la Divisi\u00f3n de OMAPED las siguientes:<\/span><\/span><\/h2><div class=\"wpb_text_column\" ><div class=\"wpb_wrapper\"><div class=\"WaaZC\"><\/div>\n<div class=\"WaaZC\">\n<div class=\"RJPOee EIJn2\">\n<ol style=\"text-align: justify;\">\n<li class=\"rPeykc\" data-hveid=\"CBgQAQ\" data-ved=\"2ahUKEwjn2tGbmdmQAxWLLLkGHa70B9AQo_EKegQIGBAB\"><span data-huuid=\"5160468758361754186\">Promover, prevenir y ejecutar las labores de Atenci\u00f3n a las personas discapacitadas de la localidad.<\/span><\/li>\n<li class=\"rPeykc\" data-hveid=\"CBgQAQ\" data-ved=\"2ahUKEwjn2tGbmdmQAxWLLLkGHa70B9AQo_EKegQIGBAB\"><span data-huuid=\"5160468758361752964\">Promoci\u00f3n de los derechos de las personas con discapacidad y vigilar el cumplimiento de las leyes y dem\u00e1s dispositivos a favor de ellos.<\/span><\/li>\n<li class=\"rPeykc\" data-hveid=\"CBgQAQ\" data-ved=\"2ahUKEwjn2tGbmdmQAxWLLLkGHa70B9AQo_EKegQIGBAB\"><span data-huuid=\"5160468758361751742\">Sensibilizar y\/o crear conciencia dentro de la comunidad sobre la problem\u00e1tica de las personas en situaci\u00f3n de Discapacidad, para ayudar a crear una cultura de Derechos.<\/span><\/li>\n<li class=\"rPeykc\" data-hveid=\"CBgQAQ\" data-ved=\"2ahUKEwjn2tGbmdmQAxWLLLkGHa70B9AQo_EKegQIGBAB\"><span data-huuid=\"5160468758361754616\">Gestionar y canalizar el apoyo de diferentes instituciones p\u00fablicas y privadas en favor de nuestros vecinos con discapacidad.<\/span><\/li>\n<li class=\"rPeykc\" data-hveid=\"CBgQAQ\" data-ved=\"2ahUKEwjn2tGbmdmQAxWLLLkGHa70B9AQo_EKegQIGBAB\"><span data-huuid=\"5160468758361753394\">Promocionar y guiar a las personas con discapacidad en el proceso de integraci\u00f3n, especialmente en los servicios de salud y cultura, gozando de la igualdad de derechos.<\/span><\/li>\n<li class=\"rPeykc\" data-hveid=\"CBgQAQ\" data-ved=\"2ahUKEwjn2tGbmdmQAxWLLLkGHa70B9AQo_EKegQIGBAB\"><span data-huuid=\"5160468758361752172\">Formar parte del Padr\u00f3n Nacional de Registro de las Personas con Discapacidad del Per\u00fa, conocer sus necesidades, saber cu\u00e1nto y donde est\u00e1n, contar con datos estad\u00edsticos para hacer programas de desarrollo social, cultural, recreativo, educativo, de salud y laboral.<\/span><\/li>\n<li class=\"rPeykc\" data-hveid=\"CBgQAQ\" data-ved=\"2ahUKEwjn2tGbmdmQAxWLLLkGHa70B9AQo_EKegQIGBAB\"><span data-huuid=\"5160468758361755046\">Elaborar el diagn\u00f3stico y ejecutar el censo distrital de personas con discapacidad.<\/span><\/li>\n<\/ol>\n<\/div>\n<\/div>\n<\/div><\/div><\/div><\/div><\/div><div class=\"vc_col-sm-4 wpb_column vc_column_container\"><div class=\"vc_column-inner\"><div class=\"wpb_wrapper\"><div class=\"ult-team-member-wrap ult-style-1  \"><div class=\"ult-team-member-image\" style=\"\"> <img class=\"\" src=\"\" alt=\"\"  style=\"\"><span class=\"ult-team-member-image-overlay \"  ><\/span><\/div><div class=\"ult-team-member-bio-wrap style-1 ultimate-heading69e36b08d1586\" style=\"text-align:center;; \"><div class=\"ult-team-member-name-wrap\"><h2 class=\"ult-team-member-name ult-responsive\"  data-ultimate-target='.ult-team-member-bio-wrap.ultimate-heading69e36b08d1586 .ult-team-member-name'  data-responsive-json-new='{\"font-size\":\"\",\"line-height\":\"\"}'  style=\"\">Juana Ysabel Curo Gutierrez<\/h2><div class=\"ult-team-member-position ult-responsive\"  data-ultimate-target='.ult-team-member-bio-wrap.ultimate-heading69e36b08d1586 .ult-team-member-position'  data-responsive-json-new='{\"font-size\":\"\",\"line-height\":\"\"}'  style=\"\">Encargado de la Divisi\u00f3n de OMAPED y CIAM<\/div><div class=\"ult-team-member-description ult-responsive\"  data-ultimate-target='.ult-team-member-bio-wrap.ultimate-heading69e36b08d1586 .ult-team-member-description'  data-responsive-json-new='{\"font-size\":\"\",\"line-height\":\"\"}'  style=\"\"><p><strong>Correo municipal:<\/strong> juana.curo@muniolleroshuarochiri.gob.pe<\/p><\/div><div style=\"margin-bottom:15px\"><\/div><\/div><\/div><\/div><\/div><\/div><\/div><\/div><\/div><\/section><!-- Row Backgrounds --><div class=\"upb_color\" data-bg-override=\"0\" data-bg-color=\"#f4f4f4\" data-fadeout=\"\" data-fadeout-percentage=\"30\" data-parallax-content=\"\" data-parallax-content-sense=\"30\" data-row-effect-mobile-disable=\"true\" data-img-parallax-mobile-disable=\"true\" data-rtl=\"false\"  data-custom-vc-row=\"\"  data-vc=\"6.11.0\"  data-is_old_vc=\"\"  data-theme-support=\"\"   data-overlay=\"false\" data-overlay-color=\"\" data-overlay-pattern=\"\" data-overlay-pattern-opacity=\"\" data-overlay-pattern-size=\"\"    ><\/div><section class=\"l-section wpb_row height_medium\"><div class=\"l-section-h i-cf\"><div class=\"g-cols vc_row type_default valign_top\"><div class=\"vc_col-sm-6 wpb_column vc_column_container\"><div class=\"vc_column-inner\"><div class=\"wpb_wrapper\"><div class=\"wpb_text_column\" ><div class=\"wpb_wrapper\"><ol style=\"text-align: justify;\" start=\"8\">\n<li class=\"rPeykc\" data-hveid=\"CA8QAQ\" data-ved=\"2ahUKEwi7gYeQi9mQAxXRE7kGHVbRMoMQo_EKegQIDxAB\"><span data-huuid=\"9014114500577034881\">Fomentar la participaci\u00f3n de las personas con discapacidad en las actividades culturales, deportivas y recreativas en la comunidad contribuyendo a su bienestar.<br \/>\n<\/span><\/li>\n<li class=\"rPeykc\" data-hveid=\"CA8QAQ\" data-ved=\"2ahUKEwi7gYeQi9mQAxXRE7kGHVbRMoMQo_EKegQIDxAB\"><span data-huuid=\"9014114500577034881\">Desarrollar actividades que conlleven al autodesarrollo de las personas con discapacidad a trav\u00e9s de la capacitaci\u00f3n t\u00e9cnica, talleres artesanales y promoci\u00f3n de productos.<br \/>\n<\/span><\/li>\n<li class=\"rPeykc\" data-hveid=\"CA8QAQ\" data-ved=\"2ahUKEwi7gYeQi9mQAxXRE7kGHVbRMoMQo_EKegQIDxAB\"><span data-huuid=\"9014114500577034881\">Brindar Informaci\u00f3n y asesor\u00eda en los tr\u00e1mites de inscripci\u00f3n tanto en el registro Distrital de Personas con Discapacidad a cargo de la OMAPED, como en el Registro Nacional de Personas con Discapacidad a cargo del CONADIS.<\/span><\/li>\n<li class=\"rPeykc\" data-hveid=\"CA8QAQ\" data-ved=\"2ahUKEwi7gYeQi9mQAxXRE7kGHVbRMoMQo_EKegQIDxAB\"><span data-huuid=\"9014114500577034881\">Promover y proteger los beneficios de las personas con discapacidad de acuerdo con la normatividad vigente.<br \/>\n<\/span><\/li>\n<li class=\"rPeykc\" data-hveid=\"CA8QAQ\" data-ved=\"2ahUKEwi7gYeQi9mQAxXRE7kGHVbRMoMQo_EKegQIDxAB\"><span data-huuid=\"9014114500577034881\">Proponer actividades y programas en beneficio de las personas discapacitadas.<br \/>\n<\/span><\/li>\n<li class=\"rPeykc\" data-hveid=\"CA8QAQ\" data-ved=\"2ahUKEwi7gYeQi9mQAxXRE7kGHVbRMoMQo_EKegQIDxAB\"><span data-huuid=\"9014114500577034881\">Conocer a los vecinos con discapacidad no s\u00f3lo para saber cu\u00e1ntos son y donde est\u00e1n, para conocer su realidad y planificar acciones en funci\u00f3n a sus necesidades.<br \/>\n<\/span><\/li>\n<li class=\"rPeykc\" data-hveid=\"CA8QAQ\" data-ved=\"2ahUKEwi7gYeQi9mQAxXRE7kGHVbRMoMQo_EKegQIDxAB\"><span data-huuid=\"9014114500577034881\">Inscribir a las personas con discapacidad para organizarlos y capacitarlos.<br \/>\n<\/span><\/li>\n<li class=\"rPeykc\" data-hveid=\"CA8QAQ\" data-ved=\"2ahUKEwi7gYeQi9mQAxXRE7kGHVbRMoMQo_EKegQIDxAB\"><span data-huuid=\"9014114500577034881\">Desarrollar programas de integraci\u00f3n del discapacitado a la comunidad.<br \/>\n<\/span><\/li>\n<li class=\"rPeykc\" data-hveid=\"CA8QAQ\" data-ved=\"2ahUKEwi7gYeQi9mQAxXRE7kGHVbRMoMQo_EKegQIDxAB\"><span data-huuid=\"9014114500577034881\">Organizar e Implementar el servicio de protecci\u00f3n, participaci\u00f3n y organizaci\u00f3n de los vecinos con discapacidad.<\/span><\/li>\n<\/ol>\n<\/div><\/div><\/div><\/div><\/div><div class=\"vc_col-sm-6 wpb_column vc_column_container\"><div class=\"vc_column-inner\"><div class=\"wpb_wrapper\"><div class=\"wpb_text_column\" ><div class=\"wpb_wrapper\"><div class=\"rPeykc\" data-hveid=\"CAcQAQ\" data-ved=\"2ahUKEwjn2tGbmdmQAxWLLLkGHa70B9AQo_EKegQIBxAB\"><span data-huuid=\"5160468758361755114\">La Divisi\u00f3n del Centro Integral de atenci\u00f3n al Adulto Mayor (CIAM) tiene como objetivo mejorar el bienestar f\u00edsico, ps\u00edquico y social de las personas.<\/span><\/div>\n<div data-hveid=\"CAcQAQ\" data-ved=\"2ahUKEwjn2tGbmdmQAxWLLLkGHa70B9AQo_EKegQIBxAB\">\n<div class=\"WaaZC\">\n<div class=\"RJPOee EIJn2\">\n<div class=\"rPeykc\" data-hveid=\"CAMQAQ\" data-ved=\"2ahUKEwjA_97LmdmQAxUoDbkGHTSWKb4Qo_EKegQIAxAB\"><span data-huuid=\"15369841044289031006\">Adultas Mayores, a trav\u00e9s de actividades art\u00edsticas, culturales, recreativas, artesanales y ocupacionales que promuevan una mayor participaci\u00f3n para su mejor desarrollo personal e integraci\u00f3n a la sociedad.\u00a0<\/span><span data-huuid=\"15369841044289029009\">Teniendo en cuenta sus condiciones espec\u00edficas de salud, g\u00e9nero y cultura, promoviendo una imagen positiva del envejecimiento en la sociedad, el reconocimiento hacia los valores y experiencia de la vida de los Adultos Mayores.<\/span><\/div>\n<\/div>\n<\/div>\n<div class=\"WaaZC\">\n<div class=\"RJPOee EIJn2\">\n<ul>\n<li><span data-huuid=\"17020253514997984916\">Son funciones de la Divisi\u00f3n de CIAM las siguientes:<\/span><\/li>\n<\/ul>\n<ol style=\"text-align: justify;\">\n<li class=\"rPeykc\" data-hveid=\"CBAQAQ\" data-ved=\"2ahUKEwjA_97LmdmQAxUoDbkGHTSWKb4Qo_EKegQIEBAB\"><span data-huuid=\"17020253514997981450\">Promover estilos de vida saludables y pr\u00e1ctica del autocuidado.<\/span><\/li>\n<li class=\"rPeykc\" data-hveid=\"CBAQAQ\" data-ved=\"2ahUKEwjA_97LmdmQAxUoDbkGHTSWKb4Qo_EKegQIEBAB\"><span data-huuid=\"17020253514997982080\">Promover los saberes y conocimientos de las personas adultas mayores.<\/span><\/li>\n<li class=\"rPeykc\" data-hveid=\"CBAQAQ\" data-ved=\"2ahUKEwjA_97LmdmQAxUoDbkGHTSWKb4Qo_EKegQIEBAB\"><span data-huuid=\"17020253514997982710\">Desarrollar actividades de car\u00e1cter recreativo, cultural, deportivo, intergeneracional y de cualquier otra \u00edndole.<\/span><\/li>\n<li class=\"rPeykc\" data-hveid=\"CBAQAQ\" data-ved=\"2ahUKEwjA_97LmdmQAxUoDbkGHTSWKb4Qo_EKegQIEBAB\"><span data-huuid=\"17020253514997983340\">Coordinar el desarrollo de actividades educacionales con las instancias pertinentes. <\/span><span data-huuid=\"17020253514997983655\">con especial \u00e9nfasis en la labor de alfabetizaci\u00f3n.<\/span><\/li>\n<li class=\"rPeykc\" data-hveid=\"CBAQAQ\" data-ved=\"2ahUKEwjA_97LmdmQAxUoDbkGHTSWKb4Qo_EKegQIEBAB\"><span data-huuid=\"17020253514997984285\">Prestar servicios de orientaci\u00f3n socio legal para personas adultas mayores.<\/span><\/li>\n<li class=\"rPeykc\" data-hveid=\"CBAQAQ\" data-ved=\"2ahUKEwjA_97LmdmQAxUoDbkGHTSWKb4Qo_EKegQIEBAB\"><span data-huuid=\"17020253514997984915\">Promover la asociatividad de las personas adultas mayores y la participaci\u00f3n ciudadana informada.<\/span><\/li>\n<li class=\"rPeykc\" data-hveid=\"CBAQAQ\" data-ved=\"2ahUKEwjA_97LmdmQAxUoDbkGHTSWKb4Qo_EKegQIEBAB\"><span data-huuid=\"17020253514997981449\">Coordinar actividades de prevenci\u00f3n de enfermedades con las instancias pertinentes.<\/span><\/li>\n<li class=\"rPeykc\" data-hveid=\"CBAQAQ\" data-ved=\"2ahUKEwjA_97LmdmQAxUoDbkGHTSWKb4Qo_EKegQIEBAB\"><span data-huuid=\"17020253514997982079\">Promover la participaci\u00f3n de las personas adultas mayores en los espacios de toma de decisi\u00f3n.<\/span><\/li>\n<\/ol>\n<\/div>\n<\/div>\n<\/div>\n<\/div><\/div><\/div><\/div><\/div><\/div><\/div><\/section>\n<\/section>","protected":false},"excerpt":{"rendered":"[vc_empty_space height=\"150px\"]Divisi\u00f3n de OMAPED y CIAMLa Divisi\u00f3n de OMAPED es responsable de dirigir la pol\u00edtica municipal de calidad, asegurando un trato id\u00f3neo, encarg\u00e1ndose de administrar las acciones y actividades relacionadas a la promoci\u00f3n, protecci\u00f3n e igualdad de la comunidad y discapacitados en general. [vc_empty_space]Son funciones de la Divisi\u00f3n de OMAPED las siguientes: Promover, prevenir y...","protected":false},"author":9,"featured_media":0,"parent":0,"menu_order":0,"comment_status":"closed","ping_status":"closed","template":"","meta":[],"acf":[],"_links":{"self":[{"href":"http:\/\/web.muniolleroshuarochiri.gob.pe\/portal\/wp-json\/wp\/v2\/pages\/9997"}],"collection":[{"href":"http:\/\/web.muniolleroshuarochiri.gob.pe\/portal\/wp-json\/wp\/v2\/pages"}],"about":[{"href":"http:\/\/web.muniolleroshuarochiri.gob.pe\/portal\/wp-json\/wp\/v2\/types\/page"}],"author":[{"embeddable":true,"href":"http:\/\/web.muniolleroshuarochiri.gob.pe\/portal\/wp-json\/wp\/v2\/users\/9"}],"replies":[{"embeddable":true,"href":"http:\/\/web.muniolleroshuarochiri.gob.pe\/portal\/wp-json\/wp\/v2\/comments?post=9997"}],"version-history":[{"count":11,"href":"http:\/\/web.muniolleroshuarochiri.gob.pe\/portal\/wp-json\/wp\/v2\/pages\/9997\/revisions"}],"predecessor-version":[{"id":11060,"href":"http:\/\/web.muniolleroshuarochiri.gob.pe\/portal\/wp-json\/wp\/v2\/pages\/9997\/revisions\/11060"}],"wp:attachment":[{"href":"http:\/\/web.muniolleroshuarochiri.gob.pe\/portal\/wp-json\/wp\/v2\/media?parent=9997"}],"curies":[{"name":"wp","href":"https:\/\/api.w.org\/{rel}","templated":true}]}}