{"id":5814,"date":"2023-02-21T16:25:41","date_gmt":"2023-02-21T16:25:41","guid":{"rendered":"https:\/\/muniolleroshuarochiri.gob.pe\/portal\/?page_id=5814"},"modified":"2023-07-14T21:05:22","modified_gmt":"2023-07-14T21:05:22","slug":"ordenanza-municipal","status":"publish","type":"page","link":"https:\/\/web.muniolleroshuarochiri.gob.pe\/portal\/ordenanza-municipal\/","title":{"rendered":"Ordenanza Municipal"},"content":{"rendered":"<section class=\"wpb-content-wrapper\"><section class=\"l-section wpb_row us_custom_736ab359 height_medium with_img\"><div class=\"l-section-img\" style=\"background-image: url(https:\/\/web.muniolleroshuarochiri.gob.pe\/portal\/wp-content\/uploads\/2023\/02\/acuerdo-de-consejo.jpg);background-position: bottom center;background-repeat: no-repeat;background-size: auto;\" data-img-width=\"1930\" data-img-height=\"310\"><\/div><div class=\"l-section-h i-cf\"><div class=\"g-cols vc_row type_default valign_top\"><div class=\"vc_col-sm-6 wpb_column vc_column_container has_text_color\"><div class=\"vc_column-inner us_custom_6df4bc3a\"><div class=\"wpb_wrapper\"><div id=\"ultimate-heading-905969e20bfb74a53\" class=\"uvc-heading ult-adjust-bottom-margin ultimate-heading-905969e20bfb74a53 uvc-2526 \" data-hspacer=\"no_spacer\"  data-halign=\"left\" style=\"text-align:left\"><div class=\"uvc-heading-spacer no_spacer\" style=\"top\"><\/div><div class=\"uvc-main-heading ult-responsive\"  data-ultimate-target='.uvc-heading.ultimate-heading-905969e20bfb74a53 h1'  data-responsive-json-new='{\"font-size\":\"\",\"line-height\":\"\"}' ><h1 style=\"font-weight:bold;color:#024997;\">Ordenanzas Municipales<\/h1><\/div><\/div><ol class=\"g-breadcrumbs us_custom_65994baf separator_icon align_left has_text_color\" itemscope itemtype=\"http:\/\/schema.org\/BreadcrumbList\"><li class=\"g-breadcrumbs-item\" itemprop=\"itemListElement\" itemscope itemtype=\"http:\/\/schema.org\/ListItem\"><a itemprop=\"item\" href=\"https:\/\/web.muniolleroshuarochiri.gob.pe\/portal\/\"><span itemprop=\"name\">Inicio<\/span><\/a><meta itemprop=\"position\" content=\"1\"\/><\/li><li class=\"g-breadcrumbs-separator\"><i class=\"far fa-angle-right\"><\/i><\/li><li class=\"g-breadcrumbs-item\">P\u00e1ginas<\/li><\/ol><\/div><\/div><\/div><div class=\"vc_col-sm-6 wpb_column vc_column_container\"><div class=\"vc_column-inner\"><div class=\"wpb_wrapper\"><\/div><\/div><\/div><\/div><\/div><\/section><!-- Row Backgrounds --><div class=\"upb_color\" data-bg-override=\"0\" data-bg-color=\"#ffffff\" data-fadeout=\"\" data-fadeout-percentage=\"30\" data-parallax-content=\"\" data-parallax-content-sense=\"30\" data-row-effect-mobile-disable=\"true\" data-img-parallax-mobile-disable=\"true\" data-rtl=\"false\"  data-custom-vc-row=\"\"  data-vc=\"6.11.0\"  data-is_old_vc=\"\"  data-theme-support=\"\"   data-overlay=\"false\" data-overlay-color=\"\" data-overlay-pattern=\"\" data-overlay-pattern-opacity=\"\" data-overlay-pattern-size=\"\"    data-seperator=\"true\"  data-seperator-type=\"triangle_svg_seperator\"  data-seperator-shape-size=\"40\"  data-seperator-svg-height=\"32\"  data-seperator-full-width=\"true\" data-seperator-position=\"bottom_seperator\"  data-seperator-background-color=\"#27afd7\"  data-icon=\"\"  ><\/div><section class=\"l-section wpb_row us_custom_e230082a height_small has_text_color\"><div class=\"l-section-h i-cf\"><div class=\"g-cols vc_row type_default valign_top\"><div class=\"vc_col-sm-12 wpb_column vc_column_container\"><div class=\"vc_column-inner\"><div class=\"wpb_wrapper\"><div id=\"ultimate-heading-176269e20bfb755d7\" class=\"uvc-heading ult-adjust-bottom-margin ultimate-heading-176269e20bfb755d7 uvc-6116 \" data-hspacer=\"no_spacer\"  data-halign=\"center\" style=\"text-align:center\"><div class=\"uvc-heading-spacer no_spacer\" style=\"top\"><\/div><div class=\"uvc-main-heading ult-responsive\"  data-ultimate-target='.uvc-heading.ultimate-heading-176269e20bfb755d7 h2'  data-responsive-json-new='{\"font-size\":\"desktop:36px;\",\"line-height\":\"\"}' ><h2 style=\"font-weight:normal;\">Municipalidad de Santo Domingo de los Olleros<\/h2><\/div><\/div><\/div><\/div><\/div><\/div><\/div><\/section><section class=\"l-section wpb_row us_custom_8b3d6790 height_medium has_text_color\"><div class=\"l-section-h i-cf\"><div class=\"g-cols vc_row type_default valign_top\"><div class=\"vc_col-sm-3 wpb_column vc_column_container\"><div class=\"vc_column-inner\"><div class=\"wpb_wrapper\"><div class=\"wpb_text_column\" ><div class=\"wpb_wrapper\"><\/div><\/div>[vc_wp_custommenu title=\u00bbNormas Emitidas\u00bb nav_menu=\u00bb37&#8243;]<\/div><\/div><\/div><div class=\"vc_col-sm-9 wpb_column vc_column_container\"><div class=\"vc_column-inner\"><div class=\"wpb_wrapper\"><div id=\"ultimate-heading-905569e20bfb758c4\" class=\"uvc-heading ult-adjust-bottom-margin ultimate-heading-905569e20bfb758c4 uvc-3706 \" data-hspacer=\"no_spacer\"  data-halign=\"center\" style=\"text-align:center\"><div class=\"uvc-heading-spacer no_spacer\" style=\"top\"><\/div><div class=\"uvc-main-heading ult-responsive\"  data-ultimate-target='.uvc-heading.ultimate-heading-905569e20bfb758c4 h2'  data-responsive-json-new='{\"font-size\":\"desktop:36px;\",\"line-height\":\"\"}' ><h2 style=\"font-weight:normal;margin-bottom:40px;\">Ordenanzas Municipales<\/h2><\/div><\/div><div class=\"wpb_text_column\" ><div class=\"wpb_wrapper\">\n<table id=\"tablepress-18\" class=\"tablepress tablepress-id-18\">\n<thead>\n<tr class=\"row-1 odd\">\n\t<th class=\"column-1\">N\u00ba<\/th><th class=\"column-2\">Documento de Gesti\u00f3n<\/th><th class=\"column-3\">Archivo<\/th>\n<\/tr>\n<\/thead>\n<tbody class=\"row-hover\">\n<tr class=\"row-2 even\">\n\t<td class=\"column-1\"><strong>1\u00ba<\/strong> <\/td><td class=\"column-2\"><a href=\"https:\/\/cdn.www.gob.pe\/uploads\/document\/file\/4432303\/ORDENANZA%20001-2023-CM-MDSDO-PH.pdf\" rel=\"noopener\" target=\"_blank\">ORDENZA MUNICIPAL N\u00b0 001-2023-CM-MDSDO-PH. ORDENANZA QUE ESTABLECE EL BENEFICIO DE AMNIST\u00cdA DE DEUDAS TRIBUTARIAS EN LA JURISDICCI\u00d3N DEL DISTRITO DE SANTO DOMINGO DE LOS OLLEROS. <\/a><\/td><td class=\"column-3\"><a href=\"https:\/\/cdn.www.gob.pe\/uploads\/document\/file\/4432303\/ORDENANZA%20001-2023-CM-MDSDO-PH.pdf\" target=\"_blank\" rel=\"noopener noreferrer\">Ver Ordenanza aqu\u00ed <br><img src=\"https:\/\/www.web.munisurco-huarochiri.gob.pe\/portal\/wp-content\/uploads\/2023\/03\/icopdf-1.png\" alt=\"\" width=\"32\" height=\"32\"><\/a><\/td>\n<\/tr>\n<tr class=\"row-3 odd\">\n\t<td class=\"column-1\"><strong>2\u00ba<\/strong> <\/td><td class=\"column-2\"><a href=\"https:\/\/cdn.www.gob.pe\/uploads\/document\/file\/4433096\/ORDENANZA%20MUNICIPAL%20002-2023-CM-MDSDO-PH.pdf?v=1681489846\" rel=\"noopener\" target=\"_blank\">ORDENANZA MUNICIPAL N.\u00b0 002-2023-CM-MDSDO-PH.<br \/>\nORDENANZA QUE REGULA EL REGLAMENTO PARA LA PRIMERA AUDIENCIA P\u00daBLICA SOBRE INFORME DE RENDICI\u00d3N DE CUENTAS DE LA GESTI\u00d3N MUNICIPAL DEL PERIODO 2019-2022, CORRESPONDIENTE A LA GESTI\u00d3N ANTERIOR DE LA MUNICIPALIDAD DISTRITAL DE SANTO DOMINGO DE LOS OLLEROS<br \/>\n<\/a><\/td><td class=\"column-3\"><a href=\"https:\/\/cdn.www.gob.pe\/uploads\/document\/file\/4433096\/ORDENANZA%20MUNICIPAL%20002-2023-CM-MDSDO-PH.pdf?v=1681489846\" target=\"_blank\" rel=\"noopener noreferrer\">Ver Ordenanza aqu\u00ed <br><img src=\"https:\/\/www.web.munisurco-huarochiri.gob.pe\/portal\/wp-content\/uploads\/2023\/03\/icopdf-1.png\" alt=\"\" width=\"32\" height=\"32\"><\/a><\/td>\n<\/tr>\n<tr class=\"row-4 even\">\n\t<td class=\"column-1\"><strong>3\u00ba<\/strong> <\/td><td class=\"column-2\"><a href=\"https:\/\/cdn.www.gob.pe\/uploads\/document\/file\/4432682\/ORDENANZA%20003-2023-CM-MDSDO-PH.pdf\" rel=\"noopener\" target=\"_blank\">ORDENANZA MUNICIPAL N\u00ba 003-2023-CM-MDSDO-PH. ORDENANZA QUE APRUEBA EL REGLAMENTO Y CRONOGRAMA QUE REGULA EL PROCESO DEL PRESUPUESTO PARTICIPATIVO A\u00d1O FISCAL 2024 DEL DISTRITO DE SANTO DOMINGO DE LOS OLLEROS<\/a><\/td><td class=\"column-3\"><a href=\"https:\/\/cdn.www.gob.pe\/uploads\/document\/file\/4432682\/ORDENANZA%20003-2023-CM-MDSDO-PH.pdf\" target=\"_blank\" rel=\"noopener noreferrer\">Ver Ordenanza aqu\u00ed <br><img src=\"https:\/\/www.web.munisurco-huarochiri.gob.pe\/portal\/wp-content\/uploads\/2023\/03\/icopdf-1.png\" alt=\"\" width=\"32\" height=\"32\"><\/a><\/td>\n<\/tr>\n<tr class=\"row-5 odd\">\n\t<td class=\"column-1\"><strong>4\u00ba<\/strong> <\/td><td class=\"column-2\"><a http:\/\/web.muniolleroshuarochiri.gob.pe\/portal\/wp-content\/uploads\/2023\/07\/ORDENANZA-N\u00b0-009-2023.pdf\" rel=\"noopener\" target=\"_blank\">ORDENANZA MUNICIPAL N\u00ba 009-2023-CM-MDSDO-PH. ORDENANZA QUE APRUEBA LA CAMPA\u00d1A DE ACTUALIZACI\u00d3N DEL REGISTRO DE CONTRIBUYENTES Y PREDIOS DEL DISTRITO DE SANTO DOMINGO DE LOS OLLEROS Y OTORGA BENEFICIOS DE CONDONACI\u00d3N DE INTERESES Y\/O MORAS DE LAS DEUDAS TRIBUTARIAS POR IMPUESTO PREDIAL Y ARBITRIOS <\/a><\/td><td class=\"column-3\"><a href=\"http:\/\/web.muniolleroshuarochiri.gob.pe\/portal\/wp-content\/uploads\/2023\/07\/ORDENANZA-N\u00b0-009-2023.pdf\" target=\"_blank\" rel=\"noopener noreferrer\">Ver Ordenanza aqu\u00ed <br><img src=\"https:\/\/www.web.munisurco-huarochiri.gob.pe\/portal\/wp-content\/uploads\/2023\/03\/icopdf-1.png\" alt=\"\" width=\"32\" height=\"32\"><\/a><\/td>\n<\/tr>\n<tr class=\"row-6 even\">\n\t<td class=\"column-1\"><strong>5\u00ba<\/strong><\/td><td class=\"column-2\"><a http:\/\/web.muniolleroshuarochiri.gob.pe\/portal\/wp-content\/uploads\/2023\/07\/ORDENANZA-MUNICIPAL-N\u00b0-010-2023-MDSDO.PH_.pdf\" rel=\"noopener\" target=\"_blank\">ORDENANZA MUNICIPAL N\u00ba 010-2023-CM-MDSDO-PH. ORDENANZA QUE PARA APROBAR EL PLAN DE TRABAJO 2023 DEL PROGRAMA MUNICIPAL DE EDUCACI\u00d3N, CULTURA Y CIUDADAN\u00cdA AMBIENTAL DE LA MUNICIPALIDAD DISTRITAL DE SANTO DOMINGO DE LOS OLLEROS QUE COMO ANEXO DE 12 P\u00c1GINAS, FORMA PARTE INTEGRANTE Y SUSTANCIAL DE LA PRESENTE ORDENANZA MUNICIPAL . <\/a><\/td><td class=\"column-3\"><a href=\"http:\/\/web.muniolleroshuarochiri.gob.pe\/portal\/wp-content\/uploads\/2023\/07\/ORDENANZA-MUNICIPAL-N\u00b0-010-2023-MDSDO.PH_.pdf\" target=\"_blank\" rel=\"noopener noreferrer\">Ver Ordenanza aqu\u00ed <br><img src=\"https:\/\/www.web.munisurco-huarochiri.gob.pe\/portal\/wp-content\/uploads\/2023\/03\/icopdf-1.png\" alt=\"\" width=\"32\" height=\"32\"><\/a><\/td>\n<\/tr>\n<\/tbody>\n<\/table>\n<!-- #tablepress-18 from cache -->\n<\/div><\/div><div class=\"wpb_text_column\" ><div class=\"wpb_wrapper\"><\/div><\/div>[vc_raw_html]JTNDaWZyYW1lJTIwc3JjJTNEJTIyaHR0cHMlM0ElMkYlMkZkb2NzLmdvb2dsZS5jb20lMkZndmlldyUzRnVybCUzRCUwQWh0dHAlM0ElMkYlMkZ3ZWIubXVuaW9sbGVyb3NodWFyb2NoaXJpLmdvYi5wZSUyRnBvcnRhbCUyRndwLWNvbnRlbnQlMkZ1cGxvYWRzJTJGMjAyMyUyRjA3JTJGT1JERU5BTlpBLU1VTklDSVBBTC1OJTI1QzIlMjVCMC0wMTAtMjAyMy1NRFNETy5QSF8ucGRmJTBBJTI2ZW1iZWRkZWQlM0R0cnVlJTIyJTIwc3R5bGUlM0QlMjJ3aWR0aCUzQTEwMCUyNSUzQiUyMGhlaWdodCUzQTcwMHB4JTNCJTIyJTIwZnJhbWVib3JkZXIlM0QlMjIwJTIyJTIwJTNFJTNDJTJGaWZyYW1lJTNF[\/vc_raw_html]<\/div><\/div><\/div><\/div><\/div><\/section><section class=\"l-section wpb_row height_medium\"><div class=\"l-section-h i-cf\"><div class=\"g-cols vc_row type_default valign_top\"><div class=\"vc_col-sm-12 wpb_column vc_column_container\"><div class=\"vc_column-inner\"><div class=\"wpb_wrapper\"><\/div><\/div><\/div><\/div><\/div><\/section>\n<\/section>","protected":false},"excerpt":{"rendered":"Ordenanzas MunicipalesInicioP\u00e1ginasMunicipalidad de Santo Domingo de los Olleros[vc_wp_custommenu title=\"Normas Emitidas\" nav_menu=\"37\"]Ordenanzas Municipales N\u00baDocumento de Gesti\u00f3nArchivo 1\u00ba ORDENZA MUNICIPAL N\u00b0 001-2023-CM-MDSDO-PH. ORDENANZA QUE ESTABLECE EL BENEFICIO DE AMNIST\u00cdA DE DEUDAS TRIBUTARIAS EN LA JURISDICCI\u00d3N DEL DISTRITO DE SANTO DOMINGO DE LOS OLLEROS. Ver Ordenanza aqu\u00ed 2\u00ba ORDENANZA MUNICIPAL N.\u00b0 002-2023-CM-MDSDO-PH. ORDENANZA QUE REGULA EL REGLAMENTO PARA...","protected":false},"author":1,"featured_media":0,"parent":0,"menu_order":0,"comment_status":"closed","ping_status":"closed","template":"","meta":[],"acf":[],"_links":{"self":[{"href":"https:\/\/web.muniolleroshuarochiri.gob.pe\/portal\/wp-json\/wp\/v2\/pages\/5814"}],"collection":[{"href":"https:\/\/web.muniolleroshuarochiri.gob.pe\/portal\/wp-json\/wp\/v2\/pages"}],"about":[{"href":"https:\/\/web.muniolleroshuarochiri.gob.pe\/portal\/wp-json\/wp\/v2\/types\/page"}],"author":[{"embeddable":true,"href":"https:\/\/web.muniolleroshuarochiri.gob.pe\/portal\/wp-json\/wp\/v2\/users\/1"}],"replies":[{"embeddable":true,"href":"https:\/\/web.muniolleroshuarochiri.gob.pe\/portal\/wp-json\/wp\/v2\/comments?post=5814"}],"version-history":[{"count":20,"href":"https:\/\/web.muniolleroshuarochiri.gob.pe\/portal\/wp-json\/wp\/v2\/pages\/5814\/revisions"}],"predecessor-version":[{"id":7152,"href":"https:\/\/web.muniolleroshuarochiri.gob.pe\/portal\/wp-json\/wp\/v2\/pages\/5814\/revisions\/7152"}],"wp:attachment":[{"href":"https:\/\/web.muniolleroshuarochiri.gob.pe\/portal\/wp-json\/wp\/v2\/media?parent=5814"}],"curies":[{"name":"wp","href":"https:\/\/api.w.org\/{rel}","templated":true}]}}